{"id":336,"date":"2025-10-06T22:49:55","date_gmt":"2025-10-07T01:49:55","guid":{"rendered":"https:\/\/mlm-explorer.com\/?page_id=336"},"modified":"2025-10-09T23:41:02","modified_gmt":"2025-10-10T02:41:02","slug":"cookie-policy","status":"publish","type":"page","link":"https:\/\/mlm-explorer.com\/tr\/cerez-politikasi\/","title":{"rendered":"\u00c7erez Politikas\u0131"},"content":{"rendered":"<style><\/style>\t\t<div data-elementor-type=\"wp-page\" data-elementor-id=\"336\" class=\"elementor elementor-336\">\n\t\t\t\t\t\t<section class=\"elementor-section elementor-top-section elementor-element elementor-element-24f1ca2e elementor-section-boxed elementor-section-height-default elementor-section-height-default\" data-id=\"24f1ca2e\" data-element_type=\"section\" data-e-type=\"section\">\n\t\t\t\t\t\t<div class=\"elementor-container elementor-column-gap-default\">\n\t\t\t\t\t<div class=\"elementor-column elementor-col-100 elementor-top-column elementor-element elementor-element-5a86b10e\" data-id=\"5a86b10e\" data-element_type=\"column\" data-e-type=\"column\">\n\t\t\t<div class=\"elementor-widget-wrap elementor-element-populated\">\n\t\t\t\t\t\t<div class=\"elementor-element elementor-element-703184bd elementor-widget elementor-widget-text-editor\" data-id=\"703184bd\" data-element_type=\"widget\" data-e-type=\"widget\" data-widget_type=\"text-editor.default\">\n\t\t\t\t<div class=\"elementor-widget-container\">\n\t\t\t\t\t\t\t\t\t<h1 data-start=\"299\" data-end=\"318\"><span style=\"font-size: 18pt;\"><strong data-start=\"301\" data-end=\"318\">\u00c7erez Politikas\u0131<\/strong><\/span><\/h1>\n<p data-start=\"320\" data-end=\"506\"><strong data-start=\"320\" data-end=\"339\">Y\u00fcr\u00fcrl\u00fck Tarihi:<\/strong> 6 Ekim 2025<br data-start=\"355\" data-end=\"358\" \/><strong data-start=\"358\" data-end=\"370\">Web sitesi:<\/strong> <a class=\"decorated-link\" href=\"https:\/\/mlm-explorer.com\/tr\/\" target=\"_new\" rel=\"noopener\" data-start=\"371\" data-end=\"423\">https:\/\/mlm-explorer.com<\/a><br data-start=\"423\" data-end=\"426\" \/><strong data-start=\"426\" data-end=\"438\">Temas etmek:<\/strong> <a class=\"decorated-link cursor-pointer\" rel=\"noopener\" data-start=\"439\" data-end=\"506\">mlmexplorer.global@gmail.com<\/a><\/p>\n<hr data-start=\"508\" data-end=\"511\" \/>\n<h2 data-start=\"513\" data-end=\"531\"><span style=\"font-size: 18pt;\">1. Giri\u015f<\/span><\/h2>\n<p data-start=\"533\" data-end=\"729\">Bu <strong data-start=\"538\" data-end=\"555\">\u00c7erez Politikas\u0131<\/strong> nas\u0131l oldu\u011funu a\u00e7\u0131kl\u0131yor <strong data-start=\"569\" data-end=\"585\">MLM Explorer<\/strong> web sitemizde \u00e7erezler ve benzeri teknolojiler kullan\u0131lmaktad\u0131r.<br data-start=\"639\" data-end=\"642\" \/>Bu sitede gezinmeye devam ederek \u00e7erezleri burada a\u00e7\u0131kland\u0131\u011f\u0131 \u015fekilde kullanmam\u0131z\u0131 kabul etmi\u015f olursunuz.<\/p>\n<p data-start=\"731\" data-end=\"871\">Gizlili\u011finize her zaman sayg\u0131 duyarak i\u015flevselli\u011fi iyile\u015ftirmek, trafi\u011fi analiz etmek ve tarama deneyiminizi geli\u015ftirmek i\u00e7in \u00e7erezleri kullan\u0131yoruz.<\/p>\n<hr data-start=\"873\" data-end=\"876\" \/>\n<h2 data-start=\"878\" data-end=\"901\"><span style=\"font-size: 18pt;\">2. \u00c7erezler Nelerdir?<\/span><\/h2>\n<p data-start=\"903\" data-end=\"1116\">\u00c7erezler, bir web sitesini ziyaret etti\u011finizde cihaz\u0131n\u0131zda depolanan k\u00fc\u00e7\u00fck metin dosyalar\u0131d\u0131r.<br data-start=\"979\" data-end=\"982\" \/>Sitenin taray\u0131c\u0131n\u0131z\u0131 tan\u0131mas\u0131n\u0131, tercihlerinizi hat\u0131rlamas\u0131n\u0131 ve performans\u0131 art\u0131rmak i\u00e7in ki\u015fisel olmayan bilgileri toplamas\u0131n\u0131 sa\u011flarlar.<\/p>\n<p data-start=\"1118\" data-end=\"1133\">\u00c7erezler \u015funlar olabilir:<\/p>\n<ul data-start=\"1134\" data-end=\"1296\">\n<li data-start=\"1134\" data-end=\"1211\">\n<p data-start=\"1136\" data-end=\"1211\"><strong data-start=\"1136\" data-end=\"1156\">Oturum \u00e7erezleri:<\/strong> taray\u0131c\u0131n\u0131z\u0131 kapatt\u0131\u011f\u0131n\u0131zda ge\u00e7ici dosyalar silinir.<\/p>\n<\/li>\n<li data-start=\"1212\" data-end=\"1296\">\n<p data-start=\"1214\" data-end=\"1296\"><strong data-start=\"1214\" data-end=\"1237\">Kal\u0131c\u0131 \u00e7erezler:<\/strong> manuel olarak silinene veya s\u00fcresi dolana kadar cihaz\u0131n\u0131zda saklan\u0131r.<\/p>\n<\/li>\n<\/ul>\n<hr data-start=\"1298\" data-end=\"1301\" \/>\n<h2 data-start=\"1303\" data-end=\"1327\"><span style=\"font-size: 18pt;\">3. \u00c7erezleri Nas\u0131l Kullan\u0131yoruz?<\/span><\/h2>\n<p data-start=\"1329\" data-end=\"1386\"><strong data-start=\"1329\" data-end=\"1345\">MLM Explorer<\/strong> \u00e7erezleri a\u015fa\u011f\u0131daki ama\u00e7lar i\u00e7in kullan\u0131r:<\/p>\n<h3 data-start=\"1388\" data-end=\"1424\"><span style=\"font-size: 18pt;\">\ud83d\udd39 <strong data-start=\"1395\" data-end=\"1424\">Analitik ve Performans<\/strong><\/span><\/h3>\n<p data-start=\"1425\" data-end=\"1706\">Biz kullan\u0131yoruz <strong data-start=\"1432\" data-end=\"1452\">Google Analytics<\/strong> Ziyaret\u00e7ilerin web sitemizle nas\u0131l etkile\u015fim kurdu\u011funa dair anonim verileri (g\u00f6r\u00fcnt\u00fclenen sayfalar, harcanan zaman ve y\u00f6nlendirme kaynaklar\u0131 gibi) toplamak.<br data-start=\"1578\" data-end=\"1581\" \/>Bu, i\u00e7eri\u011fimizi ve kullan\u0131c\u0131 deneyimimizi iyile\u015ftirmemize yard\u0131mc\u0131 olur.<br data-start=\"1635\" data-end=\"1638\" \/>Toplanan t\u00fcm veriler topludur ve sizi ki\u015fisel olarak tan\u0131mlayamaz.<\/p>\n<h3 data-start=\"1708\" data-end=\"1732\"><span style=\"font-size: 18pt;\">\ud83d\udd39 <strong data-start=\"1715\" data-end=\"1732\">\u0130\u015flevsellik<\/strong><\/span><\/h3>\n<p data-start=\"1733\" data-end=\"1869\">\u00c7erezler, daha sorunsuz bir tarama deneyimi sa\u011flamak amac\u0131yla kullan\u0131c\u0131 tercihlerini (\u00f6rne\u011fin dil ayarlar\u0131 veya g\u00f6r\u00fcnt\u00fcleme se\u00e7enekleri) hat\u0131rlamak i\u00e7in kullan\u0131labilir.<\/p>\n<h3 data-start=\"1871\" data-end=\"1906\"><span style=\"font-size: 18pt;\">\ud83d\udd39 <strong data-start=\"1878\" data-end=\"1906\">G\u00fcvenlik ve Bak\u0131m<\/strong><\/span><\/h3>\n<p data-start=\"1907\" data-end=\"1974\">Baz\u0131 \u00e7erezler web sitesinin g\u00fcvenli ve verimli bir \u015fekilde \u00e7al\u0131\u015fmas\u0131n\u0131 sa\u011flamaya yard\u0131mc\u0131 olur.<\/p>\n<hr data-start=\"1976\" data-end=\"1979\" \/>\n<h2 data-start=\"1981\" data-end=\"2006\"><span style=\"font-size: 18pt;\">4. \u00dc\u00e7\u00fcnc\u00fc Taraf \u00c7erezleri<\/span><\/h2>\n<p data-start=\"2008\" data-end=\"2051\">A\u015fa\u011f\u0131dakiler de dahil olmak \u00fczere \u00fc\u00e7\u00fcnc\u00fc taraf hizmetlerini kullanabiliriz:<\/p>\n<ul data-start=\"2052\" data-end=\"2124\">\n<li data-start=\"2052\" data-end=\"2076\">\n<p data-start=\"2054\" data-end=\"2076\"><strong data-start=\"2054\" data-end=\"2074\">Google Analytics<\/strong><\/p>\n<\/li>\n<li data-start=\"2077\" data-end=\"2124\">\n<p data-start=\"2079\" data-end=\"2124\"><strong data-start=\"2079\" data-end=\"2122\">Google Search Console (Web Y\u00f6neticisi Ara\u00e7lar\u0131)<\/strong><\/p>\n<\/li>\n<\/ul>\n<p data-start=\"2126\" data-end=\"2246\">Bu \u00fc\u00e7\u00fcnc\u00fc taraflar kendi politikalar\u0131na g\u00f6re kendi \u00e7erezlerini ayarlayabilirler.<br data-start=\"2211\" data-end=\"2214\" \/>Daha fazla bilgi i\u00e7in l\u00fctfen inceleyin:<\/p>\n<ul data-start=\"2247\" data-end=\"2319\">\n<li data-start=\"2247\" data-end=\"2319\">\n<p data-start=\"2249\" data-end=\"2319\"><a class=\"decorated-link cursor-pointer\" target=\"_new\" rel=\"noopener\" data-start=\"2249\" data-end=\"2319\">Google Analytics Gizlilik Politikas\u0131<\/a><\/p>\n<\/li>\n<\/ul>\n<p data-start=\"2321\" data-end=\"2394\"><strong data-start=\"2321\" data-end=\"2337\">MLM Explorer<\/strong> \u00fc\u00e7\u00fcnc\u00fc taraf \u00e7erezlerini do\u011frudan kontrol etmez veya bunlara eri\u015fmez.<\/p>\n<hr data-start=\"2396\" data-end=\"2399\" \/>\n<h2 data-start=\"2401\" data-end=\"2437\"><span style=\"font-size: 18pt;\">5. \u00c7erezleri Y\u00f6netme ve Devre D\u0131\u015f\u0131 B\u0131rakma<\/span><\/h2>\n<p data-start=\"2439\" data-end=\"2626\">\u00c7erezleri istedi\u011finiz zaman taray\u0131c\u0131n\u0131z\u0131n ayarlar\u0131 arac\u0131l\u0131\u011f\u0131yla kontrol edebilir veya devre d\u0131\u015f\u0131 b\u0131rakabilirsiniz.<br data-start=\"2516\" data-end=\"2519\" \/>\u00c7erezleri devre d\u0131\u015f\u0131 b\u0131rakman\u0131n web sitemizin baz\u0131 b\u00f6l\u00fcmlerinin i\u015flevselli\u011fini veya g\u00f6r\u00fcn\u00fcm\u00fcn\u00fc etkileyebilece\u011fini l\u00fctfen unutmay\u0131n.<\/p>\n<p data-start=\"2628\" data-end=\"2690\">\u0130\u015fte pop\u00fcler taray\u0131c\u0131larda \u00e7erezleri y\u00f6netmek i\u00e7in h\u0131zl\u0131 ba\u011flant\u0131lar:<\/p>\n<ul data-start=\"2692\" data-end=\"3064\">\n<li data-start=\"2692\" data-end=\"2759\">\n<p data-start=\"2694\" data-end=\"2759\"><a class=\"decorated-link cursor-pointer\" target=\"_new\" rel=\"noopener\" data-start=\"2694\" data-end=\"2757\">Google Chrome<\/a><\/p>\n<\/li>\n<li data-start=\"2760\" data-end=\"2866\">\n<p data-start=\"2762\" data-end=\"2866\"><a class=\"decorated-link cursor-pointer\" target=\"_new\" rel=\"noopener\" data-start=\"2762\" data-end=\"2864\">Mozilla Firefox<\/a><\/p>\n<\/li>\n<li data-start=\"2867\" data-end=\"2965\">\n<p data-start=\"2869\" data-end=\"2965\"><a class=\"decorated-link cursor-pointer\" target=\"_new\" rel=\"noopener\" data-start=\"2869\" data-end=\"2963\">Safari<\/a><\/p>\n<\/li>\n<li data-start=\"2966\" data-end=\"3064\">\n<p data-start=\"2968\" data-end=\"3064\"><a class=\"decorated-link cursor-pointer\" target=\"_new\" rel=\"noopener\" data-start=\"2968\" data-end=\"3064\">Microsoft Edge<\/a><\/p>\n<\/li>\n<\/ul>\n<p data-start=\"3066\" data-end=\"3227\">Ayr\u0131ca taray\u0131c\u0131 eklentilerini de kullanabilirsiniz. <a class=\"decorated-link cursor-pointer\" target=\"_new\" rel=\"noopener\" data-start=\"3111\" data-end=\"3184\">Google Analytics Abonelikten \u00c7\u0131kma Arac\u0131<\/a> Analitik verilerinizi payla\u015fmay\u0131 tercih etmiyorsan\u0131z.<\/p>\n<hr data-start=\"3229\" data-end=\"3232\" \/>\n<h2 data-start=\"3234\" data-end=\"3247\"><span style=\"font-size: 18pt;\">6. Onay<\/span><\/h2>\n<p data-start=\"3249\" data-end=\"3443\">Kullanmaya devam ederek <strong data-start=\"3270\" data-end=\"3286\">MLM Explorer<\/strong>, bu politikaya uygun olarak \u00e7erez kullan\u0131m\u0131m\u0131za onay vermi\u015f olursunuz.<br data-start=\"3353\" data-end=\"3356\" \/>Kabul etmiyorsan\u0131z taray\u0131c\u0131n\u0131zdaki \u00e7erezleri devre d\u0131\u015f\u0131 b\u0131rakabilir veya web sitesini kullanmay\u0131 b\u0131rakabilirsiniz.<\/p>\n<p data-start=\"3445\" data-end=\"3588\">Y\u00f6netilen b\u00f6lgelerdeki kullan\u0131c\u0131lar i\u00e7in <strong data-start=\"3478\" data-end=\"3486\">GDPR<\/strong> veya benzeri gizlilik yasalar\u0131 uyar\u0131nca, \u00e7erez onay\u0131 g\u00f6r\u00fcn\u00fcr bir afi\u015f veya ayarlar a\u00e7\u0131l\u0131r penceresi arac\u0131l\u0131\u011f\u0131yla toplanabilir.<\/p>\n<hr data-start=\"3590\" data-end=\"3593\" \/>\n<h2 data-start=\"3595\" data-end=\"3630\"><span style=\"font-size: 18pt;\">7. Bu \u00c7erez Politikas\u0131ndaki G\u00fcncellemeler<\/span><\/h2>\n<p data-start=\"3632\" data-end=\"3837\">Teknolojideki, d\u00fczenlemelerdeki veya hizmetlerimizdeki de\u011fi\u015fiklikleri yans\u0131tmak i\u00e7in bu \u00c7erez Politikas\u0131n\u0131 periyodik olarak g\u00fcncelleyebiliriz.<br data-start=\"3741\" data-end=\"3744\" \/>En g\u00fcncel versiyon her zaman bu sayfada yer alacak ve y\u00fcr\u00fcrl\u00fck tarihi de belirtilecektir.<\/p>\n<hr data-start=\"3839\" data-end=\"3842\" \/>\n<h2 data-start=\"3844\" data-end=\"3869\"><span style=\"font-size: 18pt;\">8. \u0130leti\u015fim Bilgileri<\/span><\/h2>\n<p data-start=\"3871\" data-end=\"3936\">\u00c7erez kullan\u0131m\u0131m\u0131zla ilgili herhangi bir sorunuz varsa l\u00fctfen bizimle \u015fu adresten ileti\u015fime ge\u00e7in:<\/p>\n<p data-start=\"3938\" data-end=\"4085\"><strong data-start=\"3938\" data-end=\"3954\">MLM Explorer<\/strong><br data-start=\"3954\" data-end=\"3957\" \/>\ud83c\udf10 <a class=\"decorated-link\" href=\"https:\/\/mlm-explorer.com\/tr\/\" target=\"_new\" rel=\"noopener\" data-start=\"3960\" data-end=\"4012\">https:\/\/mlm-explorer.com<\/a><br data-start=\"4012\" data-end=\"4015\" \/>\ud83d\udce7 <a class=\"decorated-link cursor-pointer\" rel=\"noopener\" data-start=\"4018\" data-end=\"4085\">mlmexplorer.global@gmail.com<\/a><\/p>\t\t\t\t\t\t\t\t<\/div>\n\t\t\t\t<\/div>\n\t\t\t\t\t<\/div>\n\t\t<\/div>\n\t\t\t\t\t<\/div>\n\t\t<\/section>\n\t\t\t\t<\/div>","protected":false},"excerpt":{"rendered":"<p>Who we are Suggested text: Our website address is: https:\/\/mlm-explorer.com. Comments Suggested text: When visitors leave comments on the site [&hellip;]<\/p>","protected":false},"author":1,"featured_media":0,"parent":0,"menu_order":0,"comment_status":"closed","ping_status":"open","template":"","meta":{"site-sidebar-layout":"default","site-content-layout":"","ast-site-content-layout":"default","site-content-style":"default","site-sidebar-style":"default","ast-global-header-display":"","ast-banner-title-visibility":"","ast-main-header-display":"","ast-hfb-above-header-display":"","ast-hfb-below-header-display":"","ast-hfb-mobile-header-display":"","site-post-title":"","ast-breadcrumbs-content":"","ast-featured-img":"","footer-sml-layout":"","theme-transparent-header-meta":"","adv-header-id-meta":"","stick-header-meta":"","header-above-stick-meta":"","header-main-stick-meta":"","header-below-stick-meta":"","astra-migrate-meta-layouts":"default","ast-page-background-enabled":"default","ast-page-background-meta":{"desktop":{"background-color":"var(--ast-global-color-5)","background-image":"","background-repeat":"repeat","background-position":"center center","background-size":"auto","background-attachment":"scroll","background-type":"","background-media":"","overlay-type":"","overlay-color":"","overlay-opacity":"","overlay-gradient":""},"tablet":{"background-color":"","background-image":"","background-repeat":"repeat","background-position":"center center","background-size":"auto","background-attachment":"scroll","background-type":"","background-media":"","overlay-type":"","overlay-color":"","overlay-opacity":"","overlay-gradient":""},"mobile":{"background-color":"","background-image":"","background-repeat":"repeat","background-position":"center center","background-size":"auto","background-attachment":"scroll","background-type":"","background-media":"","overlay-type":"","overlay-color":"","overlay-opacity":"","overlay-gradient":""}},"ast-content-background-meta":{"desktop":{"background-color":"var(--ast-global-color-4)","background-image":"","background-repeat":"repeat","background-position":"center center","background-size":"auto","background-attachment":"scroll","background-type":"","background-media":"","overlay-type":"","overlay-color":"","overlay-opacity":"","overlay-gradient":""},"tablet":{"background-color":"var(--ast-global-color-4)","background-image":"","background-repeat":"repeat","background-position":"center center","background-size":"auto","background-attachment":"scroll","background-type":"","background-media":"","overlay-type":"","overlay-color":"","overlay-opacity":"","overlay-gradient":""},"mobile":{"background-color":"var(--ast-global-color-4)","background-image":"","background-repeat":"repeat","background-position":"center center","background-size":"auto","background-attachment":"scroll","background-type":"","background-media":"","overlay-type":"","overlay-color":"","overlay-opacity":"","overlay-gradient":""}},"footnotes":""},"class_list":["post-336","page","type-page","status-publish","hentry"],"yoast_head":"<!-- This site is optimized with the Yoast SEO Premium plugin v26.3 (Yoast SEO v27.3) - https:\/\/yoast.com\/product\/yoast-seo-premium-wordpress\/ -->\n<title>Cookie Policy<\/title>\n<meta name=\"robots\" content=\"index, follow, max-snippet:-1, max-image-preview:large, max-video-preview:-1\" \/>\n<link rel=\"canonical\" href=\"https:\/\/mlm-explorer.com\/tr\/cerez-politikasi\/\" \/>\n<meta property=\"og:locale\" content=\"tr_TR\" \/>\n<meta property=\"og:type\" content=\"article\" \/>\n<meta property=\"og:title\" content=\"Cookie Policy\" \/>\n<meta property=\"og:description\" content=\"Who we are Suggested text: Our website address is: https:\/\/mlm-explorer.com. Comments Suggested text: When visitors leave comments on the site [&hellip;]\" \/>\n<meta property=\"og:url\" content=\"https:\/\/mlm-explorer.com\/tr\/cerez-politikasi\/\" \/>\n<meta property=\"article:modified_time\" content=\"2025-10-10T02:41:02+00:00\" \/>\n<meta name=\"twitter:card\" content=\"summary_large_image\" \/>\n<meta name=\"twitter:label1\" content=\"Tahmini okuma s\u00fcresi\" \/>\n\t<meta name=\"twitter:data1\" content=\"4 dakika\" \/>\n<script type=\"application\/ld+json\" class=\"yoast-schema-graph\">{\"@context\":\"https:\\\/\\\/schema.org\",\"@graph\":[{\"@type\":\"WebPage\",\"@id\":\"https:\\\/\\\/mlm-explorer.com\\\/cookie-policy\\\/\",\"url\":\"https:\\\/\\\/mlm-explorer.com\\\/cookie-policy\\\/\",\"name\":\"Cookie Policy\",\"isPartOf\":{\"@id\":\"https:\\\/\\\/mlm-explorer.com\\\/#website\"},\"datePublished\":\"2025-10-07T01:49:55+00:00\",\"dateModified\":\"2025-10-10T02:41:02+00:00\",\"breadcrumb\":{\"@id\":\"https:\\\/\\\/mlm-explorer.com\\\/cookie-policy\\\/#breadcrumb\"},\"inLanguage\":\"tr\",\"potentialAction\":[{\"@type\":\"ReadAction\",\"target\":[\"https:\\\/\\\/mlm-explorer.com\\\/cookie-policy\\\/\"]}]},{\"@type\":\"BreadcrumbList\",\"@id\":\"https:\\\/\\\/mlm-explorer.com\\\/cookie-policy\\\/#breadcrumb\",\"itemListElement\":[{\"@type\":\"ListItem\",\"position\":1,\"name\":\"Home\",\"item\":\"https:\\\/\\\/mlm-explorer.com\\\/\"},{\"@type\":\"ListItem\",\"position\":2,\"name\":\"Cookie Policy\"}]},{\"@type\":\"WebSite\",\"@id\":\"https:\\\/\\\/mlm-explorer.com\\\/#website\",\"url\":\"https:\\\/\\\/mlm-explorer.com\\\/\",\"name\":\"\",\"description\":\"\",\"potentialAction\":[{\"@type\":\"SearchAction\",\"target\":{\"@type\":\"EntryPoint\",\"urlTemplate\":\"https:\\\/\\\/mlm-explorer.com\\\/?s={search_term_string}\"},\"query-input\":{\"@type\":\"PropertyValueSpecification\",\"valueRequired\":true,\"valueName\":\"search_term_string\"}}],\"inLanguage\":\"tr\"}]}<\/script>\n<!-- \/ Yoast SEO Premium plugin. -->","yoast_head_json":{"title":"Cookie Policy","robots":{"index":"index","follow":"follow","max-snippet":"max-snippet:-1","max-image-preview":"max-image-preview:large","max-video-preview":"max-video-preview:-1"},"canonical":"https:\/\/mlm-explorer.com\/tr\/cerez-politikasi\/","og_locale":"tr_TR","og_type":"article","og_title":"Cookie Policy","og_description":"Who we are Suggested text: Our website address is: https:\/\/mlm-explorer.com. Comments Suggested text: When visitors leave comments on the site [&hellip;]","og_url":"https:\/\/mlm-explorer.com\/tr\/cerez-politikasi\/","article_modified_time":"2025-10-10T02:41:02+00:00","twitter_card":"summary_large_image","twitter_misc":{"Tahmini okuma s\u00fcresi":"4 dakika"},"schema":{"@context":"https:\/\/schema.org","@graph":[{"@type":"WebPage","@id":"https:\/\/mlm-explorer.com\/cookie-policy\/","url":"https:\/\/mlm-explorer.com\/cookie-policy\/","name":"Cookie Policy","isPartOf":{"@id":"https:\/\/mlm-explorer.com\/#website"},"datePublished":"2025-10-07T01:49:55+00:00","dateModified":"2025-10-10T02:41:02+00:00","breadcrumb":{"@id":"https:\/\/mlm-explorer.com\/cookie-policy\/#breadcrumb"},"inLanguage":"tr","potentialAction":[{"@type":"ReadAction","target":["https:\/\/mlm-explorer.com\/cookie-policy\/"]}]},{"@type":"BreadcrumbList","@id":"https:\/\/mlm-explorer.com\/cookie-policy\/#breadcrumb","itemListElement":[{"@type":"ListItem","position":1,"name":"Home","item":"https:\/\/mlm-explorer.com\/"},{"@type":"ListItem","position":2,"name":"Cookie Policy"}]},{"@type":"WebSite","@id":"https:\/\/mlm-explorer.com\/#website","url":"https:\/\/mlm-explorer.com\/","name":"","description":"","potentialAction":[{"@type":"SearchAction","target":{"@type":"EntryPoint","urlTemplate":"https:\/\/mlm-explorer.com\/?s={search_term_string}"},"query-input":{"@type":"PropertyValueSpecification","valueRequired":true,"valueName":"search_term_string"}}],"inLanguage":"tr"}]}},"_links":{"self":[{"href":"https:\/\/mlm-explorer.com\/tr\/wp-json\/wp\/v2\/pages\/336","targetHints":{"allow":["GET"]}}],"collection":[{"href":"https:\/\/mlm-explorer.com\/tr\/wp-json\/wp\/v2\/pages"}],"about":[{"href":"https:\/\/mlm-explorer.com\/tr\/wp-json\/wp\/v2\/types\/page"}],"author":[{"embeddable":true,"href":"https:\/\/mlm-explorer.com\/tr\/wp-json\/wp\/v2\/users\/1"}],"replies":[{"embeddable":true,"href":"https:\/\/mlm-explorer.com\/tr\/wp-json\/wp\/v2\/comments?post=336"}],"version-history":[{"count":5,"href":"https:\/\/mlm-explorer.com\/tr\/wp-json\/wp\/v2\/pages\/336\/revisions"}],"predecessor-version":[{"id":839,"href":"https:\/\/mlm-explorer.com\/tr\/wp-json\/wp\/v2\/pages\/336\/revisions\/839"}],"wp:attachment":[{"href":"https:\/\/mlm-explorer.com\/tr\/wp-json\/wp\/v2\/media?parent=336"}],"curies":[{"name":"wp","href":"https:\/\/api.w.org\/{rel}","templated":true}]}}