{"id":330,"date":"2025-10-06T22:00:17","date_gmt":"2025-10-07T01:00:17","guid":{"rendered":"https:\/\/mlm-explorer.com\/?page_id=330"},"modified":"2025-10-06T22:01:45","modified_gmt":"2025-10-07T01:01:45","slug":"disclaimer","status":"publish","type":"page","link":"https:\/\/mlm-explorer.com\/tr\/sorumluluk-reddi\/","title":{"rendered":"Sorumluluk Reddi"},"content":{"rendered":"<style><\/style>\t\t<div data-elementor-type=\"wp-page\" data-elementor-id=\"330\" class=\"elementor elementor-330\">\n\t\t\t\t\t\t<section class=\"elementor-section elementor-top-section elementor-element elementor-element-24f1ca2e elementor-section-boxed elementor-section-height-default elementor-section-height-default\" data-id=\"24f1ca2e\" data-element_type=\"section\" data-e-type=\"section\">\n\t\t\t\t\t\t<div class=\"elementor-container elementor-column-gap-default\">\n\t\t\t\t\t<div class=\"elementor-column elementor-col-100 elementor-top-column elementor-element elementor-element-5a86b10e\" data-id=\"5a86b10e\" data-element_type=\"column\" data-e-type=\"column\">\n\t\t\t<div class=\"elementor-widget-wrap elementor-element-populated\">\n\t\t\t\t\t\t<div class=\"elementor-element elementor-element-703184bd elementor-widget elementor-widget-text-editor\" data-id=\"703184bd\" data-element_type=\"widget\" data-e-type=\"widget\" data-widget_type=\"text-editor.default\">\n\t\t\t\t<div class=\"elementor-widget-container\">\n\t\t\t\t\t\t\t\t\t<h1 data-start=\"479\" data-end=\"495\"><span style=\"font-size: 18pt;\"><strong data-start=\"481\" data-end=\"495\">Sorumluluk Reddi<\/strong><\/span><\/h1>\n<p data-start=\"497\" data-end=\"683\"><strong data-start=\"497\" data-end=\"516\">Y\u00fcr\u00fcrl\u00fck Tarihi:<\/strong> 6 Ekim 2025<br data-start=\"532\" data-end=\"535\" \/><strong data-start=\"535\" data-end=\"547\">Web sitesi:<\/strong> <a class=\"decorated-link\" href=\"https:\/\/mlm-explorer.com\/tr\/\" target=\"_new\" rel=\"noopener\" data-start=\"548\" data-end=\"600\">https:\/\/mlm-explorer.com<\/a><br data-start=\"600\" data-end=\"603\" \/><strong data-start=\"603\" data-end=\"615\">Temas etmek:<\/strong> <a class=\"decorated-link cursor-pointer\" rel=\"noopener\" data-start=\"616\" data-end=\"683\">mlmexplorer.global@gmail.com<\/a><\/p>\n<hr data-start=\"685\" data-end=\"688\" \/>\n<h2 data-start=\"690\" data-end=\"715\"><span style=\"font-size: 18pt;\">1. Genel Bilgiler<\/span><\/h2>\n<p data-start=\"717\" data-end=\"1008\">Sa\u011flanan bilgiler <strong data-start=\"745\" data-end=\"761\">MLM Explorer<\/strong> i\u00e7indir <strong data-start=\"769\" data-end=\"816\">yaln\u0131zca e\u011fitim ve bilgilendirme ama\u00e7l\u0131d\u0131r<\/strong>.<br data-start=\"817\" data-end=\"820\" \/>T\u00fcm i\u00e7eri\u011fin do\u011frulu\u011funu ve g\u00fcvenilirli\u011fini sa\u011flamaya \u00e7al\u0131\u015f\u0131yoruz, ancak <strong data-start=\"897\" data-end=\"914\">hi\u00e7bir garanti yok<\/strong> Bu bilgilerin taml\u0131\u011f\u0131, do\u011frulu\u011fu veya kullan\u0131m\u0131ndan elde edilen sonu\u00e7lar hakk\u0131nda.<\/p>\n<p data-start=\"1010\" data-end=\"1085\">Bu web sitesini kullanarak, bunu yapt\u0131\u011f\u0131n\u0131z\u0131 kabul etmi\u015f olursunuz. <strong data-start=\"1064\" data-end=\"1084\">kendi riskiniz alt\u0131nda<\/strong>.<\/p>\n<hr data-start=\"1087\" data-end=\"1090\" \/>\n<h2 data-start=\"1092\" data-end=\"1131\"><span style=\"font-size: 18pt;\">2. Finansal veya Yat\u0131r\u0131m Tavsiyesi De\u011fildir<\/span><\/h2>\n<p data-start=\"1133\" data-end=\"1381\"><strong data-start=\"1133\" data-end=\"1149\">MLM Explorer<\/strong> yapmak <strong data-start=\"1155\" data-end=\"1209\">finansal, yat\u0131r\u0131m veya hukuki tavsiye sa\u011flamaz<\/strong>.<br data-start=\"1210\" data-end=\"1213\" \/>Makalelerde, k\u0131lavuzlarda ve kaynaklarda yer alan bilgiler yaln\u0131zca okuyucular\u0131n konuyu anlamalar\u0131na yard\u0131mc\u0131 olmak amac\u0131yla tasarlanm\u0131\u015ft\u0131r. <strong data-start=\"1324\" data-end=\"1354\">a\u011f pazarlama end\u00fcstrisi<\/strong> ve ilgili f\u0131rsatlar.<\/p>\n<p data-start=\"1383\" data-end=\"1486\">Profesyonel dan\u0131\u015fmanl\u0131k hizmeti sunmuyoruz ve bu web sitesinde yer alan hi\u00e7bir \u015fey \u015fu \u015fekilde yorumlanmamal\u0131d\u0131r:<\/p>\n<ul data-start=\"1487\" data-end=\"1638\">\n<li data-start=\"1487\" data-end=\"1532\">\n<p data-start=\"1489\" data-end=\"1532\">Finansal veya yat\u0131r\u0131m tavsiyesi;<\/p>\n<\/li>\n<li data-start=\"1533\" data-end=\"1581\">\n<p data-start=\"1535\" data-end=\"1581\">Belirli bir \u015firkete kat\u0131lmaya te\u015fvik;<\/p>\n<\/li>\n<li data-start=\"1582\" data-end=\"1638\">\n<p data-start=\"1584\" data-end=\"1638\">Kar, gelir veya ba\u015far\u0131ya dair bir vaat veya garanti.<\/p>\n<\/li>\n<\/ul>\n<p data-start=\"1640\" data-end=\"1770\">Finansal veya ticari kararlar almadan \u00f6nce her zaman kendi durum tespitinizi yap\u0131n ve kalifiye bir profesyonelden tavsiye al\u0131n.<\/p>\n<hr data-start=\"1772\" data-end=\"1775\" \/>\n<h2 data-start=\"1777\" data-end=\"1802\"><span style=\"font-size: 18pt;\">3. Kazan\u00e7 Feragatnamesi<\/span><\/h2>\n<p data-start=\"1804\" data-end=\"1988\">Bu web sitesinde bahsi ge\u00e7en kazan\u00e7, ba\u015far\u0131 \u00f6yk\u00fcs\u00fc veya gelir potansiyeli \u00f6rnekleri \u015funlard\u0131r: <strong data-start=\"1897\" data-end=\"1918\">sadece \u00f6rnek ama\u00e7l\u0131<\/strong>.<br data-start=\"1919\" data-end=\"1922\" \/>Onlar yaparlar <strong data-start=\"1930\" data-end=\"1947\">garanti de\u011fil<\/strong> benzer sonu\u00e7lara ula\u015faca\u011f\u0131n\u0131z\u0131 umuyoruz.<\/p>\n<p data-start=\"1990\" data-end=\"2072\">A\u011f pazarlamas\u0131ndaki ki\u015fisel ba\u015far\u0131n\u0131z a\u015fa\u011f\u0131dakiler de dahil olmak \u00fczere birden fazla fakt\u00f6re ba\u011fl\u0131d\u0131r:<\/p>\n<ul data-start=\"2073\" data-end=\"2200\">\n<li data-start=\"2073\" data-end=\"2112\">\n<p data-start=\"2075\" data-end=\"2112\">\u00c7aba, \u00f6zveri ve \u00e7al\u0131\u015fma ahlak\u0131;<\/p>\n<\/li>\n<li data-start=\"2113\" data-end=\"2153\">\n<p data-start=\"2115\" data-end=\"2153\">Deneyim, bilgi ve strateji;<\/p>\n<\/li>\n<li data-start=\"2154\" data-end=\"2200\">\n<p data-start=\"2156\" data-end=\"2200\">Piyasa ko\u015fullar\u0131 ve \u015firket performans\u0131.<\/p>\n<\/li>\n<\/ul>\n<p data-start=\"2202\" data-end=\"2368\"><strong data-start=\"2202\" data-end=\"2218\">MLM Explorer<\/strong> yapmak <strong data-start=\"2224\" data-end=\"2231\">Olumsuz<\/strong> Bu web sitesinde payla\u015f\u0131lan bilgileri takip ederek herhangi bir bireyin belirli bir miktarda para kazanaca\u011f\u0131n\u0131 iddia etmek, temsil etmek veya ima etmek.<\/p>\n<hr data-start=\"2370\" data-end=\"2373\" \/>\n<h2 data-start=\"2375\" data-end=\"2417\"><span style=\"font-size: 18pt;\">4. Ortakl\u0131k ve \u00dc\u00e7\u00fcnc\u00fc Taraf A\u00e7\u0131klamas\u0131<\/span><\/h2>\n<p data-start=\"2419\" data-end=\"2574\">Baz\u0131 makaleler veya ba\u011flant\u0131lar <strong data-start=\"2445\" data-end=\"2461\">MLM Explorer<\/strong> i\u00e7erebilir <strong data-start=\"2474\" data-end=\"2493\">ba\u011fl\u0131 kurulu\u015f ba\u011flant\u0131lar\u0131<\/strong>Bu, bunlara t\u0131klaman\u0131z veya bunlar arac\u0131l\u0131\u011f\u0131yla kay\u0131t olman\u0131z durumunda komisyon alabilece\u011fimiz anlam\u0131na gelir.<\/p>\n<p data-start=\"2576\" data-end=\"2718\">Bu yapar <strong data-start=\"2586\" data-end=\"2593\">Olumsuz<\/strong> editoryal b\u00fct\u00fcnl\u00fc\u011f\u00fcm\u00fcz\u00fc etkiler - bu sitede ifade edilen t\u00fcm g\u00f6r\u00fc\u015f ve \u00f6neriler <strong data-start=\"2687\" data-end=\"2715\">ba\u011f\u0131ms\u0131z ve tarafs\u0131z<\/strong>.<\/p>\n<p data-start=\"2720\" data-end=\"2952\">Biz <strong data-start=\"2727\" data-end=\"2746\">sorumlu de\u011fil<\/strong> Platformumuzdan ba\u011flant\u0131s\u0131 verilen herhangi bir \u00fc\u00e7\u00fcnc\u00fc taraf web sitesinin veya \u015firketin eylemleri, \u00fcr\u00fcnleri veya politikalar\u0131 i\u00e7in.<br data-start=\"2852\" data-end=\"2855\" \/>Herhangi bir d\u0131\u015f \u015firketle anla\u015fmadan \u00f6nce, onlar\u0131n resmi \u015fartlar\u0131n\u0131 ve ko\u015fullar\u0131n\u0131 incelemelisiniz.<\/p>\n<hr data-start=\"2954\" data-end=\"2957\" \/>\n<h2 data-start=\"2959\" data-end=\"2978\"><span style=\"font-size: 18pt;\">5. Garanti Yok<\/span><\/h2>\n<p data-start=\"2980\" data-end=\"3155\">T\u00fcm i\u00e7erik ve hizmetler arac\u0131l\u0131\u011f\u0131yla sa\u011flan\u0131r <strong data-start=\"3022\" data-end=\"3038\">MLM Explorer<\/strong> &quot;sunulmaktad\u0131r&quot;<strong data-start=\"3052\" data-end=\"3061\">oldu\u011fu gibi<\/strong>&quot; Ve &quot;<strong data-start=\"3068\" data-end=\"3084\">mevcut oldu\u011fu gibi<\/strong>\u201d hi\u00e7bir a\u00e7\u0131k veya z\u0131mni garanti olmaks\u0131z\u0131n.<br data-start=\"3129\" data-end=\"3132\" \/>\u015eunlar\u0131 garanti etmiyoruz:<\/p>\n<ul data-start=\"3156\" data-end=\"3353\">\n<li data-start=\"3156\" data-end=\"3220\">\n<p data-start=\"3158\" data-end=\"3220\">Site her zaman kesintisiz ve hatas\u0131z \u00e7al\u0131\u015facakt\u0131r;<\/p>\n<\/li>\n<li data-start=\"3221\" data-end=\"3287\">\n<p data-start=\"3223\" data-end=\"3287\">Verilen bilgilerde herhangi bir yanl\u0131\u015fl\u0131k veya eksiklik bulunmamaktad\u0131r;<\/p>\n<\/li>\n<li data-start=\"3288\" data-end=\"3353\">\n<p data-start=\"3290\" data-end=\"3353\">\u0130\u00e7eri\u011fimizden ba\u011flant\u0131 verilen harici web siteleri g\u00fcvenli veya do\u011frudur.<\/p>\n<\/li>\n<\/ul>\n<hr data-start=\"3355\" data-end=\"3358\" \/>\n<h2 data-start=\"3360\" data-end=\"3389\"><span style=\"font-size: 18pt;\">6. Sorumlulu\u011fun S\u0131n\u0131rland\u0131r\u0131lmas\u0131<\/span><\/h2>\n<p data-start=\"3391\" data-end=\"3501\">Hi\u00e7bir ko\u015fulda <strong data-start=\"3420\" data-end=\"3436\">MLM Explorer<\/strong>, y\u00f6neticileri, ortaklar\u0131 veya ba\u011fl\u0131 kurulu\u015flar\u0131 a\u015fa\u011f\u0131dakilerden sorumlu tutulamaz:<\/p>\n<ul data-start=\"3502\" data-end=\"3738\">\n<li data-start=\"3502\" data-end=\"3561\">\n<p data-start=\"3504\" data-end=\"3561\">Herhangi bir gelir, kar veya i\u015f f\u0131rsat\u0131 kayb\u0131;<\/p>\n<\/li>\n<li data-start=\"3562\" data-end=\"3601\">\n<p data-start=\"3564\" data-end=\"3601\">\u0130\u00e7erikte hatalar veya eksiklikler;<\/p>\n<\/li>\n<li data-start=\"3602\" data-end=\"3669\">\n<p data-start=\"3604\" data-end=\"3669\">Web sitesinin kullan\u0131lmas\u0131 veya kullan\u0131lamamas\u0131 sonucu olu\u015fan zararlar;<\/p>\n<\/li>\n<li data-start=\"3670\" data-end=\"3738\">\n<p data-start=\"3672\" data-end=\"3738\">Burada ba\u011flant\u0131s\u0131 verilen \u00fc\u00e7\u00fcnc\u00fc taraf sitelerde sa\u011flanan bilgilere g\u00fcvenilmesi.<\/p>\n<\/li>\n<\/ul>\n<p data-start=\"3740\" data-end=\"3849\">Bu web sitesini kullanman\u0131z, bu sorumluluk s\u0131n\u0131rlamas\u0131n\u0131 tam olarak kabul etti\u011finiz ve onaylad\u0131\u011f\u0131n\u0131z\u0131 g\u00f6sterir.<\/p>\n<hr data-start=\"3851\" data-end=\"3854\" \/>\n<h2 data-start=\"3856\" data-end=\"3876\"><span style=\"font-size: 18pt;\">7. D\u0131\u015f Ba\u011flant\u0131lar<\/span><\/h2>\n<p data-start=\"3878\" data-end=\"4015\">Web sitemiz, a\u015fa\u011f\u0131dakilerle ilgili di\u011fer web sitelerine, programlara veya hizmetlere ba\u011flant\u0131lar i\u00e7erebilir: <strong data-start=\"3960\" data-end=\"3981\">a\u011f pazarlamas\u0131<\/strong> veya <strong data-start=\"3985\" data-end=\"4012\">ortakl\u0131k f\u0131rsatlar\u0131<\/strong>.<\/p>\n<p data-start=\"4017\" data-end=\"4175\">Bu ba\u011flant\u0131lar yaln\u0131zca kolayl\u0131k sa\u011flamak amac\u0131yla sunulmaktad\u0131r.<br data-start=\"4065\" data-end=\"4068\" \/>Bu harici sitelerin i\u00e7eri\u011fini, g\u00fcvenli\u011fini veya uygulamalar\u0131n\u0131 onaylam\u0131yoruz veya bunlarla ilgili sorumluluk kabul etmiyoruz.<\/p>\n<hr data-start=\"4177\" data-end=\"4180\" \/>\n<h2 data-start=\"4182\" data-end=\"4214\"><span style=\"font-size: 18pt;\">8. Bu Sorumluluk Reddi Beyan\u0131ndaki G\u00fcncellemeler<\/span><\/h2>\n<p data-start=\"4216\" data-end=\"4459\"><strong data-start=\"4216\" data-end=\"4232\">MLM Explorer<\/strong> bu Yasal Uyar\u0131y\u0131 herhangi bir zamanda \u00f6nceden bildirimde bulunmaks\u0131z\u0131n g\u00fcncelleyebilir.<br data-start=\"4293\" data-end=\"4296\" \/>En son s\u00fcr\u00fcm her zaman bu sayfada yer alacak ve yukar\u0131daki y\u00fcr\u00fcrl\u00fck tarihi de belirtilecektir.<br data-start=\"4390\" data-end=\"4393\" \/>Kullan\u0131c\u0131lar\u0131n bilgi sahibi olmalar\u0131 i\u00e7in bu sayfay\u0131 d\u00fczenli olarak incelemelerini \u00f6neriyoruz.<\/p>\n<hr data-start=\"4461\" data-end=\"4464\" \/>\n<h2 data-start=\"4466\" data-end=\"4491\"><span style=\"font-size: 18pt;\">9. \u0130leti\u015fim Bilgileri<\/span><\/h2>\n<p data-start=\"4493\" data-end=\"4575\">Bu Sorumluluk Reddi Beyan\u0131 hakk\u0131nda herhangi bir sorunuz veya endi\u015feniz varsa l\u00fctfen bizimle \u015fu adresten ileti\u015fime ge\u00e7in:<\/p>\n<p data-start=\"4577\" data-end=\"4724\"><strong data-start=\"4577\" data-end=\"4593\">MLM Explorer<\/strong><br data-start=\"4593\" data-end=\"4596\" \/>\ud83c\udf10 <a class=\"decorated-link\" href=\"https:\/\/mlm-explorer.com\/tr\/\" target=\"_new\" rel=\"noopener\" data-start=\"4599\" data-end=\"4651\">https:\/\/mlm-explorer.com<\/a><br data-start=\"4651\" data-end=\"4654\" \/>\ud83d\udce7 <a class=\"decorated-link cursor-pointer\" rel=\"noopener\" data-start=\"4657\" data-end=\"4724\">mlmexplorer.global@gmail.com<\/a><\/p>\t\t\t\t\t\t\t\t<\/div>\n\t\t\t\t<\/div>\n\t\t\t\t\t<\/div>\n\t\t<\/div>\n\t\t\t\t\t<\/div>\n\t\t<\/section>\n\t\t\t\t<\/div>","protected":false},"excerpt":{"rendered":"<p>Who we are Suggested text: Our website address is: https:\/\/mlm-explorer.com. Comments Suggested text: When visitors leave comments on the site [&hellip;]<\/p>","protected":false},"author":1,"featured_media":0,"parent":0,"menu_order":0,"comment_status":"closed","ping_status":"open","template":"","meta":{"site-sidebar-layout":"default","site-content-layout":"","ast-site-content-layout":"default","site-content-style":"default","site-sidebar-style":"default","ast-global-header-display":"","ast-banner-title-visibility":"","ast-main-header-display":"","ast-hfb-above-header-display":"","ast-hfb-below-header-display":"","ast-hfb-mobile-header-display":"","site-post-title":"","ast-breadcrumbs-content":"","ast-featured-img":"","footer-sml-layout":"","theme-transparent-header-meta":"","adv-header-id-meta":"","stick-header-meta":"","header-above-stick-meta":"","header-main-stick-meta":"","header-below-stick-meta":"","astra-migrate-meta-layouts":"default","ast-page-background-enabled":"default","ast-page-background-meta":{"desktop":{"background-color":"var(--ast-global-color-5)","background-image":"","background-repeat":"repeat","background-position":"center center","background-size":"auto","background-attachment":"scroll","background-type":"","background-media":"","overlay-type":"","overlay-color":"","overlay-opacity":"","overlay-gradient":""},"tablet":{"background-color":"","background-image":"","background-repeat":"repeat","background-position":"center center","background-size":"auto","background-attachment":"scroll","background-type":"","background-media":"","overlay-type":"","overlay-color":"","overlay-opacity":"","overlay-gradient":""},"mobile":{"background-color":"","background-image":"","background-repeat":"repeat","background-position":"center center","background-size":"auto","background-attachment":"scroll","background-type":"","background-media":"","overlay-type":"","overlay-color":"","overlay-opacity":"","overlay-gradient":""}},"ast-content-background-meta":{"desktop":{"background-color":"var(--ast-global-color-4)","background-image":"","background-repeat":"repeat","background-position":"center center","background-size":"auto","background-attachment":"scroll","background-type":"","background-media":"","overlay-type":"","overlay-color":"","overlay-opacity":"","overlay-gradient":""},"tablet":{"background-color":"var(--ast-global-color-4)","background-image":"","background-repeat":"repeat","background-position":"center center","background-size":"auto","background-attachment":"scroll","background-type":"","background-media":"","overlay-type":"","overlay-color":"","overlay-opacity":"","overlay-gradient":""},"mobile":{"background-color":"var(--ast-global-color-4)","background-image":"","background-repeat":"repeat","background-position":"center center","background-size":"auto","background-attachment":"scroll","background-type":"","background-media":"","overlay-type":"","overlay-color":"","overlay-opacity":"","overlay-gradient":""}},"footnotes":""},"class_list":["post-330","page","type-page","status-publish","hentry"],"yoast_head":"<!-- This site is optimized with the Yoast SEO Premium plugin v26.3 (Yoast SEO v27.3) - https:\/\/yoast.com\/product\/yoast-seo-premium-wordpress\/ -->\n<title>Disclaimer<\/title>\n<meta name=\"robots\" content=\"index, follow, max-snippet:-1, max-image-preview:large, max-video-preview:-1\" \/>\n<link rel=\"canonical\" href=\"https:\/\/mlm-explorer.com\/tr\/sorumluluk-reddi\/\" \/>\n<meta property=\"og:locale\" content=\"tr_TR\" \/>\n<meta property=\"og:type\" content=\"article\" \/>\n<meta property=\"og:title\" content=\"Disclaimer\" \/>\n<meta property=\"og:description\" content=\"Who we are Suggested text: Our website address is: https:\/\/mlm-explorer.com. Comments Suggested text: When visitors leave comments on the site [&hellip;]\" \/>\n<meta property=\"og:url\" content=\"https:\/\/mlm-explorer.com\/tr\/sorumluluk-reddi\/\" \/>\n<meta property=\"article:modified_time\" content=\"2025-10-07T01:01:45+00:00\" \/>\n<meta name=\"twitter:card\" content=\"summary_large_image\" \/>\n<meta name=\"twitter:label1\" content=\"Tahmini okuma s\u00fcresi\" \/>\n\t<meta name=\"twitter:data1\" content=\"3 dakika\" \/>\n<script type=\"application\/ld+json\" class=\"yoast-schema-graph\">{\"@context\":\"https:\\\/\\\/schema.org\",\"@graph\":[{\"@type\":\"WebPage\",\"@id\":\"https:\\\/\\\/mlm-explorer.com\\\/disclaimer\\\/\",\"url\":\"https:\\\/\\\/mlm-explorer.com\\\/disclaimer\\\/\",\"name\":\"Disclaimer\",\"isPartOf\":{\"@id\":\"https:\\\/\\\/mlm-explorer.com\\\/#website\"},\"datePublished\":\"2025-10-07T01:00:17+00:00\",\"dateModified\":\"2025-10-07T01:01:45+00:00\",\"breadcrumb\":{\"@id\":\"https:\\\/\\\/mlm-explorer.com\\\/disclaimer\\\/#breadcrumb\"},\"inLanguage\":\"tr\",\"potentialAction\":[{\"@type\":\"ReadAction\",\"target\":[\"https:\\\/\\\/mlm-explorer.com\\\/disclaimer\\\/\"]}]},{\"@type\":\"BreadcrumbList\",\"@id\":\"https:\\\/\\\/mlm-explorer.com\\\/disclaimer\\\/#breadcrumb\",\"itemListElement\":[{\"@type\":\"ListItem\",\"position\":1,\"name\":\"Home\",\"item\":\"https:\\\/\\\/mlm-explorer.com\\\/\"},{\"@type\":\"ListItem\",\"position\":2,\"name\":\"Disclaimer\"}]},{\"@type\":\"WebSite\",\"@id\":\"https:\\\/\\\/mlm-explorer.com\\\/#website\",\"url\":\"https:\\\/\\\/mlm-explorer.com\\\/\",\"name\":\"\",\"description\":\"\",\"potentialAction\":[{\"@type\":\"SearchAction\",\"target\":{\"@type\":\"EntryPoint\",\"urlTemplate\":\"https:\\\/\\\/mlm-explorer.com\\\/?s={search_term_string}\"},\"query-input\":{\"@type\":\"PropertyValueSpecification\",\"valueRequired\":true,\"valueName\":\"search_term_string\"}}],\"inLanguage\":\"tr\"}]}<\/script>\n<!-- \/ Yoast SEO Premium plugin. -->","yoast_head_json":{"title":"Disclaimer","robots":{"index":"index","follow":"follow","max-snippet":"max-snippet:-1","max-image-preview":"max-image-preview:large","max-video-preview":"max-video-preview:-1"},"canonical":"https:\/\/mlm-explorer.com\/tr\/sorumluluk-reddi\/","og_locale":"tr_TR","og_type":"article","og_title":"Disclaimer","og_description":"Who we are Suggested text: Our website address is: https:\/\/mlm-explorer.com. Comments Suggested text: When visitors leave comments on the site [&hellip;]","og_url":"https:\/\/mlm-explorer.com\/tr\/sorumluluk-reddi\/","article_modified_time":"2025-10-07T01:01:45+00:00","twitter_card":"summary_large_image","twitter_misc":{"Tahmini okuma s\u00fcresi":"3 dakika"},"schema":{"@context":"https:\/\/schema.org","@graph":[{"@type":"WebPage","@id":"https:\/\/mlm-explorer.com\/disclaimer\/","url":"https:\/\/mlm-explorer.com\/disclaimer\/","name":"Disclaimer","isPartOf":{"@id":"https:\/\/mlm-explorer.com\/#website"},"datePublished":"2025-10-07T01:00:17+00:00","dateModified":"2025-10-07T01:01:45+00:00","breadcrumb":{"@id":"https:\/\/mlm-explorer.com\/disclaimer\/#breadcrumb"},"inLanguage":"tr","potentialAction":[{"@type":"ReadAction","target":["https:\/\/mlm-explorer.com\/disclaimer\/"]}]},{"@type":"BreadcrumbList","@id":"https:\/\/mlm-explorer.com\/disclaimer\/#breadcrumb","itemListElement":[{"@type":"ListItem","position":1,"name":"Home","item":"https:\/\/mlm-explorer.com\/"},{"@type":"ListItem","position":2,"name":"Disclaimer"}]},{"@type":"WebSite","@id":"https:\/\/mlm-explorer.com\/#website","url":"https:\/\/mlm-explorer.com\/","name":"","description":"","potentialAction":[{"@type":"SearchAction","target":{"@type":"EntryPoint","urlTemplate":"https:\/\/mlm-explorer.com\/?s={search_term_string}"},"query-input":{"@type":"PropertyValueSpecification","valueRequired":true,"valueName":"search_term_string"}}],"inLanguage":"tr"}]}},"_links":{"self":[{"href":"https:\/\/mlm-explorer.com\/tr\/wp-json\/wp\/v2\/pages\/330","targetHints":{"allow":["GET"]}}],"collection":[{"href":"https:\/\/mlm-explorer.com\/tr\/wp-json\/wp\/v2\/pages"}],"about":[{"href":"https:\/\/mlm-explorer.com\/tr\/wp-json\/wp\/v2\/types\/page"}],"author":[{"embeddable":true,"href":"https:\/\/mlm-explorer.com\/tr\/wp-json\/wp\/v2\/users\/1"}],"replies":[{"embeddable":true,"href":"https:\/\/mlm-explorer.com\/tr\/wp-json\/wp\/v2\/comments?post=330"}],"version-history":[{"count":3,"href":"https:\/\/mlm-explorer.com\/tr\/wp-json\/wp\/v2\/pages\/330\/revisions"}],"predecessor-version":[{"id":333,"href":"https:\/\/mlm-explorer.com\/tr\/wp-json\/wp\/v2\/pages\/330\/revisions\/333"}],"wp:attachment":[{"href":"https:\/\/mlm-explorer.com\/tr\/wp-json\/wp\/v2\/media?parent=330"}],"curies":[{"name":"wp","href":"https:\/\/api.w.org\/{rel}","templated":true}]}}