{"id":326,"date":"2025-10-06T21:56:46","date_gmt":"2025-10-07T00:56:46","guid":{"rendered":"https:\/\/mlm-explorer.com\/?page_id=326"},"modified":"2025-10-06T21:58:28","modified_gmt":"2025-10-07T00:58:28","slug":"terms-of-use","status":"publish","type":"page","link":"https:\/\/mlm-explorer.com\/tr\/kullanim-sartlari\/","title":{"rendered":"Kullan\u0131m \u015eartlar\u0131"},"content":{"rendered":"<style><\/style>\t\t<div data-elementor-type=\"wp-page\" data-elementor-id=\"326\" class=\"elementor elementor-326\">\n\t\t\t\t\t\t<section class=\"elementor-section elementor-top-section elementor-element elementor-element-24f1ca2e elementor-section-boxed elementor-section-height-default elementor-section-height-default\" data-id=\"24f1ca2e\" data-element_type=\"section\" data-e-type=\"section\">\n\t\t\t\t\t\t<div class=\"elementor-container elementor-column-gap-default\">\n\t\t\t\t\t<div class=\"elementor-column elementor-col-100 elementor-top-column elementor-element elementor-element-5a86b10e\" data-id=\"5a86b10e\" data-element_type=\"column\" data-e-type=\"column\">\n\t\t\t<div class=\"elementor-widget-wrap elementor-element-populated\">\n\t\t\t\t\t\t<div class=\"elementor-element elementor-element-703184bd elementor-widget elementor-widget-text-editor\" data-id=\"703184bd\" data-element_type=\"widget\" data-e-type=\"widget\" data-widget_type=\"text-editor.default\">\n\t\t\t\t<div class=\"elementor-widget-container\">\n\t\t\t\t\t\t\t\t\t<h1 data-start=\"259\" data-end=\"277\"><span style=\"font-size: 18pt;\"><strong data-start=\"261\" data-end=\"277\">Kullan\u0131m \u015eartlar\u0131<\/strong><\/span><\/h1>\n<p data-start=\"279\" data-end=\"465\"><strong data-start=\"279\" data-end=\"298\">Y\u00fcr\u00fcrl\u00fck Tarihi:<\/strong> 6 Ekim 2025<br data-start=\"314\" data-end=\"317\" \/><strong data-start=\"317\" data-end=\"329\">Web sitesi:<\/strong> <a class=\"decorated-link\" href=\"https:\/\/mlm-explorer.com\/tr\/\" target=\"_new\" rel=\"noopener\" data-start=\"330\" data-end=\"382\">https:\/\/mlm-explorer.com<\/a><br data-start=\"382\" data-end=\"385\" \/><strong data-start=\"385\" data-end=\"397\">Temas etmek:<\/strong> <a class=\"decorated-link cursor-pointer\" rel=\"noopener\" data-start=\"398\" data-end=\"465\">mlmexplorer.global@gmail.com<\/a><\/p>\n<hr data-start=\"467\" data-end=\"470\" \/>\n<h2 data-start=\"472\" data-end=\"497\"><span style=\"font-size: 18pt;\">1. \u015eartlar\u0131n Kabul\u00fc<\/span><\/h2>\n<p data-start=\"499\" data-end=\"724\">Ho\u015f geldiniz <strong data-start=\"510\" data-end=\"526\">MLM Explorer<\/strong>Bu web sitesine eri\u015ferek veya bu web sitesini kullanarak, bunlara ba\u011fl\u0131 kalmay\u0131 kabul etmi\u015f olursunuz. <strong data-start=\"595\" data-end=\"611\">Kullan\u0131m \u015eartlar\u0131<\/strong> ve t\u00fcm ge\u00e7erli yasa ve y\u00f6netmeliklere uygundur.<br data-start=\"652\" data-end=\"655\" \/>Bu \u015fartlar\u0131 kabul etmiyorsan\u0131z l\u00fctfen bu web sitesini kullanmay\u0131n\u0131z.<\/p>\n<p data-start=\"726\" data-end=\"857\">Bu Kullan\u0131m Ko\u015fullar\u0131n\u0131 herhangi bir zamanda \u00f6nceden bildirimde bulunmaks\u0131z\u0131n g\u00fcncelleyebilir veya de\u011fi\u015ftirebiliriz. En son s\u00fcr\u00fcm her zaman bu sayfada yay\u0131nlanacakt\u0131r.<\/p>\n<hr data-start=\"859\" data-end=\"862\" \/>\n<h2 data-start=\"864\" data-end=\"892\"><span style=\"font-size: 18pt;\">2. Web Sitesinin Amac\u0131<\/span><\/h2>\n<p data-start=\"894\" data-end=\"1146\"><strong data-start=\"894\" data-end=\"910\">MLM Explorer<\/strong> alan\u0131na adanm\u0131\u015f bir bilgilendirme platformudur <strong data-start=\"966\" data-end=\"1011\">a\u011f pazarlamas\u0131 (\u00e7ok seviyeli pazarlama)<\/strong>.<br data-start=\"1012\" data-end=\"1015\" \/>Web sitesi yaln\u0131zca bilgilendirme ve e\u011fitim ama\u00e7l\u0131 e\u011fitim i\u00e7erikleri, \u015firket analizleri, rehberler ve i\u00e7g\u00f6r\u00fcler sunmaktad\u0131r.<\/p>\n<p data-start=\"1148\" data-end=\"1338\">Biz yap\u0131yoruz <strong data-start=\"1154\" data-end=\"1175\">\u00fcr\u00fcn satmamak<\/strong>, <strong data-start=\"1177\" data-end=\"1198\">yat\u0131r\u0131m teklif etmek<\/strong>, veya <strong data-start=\"1203\" data-end=\"1234\">mali sonu\u00e7lar\u0131 garantilemek<\/strong>.<br data-start=\"1235\" data-end=\"1238\" \/>Bu sitede yer alan bilgilere dayanarak verilen her t\u00fcrl\u00fc karar kendi inisiyatifinizde ve riskinizdedir.<\/p>\n<hr data-start=\"1340\" data-end=\"1343\" \/>\n<h2 data-start=\"1345\" data-end=\"1390\"><span style=\"font-size: 18pt;\">3. Harici Ba\u011flant\u0131lar ve \u00dc\u00e7\u00fcnc\u00fc Taraf Web Siteleri<\/span><\/h2>\n<p data-start=\"1392\" data-end=\"1552\">Web sitemiz, \u015firket kay\u0131t sayfalar\u0131, ortakl\u0131k programlar\u0131 veya di\u011fer bilgi kaynaklar\u0131 dahil olmak \u00fczere harici veya \u00fc\u00e7\u00fcnc\u00fc taraf web sitelerine ba\u011flant\u0131lar i\u00e7erebilir.<\/p>\n<p data-start=\"1554\" data-end=\"1756\">Biz <strong data-start=\"1561\" data-end=\"1580\">sorumlu de\u011fil<\/strong> Bu harici sitelerin i\u00e7eri\u011fi, do\u011frulu\u011fu veya uygulamalar\u0131 i\u00e7in.<br data-start=\"1645\" data-end=\"1648\" \/>\u00dc\u00e7\u00fcnc\u00fc taraf ba\u011flant\u0131lara eri\u015fim kendi riskiniz alt\u0131ndad\u0131r ve bu ba\u011flant\u0131lar\u0131n ilgili h\u00fck\u00fcm ve gizlilik politikalar\u0131 ge\u00e7erlidir.<\/p>\n<hr data-start=\"1758\" data-end=\"1761\" \/>\n<h2 data-start=\"1763\" data-end=\"1797\"><span style=\"font-size: 18pt;\">4. Fikri M\u00fclkiyet Haklar\u0131<\/span><\/h2>\n<p data-start=\"1799\" data-end=\"1953\">Yay\u0131nlanan t\u00fcm i\u00e7erikler <strong data-start=\"1824\" data-end=\"1840\">MLM Explorer<\/strong>Metin, resim, logo ve di\u011fer materyaller dahil olmak \u00fczere t\u00fcm i\u00e7erik telif hakk\u0131 ve fikri m\u00fclkiyet yasalar\u0131yla korunmaktad\u0131r.<\/p>\n<p data-start=\"1955\" data-end=\"2193\">Uygun at\u0131f sa\u011fland\u0131\u011f\u0131 takdirde, ki\u015fisel ve ticari olmayan ama\u00e7larla i\u00e7eri\u011fimizi g\u00f6r\u00fcnt\u00fcleyebilir ve payla\u015fabilirsiniz.<br data-start=\"2059\" data-end=\"2062\" \/>Herhangi bir materyalin \u00f6nceden yaz\u0131l\u0131 izin al\u0131nmaks\u0131z\u0131n \u00e7o\u011falt\u0131lmas\u0131, da\u011f\u0131t\u0131lmas\u0131, de\u011fi\u015ftirilmesi veya yeniden yay\u0131nlanmas\u0131 yasakt\u0131r. <strong data-start=\"2169\" data-end=\"2192\">kesinlikle yasakt\u0131r<\/strong>.<\/p>\n<hr data-start=\"2195\" data-end=\"2198\" \/>\n<h2 data-start=\"2200\" data-end=\"2234\"><span style=\"font-size: 18pt;\">5. Finansal veya Hukuki Dan\u0131\u015fmanl\u0131k Yoktur<\/span><\/h2>\n<p data-start=\"2236\" data-end=\"2375\">Bu web sitesinde sa\u011flanan t\u00fcm bilgiler yaln\u0131zca <strong data-start=\"2284\" data-end=\"2331\">yaln\u0131zca e\u011fitim ve bilgilendirme ama\u00e7l\u0131d\u0131r<\/strong>.<br data-start=\"2332\" data-end=\"2335\" \/>Hi\u00e7bir \u015fey yok <strong data-start=\"2346\" data-end=\"2362\">MLM Explorer<\/strong> \u015funlar\u0131 olu\u015fturur:<\/p>\n<ul data-start=\"2376\" data-end=\"2499\">\n<li data-start=\"2376\" data-end=\"2396\">\n<p data-start=\"2378\" data-end=\"2396\">Finansal tavsiye<\/p>\n<\/li>\n<li data-start=\"2397\" data-end=\"2420\">\n<p data-start=\"2399\" data-end=\"2420\">Yat\u0131r\u0131m rehberli\u011fi<\/p>\n<\/li>\n<li data-start=\"2421\" data-end=\"2453\">\n<p data-start=\"2423\" data-end=\"2453\">Yasal veya vergi tavsiyeleri<\/p>\n<\/li>\n<li data-start=\"2454\" data-end=\"2499\">\n<p data-start=\"2456\" data-end=\"2499\">Gelir veya i\u015f ba\u015far\u0131s\u0131n\u0131n garantisi<\/p>\n<\/li>\n<\/ul>\n<p data-start=\"2501\" data-end=\"2579\">Finansal veya ticari kararlar almadan \u00f6nce mutlaka profesyonel tavsiye al\u0131n.<\/p>\n<hr data-start=\"2581\" data-end=\"2584\" \/>\n<h2 data-start=\"2586\" data-end=\"2615\"><span style=\"font-size: 18pt;\">6. Sorumlulu\u011fun S\u0131n\u0131rland\u0131r\u0131lmas\u0131<\/span><\/h2>\n<p data-start=\"2617\" data-end=\"2800\">Yasan\u0131n izin verdi\u011fi azami \u00f6l\u00e7\u00fcde, <strong data-start=\"2657\" data-end=\"2673\">MLM Explorer<\/strong> ve y\u00f6neticileri, a\u015fa\u011f\u0131dakilerden kaynaklanan herhangi bir do\u011frudan, dolayl\u0131, tesad\u00fcfi veya sonu\u00e7sal zarardan sorumlu tutulamaz:<\/p>\n<ul data-start=\"2801\" data-end=\"2933\">\n<li data-start=\"2801\" data-end=\"2845\">\n<p data-start=\"2803\" data-end=\"2845\">Web sitesinin kullan\u0131lmas\u0131 veya kullan\u0131lamamas\u0131;<\/p>\n<\/li>\n<li data-start=\"2846\" data-end=\"2890\">\n<p data-start=\"2848\" data-end=\"2890\">Burada verilen bilgilere dayan\u0131lmas\u0131;<\/p>\n<\/li>\n<li data-start=\"2891\" data-end=\"2933\">\n<p data-start=\"2893\" data-end=\"2933\">\u00dc\u00e7\u00fcnc\u00fc taraf web sitelerine veya ba\u011flant\u0131lara eri\u015fim.<\/p>\n<\/li>\n<\/ul>\n<p data-start=\"2935\" data-end=\"3010\">Sitenin kullan\u0131m\u0131n\u0131z\u0131n tamamen sizin sorumlulu\u011funuzda oldu\u011funu kabul ediyorsunuz. <strong data-start=\"2989\" data-end=\"3009\">kendi riskiniz alt\u0131nda<\/strong>.<\/p>\n<hr data-start=\"3012\" data-end=\"3015\" \/>\n<h2 data-start=\"3017\" data-end=\"3047\"><span style=\"font-size: 18pt;\">7. Garanti Reddi<\/span><\/h2>\n<p data-start=\"3049\" data-end=\"3175\">Web sitesi ve i\u00e7eri\u011fi \u201c<strong data-start=\"3091\" data-end=\"3100\">oldu\u011fu gibi<\/strong>\u201da\u00e7\u0131k veya z\u0131mni hi\u00e7bir garanti olmaks\u0131z\u0131n, bunlarla s\u0131n\u0131rl\u0131 olmamak \u00fczere:<\/p>\n<ul data-start=\"3176\" data-end=\"3314\">\n<li data-start=\"3176\" data-end=\"3234\">\n<p data-start=\"3178\" data-end=\"3234\">\u0130\u00e7eri\u011fin do\u011frulu\u011fu, g\u00fcvenilirli\u011fi veya eksiksizli\u011fi;<\/p>\n<\/li>\n<li data-start=\"3235\" data-end=\"3272\">\n<p data-start=\"3237\" data-end=\"3272\">Belirli bir amaca uygunluk;<\/p>\n<\/li>\n<li data-start=\"3273\" data-end=\"3314\">\n<p data-start=\"3275\" data-end=\"3314\">\u00dc\u00e7\u00fcnc\u00fc \u015fah\u0131slar\u0131n haklar\u0131n\u0131n ihlal edilmemesi.<\/p>\n<\/li>\n<\/ul>\n<p data-start=\"3316\" data-end=\"3414\">Web sitesinin kesintisiz, hatas\u0131z veya teknik sorunlardan ari olaca\u011f\u0131n\u0131 garanti etmiyoruz.<\/p>\n<hr data-start=\"3416\" data-end=\"3419\" \/>\n<h2 data-start=\"3421\" data-end=\"3439\"><span style=\"font-size: 18pt;\">8. Kullan\u0131c\u0131 Davran\u0131\u015f\u0131<\/span><\/h2>\n<p data-start=\"3441\" data-end=\"3487\">Bu web sitesini kulland\u0131\u011f\u0131n\u0131zda, \u015funlar\u0131 kabul etmi\u015f olursunuz: <strong data-start=\"3476\" data-end=\"3487\">yapmamak:<\/strong><\/p>\n<ul data-start=\"3488\" data-end=\"3701\">\n<li data-start=\"3488\" data-end=\"3535\">\n<p data-start=\"3490\" data-end=\"3535\">Y\u00fcr\u00fcrl\u00fckteki herhangi bir yasay\u0131 veya y\u00f6netmeli\u011fi ihlal etmek;<\/p>\n<\/li>\n<li data-start=\"3536\" data-end=\"3589\">\n<p data-start=\"3538\" data-end=\"3589\">Siteyi hukuka ayk\u0131r\u0131 veya hileli ama\u00e7larla kullanmak;<\/p>\n<\/li>\n<li data-start=\"3590\" data-end=\"3655\">\n<p data-start=\"3592\" data-end=\"3655\">Web sitesinin sistemlerine yetkisiz eri\u015fim sa\u011flama giri\u015fimi;<\/p>\n<\/li>\n<li data-start=\"3656\" data-end=\"3701\">\n<p data-start=\"3658\" data-end=\"3701\">Sitenin i\u015flevselli\u011fini bozmak veya zarar vermek.<\/p>\n<\/li>\n<\/ul>\n<p data-start=\"3703\" data-end=\"3780\">Bu \u015fartlar\u0131 ihlal eden herhangi bir kullan\u0131c\u0131n\u0131n eri\u015fimini k\u0131s\u0131tlama hakk\u0131m\u0131z\u0131 sakl\u0131 tutuyoruz.<\/p>\n<hr data-start=\"3782\" data-end=\"3785\" \/>\n<h2 data-start=\"3787\" data-end=\"3813\"><span style=\"font-size: 18pt;\">9. Ortakl\u0131k A\u00e7\u0131klamas\u0131<\/span><\/h2>\n<p data-start=\"3815\" data-end=\"4104\">Baz\u0131 ba\u011flant\u0131lar <strong data-start=\"3829\" data-end=\"3845\">MLM Explorer<\/strong> Belki <strong data-start=\"3853\" data-end=\"3872\">ba\u011fl\u0131 kurulu\u015f ba\u011flant\u0131lar\u0131<\/strong>yani siz bunlara t\u0131klarsan\u0131z veya kay\u0131t olursan\u0131z komisyon kazanabiliriz.<br data-start=\"3945\" data-end=\"3948\" \/>Bu \u015fu anlama geliyor: <strong data-start=\"3962\" data-end=\"3984\">ek maliyet yok<\/strong> size yard\u0131mc\u0131 olur ve platformumuzun bak\u0131m\u0131n\u0131 desteklemeye yard\u0131mc\u0131 olur.<br data-start=\"4042\" data-end=\"4045\" \/>Editoryal i\u00e7eri\u011fimiz devam ediyor <strong data-start=\"4075\" data-end=\"4103\">ba\u011f\u0131ms\u0131z ve tarafs\u0131z<\/strong>.<\/p>\n<hr data-start=\"4106\" data-end=\"4109\" \/>\n<h2 data-start=\"4111\" data-end=\"4131\"><span style=\"font-size: 18pt;\">10. Y\u00fcr\u00fcrl\u00fckteki Kanun<\/span><\/h2>\n<p data-start=\"4133\" data-end=\"4367\">Bu Kullan\u0131m Ko\u015fullar\u0131, y\u00fcr\u00fcrl\u00fckteki yasalara tabidir ve bu yasalara uygun olarak yorumlan\u0131r. <strong data-start=\"4224\" data-end=\"4234\">Brezilya<\/strong>, Neresi <strong data-start=\"4242\" data-end=\"4258\">MLM Explorer<\/strong> idari olarak faaliyet g\u00f6sterir ve ayr\u0131ca ilgili mevzuata da uyabilir <strong data-start=\"4320\" data-end=\"4342\">uluslararas\u0131 yasalar<\/strong> (GDPR ve CCPA gibi).<\/p>\n<p data-start=\"4369\" data-end=\"4487\">Bu web sitesinin kullan\u0131m\u0131ndan do\u011fabilecek her t\u00fcrl\u00fc uyu\u015fmazl\u0131k, y\u00fcr\u00fcrl\u00fckteki yarg\u0131 kurallar\u0131na g\u00f6re \u00e7\u00f6z\u00fcmlenecektir.<\/p>\n<hr data-start=\"4489\" data-end=\"4492\" \/>\n<h2 data-start=\"4494\" data-end=\"4520\"><span style=\"font-size: 18pt;\">11. \u0130leti\u015fim Bilgileri<\/span><\/h2>\n<p data-start=\"4522\" data-end=\"4591\">Bu Kullan\u0131m Ko\u015fullar\u0131 ile ilgili herhangi bir sorunuz varsa l\u00fctfen bizimle \u015fu adresten ileti\u015fime ge\u00e7in:<\/p>\n<p data-start=\"4593\" data-end=\"4740\"><strong data-start=\"4593\" data-end=\"4609\">MLM Explorer<\/strong><br data-start=\"4609\" data-end=\"4612\" \/>\ud83c\udf10 <a class=\"decorated-link\" href=\"https:\/\/mlm-explorer.com\/tr\/\" target=\"_new\" rel=\"noopener\" data-start=\"4615\" data-end=\"4667\">https:\/\/mlm-explorer.com<\/a><br data-start=\"4667\" data-end=\"4670\" \/>\ud83d\udce7 <a class=\"decorated-link cursor-pointer\" rel=\"noopener\" data-start=\"4673\" data-end=\"4740\">mlmexplorer.global@gmail.com<\/a><\/p>\t\t\t\t\t\t\t\t<\/div>\n\t\t\t\t<\/div>\n\t\t\t\t\t<\/div>\n\t\t<\/div>\n\t\t\t\t\t<\/div>\n\t\t<\/section>\n\t\t\t\t<\/div>","protected":false},"excerpt":{"rendered":"<p>Who we are Suggested text: Our website address is: https:\/\/mlm-explorer.com. Comments Suggested text: When visitors leave comments on the site [&hellip;]<\/p>","protected":false},"author":1,"featured_media":0,"parent":0,"menu_order":0,"comment_status":"closed","ping_status":"open","template":"","meta":{"site-sidebar-layout":"default","site-content-layout":"","ast-site-content-layout":"default","site-content-style":"default","site-sidebar-style":"default","ast-global-header-display":"","ast-banner-title-visibility":"","ast-main-header-display":"","ast-hfb-above-header-display":"","ast-hfb-below-header-display":"","ast-hfb-mobile-header-display":"","site-post-title":"","ast-breadcrumbs-content":"","ast-featured-img":"","footer-sml-layout":"","theme-transparent-header-meta":"","adv-header-id-meta":"","stick-header-meta":"","header-above-stick-meta":"","header-main-stick-meta":"","header-below-stick-meta":"","astra-migrate-meta-layouts":"default","ast-page-background-enabled":"default","ast-page-background-meta":{"desktop":{"background-color":"var(--ast-global-color-5)","background-image":"","background-repeat":"repeat","background-position":"center center","background-size":"auto","background-attachment":"scroll","background-type":"","background-media":"","overlay-type":"","overlay-color":"","overlay-opacity":"","overlay-gradient":""},"tablet":{"background-color":"","background-image":"","background-repeat":"repeat","background-position":"center center","background-size":"auto","background-attachment":"scroll","background-type":"","background-media":"","overlay-type":"","overlay-color":"","overlay-opacity":"","overlay-gradient":""},"mobile":{"background-color":"","background-image":"","background-repeat":"repeat","background-position":"center center","background-size":"auto","background-attachment":"scroll","background-type":"","background-media":"","overlay-type":"","overlay-color":"","overlay-opacity":"","overlay-gradient":""}},"ast-content-background-meta":{"desktop":{"background-color":"var(--ast-global-color-4)","background-image":"","background-repeat":"repeat","background-position":"center center","background-size":"auto","background-attachment":"scroll","background-type":"","background-media":"","overlay-type":"","overlay-color":"","overlay-opacity":"","overlay-gradient":""},"tablet":{"background-color":"var(--ast-global-color-4)","background-image":"","background-repeat":"repeat","background-position":"center center","background-size":"auto","background-attachment":"scroll","background-type":"","background-media":"","overlay-type":"","overlay-color":"","overlay-opacity":"","overlay-gradient":""},"mobile":{"background-color":"var(--ast-global-color-4)","background-image":"","background-repeat":"repeat","background-position":"center center","background-size":"auto","background-attachment":"scroll","background-type":"","background-media":"","overlay-type":"","overlay-color":"","overlay-opacity":"","overlay-gradient":""}},"footnotes":""},"class_list":["post-326","page","type-page","status-publish","hentry"],"yoast_head":"<!-- This site is optimized with the Yoast SEO Premium plugin v26.3 (Yoast SEO v27.3) - https:\/\/yoast.com\/product\/yoast-seo-premium-wordpress\/ -->\n<title>Terms of Use<\/title>\n<meta name=\"robots\" content=\"index, follow, max-snippet:-1, max-image-preview:large, max-video-preview:-1\" \/>\n<link rel=\"canonical\" href=\"https:\/\/mlm-explorer.com\/tr\/kullanim-sartlari\/\" \/>\n<meta property=\"og:locale\" content=\"tr_TR\" \/>\n<meta property=\"og:type\" content=\"article\" \/>\n<meta property=\"og:title\" content=\"Terms of Use\" \/>\n<meta property=\"og:description\" content=\"Who we are Suggested text: Our website address is: https:\/\/mlm-explorer.com. Comments Suggested text: When visitors leave comments on the site [&hellip;]\" \/>\n<meta property=\"og:url\" content=\"https:\/\/mlm-explorer.com\/tr\/kullanim-sartlari\/\" \/>\n<meta property=\"article:modified_time\" content=\"2025-10-07T00:58:28+00:00\" \/>\n<meta name=\"twitter:card\" content=\"summary_large_image\" \/>\n<meta name=\"twitter:label1\" content=\"Tahmini okuma s\u00fcresi\" \/>\n\t<meta name=\"twitter:data1\" content=\"4 dakika\" \/>\n<script type=\"application\/ld+json\" class=\"yoast-schema-graph\">{\"@context\":\"https:\\\/\\\/schema.org\",\"@graph\":[{\"@type\":\"WebPage\",\"@id\":\"https:\\\/\\\/mlm-explorer.com\\\/terms-of-use\\\/\",\"url\":\"https:\\\/\\\/mlm-explorer.com\\\/terms-of-use\\\/\",\"name\":\"Terms of Use\",\"isPartOf\":{\"@id\":\"https:\\\/\\\/mlm-explorer.com\\\/#website\"},\"datePublished\":\"2025-10-07T00:56:46+00:00\",\"dateModified\":\"2025-10-07T00:58:28+00:00\",\"breadcrumb\":{\"@id\":\"https:\\\/\\\/mlm-explorer.com\\\/terms-of-use\\\/#breadcrumb\"},\"inLanguage\":\"tr\",\"potentialAction\":[{\"@type\":\"ReadAction\",\"target\":[\"https:\\\/\\\/mlm-explorer.com\\\/terms-of-use\\\/\"]}]},{\"@type\":\"BreadcrumbList\",\"@id\":\"https:\\\/\\\/mlm-explorer.com\\\/terms-of-use\\\/#breadcrumb\",\"itemListElement\":[{\"@type\":\"ListItem\",\"position\":1,\"name\":\"Home\",\"item\":\"https:\\\/\\\/mlm-explorer.com\\\/\"},{\"@type\":\"ListItem\",\"position\":2,\"name\":\"Terms of Use\"}]},{\"@type\":\"WebSite\",\"@id\":\"https:\\\/\\\/mlm-explorer.com\\\/#website\",\"url\":\"https:\\\/\\\/mlm-explorer.com\\\/\",\"name\":\"\",\"description\":\"\",\"potentialAction\":[{\"@type\":\"SearchAction\",\"target\":{\"@type\":\"EntryPoint\",\"urlTemplate\":\"https:\\\/\\\/mlm-explorer.com\\\/?s={search_term_string}\"},\"query-input\":{\"@type\":\"PropertyValueSpecification\",\"valueRequired\":true,\"valueName\":\"search_term_string\"}}],\"inLanguage\":\"tr\"}]}<\/script>\n<!-- \/ Yoast SEO Premium plugin. -->","yoast_head_json":{"title":"Terms of Use","robots":{"index":"index","follow":"follow","max-snippet":"max-snippet:-1","max-image-preview":"max-image-preview:large","max-video-preview":"max-video-preview:-1"},"canonical":"https:\/\/mlm-explorer.com\/tr\/kullanim-sartlari\/","og_locale":"tr_TR","og_type":"article","og_title":"Terms of Use","og_description":"Who we are Suggested text: Our website address is: https:\/\/mlm-explorer.com. Comments Suggested text: When visitors leave comments on the site [&hellip;]","og_url":"https:\/\/mlm-explorer.com\/tr\/kullanim-sartlari\/","article_modified_time":"2025-10-07T00:58:28+00:00","twitter_card":"summary_large_image","twitter_misc":{"Tahmini okuma s\u00fcresi":"4 dakika"},"schema":{"@context":"https:\/\/schema.org","@graph":[{"@type":"WebPage","@id":"https:\/\/mlm-explorer.com\/terms-of-use\/","url":"https:\/\/mlm-explorer.com\/terms-of-use\/","name":"Terms of Use","isPartOf":{"@id":"https:\/\/mlm-explorer.com\/#website"},"datePublished":"2025-10-07T00:56:46+00:00","dateModified":"2025-10-07T00:58:28+00:00","breadcrumb":{"@id":"https:\/\/mlm-explorer.com\/terms-of-use\/#breadcrumb"},"inLanguage":"tr","potentialAction":[{"@type":"ReadAction","target":["https:\/\/mlm-explorer.com\/terms-of-use\/"]}]},{"@type":"BreadcrumbList","@id":"https:\/\/mlm-explorer.com\/terms-of-use\/#breadcrumb","itemListElement":[{"@type":"ListItem","position":1,"name":"Home","item":"https:\/\/mlm-explorer.com\/"},{"@type":"ListItem","position":2,"name":"Terms of Use"}]},{"@type":"WebSite","@id":"https:\/\/mlm-explorer.com\/#website","url":"https:\/\/mlm-explorer.com\/","name":"","description":"","potentialAction":[{"@type":"SearchAction","target":{"@type":"EntryPoint","urlTemplate":"https:\/\/mlm-explorer.com\/?s={search_term_string}"},"query-input":{"@type":"PropertyValueSpecification","valueRequired":true,"valueName":"search_term_string"}}],"inLanguage":"tr"}]}},"_links":{"self":[{"href":"https:\/\/mlm-explorer.com\/tr\/wp-json\/wp\/v2\/pages\/326","targetHints":{"allow":["GET"]}}],"collection":[{"href":"https:\/\/mlm-explorer.com\/tr\/wp-json\/wp\/v2\/pages"}],"about":[{"href":"https:\/\/mlm-explorer.com\/tr\/wp-json\/wp\/v2\/types\/page"}],"author":[{"embeddable":true,"href":"https:\/\/mlm-explorer.com\/tr\/wp-json\/wp\/v2\/users\/1"}],"replies":[{"embeddable":true,"href":"https:\/\/mlm-explorer.com\/tr\/wp-json\/wp\/v2\/comments?post=326"}],"version-history":[{"count":3,"href":"https:\/\/mlm-explorer.com\/tr\/wp-json\/wp\/v2\/pages\/326\/revisions"}],"predecessor-version":[{"id":329,"href":"https:\/\/mlm-explorer.com\/tr\/wp-json\/wp\/v2\/pages\/326\/revisions\/329"}],"wp:attachment":[{"href":"https:\/\/mlm-explorer.com\/tr\/wp-json\/wp\/v2\/media?parent=326"}],"curies":[{"name":"wp","href":"https:\/\/api.w.org\/{rel}","templated":true}]}}