{"id":3,"date":"2025-10-05T02:18:41","date_gmt":"2025-10-05T02:18:41","guid":{"rendered":"https:\/\/mlm-explorer.com\/?page_id=3"},"modified":"2025-10-06T21:45:54","modified_gmt":"2025-10-07T00:45:54","slug":"privacy-policy","status":"publish","type":"page","link":"https:\/\/mlm-explorer.com\/tr\/gizlilik-politikasi\/","title":{"rendered":"Gizlilik Politikas\u0131"},"content":{"rendered":"<style><\/style>\t\t<div data-elementor-type=\"wp-page\" data-elementor-id=\"3\" class=\"elementor elementor-3\">\n\t\t\t\t\t\t<section class=\"elementor-section elementor-top-section elementor-element elementor-element-24f1ca2e elementor-section-boxed elementor-section-height-default elementor-section-height-default\" data-id=\"24f1ca2e\" data-element_type=\"section\" data-e-type=\"section\">\n\t\t\t\t\t\t<div class=\"elementor-container elementor-column-gap-default\">\n\t\t\t\t\t<div class=\"elementor-column elementor-col-100 elementor-top-column elementor-element elementor-element-5a86b10e\" data-id=\"5a86b10e\" data-element_type=\"column\" data-e-type=\"column\">\n\t\t\t<div class=\"elementor-widget-wrap elementor-element-populated\">\n\t\t\t\t\t\t<div class=\"elementor-element elementor-element-703184bd elementor-widget elementor-widget-text-editor\" data-id=\"703184bd\" data-element_type=\"widget\" data-e-type=\"widget\" data-widget_type=\"text-editor.default\">\n\t\t\t\t<div class=\"elementor-widget-container\">\n\t\t\t\t\t\t\t\t\t\n<h1 class=\"wp-block-heading\" data-start=\"311\" data-end=\"331\"><span style=\"font-size: 18pt;\"><strong data-start=\"313\" data-end=\"331\">Gizlilik Politikas\u0131<\/strong><\/span><\/h1>\n<p data-start=\"333\" data-end=\"519\"><strong data-start=\"333\" data-end=\"352\">Y\u00fcr\u00fcrl\u00fck Tarihi:<\/strong> 6 Ekim 2025<br data-start=\"368\" data-end=\"371\" \/><strong data-start=\"371\" data-end=\"383\">Web sitesi:<\/strong> <a class=\"decorated-link\" href=\"https:\/\/mlm-explorer.com\/tr\/\" target=\"_new\" rel=\"noopener\" data-start=\"384\" data-end=\"436\">https:\/\/mlm-explorer.com<\/a><br data-start=\"436\" data-end=\"439\" \/><strong data-start=\"439\" data-end=\"451\">Temas etmek:<\/strong> <a class=\"decorated-link cursor-pointer\" rel=\"noopener\" data-start=\"452\" data-end=\"519\">mlmexplorer.global@gmail.com<\/a><\/p>\n<hr data-start=\"521\" data-end=\"524\" \/>\n<h2 data-start=\"526\" data-end=\"544\"><span style=\"font-size: 18pt;\">1. Giri\u015f<\/span><\/h2>\n<p data-start=\"546\" data-end=\"912\">Ho\u015f geldiniz <strong data-start=\"557\" data-end=\"573\">MLM Explorer<\/strong>.<br data-start=\"574\" data-end=\"577\" \/>Gizlili\u011finiz bizim i\u00e7in \u00f6nemlidir. Bu Gizlilik Politikas\u0131, web sitemizi ziyaret etti\u011finizde bilgileri nas\u0131l i\u015fledi\u011fimizi, \u00e7erezlerin ve analizlerin nas\u0131l kullan\u0131ld\u0131\u011f\u0131n\u0131 ve y\u00fcr\u00fcrl\u00fckteki veri koruma yasalar\u0131 kapsam\u0131ndaki haklar\u0131n\u0131z\u0131 (bunlara a\u015fa\u011f\u0131dakiler de dahildir) a\u00e7\u0131klamaktad\u0131r: <strong data-start=\"798\" data-end=\"843\">Genel Veri Koruma Y\u00f6netmeli\u011fi (GDPR)<\/strong>, <strong data-start=\"845\" data-end=\"863\">Brezilya LGPD<\/strong>, Ve <strong data-start=\"869\" data-end=\"911\">Kaliforniya T\u00fcketici Gizlili\u011fi Yasas\u0131 (CCPA)<\/strong>.<\/p>\n<p data-start=\"914\" data-end=\"970\">Bu web sitesini kullanarak bu Gizlilik Politikas\u0131n\u0131 kabul etmi\u015f olursunuz.<\/p>\n<hr data-start=\"972\" data-end=\"975\" \/>\n<h2 data-start=\"977\" data-end=\"1012\"><span style=\"font-size: 18pt;\">2. Toplamad\u0131\u011f\u0131m\u0131z Bilgiler<\/span><\/h2>\n<p data-start=\"1014\" data-end=\"1223\">MLM Explorer yapar <strong data-start=\"1032\" data-end=\"1072\">hi\u00e7bir ki\u015fisel bilgi toplamaz<\/strong> do\u011frudan kullan\u0131c\u0131lardan.<br data-start=\"1093\" data-end=\"1096\" \/>Formlar, abonelikler veya kullan\u0131c\u0131 kay\u0131tlar\u0131 arac\u0131l\u0131\u011f\u0131yla ad\u0131n\u0131z\u0131, e-postan\u0131z\u0131, telefon numaran\u0131z\u0131 veya herhangi bir tan\u0131mlanabilir veriyi talep etmiyoruz.<\/p>\n<p data-start=\"1225\" data-end=\"1332\">\u0130\u015flenebilecek tek veri \u015fudur: <strong data-start=\"1264\" data-end=\"1311\">ki\u015fisel olmayan, toplu veya anonim veriler<\/strong>A\u015fa\u011f\u0131da a\u00e7\u0131kland\u0131\u011f\u0131 gibi.<\/p>\n<hr data-start=\"1334\" data-end=\"1337\" \/>\n<h2 data-start=\"1339\" data-end=\"1366\"><span style=\"font-size: 18pt;\">3. \u00c7erezler ve Analizler<\/span><\/h2>\n<p data-start=\"1368\" data-end=\"1509\">Web sitemiz \u015funlar\u0131 kullan\u0131r: <strong data-start=\"1385\" data-end=\"1405\">Google Analytics<\/strong> Ve <strong data-start=\"1410\" data-end=\"1453\">Google Search Console (Web Y\u00f6neticisi Ara\u00e7lar\u0131)<\/strong> Ziyaret\u00e7i davran\u0131\u015flar\u0131n\u0131 anlamak ve performans\u0131 iyile\u015ftirmek.<\/p>\n<p data-start=\"1511\" data-end=\"1549\">Bu ara\u00e7lar otomatik olarak \u015funlar\u0131 toplayabilir:<\/p>\n<ul data-start=\"1550\" data-end=\"1734\">\n<li data-start=\"1550\" data-end=\"1578\">\n<p data-start=\"1552\" data-end=\"1578\">Taray\u0131c\u0131 t\u00fcr\u00fc ve s\u00fcr\u00fcm\u00fc<\/p>\n<\/li>\n<li data-start=\"1579\" data-end=\"1615\">\n<p data-start=\"1581\" data-end=\"1615\">Cihaz t\u00fcr\u00fc ve i\u015fletim sistemi<\/p>\n<\/li>\n<li data-start=\"1616\" data-end=\"1643\">\n<p data-start=\"1618\" data-end=\"1643\">IP adresi (anonimle\u015ftirilmi\u015f)<\/p>\n<\/li>\n<li data-start=\"1644\" data-end=\"1691\">\n<p data-start=\"1646\" data-end=\"1691\">Ziyaret edilen sayfalar, s\u00fcre ve t\u0131klama davran\u0131\u015f\u0131<\/p>\n<\/li>\n<li data-start=\"1692\" data-end=\"1734\">\n<p data-start=\"1694\" data-end=\"1734\">Y\u00f6nlendirme kayna\u011f\u0131 (sitemizi nas\u0131l buldunuz)<\/p>\n<\/li>\n<\/ul>\n<p data-start=\"1736\" data-end=\"1936\">Bu bilgiler yaln\u0131zca \u015fu ama\u00e7lar i\u00e7in kullan\u0131l\u0131r: <strong data-start=\"1770\" data-end=\"1809\">istatistiksel ve analitik ama\u00e7lar<\/strong> ve sizi ki\u015fisel olarak tan\u0131mlamaz.<br data-start=\"1847\" data-end=\"1850\" \/>Bu verileri payla\u015fmak istemiyorsan\u0131z taray\u0131c\u0131n\u0131z\u0131n ayarlar\u0131ndan \u00e7erezleri devre d\u0131\u015f\u0131 b\u0131rakabilirsiniz.<\/p>\n<hr data-start=\"1938\" data-end=\"1941\" \/>\n<h2 data-start=\"1943\" data-end=\"1963\"><span style=\"font-size: 18pt;\">4. D\u0131\u015f Ba\u011flant\u0131lar<\/span><\/h2>\n<p data-start=\"1965\" data-end=\"2262\">MLM Explorer, \u015firket kayd\u0131 veya ortakl\u0131k ba\u011flant\u0131lar\u0131 dahil olmak \u00fczere \u00fc\u00e7\u00fcnc\u00fc taraf web sitelerine ba\u011flant\u0131lar i\u00e7erebilir.<br data-start=\"2072\" data-end=\"2075\" \/>Biz <strong data-start=\"2082\" data-end=\"2101\">sorumlu de\u011fil<\/strong> Bu harici sitelerin i\u00e7eri\u011fi, gizlilik uygulamalar\u0131 veya politikalar\u0131 i\u00e7in.<br data-start=\"2174\" data-end=\"2177\" \/>Herhangi bir bilgi vermeden \u00f6nce gizlilik politikalar\u0131n\u0131 incelemenizi \u00f6neririz.<\/p>\n<hr data-start=\"2264\" data-end=\"2267\" \/>\n<h2 data-start=\"2269\" data-end=\"2287\"><span style=\"font-size: 18pt;\">5. Veri Payla\u015f\u0131m\u0131<\/span><\/h2>\n<p data-start=\"2289\" data-end=\"2513\">Biz yap\u0131yoruz <strong data-start=\"2295\" data-end=\"2324\">satmay\u0131n, takas etmeyin veya payla\u015fmay\u0131n<\/strong> Kullan\u0131c\u0131 verilerini \u00fc\u00e7\u00fcnc\u00fc ki\u015filerle payla\u015fmay\u0131z.<br data-start=\"2354\" data-end=\"2357\" \/>Google ara\u00e7lar\u0131 arac\u0131l\u0131\u011f\u0131yla toplanan analitik veriler a\u015fa\u011f\u0131dakilere g\u00f6re i\u015flenir: <strong data-start=\"2426\" data-end=\"2453\">Google&#039;\u0131n Gizlilik Politikas\u0131<\/strong> ve farkl\u0131 \u00fclkelerdeki Google sunucular\u0131nda saklanabilir.<\/p>\n<hr data-start=\"2515\" data-end=\"2518\" \/>\n<h2 data-start=\"2520\" data-end=\"2540\"><span style=\"font-size: 18pt;\">6. Veri Saklama<\/span><\/h2>\n<p data-start=\"2542\" data-end=\"2748\">Hi\u00e7bir ki\u015fisel bilgi toplanmad\u0131\u011f\u0131ndan, <strong data-start=\"2586\" data-end=\"2616\">hi\u00e7bir ki\u015fisel veri saklanmaz<\/strong> sunucular\u0131m\u0131zda.<br data-start=\"2632\" data-end=\"2635\" \/>Anonim analiz verileri yaln\u0131zca Google Analytics taraf\u0131ndan belirlenen s\u0131n\u0131rlar dahilinde, genellikle <strong data-start=\"2734\" data-end=\"2747\">14 ay<\/strong>.<\/p>\n<hr data-start=\"2750\" data-end=\"2753\" \/>\n<h2 data-start=\"2755\" data-end=\"2772\"><span style=\"font-size: 18pt;\">7. Haklar\u0131n\u0131z<\/span><\/h2>\n<p data-start=\"2774\" data-end=\"2949\">MLM Explorer ki\u015fisel verileri toplamasa da, a\u015fa\u011f\u0131daki gibi yarg\u0131 b\u00f6lgelerindeki kullan\u0131c\u0131lar: <strong data-start=\"2866\" data-end=\"2884\">Avrupa Birli\u011fi<\/strong> veya <strong data-start=\"2888\" data-end=\"2898\">Brezilya<\/strong> Veri koruma yasalar\u0131 kapsam\u0131nda a\u015fa\u011f\u0131dakiler de dahil olmak \u00fczere haklara sahipsiniz:<\/p>\n<ul data-start=\"2950\" data-end=\"3094\">\n<li data-start=\"2950\" data-end=\"3012\">\n<p data-start=\"2952\" data-end=\"3012\">Verilere eri\u015fim, d\u00fczeltme veya silme hakk\u0131 (toplanm\u0131\u015fsa);<\/p>\n<\/li>\n<li data-start=\"3013\" data-end=\"3061\">\n<p data-start=\"3015\" data-end=\"3061\">\u0130\u015flemeyi s\u0131n\u0131rlama veya i\u015fleme itiraz etme hakk\u0131;<\/p>\n<\/li>\n<li data-start=\"3062\" data-end=\"3094\">\n<p data-start=\"3064\" data-end=\"3094\">Veri ta\u015f\u0131nabilirli\u011fi hakk\u0131.<\/p>\n<\/li>\n<\/ul>\n<p data-start=\"3096\" data-end=\"3237\">Gizlilikle ilgili herhangi bir sorunuz varsa l\u00fctfen bizimle ileti\u015fime ge\u00e7in<br data-start=\"3159\" data-end=\"3162\" \/>\ud83d\udce7 <strong data-start=\"3165\" data-end=\"3236\"><a class=\"decorated-link cursor-pointer\" rel=\"noopener\" data-start=\"3167\" data-end=\"3234\">mlmexplorer.global@gmail.com<\/a><\/strong>.<\/p>\n<hr data-start=\"3239\" data-end=\"3242\" \/>\n<h2 data-start=\"3244\" data-end=\"3263\"><span style=\"font-size: 18pt;\">8. Veri G\u00fcvenli\u011fi<\/span><\/h2>\n<p data-start=\"3265\" data-end=\"3500\">Sitemiz \u00fczerinden iletilen t\u00fcm bilgilerin korunmas\u0131n\u0131 sa\u011flamak i\u00e7in g\u00fcvenli protokoller (HTTPS) ve g\u00fcvenilir bar\u0131nd\u0131rma sa\u011flay\u0131c\u0131lar\u0131 kullan\u0131yoruz.<br data-start=\"3400\" data-end=\"3403\" \/>Hi\u00e7bir sistem 0% g\u00fcvenli olamaz ancak sekt\u00f6r standard\u0131 g\u00fcvenlik \u00f6nlemlerini korumak i\u00e7in s\u00fcrekli \u00e7al\u0131\u015f\u0131yoruz.<\/p>\n<hr data-start=\"3502\" data-end=\"3505\" \/>\n<h2 data-start=\"3507\" data-end=\"3535\"><span style=\"font-size: 18pt;\">9. Bu Politikadaki De\u011fi\u015fiklikler<\/span><\/h2>\n<p data-start=\"3537\" data-end=\"3770\">MLM Explorer bu Gizlilik Politikas\u0131n\u0131 herhangi bir zamanda g\u00fcncelleyebilir.<br data-start=\"3593\" data-end=\"3596\" \/>En son s\u00fcr\u00fcm her zaman bu sayfada yer alacak ve y\u00fcr\u00fcrl\u00fck tarihi en \u00fcstte g\u00f6sterilecektir.<br data-start=\"3695\" data-end=\"3698\" \/>Ziyaret\u00e7ilerimizin bilgi sahibi olmalar\u0131 i\u00e7in bu sayfay\u0131 d\u00fczenli olarak incelemelerini \u00f6neriyoruz.<\/p>\n<hr data-start=\"3772\" data-end=\"3775\" \/>\n<h2 data-start=\"3777\" data-end=\"3803\"><span style=\"font-size: 18pt;\">10. \u0130leti\u015fim Bilgileri<\/span><\/h2>\n<p data-start=\"3805\" data-end=\"3913\">Bu Gizlilik Politikas\u0131 veya veri uygulamalar\u0131m\u0131z hakk\u0131nda herhangi bir sorunuz veya endi\u015feniz varsa l\u00fctfen bizimle \u015fu adresten ileti\u015fime ge\u00e7in:<\/p>\n<p data-start=\"3915\" data-end=\"4062\"><strong data-start=\"3915\" data-end=\"3931\">MLM Explorer<\/strong><br data-start=\"3931\" data-end=\"3934\" \/>\ud83c\udf10 <a class=\"decorated-link\" href=\"https:\/\/mlm-explorer.com\/tr\/\" target=\"_new\" rel=\"noopener\" data-start=\"3937\" data-end=\"3989\">https:\/\/mlm-explorer.com<\/a><br data-start=\"3989\" data-end=\"3992\" \/>\ud83d\udce7 <a class=\"decorated-link cursor-pointer\" rel=\"noopener\" data-start=\"3995\" data-end=\"4062\">mlmexplorer.global@gmail.com<\/a><\/p>\t\t\t\t\t\t\t\t<\/div>\n\t\t\t\t<\/div>\n\t\t\t\t\t<\/div>\n\t\t<\/div>\n\t\t\t\t\t<\/div>\n\t\t<\/section>\n\t\t\t\t<\/div>","protected":false},"excerpt":{"rendered":"<p>Who we are Suggested text: Our website address is: https:\/\/mlm-explorer.com. Comments Suggested text: When visitors leave comments on the site [&hellip;]<\/p>","protected":false},"author":1,"featured_media":0,"parent":0,"menu_order":0,"comment_status":"closed","ping_status":"open","template":"","meta":{"site-sidebar-layout":"default","site-content-layout":"","ast-site-content-layout":"default","site-content-style":"default","site-sidebar-style":"default","ast-global-header-display":"","ast-banner-title-visibility":"","ast-main-header-display":"","ast-hfb-above-header-display":"","ast-hfb-below-header-display":"","ast-hfb-mobile-header-display":"","site-post-title":"","ast-breadcrumbs-content":"","ast-featured-img":"","footer-sml-layout":"","theme-transparent-header-meta":"","adv-header-id-meta":"","stick-header-meta":"","header-above-stick-meta":"","header-main-stick-meta":"","header-below-stick-meta":"","astra-migrate-meta-layouts":"default","ast-page-background-enabled":"default","ast-page-background-meta":{"desktop":{"background-color":"var(--ast-global-color-5)","background-image":"","background-repeat":"repeat","background-position":"center center","background-size":"auto","background-attachment":"scroll","background-type":"","background-media":"","overlay-type":"","overlay-color":"","overlay-opacity":"","overlay-gradient":""},"tablet":{"background-color":"","background-image":"","background-repeat":"repeat","background-position":"center center","background-size":"auto","background-attachment":"scroll","background-type":"","background-media":"","overlay-type":"","overlay-color":"","overlay-opacity":"","overlay-gradient":""},"mobile":{"background-color":"","background-image":"","background-repeat":"repeat","background-position":"center center","background-size":"auto","background-attachment":"scroll","background-type":"","background-media":"","overlay-type":"","overlay-color":"","overlay-opacity":"","overlay-gradient":""}},"ast-content-background-meta":{"desktop":{"background-color":"var(--ast-global-color-4)","background-image":"","background-repeat":"repeat","background-position":"center center","background-size":"auto","background-attachment":"scroll","background-type":"","background-media":"","overlay-type":"","overlay-color":"","overlay-opacity":"","overlay-gradient":""},"tablet":{"background-color":"var(--ast-global-color-4)","background-image":"","background-repeat":"repeat","background-position":"center center","background-size":"auto","background-attachment":"scroll","background-type":"","background-media":"","overlay-type":"","overlay-color":"","overlay-opacity":"","overlay-gradient":""},"mobile":{"background-color":"var(--ast-global-color-4)","background-image":"","background-repeat":"repeat","background-position":"center center","background-size":"auto","background-attachment":"scroll","background-type":"","background-media":"","overlay-type":"","overlay-color":"","overlay-opacity":"","overlay-gradient":""}},"footnotes":""},"class_list":["post-3","page","type-page","status-publish","hentry"],"yoast_head":"<!-- This site is optimized with the Yoast SEO Premium plugin v26.3 (Yoast SEO v27.3) - https:\/\/yoast.com\/product\/yoast-seo-premium-wordpress\/ -->\n<title>Privacy Policy -<\/title>\n<meta name=\"robots\" content=\"index, follow, max-snippet:-1, max-image-preview:large, max-video-preview:-1\" \/>\n<link rel=\"canonical\" href=\"https:\/\/mlm-explorer.com\/tr\/gizlilik-politikasi\/\" \/>\n<meta property=\"og:locale\" content=\"tr_TR\" \/>\n<meta property=\"og:type\" content=\"article\" \/>\n<meta property=\"og:title\" content=\"Privacy Policy\" \/>\n<meta property=\"og:description\" content=\"Who we are Suggested text: Our website address is: https:\/\/mlm-explorer.com. Comments Suggested text: When visitors leave comments on the site [&hellip;]\" \/>\n<meta property=\"og:url\" content=\"https:\/\/mlm-explorer.com\/tr\/gizlilik-politikasi\/\" \/>\n<meta property=\"article:modified_time\" content=\"2025-10-07T00:45:54+00:00\" \/>\n<meta name=\"twitter:card\" content=\"summary_large_image\" \/>\n<meta name=\"twitter:label1\" content=\"Tahmini okuma s\u00fcresi\" \/>\n\t<meta name=\"twitter:data1\" content=\"3 dakika\" \/>\n<script type=\"application\/ld+json\" class=\"yoast-schema-graph\">{\"@context\":\"https:\\\/\\\/schema.org\",\"@graph\":[{\"@type\":\"WebPage\",\"@id\":\"https:\\\/\\\/mlm-explorer.com\\\/privacy-policy\\\/\",\"url\":\"https:\\\/\\\/mlm-explorer.com\\\/privacy-policy\\\/\",\"name\":\"Privacy Policy -\",\"isPartOf\":{\"@id\":\"https:\\\/\\\/mlm-explorer.com\\\/#website\"},\"datePublished\":\"2025-10-05T02:18:41+00:00\",\"dateModified\":\"2025-10-07T00:45:54+00:00\",\"breadcrumb\":{\"@id\":\"https:\\\/\\\/mlm-explorer.com\\\/privacy-policy\\\/#breadcrumb\"},\"inLanguage\":\"tr\",\"potentialAction\":[{\"@type\":\"ReadAction\",\"target\":[\"https:\\\/\\\/mlm-explorer.com\\\/privacy-policy\\\/\"]}]},{\"@type\":\"BreadcrumbList\",\"@id\":\"https:\\\/\\\/mlm-explorer.com\\\/privacy-policy\\\/#breadcrumb\",\"itemListElement\":[{\"@type\":\"ListItem\",\"position\":1,\"name\":\"Home\",\"item\":\"https:\\\/\\\/mlm-explorer.com\\\/\"},{\"@type\":\"ListItem\",\"position\":2,\"name\":\"Privacy Policy\"}]},{\"@type\":\"WebSite\",\"@id\":\"https:\\\/\\\/mlm-explorer.com\\\/#website\",\"url\":\"https:\\\/\\\/mlm-explorer.com\\\/\",\"name\":\"\",\"description\":\"\",\"potentialAction\":[{\"@type\":\"SearchAction\",\"target\":{\"@type\":\"EntryPoint\",\"urlTemplate\":\"https:\\\/\\\/mlm-explorer.com\\\/?s={search_term_string}\"},\"query-input\":{\"@type\":\"PropertyValueSpecification\",\"valueRequired\":true,\"valueName\":\"search_term_string\"}}],\"inLanguage\":\"tr\"}]}<\/script>\n<!-- \/ Yoast SEO Premium plugin. -->","yoast_head_json":{"title":"Privacy Policy -","robots":{"index":"index","follow":"follow","max-snippet":"max-snippet:-1","max-image-preview":"max-image-preview:large","max-video-preview":"max-video-preview:-1"},"canonical":"https:\/\/mlm-explorer.com\/tr\/gizlilik-politikasi\/","og_locale":"tr_TR","og_type":"article","og_title":"Privacy Policy","og_description":"Who we are Suggested text: Our website address is: https:\/\/mlm-explorer.com. Comments Suggested text: When visitors leave comments on the site [&hellip;]","og_url":"https:\/\/mlm-explorer.com\/tr\/gizlilik-politikasi\/","article_modified_time":"2025-10-07T00:45:54+00:00","twitter_card":"summary_large_image","twitter_misc":{"Tahmini okuma s\u00fcresi":"3 dakika"},"schema":{"@context":"https:\/\/schema.org","@graph":[{"@type":"WebPage","@id":"https:\/\/mlm-explorer.com\/privacy-policy\/","url":"https:\/\/mlm-explorer.com\/privacy-policy\/","name":"Privacy Policy -","isPartOf":{"@id":"https:\/\/mlm-explorer.com\/#website"},"datePublished":"2025-10-05T02:18:41+00:00","dateModified":"2025-10-07T00:45:54+00:00","breadcrumb":{"@id":"https:\/\/mlm-explorer.com\/privacy-policy\/#breadcrumb"},"inLanguage":"tr","potentialAction":[{"@type":"ReadAction","target":["https:\/\/mlm-explorer.com\/privacy-policy\/"]}]},{"@type":"BreadcrumbList","@id":"https:\/\/mlm-explorer.com\/privacy-policy\/#breadcrumb","itemListElement":[{"@type":"ListItem","position":1,"name":"Home","item":"https:\/\/mlm-explorer.com\/"},{"@type":"ListItem","position":2,"name":"Privacy Policy"}]},{"@type":"WebSite","@id":"https:\/\/mlm-explorer.com\/#website","url":"https:\/\/mlm-explorer.com\/","name":"","description":"","potentialAction":[{"@type":"SearchAction","target":{"@type":"EntryPoint","urlTemplate":"https:\/\/mlm-explorer.com\/?s={search_term_string}"},"query-input":{"@type":"PropertyValueSpecification","valueRequired":true,"valueName":"search_term_string"}}],"inLanguage":"tr"}]}},"_links":{"self":[{"href":"https:\/\/mlm-explorer.com\/tr\/wp-json\/wp\/v2\/pages\/3","targetHints":{"allow":["GET"]}}],"collection":[{"href":"https:\/\/mlm-explorer.com\/tr\/wp-json\/wp\/v2\/pages"}],"about":[{"href":"https:\/\/mlm-explorer.com\/tr\/wp-json\/wp\/v2\/types\/page"}],"author":[{"embeddable":true,"href":"https:\/\/mlm-explorer.com\/tr\/wp-json\/wp\/v2\/users\/1"}],"replies":[{"embeddable":true,"href":"https:\/\/mlm-explorer.com\/tr\/wp-json\/wp\/v2\/comments?post=3"}],"version-history":[{"count":5,"href":"https:\/\/mlm-explorer.com\/tr\/wp-json\/wp\/v2\/pages\/3\/revisions"}],"predecessor-version":[{"id":319,"href":"https:\/\/mlm-explorer.com\/tr\/wp-json\/wp\/v2\/pages\/3\/revisions\/319"}],"wp:attachment":[{"href":"https:\/\/mlm-explorer.com\/tr\/wp-json\/wp\/v2\/media?parent=3"}],"curies":[{"name":"wp","href":"https:\/\/api.w.org\/{rel}","templated":true}]}}