{"id":336,"date":"2025-10-06T22:49:55","date_gmt":"2025-10-07T01:49:55","guid":{"rendered":"https:\/\/mlm-explorer.com\/?page_id=336"},"modified":"2025-10-09T23:41:02","modified_gmt":"2025-10-10T02:41:02","slug":"cookie-policy","status":"publish","type":"page","link":"https:\/\/mlm-explorer.com\/ro\/politica-privind-cookie-urile\/","title":{"rendered":"Politica privind cookie-urile"},"content":{"rendered":"<style><\/style>\t\t<div data-elementor-type=\"wp-page\" data-elementor-id=\"336\" class=\"elementor elementor-336\">\n\t\t\t\t\t\t<section class=\"elementor-section elementor-top-section elementor-element elementor-element-24f1ca2e elementor-section-boxed elementor-section-height-default elementor-section-height-default\" data-id=\"24f1ca2e\" data-element_type=\"section\" data-e-type=\"section\">\n\t\t\t\t\t\t<div class=\"elementor-container elementor-column-gap-default\">\n\t\t\t\t\t<div class=\"elementor-column elementor-col-100 elementor-top-column elementor-element elementor-element-5a86b10e\" data-id=\"5a86b10e\" data-element_type=\"column\" data-e-type=\"column\">\n\t\t\t<div class=\"elementor-widget-wrap elementor-element-populated\">\n\t\t\t\t\t\t<div class=\"elementor-element elementor-element-703184bd elementor-widget elementor-widget-text-editor\" data-id=\"703184bd\" data-element_type=\"widget\" data-e-type=\"widget\" data-widget_type=\"text-editor.default\">\n\t\t\t\t<div class=\"elementor-widget-container\">\n\t\t\t\t\t\t\t\t\t<h1 data-start=\"299\" data-end=\"318\"><span style=\"font-size: 18pt;\"><strong data-start=\"301\" data-end=\"318\">Politica privind cookie-urile<\/strong><\/span><\/h1>\n<p data-start=\"320\" data-end=\"506\"><strong data-start=\"320\" data-end=\"339\">Data intr\u0103rii \u00een vigoare:<\/strong> 6 octombrie 2025<br data-start=\"355\" data-end=\"358\" \/><strong data-start=\"358\" data-end=\"370\">Site web:<\/strong> <a class=\"decorated-link\" href=\"https:\/\/mlm-explorer.com\/ro\/\" target=\"_new\" rel=\"noopener\" data-start=\"371\" data-end=\"423\">https:\/\/mlm-explorer.com<\/a><br data-start=\"423\" data-end=\"426\" \/><strong data-start=\"426\" data-end=\"438\">Contact:<\/strong> <a class=\"decorated-link cursor-pointer\" rel=\"noopener\" data-start=\"439\" data-end=\"506\">mlmexplorer.global@gmail.com<\/a><\/p>\n<hr data-start=\"508\" data-end=\"511\" \/>\n<h2 data-start=\"513\" data-end=\"531\"><span style=\"font-size: 18pt;\">1. Introducere<\/span><\/h2>\n<p data-start=\"533\" data-end=\"729\">Acest <strong data-start=\"538\" data-end=\"555\">Politica privind cookie-urile<\/strong> explic\u0103 cum <strong data-start=\"569\" data-end=\"585\">MLM Explorer<\/strong> utilizeaz\u0103 cookie-uri \u0219i tehnologii similare pe site-ul nostru web.<br data-start=\"639\" data-end=\"642\" \/>Prin continuarea navig\u0103rii pe acest site, sunte\u021bi de acord cu utilizarea cookie-urilor a\u0219a cum este descris aici.<\/p>\n<p data-start=\"731\" data-end=\"871\">Folosim cookie-uri pentru a \u00eembun\u0103t\u0103\u021bi func\u021bionalitatea, a analiza traficul \u0219i a \u00eembun\u0103t\u0103\u021bi experien\u021ba dvs. de navigare \u2014 respect\u00e2nd \u00een acela\u0219i timp confiden\u021bialitatea dvs.<\/p>\n<hr data-start=\"873\" data-end=\"876\" \/>\n<h2 data-start=\"878\" data-end=\"901\"><span style=\"font-size: 18pt;\">2. Ce sunt cookie-urile?<\/span><\/h2>\n<p data-start=\"903\" data-end=\"1116\">Cookie-urile sunt fi\u0219iere text de mici dimensiuni care sunt stocate pe dispozitivul dvs. atunci c\u00e2nd vizita\u021bi un site web.<br data-start=\"979\" data-end=\"982\" \/>Acestea permit site-ului s\u0103 recunoasc\u0103 browserul dvs., s\u0103-\u0219i aminteasc\u0103 preferin\u021bele dvs. \u0219i s\u0103 colecteze informa\u021bii non-personale pentru a \u00eembun\u0103t\u0103\u021bi performan\u021ba.<\/p>\n<p data-start=\"1118\" data-end=\"1133\">Cookie-urile pot fi:<\/p>\n<ul data-start=\"1134\" data-end=\"1296\">\n<li data-start=\"1134\" data-end=\"1211\">\n<p data-start=\"1136\" data-end=\"1211\"><strong data-start=\"1136\" data-end=\"1156\">Cookie-uri de sesiune:<\/strong> fi\u0219ierele temporare sunt \u0219terse c\u00e2nd \u00eenchide\u021bi browserul.<\/p>\n<\/li>\n<li data-start=\"1212\" data-end=\"1296\">\n<p data-start=\"1214\" data-end=\"1296\"><strong data-start=\"1214\" data-end=\"1237\">Cookie-uri persistente:<\/strong> stocate pe dispozitiv p\u00e2n\u0103 la \u0219tergerea manual\u0103 sau expirarea acestora.<\/p>\n<\/li>\n<\/ul>\n<hr data-start=\"1298\" data-end=\"1301\" \/>\n<h2 data-start=\"1303\" data-end=\"1327\"><span style=\"font-size: 18pt;\">3. Cum utiliz\u0103m modulele cookie<\/span><\/h2>\n<p data-start=\"1329\" data-end=\"1386\"><strong data-start=\"1329\" data-end=\"1345\">MLM Explorer<\/strong> utilizeaz\u0103 cookie-uri \u00een urm\u0103toarele scopuri:<\/p>\n<h3 data-start=\"1388\" data-end=\"1424\"><span style=\"font-size: 18pt;\">\ud83d\udd39 <strong data-start=\"1395\" data-end=\"1424\">Analiz\u0103 \u0219i performan\u021b\u0103<\/strong><\/span><\/h3>\n<p data-start=\"1425\" data-end=\"1706\">Folosim <strong data-start=\"1432\" data-end=\"1452\">Google Analytics<\/strong> pentru a colecta date anonime despre modul \u00een care vizitatorii interac\u021bioneaz\u0103 cu site-ul nostru web \u2014 cum ar fi paginile vizualizate, timpul petrecut \u0219i sursele de recomandare.<br data-start=\"1578\" data-end=\"1581\" \/>Acest lucru ne ajut\u0103 s\u0103 \u00eembun\u0103t\u0103\u021bim con\u021binutul \u0219i experien\u021ba utilizatorului.<br data-start=\"1635\" data-end=\"1638\" \/>Toate datele colectate sunt agregate \u0219i nu v\u0103 pot identifica personal.<\/p>\n<h3 data-start=\"1708\" data-end=\"1732\"><span style=\"font-size: 18pt;\">\ud83d\udd39 <strong data-start=\"1715\" data-end=\"1732\">Func\u021bionalitate<\/strong><\/span><\/h3>\n<p data-start=\"1733\" data-end=\"1869\">Cookie-urile pot fi folosite pentru a memora preferin\u021bele utilizatorului (de exemplu, set\u0103rile de limb\u0103 sau op\u021biunile de afi\u0219are) pentru a oferi o experien\u021b\u0103 de navigare mai fluid\u0103.<\/p>\n<h3 data-start=\"1871\" data-end=\"1906\"><span style=\"font-size: 18pt;\">\ud83d\udd39 <strong data-start=\"1878\" data-end=\"1906\">Securitate \u0219i \u00eentre\u021binere<\/strong><\/span><\/h3>\n<p data-start=\"1907\" data-end=\"1974\">Unele cookie-uri ajut\u0103 la asigurarea func\u021bion\u0103rii sigure \u0219i eficiente a site-ului web.<\/p>\n<hr data-start=\"1976\" data-end=\"1979\" \/>\n<h2 data-start=\"1981\" data-end=\"2006\"><span style=\"font-size: 18pt;\">4. Cookie-uri ter\u021be<\/span><\/h2>\n<p data-start=\"2008\" data-end=\"2051\">Este posibil s\u0103 folosim servicii ale unor ter\u021be p\u0103r\u021bi, inclusiv:<\/p>\n<ul data-start=\"2052\" data-end=\"2124\">\n<li data-start=\"2052\" data-end=\"2076\">\n<p data-start=\"2054\" data-end=\"2076\"><strong data-start=\"2054\" data-end=\"2074\">Google Analytics<\/strong><\/p>\n<\/li>\n<li data-start=\"2077\" data-end=\"2124\">\n<p data-start=\"2079\" data-end=\"2124\"><strong data-start=\"2079\" data-end=\"2122\">Google Search Console (Instrumente pentru webmasteri)<\/strong><\/p>\n<\/li>\n<\/ul>\n<p data-start=\"2126\" data-end=\"2246\">Aceste ter\u021be p\u0103r\u021bi \u00ee\u0219i pot seta propriile cookie-uri \u00een conformitate cu politicile lor respective.<br data-start=\"2211\" data-end=\"2214\" \/>Pentru mai multe detalii, v\u0103 rug\u0103m s\u0103 consulta\u021bi:<\/p>\n<ul data-start=\"2247\" data-end=\"2319\">\n<li data-start=\"2247\" data-end=\"2319\">\n<p data-start=\"2249\" data-end=\"2319\"><a class=\"decorated-link cursor-pointer\" target=\"_new\" rel=\"noopener\" data-start=\"2249\" data-end=\"2319\">Politica de confiden\u021bialitate Google Analytics<\/a><\/p>\n<\/li>\n<\/ul>\n<p data-start=\"2321\" data-end=\"2394\"><strong data-start=\"2321\" data-end=\"2337\">MLM Explorer<\/strong> nu controleaz\u0103 \u0219i nu acceseaz\u0103 direct cookie-urile ter\u021belor p\u0103r\u021bi.<\/p>\n<hr data-start=\"2396\" data-end=\"2399\" \/>\n<h2 data-start=\"2401\" data-end=\"2437\"><span style=\"font-size: 18pt;\">5. Gestionarea \u0219i dezactivarea cookie-urilor<\/span><\/h2>\n<p data-start=\"2439\" data-end=\"2626\">Pute\u021bi controla sau dezactiva cookie-urile \u00een orice moment prin set\u0103rile browserului dumneavoastr\u0103.<br data-start=\"2516\" data-end=\"2519\" \/>V\u0103 rug\u0103m s\u0103 re\u021bine\u021bi c\u0103 dezactivarea cookie-urilor poate afecta func\u021bionalitatea sau aspectul anumitor p\u0103r\u021bi ale site-ului nostru web.<\/p>\n<p data-start=\"2628\" data-end=\"2690\">Iat\u0103 linkuri rapide pentru gestionarea cookie-urilor \u00een browserele populare:<\/p>\n<ul data-start=\"2692\" data-end=\"3064\">\n<li data-start=\"2692\" data-end=\"2759\">\n<p data-start=\"2694\" data-end=\"2759\"><a class=\"decorated-link cursor-pointer\" target=\"_new\" rel=\"noopener\" data-start=\"2694\" data-end=\"2757\">Google Chrome<\/a><\/p>\n<\/li>\n<li data-start=\"2760\" data-end=\"2866\">\n<p data-start=\"2762\" data-end=\"2866\"><a class=\"decorated-link cursor-pointer\" target=\"_new\" rel=\"noopener\" data-start=\"2762\" data-end=\"2864\">Mozilla Firefox<\/a><\/p>\n<\/li>\n<li data-start=\"2867\" data-end=\"2965\">\n<p data-start=\"2869\" data-end=\"2965\"><a class=\"decorated-link cursor-pointer\" target=\"_new\" rel=\"noopener\" data-start=\"2869\" data-end=\"2963\">Safari<\/a><\/p>\n<\/li>\n<li data-start=\"2966\" data-end=\"3064\">\n<p data-start=\"2968\" data-end=\"3064\"><a class=\"decorated-link cursor-pointer\" target=\"_new\" rel=\"noopener\" data-start=\"2968\" data-end=\"3064\">Microsoft Edge<\/a><\/p>\n<\/li>\n<\/ul>\n<p data-start=\"3066\" data-end=\"3227\">De asemenea, pute\u021bi utiliza extensii de browser, cum ar fi <a class=\"decorated-link cursor-pointer\" target=\"_new\" rel=\"noopener\" data-start=\"3111\" data-end=\"3184\">Instrumentul de dezabonare Google Analytics<\/a> dac\u0103 prefera\u021bi s\u0103 nu partaja\u021bi date analitice.<\/p>\n<hr data-start=\"3229\" data-end=\"3232\" \/>\n<h2 data-start=\"3234\" data-end=\"3247\"><span style=\"font-size: 18pt;\">6. Consim\u021b\u0103m\u00e2nt<\/span><\/h2>\n<p data-start=\"3249\" data-end=\"3443\">Prin continuarea utiliz\u0103rii <strong data-start=\"3270\" data-end=\"3286\">MLM Explorer<\/strong>, v\u0103 exprima\u021bi consim\u021b\u0103m\u00e2ntul cu privire la utilizarea cookie-urilor \u00een conformitate cu aceast\u0103 politic\u0103.<br data-start=\"3353\" data-end=\"3356\" \/>Dac\u0103 nu sunte\u021bi de acord, pute\u021bi dezactiva cookie-urile din browserul dvs. sau pute\u021bi \u00eenceta s\u0103 utiliza\u021bi site-ul web.<\/p>\n<p data-start=\"3445\" data-end=\"3588\">Pentru utilizatorii din regiunile guvernate de <strong data-start=\"3478\" data-end=\"3486\">RGPD<\/strong> sau legi similare privind confiden\u021bialitatea, consim\u021b\u0103m\u00e2ntul pentru modulele cookie poate fi ob\u021binut printr-un banner vizibil sau o fereastr\u0103 pop-up pentru set\u0103ri.<\/p>\n<hr data-start=\"3590\" data-end=\"3593\" \/>\n<h2 data-start=\"3595\" data-end=\"3630\"><span style=\"font-size: 18pt;\">7. Actualiz\u0103ri ale acestei Politici privind cookie-urile<\/span><\/h2>\n<p data-start=\"3632\" data-end=\"3837\">Este posibil s\u0103 actualiz\u0103m periodic aceast\u0103 Politic\u0103 privind cookie-urile pentru a reflecta modific\u0103rile tehnologice, reglement\u0103rile sau serviciile noastre.<br data-start=\"3741\" data-end=\"3744\" \/>Cea mai recent\u0103 versiune va fi \u00eentotdeauna disponibil\u0103 pe aceast\u0103 pagin\u0103, \u00eempreun\u0103 cu data intr\u0103rii \u00een vigoare.<\/p>\n<hr data-start=\"3839\" data-end=\"3842\" \/>\n<h2 data-start=\"3844\" data-end=\"3869\"><span style=\"font-size: 18pt;\">8. Informa\u021bii de contact<\/span><\/h2>\n<p data-start=\"3871\" data-end=\"3936\">Pentru orice \u00eentreb\u0103ri despre utilizarea cookie-urilor, v\u0103 rug\u0103m s\u0103 ne contacta\u021bi la:<\/p>\n<p data-start=\"3938\" data-end=\"4085\"><strong data-start=\"3938\" data-end=\"3954\">MLM Explorer<\/strong><br data-start=\"3954\" data-end=\"3957\" \/>\ud83c\udf10 <a class=\"decorated-link\" href=\"https:\/\/mlm-explorer.com\/ro\/\" target=\"_new\" rel=\"noopener\" data-start=\"3960\" data-end=\"4012\">https:\/\/mlm-explorer.com<\/a><br data-start=\"4012\" data-end=\"4015\" \/>\ud83d\udce7 <a class=\"decorated-link cursor-pointer\" rel=\"noopener\" data-start=\"4018\" data-end=\"4085\">mlmexplorer.global@gmail.com<\/a><\/p>\t\t\t\t\t\t\t\t<\/div>\n\t\t\t\t<\/div>\n\t\t\t\t\t<\/div>\n\t\t<\/div>\n\t\t\t\t\t<\/div>\n\t\t<\/section>\n\t\t\t\t<\/div>","protected":false},"excerpt":{"rendered":"<p>Who we are Suggested text: Our website address is: https:\/\/mlm-explorer.com. Comments Suggested text: When visitors leave comments on the site [&hellip;]<\/p>","protected":false},"author":1,"featured_media":0,"parent":0,"menu_order":0,"comment_status":"closed","ping_status":"open","template":"","meta":{"site-sidebar-layout":"default","site-content-layout":"","ast-site-content-layout":"default","site-content-style":"default","site-sidebar-style":"default","ast-global-header-display":"","ast-banner-title-visibility":"","ast-main-header-display":"","ast-hfb-above-header-display":"","ast-hfb-below-header-display":"","ast-hfb-mobile-header-display":"","site-post-title":"","ast-breadcrumbs-content":"","ast-featured-img":"","footer-sml-layout":"","theme-transparent-header-meta":"","adv-header-id-meta":"","stick-header-meta":"","header-above-stick-meta":"","header-main-stick-meta":"","header-below-stick-meta":"","astra-migrate-meta-layouts":"default","ast-page-background-enabled":"default","ast-page-background-meta":{"desktop":{"background-color":"var(--ast-global-color-5)","background-image":"","background-repeat":"repeat","background-position":"center center","background-size":"auto","background-attachment":"scroll","background-type":"","background-media":"","overlay-type":"","overlay-color":"","overlay-opacity":"","overlay-gradient":""},"tablet":{"background-color":"","background-image":"","background-repeat":"repeat","background-position":"center center","background-size":"auto","background-attachment":"scroll","background-type":"","background-media":"","overlay-type":"","overlay-color":"","overlay-opacity":"","overlay-gradient":""},"mobile":{"background-color":"","background-image":"","background-repeat":"repeat","background-position":"center center","background-size":"auto","background-attachment":"scroll","background-type":"","background-media":"","overlay-type":"","overlay-color":"","overlay-opacity":"","overlay-gradient":""}},"ast-content-background-meta":{"desktop":{"background-color":"var(--ast-global-color-4)","background-image":"","background-repeat":"repeat","background-position":"center center","background-size":"auto","background-attachment":"scroll","background-type":"","background-media":"","overlay-type":"","overlay-color":"","overlay-opacity":"","overlay-gradient":""},"tablet":{"background-color":"var(--ast-global-color-4)","background-image":"","background-repeat":"repeat","background-position":"center center","background-size":"auto","background-attachment":"scroll","background-type":"","background-media":"","overlay-type":"","overlay-color":"","overlay-opacity":"","overlay-gradient":""},"mobile":{"background-color":"var(--ast-global-color-4)","background-image":"","background-repeat":"repeat","background-position":"center center","background-size":"auto","background-attachment":"scroll","background-type":"","background-media":"","overlay-type":"","overlay-color":"","overlay-opacity":"","overlay-gradient":""}},"footnotes":""},"class_list":["post-336","page","type-page","status-publish","hentry"],"yoast_head":"<!-- This site is optimized with the Yoast SEO Premium plugin v26.3 (Yoast SEO v27.3) - https:\/\/yoast.com\/product\/yoast-seo-premium-wordpress\/ -->\n<title>Cookie Policy<\/title>\n<meta name=\"robots\" content=\"index, follow, max-snippet:-1, max-image-preview:large, max-video-preview:-1\" \/>\n<link rel=\"canonical\" href=\"https:\/\/mlm-explorer.com\/ro\/politica-privind-cookie-urile\/\" \/>\n<meta property=\"og:locale\" content=\"ro_RO\" \/>\n<meta property=\"og:type\" content=\"article\" \/>\n<meta property=\"og:title\" content=\"Cookie Policy\" \/>\n<meta property=\"og:description\" content=\"Who we are Suggested text: Our website address is: https:\/\/mlm-explorer.com. Comments Suggested text: When visitors leave comments on the site [&hellip;]\" \/>\n<meta property=\"og:url\" content=\"https:\/\/mlm-explorer.com\/ro\/politica-privind-cookie-urile\/\" \/>\n<meta property=\"article:modified_time\" content=\"2025-10-10T02:41:02+00:00\" \/>\n<meta name=\"twitter:card\" content=\"summary_large_image\" \/>\n<meta name=\"twitter:label1\" content=\"Timp estimat pentru citire\" \/>\n\t<meta name=\"twitter:data1\" content=\"4 minute\" \/>\n<script type=\"application\/ld+json\" class=\"yoast-schema-graph\">{\"@context\":\"https:\\\/\\\/schema.org\",\"@graph\":[{\"@type\":\"WebPage\",\"@id\":\"https:\\\/\\\/mlm-explorer.com\\\/cookie-policy\\\/\",\"url\":\"https:\\\/\\\/mlm-explorer.com\\\/cookie-policy\\\/\",\"name\":\"Cookie Policy\",\"isPartOf\":{\"@id\":\"https:\\\/\\\/mlm-explorer.com\\\/#website\"},\"datePublished\":\"2025-10-07T01:49:55+00:00\",\"dateModified\":\"2025-10-10T02:41:02+00:00\",\"breadcrumb\":{\"@id\":\"https:\\\/\\\/mlm-explorer.com\\\/cookie-policy\\\/#breadcrumb\"},\"inLanguage\":\"ro-RO\",\"potentialAction\":[{\"@type\":\"ReadAction\",\"target\":[\"https:\\\/\\\/mlm-explorer.com\\\/cookie-policy\\\/\"]}]},{\"@type\":\"BreadcrumbList\",\"@id\":\"https:\\\/\\\/mlm-explorer.com\\\/cookie-policy\\\/#breadcrumb\",\"itemListElement\":[{\"@type\":\"ListItem\",\"position\":1,\"name\":\"Home\",\"item\":\"https:\\\/\\\/mlm-explorer.com\\\/\"},{\"@type\":\"ListItem\",\"position\":2,\"name\":\"Cookie Policy\"}]},{\"@type\":\"WebSite\",\"@id\":\"https:\\\/\\\/mlm-explorer.com\\\/#website\",\"url\":\"https:\\\/\\\/mlm-explorer.com\\\/\",\"name\":\"\",\"description\":\"\",\"potentialAction\":[{\"@type\":\"SearchAction\",\"target\":{\"@type\":\"EntryPoint\",\"urlTemplate\":\"https:\\\/\\\/mlm-explorer.com\\\/?s={search_term_string}\"},\"query-input\":{\"@type\":\"PropertyValueSpecification\",\"valueRequired\":true,\"valueName\":\"search_term_string\"}}],\"inLanguage\":\"ro-RO\"}]}<\/script>\n<!-- \/ Yoast SEO Premium plugin. -->","yoast_head_json":{"title":"Cookie Policy","robots":{"index":"index","follow":"follow","max-snippet":"max-snippet:-1","max-image-preview":"max-image-preview:large","max-video-preview":"max-video-preview:-1"},"canonical":"https:\/\/mlm-explorer.com\/ro\/politica-privind-cookie-urile\/","og_locale":"ro_RO","og_type":"article","og_title":"Cookie Policy","og_description":"Who we are Suggested text: Our website address is: https:\/\/mlm-explorer.com. Comments Suggested text: When visitors leave comments on the site [&hellip;]","og_url":"https:\/\/mlm-explorer.com\/ro\/politica-privind-cookie-urile\/","article_modified_time":"2025-10-10T02:41:02+00:00","twitter_card":"summary_large_image","twitter_misc":{"Timp estimat pentru citire":"4 minute"},"schema":{"@context":"https:\/\/schema.org","@graph":[{"@type":"WebPage","@id":"https:\/\/mlm-explorer.com\/cookie-policy\/","url":"https:\/\/mlm-explorer.com\/cookie-policy\/","name":"Cookie Policy","isPartOf":{"@id":"https:\/\/mlm-explorer.com\/#website"},"datePublished":"2025-10-07T01:49:55+00:00","dateModified":"2025-10-10T02:41:02+00:00","breadcrumb":{"@id":"https:\/\/mlm-explorer.com\/cookie-policy\/#breadcrumb"},"inLanguage":"ro-RO","potentialAction":[{"@type":"ReadAction","target":["https:\/\/mlm-explorer.com\/cookie-policy\/"]}]},{"@type":"BreadcrumbList","@id":"https:\/\/mlm-explorer.com\/cookie-policy\/#breadcrumb","itemListElement":[{"@type":"ListItem","position":1,"name":"Home","item":"https:\/\/mlm-explorer.com\/"},{"@type":"ListItem","position":2,"name":"Cookie Policy"}]},{"@type":"WebSite","@id":"https:\/\/mlm-explorer.com\/#website","url":"https:\/\/mlm-explorer.com\/","name":"","description":"","potentialAction":[{"@type":"SearchAction","target":{"@type":"EntryPoint","urlTemplate":"https:\/\/mlm-explorer.com\/?s={search_term_string}"},"query-input":{"@type":"PropertyValueSpecification","valueRequired":true,"valueName":"search_term_string"}}],"inLanguage":"ro-RO"}]}},"_links":{"self":[{"href":"https:\/\/mlm-explorer.com\/ro\/wp-json\/wp\/v2\/pages\/336","targetHints":{"allow":["GET"]}}],"collection":[{"href":"https:\/\/mlm-explorer.com\/ro\/wp-json\/wp\/v2\/pages"}],"about":[{"href":"https:\/\/mlm-explorer.com\/ro\/wp-json\/wp\/v2\/types\/page"}],"author":[{"embeddable":true,"href":"https:\/\/mlm-explorer.com\/ro\/wp-json\/wp\/v2\/users\/1"}],"replies":[{"embeddable":true,"href":"https:\/\/mlm-explorer.com\/ro\/wp-json\/wp\/v2\/comments?post=336"}],"version-history":[{"count":5,"href":"https:\/\/mlm-explorer.com\/ro\/wp-json\/wp\/v2\/pages\/336\/revisions"}],"predecessor-version":[{"id":839,"href":"https:\/\/mlm-explorer.com\/ro\/wp-json\/wp\/v2\/pages\/336\/revisions\/839"}],"wp:attachment":[{"href":"https:\/\/mlm-explorer.com\/ro\/wp-json\/wp\/v2\/media?parent=336"}],"curies":[{"name":"wp","href":"https:\/\/api.w.org\/{rel}","templated":true}]}}