{"id":330,"date":"2025-10-06T22:00:17","date_gmt":"2025-10-07T01:00:17","guid":{"rendered":"https:\/\/mlm-explorer.com\/?page_id=330"},"modified":"2025-10-06T22:01:45","modified_gmt":"2025-10-07T01:01:45","slug":"disclaimer","status":"publish","type":"page","link":"https:\/\/mlm-explorer.com\/ro\/declinare-de-responsabilitate\/","title":{"rendered":"Declinare de responsabilitate"},"content":{"rendered":"<style><\/style>\t\t<div data-elementor-type=\"wp-page\" data-elementor-id=\"330\" class=\"elementor elementor-330\">\n\t\t\t\t\t\t<section class=\"elementor-section elementor-top-section elementor-element elementor-element-24f1ca2e elementor-section-boxed elementor-section-height-default elementor-section-height-default\" data-id=\"24f1ca2e\" data-element_type=\"section\" data-e-type=\"section\">\n\t\t\t\t\t\t<div class=\"elementor-container elementor-column-gap-default\">\n\t\t\t\t\t<div class=\"elementor-column elementor-col-100 elementor-top-column elementor-element elementor-element-5a86b10e\" data-id=\"5a86b10e\" data-element_type=\"column\" data-e-type=\"column\">\n\t\t\t<div class=\"elementor-widget-wrap elementor-element-populated\">\n\t\t\t\t\t\t<div class=\"elementor-element elementor-element-703184bd elementor-widget elementor-widget-text-editor\" data-id=\"703184bd\" data-element_type=\"widget\" data-e-type=\"widget\" data-widget_type=\"text-editor.default\">\n\t\t\t\t<div class=\"elementor-widget-container\">\n\t\t\t\t\t\t\t\t\t<h1 data-start=\"479\" data-end=\"495\"><span style=\"font-size: 18pt;\"><strong data-start=\"481\" data-end=\"495\">Declinare de responsabilitate<\/strong><\/span><\/h1>\n<p data-start=\"497\" data-end=\"683\"><strong data-start=\"497\" data-end=\"516\">Data intr\u0103rii \u00een vigoare:<\/strong> 6 octombrie 2025<br data-start=\"532\" data-end=\"535\" \/><strong data-start=\"535\" data-end=\"547\">Site web:<\/strong> <a class=\"decorated-link\" href=\"https:\/\/mlm-explorer.com\/ro\/\" target=\"_new\" rel=\"noopener\" data-start=\"548\" data-end=\"600\">https:\/\/mlm-explorer.com<\/a><br data-start=\"600\" data-end=\"603\" \/><strong data-start=\"603\" data-end=\"615\">Contact:<\/strong> <a class=\"decorated-link cursor-pointer\" rel=\"noopener\" data-start=\"616\" data-end=\"683\">mlmexplorer.global@gmail.com<\/a><\/p>\n<hr data-start=\"685\" data-end=\"688\" \/>\n<h2 data-start=\"690\" data-end=\"715\"><span style=\"font-size: 18pt;\">1. Informa\u021bii generale<\/span><\/h2>\n<p data-start=\"717\" data-end=\"1008\">Informa\u021biile furnizate pe <strong data-start=\"745\" data-end=\"761\">MLM Explorer<\/strong> este pentru <strong data-start=\"769\" data-end=\"816\">numai \u00een scopuri educa\u021bionale \u0219i informative<\/strong>.<br data-start=\"817\" data-end=\"820\" \/>Ne str\u0103duim s\u0103 asigur\u0103m acurate\u021bea \u0219i fiabilitatea \u00eentregului con\u021binut, dar facem tot posibilul <strong data-start=\"897\" data-end=\"914\">f\u0103r\u0103 garan\u021bii<\/strong> privind caracterul complet, corectitudinea sau rezultatele derivate din utilizarea acestor informa\u021bii.<\/p>\n<p data-start=\"1010\" data-end=\"1085\">Prin utilizarea acestui site web, recunoa\u0219te\u021bi c\u0103 face\u021bi acest lucru <strong data-start=\"1064\" data-end=\"1084\">pe propriul risc<\/strong>.<\/p>\n<hr data-start=\"1087\" data-end=\"1090\" \/>\n<h2 data-start=\"1092\" data-end=\"1131\"><span style=\"font-size: 18pt;\">2. F\u0103r\u0103 consultan\u021b\u0103 financiar\u0103 sau de investi\u021bii<\/span><\/h2>\n<p data-start=\"1133\" data-end=\"1381\"><strong data-start=\"1133\" data-end=\"1149\">MLM Explorer<\/strong> face <strong data-start=\"1155\" data-end=\"1209\">nu ofer\u0103 consultan\u021b\u0103 financiar\u0103, de investi\u021bii sau juridic\u0103<\/strong>.<br data-start=\"1210\" data-end=\"1213\" \/>Informa\u021biile con\u021binute \u00een articole, ghiduri \u0219i resurse sunt destinate exclusiv ajut\u0103rii cititorilor s\u0103 \u00een\u021beleag\u0103 <strong data-start=\"1324\" data-end=\"1354\">industria marketingului \u00een re\u021bea<\/strong> \u0219i oportunit\u0103\u021bi aferente.<\/p>\n<p data-start=\"1383\" data-end=\"1486\">Nu oferim servicii profesionale de consultan\u021b\u0103 \u0219i nimic de pe acest site web nu trebuie interpretat ca:<\/p>\n<ul data-start=\"1487\" data-end=\"1638\">\n<li data-start=\"1487\" data-end=\"1532\">\n<p data-start=\"1489\" data-end=\"1532\">O recomandare financiar\u0103 sau de investi\u021bii;<\/p>\n<\/li>\n<li data-start=\"1533\" data-end=\"1581\">\n<p data-start=\"1535\" data-end=\"1581\">O \u00eencurajare pentru a se al\u0103tura unei anumite companii;<\/p>\n<\/li>\n<li data-start=\"1582\" data-end=\"1638\">\n<p data-start=\"1584\" data-end=\"1638\">O promisiune sau garan\u021bie de profituri, venituri sau succes.<\/p>\n<\/li>\n<\/ul>\n<p data-start=\"1640\" data-end=\"1770\">Efectua\u021bi \u00eentotdeauna propria verificare \u0219i solicita\u021bi sfatul unui profesionist calificat \u00eenainte de a lua decizii financiare sau de afaceri.<\/p>\n<hr data-start=\"1772\" data-end=\"1775\" \/>\n<h2 data-start=\"1777\" data-end=\"1802\"><span style=\"font-size: 18pt;\">3. Declinare de responsabilitate privind c\u00e2\u0219tigurile<\/span><\/h2>\n<p data-start=\"1804\" data-end=\"1988\">Orice exemple de c\u00e2\u0219tiguri, pove\u0219ti de succes sau poten\u021bial de venit men\u021bionate pe acest site web sunt <strong data-start=\"1897\" data-end=\"1918\">doar cu titlu ilustrativ<\/strong>.<br data-start=\"1919\" data-end=\"1922\" \/>Ei fac <strong data-start=\"1930\" data-end=\"1947\">nu garanteaz\u0103<\/strong> c\u0103 ve\u021bi ob\u021bine rezultate similare.<\/p>\n<p data-start=\"1990\" data-end=\"2072\">Succesul t\u0103u personal \u00een marketingul \u00een re\u021bea depinde de mai mul\u021bi factori, printre care:<\/p>\n<ul data-start=\"2073\" data-end=\"2200\">\n<li data-start=\"2073\" data-end=\"2112\">\n<p data-start=\"2075\" data-end=\"2112\">Efort, d\u0103ruire \u0219i etic\u0103 a muncii;<\/p>\n<\/li>\n<li data-start=\"2113\" data-end=\"2153\">\n<p data-start=\"2115\" data-end=\"2153\">Experien\u021b\u0103, cuno\u0219tin\u021be \u0219i strategie;<\/p>\n<\/li>\n<li data-start=\"2154\" data-end=\"2200\">\n<p data-start=\"2156\" data-end=\"2200\">Condi\u021biile pie\u021bei \u0219i performan\u021ba companiei.<\/p>\n<\/li>\n<\/ul>\n<p data-start=\"2202\" data-end=\"2368\"><strong data-start=\"2202\" data-end=\"2218\">MLM Explorer<\/strong> face <strong data-start=\"2224\" data-end=\"2231\">nu<\/strong> a pretinde, a reprezenta sau a sugera c\u0103 o persoan\u0103 va c\u00e2\u0219tiga o anumit\u0103 sum\u0103 de bani urm\u00e2nd informa\u021biile distribuite pe acest site web.<\/p>\n<hr data-start=\"2370\" data-end=\"2373\" \/>\n<h2 data-start=\"2375\" data-end=\"2417\"><span style=\"font-size: 18pt;\">4. Dezv\u0103luirea c\u0103tre afilia\u021bi \u0219i ter\u021bi<\/span><\/h2>\n<p data-start=\"2419\" data-end=\"2574\">Unele articole sau linkuri despre <strong data-start=\"2445\" data-end=\"2461\">MLM Explorer<\/strong> poate include <strong data-start=\"2474\" data-end=\"2493\">linkuri de afiliere<\/strong>, ceea ce \u00eenseamn\u0103 c\u0103 este posibil s\u0103 primim un comision dac\u0103 face\u021bi clic pe ei sau v\u0103 \u00eenregistra\u021bi prin intermediul lor.<\/p>\n<p data-start=\"2576\" data-end=\"2718\">Asta face <strong data-start=\"2586\" data-end=\"2593\">nu<\/strong> afecteaz\u0103 integritatea noastr\u0103 editorial\u0103 \u2014 toate opiniile \u0219i recomand\u0103rile exprimate pe acest site sunt <strong data-start=\"2687\" data-end=\"2715\">independent \u0219i impar\u021bial<\/strong>.<\/p>\n<p data-start=\"2720\" data-end=\"2952\">Suntem <strong data-start=\"2727\" data-end=\"2746\">nu este responsabil<\/strong> pentru ac\u021biunile, produsele sau politicile oric\u0103ror site-uri web sau companii ter\u021be la care se face trimitere prin intermediul platformei noastre.<br data-start=\"2852\" data-end=\"2855\" \/>\u00cenainte de a colabora cu orice companie extern\u0103, ar trebui s\u0103 consulta\u021bi termenii \u0219i condi\u021biile oficiale ale acesteia.<\/p>\n<hr data-start=\"2954\" data-end=\"2957\" \/>\n<h2 data-start=\"2959\" data-end=\"2978\"><span style=\"font-size: 18pt;\">5. F\u0103r\u0103 garan\u021bii<\/span><\/h2>\n<p data-start=\"2980\" data-end=\"3155\">Tot con\u021binutul \u0219i serviciile furnizate prin intermediul <strong data-start=\"3022\" data-end=\"3038\">MLM Explorer<\/strong> sunt oferite \u201e<strong data-start=\"3052\" data-end=\"3061\">a\u0219a cum este<\/strong>\u201e\u0219i\u201d<strong data-start=\"3068\" data-end=\"3084\">dup\u0103 cum este disponibil<\/strong>\u201ef\u0103r\u0103 nicio garan\u021bie, expres\u0103 sau implicit\u0103.\u201d<br data-start=\"3129\" data-end=\"3132\" \/>Nu garant\u0103m c\u0103:<\/p>\n<ul data-start=\"3156\" data-end=\"3353\">\n<li data-start=\"3156\" data-end=\"3220\">\n<p data-start=\"3158\" data-end=\"3220\">Site-ul va func\u021biona \u00eentotdeauna f\u0103r\u0103 \u00eentreruperi sau erori;<\/p>\n<\/li>\n<li data-start=\"3221\" data-end=\"3287\">\n<p data-start=\"3223\" data-end=\"3287\">Informa\u021biile furnizate nu con\u021bin inexactit\u0103\u021bi sau omisiuni;<\/p>\n<\/li>\n<li data-start=\"3288\" data-end=\"3353\">\n<p data-start=\"3290\" data-end=\"3353\">Site-urile web externe la care se fac trimiteri din con\u021binutul nostru sunt sigure sau precise.<\/p>\n<\/li>\n<\/ul>\n<hr data-start=\"3355\" data-end=\"3358\" \/>\n<h2 data-start=\"3360\" data-end=\"3389\"><span style=\"font-size: 18pt;\">6. Limitarea r\u0103spunderii<\/span><\/h2>\n<p data-start=\"3391\" data-end=\"3501\">\u00cen nicio circumstan\u021b\u0103 nu se va <strong data-start=\"3420\" data-end=\"3436\">MLM Explorer<\/strong>, administratorii, partenerii sau afilia\u021bii s\u0103i nu vor fi r\u0103spunz\u0103tori pentru:<\/p>\n<ul data-start=\"3502\" data-end=\"3738\">\n<li data-start=\"3502\" data-end=\"3561\">\n<p data-start=\"3504\" data-end=\"3561\">Orice pierdere de venituri, profituri sau oportunit\u0103\u021bi de afaceri;<\/p>\n<\/li>\n<li data-start=\"3562\" data-end=\"3601\">\n<p data-start=\"3564\" data-end=\"3601\">Erori sau omisiuni \u00een con\u021binut;<\/p>\n<\/li>\n<li data-start=\"3602\" data-end=\"3669\">\n<p data-start=\"3604\" data-end=\"3669\">Daune rezultate din utilizarea sau incapacitatea de a utiliza site-ul web;<\/p>\n<\/li>\n<li data-start=\"3670\" data-end=\"3738\">\n<p data-start=\"3672\" data-end=\"3738\">Bazarea pe informa\u021biile furnizate pe site-uri ter\u021be la care se face trimitere aici.<\/p>\n<\/li>\n<\/ul>\n<p data-start=\"3740\" data-end=\"3849\">Utilizarea acestui site web constituie recunoa\u0219terea \u0219i acceptarea deplin\u0103 a acestei limit\u0103ri de r\u0103spundere.<\/p>\n<hr data-start=\"3851\" data-end=\"3854\" \/>\n<h2 data-start=\"3856\" data-end=\"3876\"><span style=\"font-size: 18pt;\">7. Linkuri externe<\/span><\/h2>\n<p data-start=\"3878\" data-end=\"4015\">Site-ul nostru web poate con\u021bine link-uri c\u0103tre alte site-uri web, programe sau servicii legate de <strong data-start=\"3960\" data-end=\"3981\">marketing \u00een re\u021bea<\/strong> sau <strong data-start=\"3985\" data-end=\"4012\">oportunit\u0103\u021bi de afiliere<\/strong>.<\/p>\n<p data-start=\"4017\" data-end=\"4175\">Aceste linkuri sunt furnizate exclusiv pentru comoditate.<br data-start=\"4065\" data-end=\"4068\" \/>Nu sus\u021binem \u0219i nu ne asum\u0103m responsabilitatea pentru con\u021binutul, securitatea sau practicile acelor site-uri externe.<\/p>\n<hr data-start=\"4177\" data-end=\"4180\" \/>\n<h2 data-start=\"4182\" data-end=\"4214\"><span style=\"font-size: 18pt;\">8. Actualiz\u0103ri ale acestei declara\u021bii de responsabilitate<\/span><\/h2>\n<p data-start=\"4216\" data-end=\"4459\"><strong data-start=\"4216\" data-end=\"4232\">MLM Explorer<\/strong> poate actualiza aceast\u0103 Declinare de Responsabilitate \u00een orice moment, f\u0103r\u0103 notificare prealabil\u0103.<br data-start=\"4293\" data-end=\"4296\" \/>Cea mai recent\u0103 versiune va fi \u00eentotdeauna disponibil\u0103 pe aceast\u0103 pagin\u0103, \u00eempreun\u0103 cu data intr\u0103rii \u00een vigoare men\u021bionat\u0103 mai sus.<br data-start=\"4390\" data-end=\"4393\" \/>\u00cencuraj\u0103m utilizatorii s\u0103 consulte aceast\u0103 pagin\u0103 \u00een mod regulat pentru a r\u0103m\u00e2ne informa\u021bi.<\/p>\n<hr data-start=\"4461\" data-end=\"4464\" \/>\n<h2 data-start=\"4466\" data-end=\"4491\"><span style=\"font-size: 18pt;\">9. Informa\u021bii de contact<\/span><\/h2>\n<p data-start=\"4493\" data-end=\"4575\">Dac\u0103 ave\u021bi \u00eentreb\u0103ri sau nel\u0103muriri cu privire la aceast\u0103 Declara\u021bie de Exonerare de Responsabilitate, v\u0103 rug\u0103m s\u0103 ne contacta\u021bi la:<\/p>\n<p data-start=\"4577\" data-end=\"4724\"><strong data-start=\"4577\" data-end=\"4593\">MLM Explorer<\/strong><br data-start=\"4593\" data-end=\"4596\" \/>\ud83c\udf10 <a class=\"decorated-link\" href=\"https:\/\/mlm-explorer.com\/ro\/\" target=\"_new\" rel=\"noopener\" data-start=\"4599\" data-end=\"4651\">https:\/\/mlm-explorer.com<\/a><br data-start=\"4651\" data-end=\"4654\" \/>\ud83d\udce7 <a class=\"decorated-link cursor-pointer\" rel=\"noopener\" data-start=\"4657\" data-end=\"4724\">mlmexplorer.global@gmail.com<\/a><\/p>\t\t\t\t\t\t\t\t<\/div>\n\t\t\t\t<\/div>\n\t\t\t\t\t<\/div>\n\t\t<\/div>\n\t\t\t\t\t<\/div>\n\t\t<\/section>\n\t\t\t\t<\/div>","protected":false},"excerpt":{"rendered":"<p>Who we are Suggested text: Our website address is: https:\/\/mlm-explorer.com. Comments Suggested text: When visitors leave comments on the site [&hellip;]<\/p>","protected":false},"author":1,"featured_media":0,"parent":0,"menu_order":0,"comment_status":"closed","ping_status":"open","template":"","meta":{"site-sidebar-layout":"default","site-content-layout":"","ast-site-content-layout":"default","site-content-style":"default","site-sidebar-style":"default","ast-global-header-display":"","ast-banner-title-visibility":"","ast-main-header-display":"","ast-hfb-above-header-display":"","ast-hfb-below-header-display":"","ast-hfb-mobile-header-display":"","site-post-title":"","ast-breadcrumbs-content":"","ast-featured-img":"","footer-sml-layout":"","theme-transparent-header-meta":"","adv-header-id-meta":"","stick-header-meta":"","header-above-stick-meta":"","header-main-stick-meta":"","header-below-stick-meta":"","astra-migrate-meta-layouts":"default","ast-page-background-enabled":"default","ast-page-background-meta":{"desktop":{"background-color":"var(--ast-global-color-5)","background-image":"","background-repeat":"repeat","background-position":"center center","background-size":"auto","background-attachment":"scroll","background-type":"","background-media":"","overlay-type":"","overlay-color":"","overlay-opacity":"","overlay-gradient":""},"tablet":{"background-color":"","background-image":"","background-repeat":"repeat","background-position":"center center","background-size":"auto","background-attachment":"scroll","background-type":"","background-media":"","overlay-type":"","overlay-color":"","overlay-opacity":"","overlay-gradient":""},"mobile":{"background-color":"","background-image":"","background-repeat":"repeat","background-position":"center center","background-size":"auto","background-attachment":"scroll","background-type":"","background-media":"","overlay-type":"","overlay-color":"","overlay-opacity":"","overlay-gradient":""}},"ast-content-background-meta":{"desktop":{"background-color":"var(--ast-global-color-4)","background-image":"","background-repeat":"repeat","background-position":"center center","background-size":"auto","background-attachment":"scroll","background-type":"","background-media":"","overlay-type":"","overlay-color":"","overlay-opacity":"","overlay-gradient":""},"tablet":{"background-color":"var(--ast-global-color-4)","background-image":"","background-repeat":"repeat","background-position":"center center","background-size":"auto","background-attachment":"scroll","background-type":"","background-media":"","overlay-type":"","overlay-color":"","overlay-opacity":"","overlay-gradient":""},"mobile":{"background-color":"var(--ast-global-color-4)","background-image":"","background-repeat":"repeat","background-position":"center center","background-size":"auto","background-attachment":"scroll","background-type":"","background-media":"","overlay-type":"","overlay-color":"","overlay-opacity":"","overlay-gradient":""}},"footnotes":""},"class_list":["post-330","page","type-page","status-publish","hentry"],"yoast_head":"<!-- This site is optimized with the Yoast SEO Premium plugin v26.3 (Yoast SEO v27.3) - https:\/\/yoast.com\/product\/yoast-seo-premium-wordpress\/ -->\n<title>Disclaimer<\/title>\n<meta name=\"robots\" content=\"index, follow, max-snippet:-1, max-image-preview:large, max-video-preview:-1\" \/>\n<link rel=\"canonical\" href=\"https:\/\/mlm-explorer.com\/ro\/declinare-de-responsabilitate\/\" \/>\n<meta property=\"og:locale\" content=\"ro_RO\" \/>\n<meta property=\"og:type\" content=\"article\" \/>\n<meta property=\"og:title\" content=\"Disclaimer\" \/>\n<meta property=\"og:description\" content=\"Who we are Suggested text: Our website address is: https:\/\/mlm-explorer.com. Comments Suggested text: When visitors leave comments on the site [&hellip;]\" \/>\n<meta property=\"og:url\" content=\"https:\/\/mlm-explorer.com\/ro\/declinare-de-responsabilitate\/\" \/>\n<meta property=\"article:modified_time\" content=\"2025-10-07T01:01:45+00:00\" \/>\n<meta name=\"twitter:card\" content=\"summary_large_image\" \/>\n<meta name=\"twitter:label1\" content=\"Timp estimat pentru citire\" \/>\n\t<meta name=\"twitter:data1\" content=\"3 minute\" \/>\n<script type=\"application\/ld+json\" class=\"yoast-schema-graph\">{\"@context\":\"https:\\\/\\\/schema.org\",\"@graph\":[{\"@type\":\"WebPage\",\"@id\":\"https:\\\/\\\/mlm-explorer.com\\\/disclaimer\\\/\",\"url\":\"https:\\\/\\\/mlm-explorer.com\\\/disclaimer\\\/\",\"name\":\"Disclaimer\",\"isPartOf\":{\"@id\":\"https:\\\/\\\/mlm-explorer.com\\\/#website\"},\"datePublished\":\"2025-10-07T01:00:17+00:00\",\"dateModified\":\"2025-10-07T01:01:45+00:00\",\"breadcrumb\":{\"@id\":\"https:\\\/\\\/mlm-explorer.com\\\/disclaimer\\\/#breadcrumb\"},\"inLanguage\":\"ro-RO\",\"potentialAction\":[{\"@type\":\"ReadAction\",\"target\":[\"https:\\\/\\\/mlm-explorer.com\\\/disclaimer\\\/\"]}]},{\"@type\":\"BreadcrumbList\",\"@id\":\"https:\\\/\\\/mlm-explorer.com\\\/disclaimer\\\/#breadcrumb\",\"itemListElement\":[{\"@type\":\"ListItem\",\"position\":1,\"name\":\"Home\",\"item\":\"https:\\\/\\\/mlm-explorer.com\\\/\"},{\"@type\":\"ListItem\",\"position\":2,\"name\":\"Disclaimer\"}]},{\"@type\":\"WebSite\",\"@id\":\"https:\\\/\\\/mlm-explorer.com\\\/#website\",\"url\":\"https:\\\/\\\/mlm-explorer.com\\\/\",\"name\":\"\",\"description\":\"\",\"potentialAction\":[{\"@type\":\"SearchAction\",\"target\":{\"@type\":\"EntryPoint\",\"urlTemplate\":\"https:\\\/\\\/mlm-explorer.com\\\/?s={search_term_string}\"},\"query-input\":{\"@type\":\"PropertyValueSpecification\",\"valueRequired\":true,\"valueName\":\"search_term_string\"}}],\"inLanguage\":\"ro-RO\"}]}<\/script>\n<!-- \/ Yoast SEO Premium plugin. -->","yoast_head_json":{"title":"Disclaimer","robots":{"index":"index","follow":"follow","max-snippet":"max-snippet:-1","max-image-preview":"max-image-preview:large","max-video-preview":"max-video-preview:-1"},"canonical":"https:\/\/mlm-explorer.com\/ro\/declinare-de-responsabilitate\/","og_locale":"ro_RO","og_type":"article","og_title":"Disclaimer","og_description":"Who we are Suggested text: Our website address is: https:\/\/mlm-explorer.com. Comments Suggested text: When visitors leave comments on the site [&hellip;]","og_url":"https:\/\/mlm-explorer.com\/ro\/declinare-de-responsabilitate\/","article_modified_time":"2025-10-07T01:01:45+00:00","twitter_card":"summary_large_image","twitter_misc":{"Timp estimat pentru citire":"3 minute"},"schema":{"@context":"https:\/\/schema.org","@graph":[{"@type":"WebPage","@id":"https:\/\/mlm-explorer.com\/disclaimer\/","url":"https:\/\/mlm-explorer.com\/disclaimer\/","name":"Disclaimer","isPartOf":{"@id":"https:\/\/mlm-explorer.com\/#website"},"datePublished":"2025-10-07T01:00:17+00:00","dateModified":"2025-10-07T01:01:45+00:00","breadcrumb":{"@id":"https:\/\/mlm-explorer.com\/disclaimer\/#breadcrumb"},"inLanguage":"ro-RO","potentialAction":[{"@type":"ReadAction","target":["https:\/\/mlm-explorer.com\/disclaimer\/"]}]},{"@type":"BreadcrumbList","@id":"https:\/\/mlm-explorer.com\/disclaimer\/#breadcrumb","itemListElement":[{"@type":"ListItem","position":1,"name":"Home","item":"https:\/\/mlm-explorer.com\/"},{"@type":"ListItem","position":2,"name":"Disclaimer"}]},{"@type":"WebSite","@id":"https:\/\/mlm-explorer.com\/#website","url":"https:\/\/mlm-explorer.com\/","name":"","description":"","potentialAction":[{"@type":"SearchAction","target":{"@type":"EntryPoint","urlTemplate":"https:\/\/mlm-explorer.com\/?s={search_term_string}"},"query-input":{"@type":"PropertyValueSpecification","valueRequired":true,"valueName":"search_term_string"}}],"inLanguage":"ro-RO"}]}},"_links":{"self":[{"href":"https:\/\/mlm-explorer.com\/ro\/wp-json\/wp\/v2\/pages\/330","targetHints":{"allow":["GET"]}}],"collection":[{"href":"https:\/\/mlm-explorer.com\/ro\/wp-json\/wp\/v2\/pages"}],"about":[{"href":"https:\/\/mlm-explorer.com\/ro\/wp-json\/wp\/v2\/types\/page"}],"author":[{"embeddable":true,"href":"https:\/\/mlm-explorer.com\/ro\/wp-json\/wp\/v2\/users\/1"}],"replies":[{"embeddable":true,"href":"https:\/\/mlm-explorer.com\/ro\/wp-json\/wp\/v2\/comments?post=330"}],"version-history":[{"count":3,"href":"https:\/\/mlm-explorer.com\/ro\/wp-json\/wp\/v2\/pages\/330\/revisions"}],"predecessor-version":[{"id":333,"href":"https:\/\/mlm-explorer.com\/ro\/wp-json\/wp\/v2\/pages\/330\/revisions\/333"}],"wp:attachment":[{"href":"https:\/\/mlm-explorer.com\/ro\/wp-json\/wp\/v2\/media?parent=330"}],"curies":[{"name":"wp","href":"https:\/\/api.w.org\/{rel}","templated":true}]}}