{"id":326,"date":"2025-10-06T21:56:46","date_gmt":"2025-10-07T00:56:46","guid":{"rendered":"https:\/\/mlm-explorer.com\/?page_id=326"},"modified":"2025-10-06T21:58:28","modified_gmt":"2025-10-07T00:58:28","slug":"terms-of-use","status":"publish","type":"page","link":"https:\/\/mlm-explorer.com\/ro\/termeni-de-utilizare\/","title":{"rendered":"Termeni de utilizare"},"content":{"rendered":"<style><\/style>\t\t<div data-elementor-type=\"wp-page\" data-elementor-id=\"326\" class=\"elementor elementor-326\">\n\t\t\t\t\t\t<section class=\"elementor-section elementor-top-section elementor-element elementor-element-24f1ca2e elementor-section-boxed elementor-section-height-default elementor-section-height-default\" data-id=\"24f1ca2e\" data-element_type=\"section\" data-e-type=\"section\">\n\t\t\t\t\t\t<div class=\"elementor-container elementor-column-gap-default\">\n\t\t\t\t\t<div class=\"elementor-column elementor-col-100 elementor-top-column elementor-element elementor-element-5a86b10e\" data-id=\"5a86b10e\" data-element_type=\"column\" data-e-type=\"column\">\n\t\t\t<div class=\"elementor-widget-wrap elementor-element-populated\">\n\t\t\t\t\t\t<div class=\"elementor-element elementor-element-703184bd elementor-widget elementor-widget-text-editor\" data-id=\"703184bd\" data-element_type=\"widget\" data-e-type=\"widget\" data-widget_type=\"text-editor.default\">\n\t\t\t\t<div class=\"elementor-widget-container\">\n\t\t\t\t\t\t\t\t\t<h1 data-start=\"259\" data-end=\"277\"><span style=\"font-size: 18pt;\"><strong data-start=\"261\" data-end=\"277\">Termeni de utilizare<\/strong><\/span><\/h1>\n<p data-start=\"279\" data-end=\"465\"><strong data-start=\"279\" data-end=\"298\">Data intr\u0103rii \u00een vigoare:<\/strong> 6 octombrie 2025<br data-start=\"314\" data-end=\"317\" \/><strong data-start=\"317\" data-end=\"329\">Site web:<\/strong> <a class=\"decorated-link\" href=\"https:\/\/mlm-explorer.com\/ro\/\" target=\"_new\" rel=\"noopener\" data-start=\"330\" data-end=\"382\">https:\/\/mlm-explorer.com<\/a><br data-start=\"382\" data-end=\"385\" \/><strong data-start=\"385\" data-end=\"397\">Contact:<\/strong> <a class=\"decorated-link cursor-pointer\" rel=\"noopener\" data-start=\"398\" data-end=\"465\">mlmexplorer.global@gmail.com<\/a><\/p>\n<hr data-start=\"467\" data-end=\"470\" \/>\n<h2 data-start=\"472\" data-end=\"497\"><span style=\"font-size: 18pt;\">1. Acceptarea Termenilor<\/span><\/h2>\n<p data-start=\"499\" data-end=\"724\">Bine a\u021bi venit la <strong data-start=\"510\" data-end=\"526\">MLM Explorer<\/strong>Prin accesarea sau utilizarea acestui site web, sunte\u021bi de acord s\u0103 respecta\u021bi aceste termeni \u0219i condi\u021bii. <strong data-start=\"595\" data-end=\"611\">Termeni de utilizare<\/strong> \u0219i toate legile \u0219i reglement\u0103rile aplicabile.<br data-start=\"652\" data-end=\"655\" \/>Dac\u0103 nu sunte\u021bi de acord cu ace\u0219ti termeni, v\u0103 rug\u0103m s\u0103 nu utiliza\u021bi acest site web.<\/p>\n<p data-start=\"726\" data-end=\"857\">Putem actualiza sau modifica ace\u0219ti Termeni de utilizare \u00een orice moment, f\u0103r\u0103 notificare prealabil\u0103. Cea mai recent\u0103 versiune va fi \u00eentotdeauna publicat\u0103 pe aceast\u0103 pagin\u0103.<\/p>\n<hr data-start=\"859\" data-end=\"862\" \/>\n<h2 data-start=\"864\" data-end=\"892\"><span style=\"font-size: 18pt;\">2. Scopul site-ului web<\/span><\/h2>\n<p data-start=\"894\" data-end=\"1146\"><strong data-start=\"894\" data-end=\"910\">MLM Explorer<\/strong> este o platform\u0103 informa\u021bional\u0103 dedicat\u0103 domeniului <strong data-start=\"966\" data-end=\"1011\">marketing \u00een re\u021bea (marketing pe mai multe niveluri)<\/strong>.<br data-start=\"1012\" data-end=\"1015\" \/>Site-ul web ofer\u0103 con\u021binut educa\u021bional, analize ale companiilor, ghiduri \u0219i informa\u021bii doar \u00een scop informativ \u0219i educa\u021bional.<\/p>\n<p data-start=\"1148\" data-end=\"1338\">Noi facem <strong data-start=\"1154\" data-end=\"1175\">nu vinde produse<\/strong>, <strong data-start=\"1177\" data-end=\"1198\">ofer\u0103 investi\u021bii<\/strong>, sau <strong data-start=\"1203\" data-end=\"1234\">garantarea rezultatelor financiare<\/strong>.<br data-start=\"1235\" data-end=\"1238\" \/>Orice decizie luat\u0103 pe baza informa\u021biilor furnizate pe acest site este la discre\u021bia \u0219i riscul dumneavoastr\u0103.<\/p>\n<hr data-start=\"1340\" data-end=\"1343\" \/>\n<h2 data-start=\"1345\" data-end=\"1390\"><span style=\"font-size: 18pt;\">3. Linkuri externe \u0219i site-uri web ale unor ter\u021be p\u0103r\u021bi<\/span><\/h2>\n<p data-start=\"1392\" data-end=\"1552\">Site-ul nostru web poate con\u021bine link-uri c\u0103tre site-uri web externe sau ale unor ter\u021be p\u0103r\u021bi, inclusiv pagini de \u00eenregistrare a companiilor, programe de afiliere sau alte resurse informative.<\/p>\n<p data-start=\"1554\" data-end=\"1756\">Suntem <strong data-start=\"1561\" data-end=\"1580\">nu este responsabil<\/strong> pentru con\u021binutul, acurate\u021bea sau practicile acestor site-uri externe.<br data-start=\"1645\" data-end=\"1648\" \/>Accesarea linkurilor c\u0103tre ter\u021bi se face pe propriul risc, iar termenii \u0219i politicile de confiden\u021bialitate ale acestora se aplic\u0103.<\/p>\n<hr data-start=\"1758\" data-end=\"1761\" \/>\n<h2 data-start=\"1763\" data-end=\"1797\"><span style=\"font-size: 18pt;\">4. Drepturi de proprietate intelectual\u0103<\/span><\/h2>\n<p data-start=\"1799\" data-end=\"1953\">Tot con\u021binutul publicat pe <strong data-start=\"1824\" data-end=\"1840\">MLM Explorer<\/strong>, inclusiv text, imagini, logo-uri \u0219i alte materiale, este protejat de legile privind drepturile de autor \u0219i proprietatea intelectual\u0103.<\/p>\n<p data-start=\"1955\" data-end=\"2193\">Pute\u021bi vizualiza \u0219i partaja con\u021binutul nostru pentru uz personal \u0219i necomercial, cu condi\u021bia s\u0103 acorda\u021bi creditul corespunz\u0103tor.<br data-start=\"2059\" data-end=\"2062\" \/>Reproducerea, distribuirea, modificarea sau republicarea oric\u0103rui material f\u0103r\u0103 acordul prealabil scris este <strong data-start=\"2169\" data-end=\"2192\">strict interzis<\/strong>.<\/p>\n<hr data-start=\"2195\" data-end=\"2198\" \/>\n<h2 data-start=\"2200\" data-end=\"2234\"><span style=\"font-size: 18pt;\">5. F\u0103r\u0103 consultan\u021b\u0103 financiar\u0103 sau juridic\u0103<\/span><\/h2>\n<p data-start=\"2236\" data-end=\"2375\">Toate informa\u021biile furnizate pe acest site web sunt pentru <strong data-start=\"2284\" data-end=\"2331\">numai \u00een scopuri educa\u021bionale \u0219i informative<\/strong>.<br data-start=\"2332\" data-end=\"2335\" \/>Nimic pe <strong data-start=\"2346\" data-end=\"2362\">MLM Explorer<\/strong> constituie:<\/p>\n<ul data-start=\"2376\" data-end=\"2499\">\n<li data-start=\"2376\" data-end=\"2396\">\n<p data-start=\"2378\" data-end=\"2396\">Consultan\u021b\u0103 financiar\u0103<\/p>\n<\/li>\n<li data-start=\"2397\" data-end=\"2420\">\n<p data-start=\"2399\" data-end=\"2420\">\u00cendrum\u0103ri de investi\u021bii<\/p>\n<\/li>\n<li data-start=\"2421\" data-end=\"2453\">\n<p data-start=\"2423\" data-end=\"2453\">Recomand\u0103ri juridice sau fiscale<\/p>\n<\/li>\n<li data-start=\"2454\" data-end=\"2499\">\n<p data-start=\"2456\" data-end=\"2499\">O garan\u021bie a veniturilor sau a succesului \u00een afaceri<\/p>\n<\/li>\n<\/ul>\n<p data-start=\"2501\" data-end=\"2579\">Cere\u021bi \u00eentotdeauna sfatul unui profesionist \u00eenainte de a lua decizii financiare sau de afaceri.<\/p>\n<hr data-start=\"2581\" data-end=\"2584\" \/>\n<h2 data-start=\"2586\" data-end=\"2615\"><span style=\"font-size: 18pt;\">6. Limitarea r\u0103spunderii<\/span><\/h2>\n<p data-start=\"2617\" data-end=\"2800\">\u00cen m\u0103sura maxim\u0103 permis\u0103 de lege, <strong data-start=\"2657\" data-end=\"2673\">MLM Explorer<\/strong> \u0219i administratorii s\u0103i nu vor fi r\u0103spunz\u0103tori pentru daune directe, indirecte, incidentale sau consecutive rezultate din:<\/p>\n<ul data-start=\"2801\" data-end=\"2933\">\n<li data-start=\"2801\" data-end=\"2845\">\n<p data-start=\"2803\" data-end=\"2845\">Utilizarea sau incapacitatea de a utiliza site-ul web;<\/p>\n<\/li>\n<li data-start=\"2846\" data-end=\"2890\">\n<p data-start=\"2848\" data-end=\"2890\">Bazarea pe informa\u021biile furnizate aici;<\/p>\n<\/li>\n<li data-start=\"2891\" data-end=\"2933\">\n<p data-start=\"2893\" data-end=\"2933\">Accesul la site-uri web sau linkuri ale unor ter\u021be p\u0103r\u021bi.<\/p>\n<\/li>\n<\/ul>\n<p data-start=\"2935\" data-end=\"3010\">Recunoa\u0219te\u021bi c\u0103 utilizarea site-ului este \u00een \u00eentregime <strong data-start=\"2989\" data-end=\"3009\">pe propriul risc<\/strong>.<\/p>\n<hr data-start=\"3012\" data-end=\"3015\" \/>\n<h2 data-start=\"3017\" data-end=\"3047\"><span style=\"font-size: 18pt;\">7. Exonerare de garan\u021bii<\/span><\/h2>\n<p data-start=\"3049\" data-end=\"3175\">Site-ul web \u0219i con\u021binutul s\u0103u sunt furnizate \u201e<strong data-start=\"3091\" data-end=\"3100\">a\u0219a cum este<\/strong>\u201ef\u0103r\u0103 nicio garan\u021bie, expres\u0103 sau implicit\u0103, inclusiv, dar f\u0103r\u0103 a se limita la:\u201d<\/p>\n<ul data-start=\"3176\" data-end=\"3314\">\n<li data-start=\"3176\" data-end=\"3234\">\n<p data-start=\"3178\" data-end=\"3234\">Acurate\u021bea, fiabilitatea sau caracterul complet al con\u021binutului;<\/p>\n<\/li>\n<li data-start=\"3235\" data-end=\"3272\">\n<p data-start=\"3237\" data-end=\"3272\">Adecvare pentru un anumit scop;<\/p>\n<\/li>\n<li data-start=\"3273\" data-end=\"3314\">\n<p data-start=\"3275\" data-end=\"3314\">Ne\u00eenc\u0103lcarea drepturilor ter\u021bilor.<\/p>\n<\/li>\n<\/ul>\n<p data-start=\"3316\" data-end=\"3414\">Nu garant\u0103m c\u0103 site-ul web nu va avea \u00eentreruperi, erori sau probleme tehnice.<\/p>\n<hr data-start=\"3416\" data-end=\"3419\" \/>\n<h2 data-start=\"3421\" data-end=\"3439\"><span style=\"font-size: 18pt;\">8. Conduita utilizatorului<\/span><\/h2>\n<p data-start=\"3441\" data-end=\"3487\">Prin utilizarea acestui site web, sunte\u021bi de acord <strong data-start=\"3476\" data-end=\"3487\">s\u0103 nu:<\/strong><\/p>\n<ul data-start=\"3488\" data-end=\"3701\">\n<li data-start=\"3488\" data-end=\"3535\">\n<p data-start=\"3490\" data-end=\"3535\">\u00cenc\u0103lcarea oric\u0103ror legi sau reglement\u0103ri aplicabile;<\/p>\n<\/li>\n<li data-start=\"3536\" data-end=\"3589\">\n<p data-start=\"3538\" data-end=\"3589\">Utilizarea site-ului \u00een scopuri ilegale sau frauduloase;<\/p>\n<\/li>\n<li data-start=\"3590\" data-end=\"3655\">\n<p data-start=\"3592\" data-end=\"3655\">\u00cencercarea de a ob\u021bine acces neautorizat la sistemele site-ului web;<\/p>\n<\/li>\n<li data-start=\"3656\" data-end=\"3701\">\n<p data-start=\"3658\" data-end=\"3701\">A perturba sau a deteriora func\u021bionalitatea site-ului.<\/p>\n<\/li>\n<\/ul>\n<p data-start=\"3703\" data-end=\"3780\">Ne rezerv\u0103m dreptul de a restric\u021biona accesul oric\u0103rui utilizator care \u00eencalc\u0103 ace\u0219ti termeni.<\/p>\n<hr data-start=\"3782\" data-end=\"3785\" \/>\n<h2 data-start=\"3787\" data-end=\"3813\"><span style=\"font-size: 18pt;\">9. Dezv\u0103luirea afilierii<\/span><\/h2>\n<p data-start=\"3815\" data-end=\"4104\">C\u00e2teva linkuri pe <strong data-start=\"3829\" data-end=\"3845\">MLM Explorer<\/strong> pot fi <strong data-start=\"3853\" data-end=\"3872\">linkuri de afiliere<\/strong>, ceea ce \u00eenseamn\u0103 c\u0103 este posibil s\u0103 c\u00e2\u0219tig\u0103m un comision dac\u0103 face\u021bi clic sau v\u0103 \u00eenregistra\u021bi prin intermediul lor.<br data-start=\"3945\" data-end=\"3948\" \/>Aceasta vine la <strong data-start=\"3962\" data-end=\"3984\">f\u0103r\u0103 costuri suplimentare<\/strong> pentru tine \u0219i ajut\u0103 la \u00eentre\u021binerea platformei noastre.<br data-start=\"4042\" data-end=\"4045\" \/>Con\u021binutul nostru editorial r\u0103m\u00e2ne <strong data-start=\"4075\" data-end=\"4103\">independent \u0219i impar\u021bial<\/strong>.<\/p>\n<hr data-start=\"4106\" data-end=\"4109\" \/>\n<h2 data-start=\"4111\" data-end=\"4131\"><span style=\"font-size: 18pt;\">10. Legea aplicabil\u0103<\/span><\/h2>\n<p data-start=\"4133\" data-end=\"4367\">Ace\u0219ti Termeni de Utilizare sunt guverna\u021bi \u0219i interpreta\u021bi \u00een conformitate cu legile aplicabile \u00een <strong data-start=\"4224\" data-end=\"4234\">Brazilia<\/strong>, unde <strong data-start=\"4242\" data-end=\"4258\">MLM Explorer<\/strong> func\u021bioneaz\u0103 administrativ \u0219i poate, de asemenea, s\u0103 respecte cerin\u021bele relevante <strong data-start=\"4320\" data-end=\"4342\">legi interna\u021bionale<\/strong> (cum ar fi GDPR \u0219i CCPA).<\/p>\n<p data-start=\"4369\" data-end=\"4487\">Orice litigiu care decurge din utilizarea acestui site web va fi solu\u021bionat \u00een conformitate cu normele jurisdic\u021bionale aplicabile.<\/p>\n<hr data-start=\"4489\" data-end=\"4492\" \/>\n<h2 data-start=\"4494\" data-end=\"4520\"><span style=\"font-size: 18pt;\">11. Informa\u021bii de contact<\/span><\/h2>\n<p data-start=\"4522\" data-end=\"4591\">Pentru orice \u00eentreb\u0103ri legate de ace\u0219ti Termeni de utilizare, v\u0103 rug\u0103m s\u0103 ne contacta\u021bi la:<\/p>\n<p data-start=\"4593\" data-end=\"4740\"><strong data-start=\"4593\" data-end=\"4609\">MLM Explorer<\/strong><br data-start=\"4609\" data-end=\"4612\" \/>\ud83c\udf10 <a class=\"decorated-link\" href=\"https:\/\/mlm-explorer.com\/ro\/\" target=\"_new\" rel=\"noopener\" data-start=\"4615\" data-end=\"4667\">https:\/\/mlm-explorer.com<\/a><br data-start=\"4667\" data-end=\"4670\" \/>\ud83d\udce7 <a class=\"decorated-link cursor-pointer\" rel=\"noopener\" data-start=\"4673\" data-end=\"4740\">mlmexplorer.global@gmail.com<\/a><\/p>\t\t\t\t\t\t\t\t<\/div>\n\t\t\t\t<\/div>\n\t\t\t\t\t<\/div>\n\t\t<\/div>\n\t\t\t\t\t<\/div>\n\t\t<\/section>\n\t\t\t\t<\/div>","protected":false},"excerpt":{"rendered":"<p>Who we are Suggested text: Our website address is: https:\/\/mlm-explorer.com. Comments Suggested text: When visitors leave comments on the site [&hellip;]<\/p>","protected":false},"author":1,"featured_media":0,"parent":0,"menu_order":0,"comment_status":"closed","ping_status":"open","template":"","meta":{"site-sidebar-layout":"default","site-content-layout":"","ast-site-content-layout":"default","site-content-style":"default","site-sidebar-style":"default","ast-global-header-display":"","ast-banner-title-visibility":"","ast-main-header-display":"","ast-hfb-above-header-display":"","ast-hfb-below-header-display":"","ast-hfb-mobile-header-display":"","site-post-title":"","ast-breadcrumbs-content":"","ast-featured-img":"","footer-sml-layout":"","theme-transparent-header-meta":"","adv-header-id-meta":"","stick-header-meta":"","header-above-stick-meta":"","header-main-stick-meta":"","header-below-stick-meta":"","astra-migrate-meta-layouts":"default","ast-page-background-enabled":"default","ast-page-background-meta":{"desktop":{"background-color":"var(--ast-global-color-5)","background-image":"","background-repeat":"repeat","background-position":"center center","background-size":"auto","background-attachment":"scroll","background-type":"","background-media":"","overlay-type":"","overlay-color":"","overlay-opacity":"","overlay-gradient":""},"tablet":{"background-color":"","background-image":"","background-repeat":"repeat","background-position":"center center","background-size":"auto","background-attachment":"scroll","background-type":"","background-media":"","overlay-type":"","overlay-color":"","overlay-opacity":"","overlay-gradient":""},"mobile":{"background-color":"","background-image":"","background-repeat":"repeat","background-position":"center center","background-size":"auto","background-attachment":"scroll","background-type":"","background-media":"","overlay-type":"","overlay-color":"","overlay-opacity":"","overlay-gradient":""}},"ast-content-background-meta":{"desktop":{"background-color":"var(--ast-global-color-4)","background-image":"","background-repeat":"repeat","background-position":"center center","background-size":"auto","background-attachment":"scroll","background-type":"","background-media":"","overlay-type":"","overlay-color":"","overlay-opacity":"","overlay-gradient":""},"tablet":{"background-color":"var(--ast-global-color-4)","background-image":"","background-repeat":"repeat","background-position":"center center","background-size":"auto","background-attachment":"scroll","background-type":"","background-media":"","overlay-type":"","overlay-color":"","overlay-opacity":"","overlay-gradient":""},"mobile":{"background-color":"var(--ast-global-color-4)","background-image":"","background-repeat":"repeat","background-position":"center center","background-size":"auto","background-attachment":"scroll","background-type":"","background-media":"","overlay-type":"","overlay-color":"","overlay-opacity":"","overlay-gradient":""}},"footnotes":""},"class_list":["post-326","page","type-page","status-publish","hentry"],"yoast_head":"<!-- This site is optimized with the Yoast SEO Premium plugin v26.3 (Yoast SEO v27.3) - https:\/\/yoast.com\/product\/yoast-seo-premium-wordpress\/ -->\n<title>Terms of Use<\/title>\n<meta name=\"robots\" content=\"index, follow, max-snippet:-1, max-image-preview:large, max-video-preview:-1\" \/>\n<link rel=\"canonical\" href=\"https:\/\/mlm-explorer.com\/ro\/termeni-de-utilizare\/\" \/>\n<meta property=\"og:locale\" content=\"ro_RO\" \/>\n<meta property=\"og:type\" content=\"article\" \/>\n<meta property=\"og:title\" content=\"Terms of Use\" \/>\n<meta property=\"og:description\" content=\"Who we are Suggested text: Our website address is: https:\/\/mlm-explorer.com. Comments Suggested text: When visitors leave comments on the site [&hellip;]\" \/>\n<meta property=\"og:url\" content=\"https:\/\/mlm-explorer.com\/ro\/termeni-de-utilizare\/\" \/>\n<meta property=\"article:modified_time\" content=\"2025-10-07T00:58:28+00:00\" \/>\n<meta name=\"twitter:card\" content=\"summary_large_image\" \/>\n<meta name=\"twitter:label1\" content=\"Timp estimat pentru citire\" \/>\n\t<meta name=\"twitter:data1\" content=\"4 minute\" \/>\n<script type=\"application\/ld+json\" class=\"yoast-schema-graph\">{\"@context\":\"https:\\\/\\\/schema.org\",\"@graph\":[{\"@type\":\"WebPage\",\"@id\":\"https:\\\/\\\/mlm-explorer.com\\\/terms-of-use\\\/\",\"url\":\"https:\\\/\\\/mlm-explorer.com\\\/terms-of-use\\\/\",\"name\":\"Terms of Use\",\"isPartOf\":{\"@id\":\"https:\\\/\\\/mlm-explorer.com\\\/#website\"},\"datePublished\":\"2025-10-07T00:56:46+00:00\",\"dateModified\":\"2025-10-07T00:58:28+00:00\",\"breadcrumb\":{\"@id\":\"https:\\\/\\\/mlm-explorer.com\\\/terms-of-use\\\/#breadcrumb\"},\"inLanguage\":\"ro-RO\",\"potentialAction\":[{\"@type\":\"ReadAction\",\"target\":[\"https:\\\/\\\/mlm-explorer.com\\\/terms-of-use\\\/\"]}]},{\"@type\":\"BreadcrumbList\",\"@id\":\"https:\\\/\\\/mlm-explorer.com\\\/terms-of-use\\\/#breadcrumb\",\"itemListElement\":[{\"@type\":\"ListItem\",\"position\":1,\"name\":\"Home\",\"item\":\"https:\\\/\\\/mlm-explorer.com\\\/\"},{\"@type\":\"ListItem\",\"position\":2,\"name\":\"Terms of Use\"}]},{\"@type\":\"WebSite\",\"@id\":\"https:\\\/\\\/mlm-explorer.com\\\/#website\",\"url\":\"https:\\\/\\\/mlm-explorer.com\\\/\",\"name\":\"\",\"description\":\"\",\"potentialAction\":[{\"@type\":\"SearchAction\",\"target\":{\"@type\":\"EntryPoint\",\"urlTemplate\":\"https:\\\/\\\/mlm-explorer.com\\\/?s={search_term_string}\"},\"query-input\":{\"@type\":\"PropertyValueSpecification\",\"valueRequired\":true,\"valueName\":\"search_term_string\"}}],\"inLanguage\":\"ro-RO\"}]}<\/script>\n<!-- \/ Yoast SEO Premium plugin. -->","yoast_head_json":{"title":"Terms of Use","robots":{"index":"index","follow":"follow","max-snippet":"max-snippet:-1","max-image-preview":"max-image-preview:large","max-video-preview":"max-video-preview:-1"},"canonical":"https:\/\/mlm-explorer.com\/ro\/termeni-de-utilizare\/","og_locale":"ro_RO","og_type":"article","og_title":"Terms of Use","og_description":"Who we are Suggested text: Our website address is: https:\/\/mlm-explorer.com. Comments Suggested text: When visitors leave comments on the site [&hellip;]","og_url":"https:\/\/mlm-explorer.com\/ro\/termeni-de-utilizare\/","article_modified_time":"2025-10-07T00:58:28+00:00","twitter_card":"summary_large_image","twitter_misc":{"Timp estimat pentru citire":"4 minute"},"schema":{"@context":"https:\/\/schema.org","@graph":[{"@type":"WebPage","@id":"https:\/\/mlm-explorer.com\/terms-of-use\/","url":"https:\/\/mlm-explorer.com\/terms-of-use\/","name":"Terms of Use","isPartOf":{"@id":"https:\/\/mlm-explorer.com\/#website"},"datePublished":"2025-10-07T00:56:46+00:00","dateModified":"2025-10-07T00:58:28+00:00","breadcrumb":{"@id":"https:\/\/mlm-explorer.com\/terms-of-use\/#breadcrumb"},"inLanguage":"ro-RO","potentialAction":[{"@type":"ReadAction","target":["https:\/\/mlm-explorer.com\/terms-of-use\/"]}]},{"@type":"BreadcrumbList","@id":"https:\/\/mlm-explorer.com\/terms-of-use\/#breadcrumb","itemListElement":[{"@type":"ListItem","position":1,"name":"Home","item":"https:\/\/mlm-explorer.com\/"},{"@type":"ListItem","position":2,"name":"Terms of Use"}]},{"@type":"WebSite","@id":"https:\/\/mlm-explorer.com\/#website","url":"https:\/\/mlm-explorer.com\/","name":"","description":"","potentialAction":[{"@type":"SearchAction","target":{"@type":"EntryPoint","urlTemplate":"https:\/\/mlm-explorer.com\/?s={search_term_string}"},"query-input":{"@type":"PropertyValueSpecification","valueRequired":true,"valueName":"search_term_string"}}],"inLanguage":"ro-RO"}]}},"_links":{"self":[{"href":"https:\/\/mlm-explorer.com\/ro\/wp-json\/wp\/v2\/pages\/326","targetHints":{"allow":["GET"]}}],"collection":[{"href":"https:\/\/mlm-explorer.com\/ro\/wp-json\/wp\/v2\/pages"}],"about":[{"href":"https:\/\/mlm-explorer.com\/ro\/wp-json\/wp\/v2\/types\/page"}],"author":[{"embeddable":true,"href":"https:\/\/mlm-explorer.com\/ro\/wp-json\/wp\/v2\/users\/1"}],"replies":[{"embeddable":true,"href":"https:\/\/mlm-explorer.com\/ro\/wp-json\/wp\/v2\/comments?post=326"}],"version-history":[{"count":3,"href":"https:\/\/mlm-explorer.com\/ro\/wp-json\/wp\/v2\/pages\/326\/revisions"}],"predecessor-version":[{"id":329,"href":"https:\/\/mlm-explorer.com\/ro\/wp-json\/wp\/v2\/pages\/326\/revisions\/329"}],"wp:attachment":[{"href":"https:\/\/mlm-explorer.com\/ro\/wp-json\/wp\/v2\/media?parent=326"}],"curies":[{"name":"wp","href":"https:\/\/api.w.org\/{rel}","templated":true}]}}