{"id":336,"date":"2025-10-06T22:49:55","date_gmt":"2025-10-07T01:49:55","guid":{"rendered":"https:\/\/mlm-explorer.com\/?page_id=336"},"modified":"2025-10-09T23:41:02","modified_gmt":"2025-10-10T02:41:02","slug":"cookie-policy","status":"publish","type":"page","link":"https:\/\/mlm-explorer.com\/pt\/politica-de-cookies\/","title":{"rendered":"Pol\u00edtica de Cookies"},"content":{"rendered":"<style><\/style>\t\t<div data-elementor-type=\"wp-page\" data-elementor-id=\"336\" class=\"elementor elementor-336\">\n\t\t\t\t\t\t<section class=\"elementor-section elementor-top-section elementor-element elementor-element-24f1ca2e elementor-section-boxed elementor-section-height-default elementor-section-height-default\" data-id=\"24f1ca2e\" data-element_type=\"section\" data-e-type=\"section\">\n\t\t\t\t\t\t<div class=\"elementor-container elementor-column-gap-default\">\n\t\t\t\t\t<div class=\"elementor-column elementor-col-100 elementor-top-column elementor-element elementor-element-5a86b10e\" data-id=\"5a86b10e\" data-element_type=\"column\" data-e-type=\"column\">\n\t\t\t<div class=\"elementor-widget-wrap elementor-element-populated\">\n\t\t\t\t\t\t<div class=\"elementor-element elementor-element-703184bd elementor-widget elementor-widget-text-editor\" data-id=\"703184bd\" data-element_type=\"widget\" data-e-type=\"widget\" data-widget_type=\"text-editor.default\">\n\t\t\t\t<div class=\"elementor-widget-container\">\n\t\t\t\t\t\t\t\t\t<h1 data-start=\"299\" data-end=\"318\"><span style=\"font-size: 18pt;\"><strong data-start=\"301\" data-end=\"318\">Pol\u00edtica de Cookies<\/strong><\/span><\/h1>\n<p data-start=\"320\" data-end=\"506\"><strong data-start=\"320\" data-end=\"339\">Data de vig\u00eancia:<\/strong> 6 de outubro de 2025<br data-start=\"355\" data-end=\"358\" \/><strong data-start=\"358\" data-end=\"370\">Site:<\/strong> <a class=\"decorated-link\" href=\"https:\/\/mlm-explorer.com\/pt\/\" target=\"_new\" rel=\"noopener\" data-start=\"371\" data-end=\"423\">https:\/\/mlm-explorer.com<\/a><br data-start=\"423\" data-end=\"426\" \/><strong data-start=\"426\" data-end=\"438\">Contato:<\/strong> <a class=\"decorated-link cursor-pointer\" rel=\"noopener\" data-start=\"439\" data-end=\"506\">mlmexplorer.global@gmail.com<\/a><\/p>\n<hr data-start=\"508\" data-end=\"511\" \/>\n<h2 data-start=\"513\" data-end=\"531\"><span style=\"font-size: 18pt;\">1. Introdu\u00e7\u00e3o<\/span><\/h2>\n<p data-start=\"533\" data-end=\"729\">Esse <strong data-start=\"538\" data-end=\"555\">Pol\u00edtica de Cookies<\/strong> explica como <strong data-start=\"569\" data-end=\"585\">MLM Explorer<\/strong> usa cookies e tecnologias semelhantes em nosso site.<br data-start=\"639\" data-end=\"642\" \/>Ao continuar navegando neste site, voc\u00ea concorda com o uso de cookies conforme descrito aqui.<\/p>\n<p data-start=\"731\" data-end=\"871\">Usamos cookies para melhorar a funcionalidade, analisar o tr\u00e1fego e aprimorar sua experi\u00eancia de navega\u00e7\u00e3o \u2014 respeitando sua privacidade o tempo todo.<\/p>\n<hr data-start=\"873\" data-end=\"876\" \/>\n<h2 data-start=\"878\" data-end=\"901\"><span style=\"font-size: 18pt;\">2. O que s\u00e3o cookies?<\/span><\/h2>\n<p data-start=\"903\" data-end=\"1116\">Cookies s\u00e3o pequenos arquivos de texto armazenados no seu dispositivo quando voc\u00ea visita um site.<br data-start=\"979\" data-end=\"982\" \/>Eles permitem que o site reconhe\u00e7a seu navegador, lembre-se de suas prefer\u00eancias e colete informa\u00e7\u00f5es n\u00e3o pessoais para melhorar o desempenho.<\/p>\n<p data-start=\"1118\" data-end=\"1133\">Os cookies podem ser:<\/p>\n<ul data-start=\"1134\" data-end=\"1296\">\n<li data-start=\"1134\" data-end=\"1211\">\n<p data-start=\"1136\" data-end=\"1211\"><strong data-start=\"1136\" data-end=\"1156\">Cookies de sess\u00e3o:<\/strong> arquivos tempor\u00e1rios exclu\u00eddos quando voc\u00ea fecha o navegador.<\/p>\n<\/li>\n<li data-start=\"1212\" data-end=\"1296\">\n<p data-start=\"1214\" data-end=\"1296\"><strong data-start=\"1214\" data-end=\"1237\">Cookies persistentes:<\/strong> armazenados no seu dispositivo at\u00e9 serem exclu\u00eddos manualmente ou expirarem.<\/p>\n<\/li>\n<\/ul>\n<hr data-start=\"1298\" data-end=\"1301\" \/>\n<h2 data-start=\"1303\" data-end=\"1327\"><span style=\"font-size: 18pt;\">3. Como usamos cookies<\/span><\/h2>\n<p data-start=\"1329\" data-end=\"1386\"><strong data-start=\"1329\" data-end=\"1345\">MLM Explorer<\/strong> utiliza cookies para os seguintes fins:<\/p>\n<h3 data-start=\"1388\" data-end=\"1424\"><span style=\"font-size: 18pt;\">\ud83d\udd39 <strong data-start=\"1395\" data-end=\"1424\">An\u00e1lise e Desempenho<\/strong><\/span><\/h3>\n<p data-start=\"1425\" data-end=\"1706\">N\u00f3s usamos <strong data-start=\"1432\" data-end=\"1452\">Google Analytics<\/strong> para coletar dados an\u00f4nimos sobre como os visitantes interagem com nosso site \u2014 como p\u00e1ginas visualizadas, tempo gasto e fontes de refer\u00eancia.<br data-start=\"1578\" data-end=\"1581\" \/>Isso nos ajuda a melhorar nosso conte\u00fado e a experi\u00eancia do usu\u00e1rio.<br data-start=\"1635\" data-end=\"1638\" \/>Todos os dados coletados s\u00e3o agregados e n\u00e3o podem identific\u00e1-lo pessoalmente.<\/p>\n<h3 data-start=\"1708\" data-end=\"1732\"><span style=\"font-size: 18pt;\">\ud83d\udd39 <strong data-start=\"1715\" data-end=\"1732\">Funcionalidade<\/strong><\/span><\/h3>\n<p data-start=\"1733\" data-end=\"1869\">Os cookies podem ser usados para lembrar as prefer\u00eancias do usu\u00e1rio (por exemplo, configura\u00e7\u00f5es de idioma ou op\u00e7\u00f5es de exibi\u00e7\u00e3o) para proporcionar uma experi\u00eancia de navega\u00e7\u00e3o mais tranquila.<\/p>\n<h3 data-start=\"1871\" data-end=\"1906\"><span style=\"font-size: 18pt;\">\ud83d\udd39 <strong data-start=\"1878\" data-end=\"1906\">Seguran\u00e7a e Manuten\u00e7\u00e3o<\/strong><\/span><\/h3>\n<p data-start=\"1907\" data-end=\"1974\">Alguns cookies ajudam a garantir que o site funcione de forma segura e eficiente.<\/p>\n<hr data-start=\"1976\" data-end=\"1979\" \/>\n<h2 data-start=\"1981\" data-end=\"2006\"><span style=\"font-size: 18pt;\">4. Cookies de terceiros<\/span><\/h2>\n<p data-start=\"2008\" data-end=\"2051\">Podemos usar servi\u00e7os de terceiros, incluindo:<\/p>\n<ul data-start=\"2052\" data-end=\"2124\">\n<li data-start=\"2052\" data-end=\"2076\">\n<p data-start=\"2054\" data-end=\"2076\"><strong data-start=\"2054\" data-end=\"2074\">Google Analytics<\/strong><\/p>\n<\/li>\n<li data-start=\"2077\" data-end=\"2124\">\n<p data-start=\"2079\" data-end=\"2124\"><strong data-start=\"2079\" data-end=\"2122\">Google Search Console (Ferramentas para webmasters)<\/strong><\/p>\n<\/li>\n<\/ul>\n<p data-start=\"2126\" data-end=\"2246\">Esses terceiros podem definir seus pr\u00f3prios cookies de acordo com suas respectivas pol\u00edticas.<br data-start=\"2211\" data-end=\"2214\" \/>Para mais detalhes, consulte:<\/p>\n<ul data-start=\"2247\" data-end=\"2319\">\n<li data-start=\"2247\" data-end=\"2319\">\n<p data-start=\"2249\" data-end=\"2319\"><a class=\"decorated-link cursor-pointer\" target=\"_new\" rel=\"noopener\" data-start=\"2249\" data-end=\"2319\">Pol\u00edtica de Privacidade do Google Analytics<\/a><\/p>\n<\/li>\n<\/ul>\n<p data-start=\"2321\" data-end=\"2394\"><strong data-start=\"2321\" data-end=\"2337\">MLM Explorer<\/strong> n\u00e3o controla nem acessa cookies de terceiros diretamente.<\/p>\n<hr data-start=\"2396\" data-end=\"2399\" \/>\n<h2 data-start=\"2401\" data-end=\"2437\"><span style=\"font-size: 18pt;\">5. Gerenciando e desabilitando cookies<\/span><\/h2>\n<p data-start=\"2439\" data-end=\"2626\">Voc\u00ea pode controlar ou desabilitar cookies a qualquer momento atrav\u00e9s das configura\u00e7\u00f5es do seu navegador.<br data-start=\"2516\" data-end=\"2519\" \/>Observe que a desativa\u00e7\u00e3o de cookies pode afetar a funcionalidade ou a apar\u00eancia de algumas partes do nosso site.<\/p>\n<p data-start=\"2628\" data-end=\"2690\">Aqui est\u00e3o links r\u00e1pidos para gerenciar cookies em navegadores populares:<\/p>\n<ul data-start=\"2692\" data-end=\"3064\">\n<li data-start=\"2692\" data-end=\"2759\">\n<p data-start=\"2694\" data-end=\"2759\"><a class=\"decorated-link cursor-pointer\" target=\"_new\" rel=\"noopener\" data-start=\"2694\" data-end=\"2757\">Google Chrome<\/a><\/p>\n<\/li>\n<li data-start=\"2760\" data-end=\"2866\">\n<p data-start=\"2762\" data-end=\"2866\"><a class=\"decorated-link cursor-pointer\" target=\"_new\" rel=\"noopener\" data-start=\"2762\" data-end=\"2864\">Mozilla Firefox<\/a><\/p>\n<\/li>\n<li data-start=\"2867\" data-end=\"2965\">\n<p data-start=\"2869\" data-end=\"2965\"><a class=\"decorated-link cursor-pointer\" target=\"_new\" rel=\"noopener\" data-start=\"2869\" data-end=\"2963\">Saf\u00e1ri<\/a><\/p>\n<\/li>\n<li data-start=\"2966\" data-end=\"3064\">\n<p data-start=\"2968\" data-end=\"3064\"><a class=\"decorated-link cursor-pointer\" target=\"_new\" rel=\"noopener\" data-start=\"2968\" data-end=\"3064\">Microsoft Edge<\/a><\/p>\n<\/li>\n<\/ul>\n<p data-start=\"3066\" data-end=\"3227\">Voc\u00ea tamb\u00e9m pode usar complementos do navegador, como o <a class=\"decorated-link cursor-pointer\" target=\"_new\" rel=\"noopener\" data-start=\"3111\" data-end=\"3184\">Ferramenta de desativa\u00e7\u00e3o do Google Analytics<\/a> se voc\u00ea preferir n\u00e3o compartilhar dados anal\u00edticos.<\/p>\n<hr data-start=\"3229\" data-end=\"3232\" \/>\n<h2 data-start=\"3234\" data-end=\"3247\"><span style=\"font-size: 18pt;\">6. Consent<\/span><\/h2>\n<p data-start=\"3249\" data-end=\"3443\">Ao continuar a usar <strong data-start=\"3270\" data-end=\"3286\">MLM Explorer<\/strong>, voc\u00ea concorda com nosso uso de cookies de acordo com esta pol\u00edtica.<br data-start=\"3353\" data-end=\"3356\" \/>Caso n\u00e3o concorde, voc\u00ea pode desabilitar os cookies no seu navegador ou parar de usar o site.<\/p>\n<p data-start=\"3445\" data-end=\"3588\">Para usu\u00e1rios em regi\u00f5es governadas por <strong data-start=\"3478\" data-end=\"3486\">RGPD<\/strong> ou leis de privacidade semelhantes, o consentimento de cookies pode ser coletado por meio de um banner vis\u00edvel ou pop-up de configura\u00e7\u00f5es.<\/p>\n<hr data-start=\"3590\" data-end=\"3593\" \/>\n<h2 data-start=\"3595\" data-end=\"3630\"><span style=\"font-size: 18pt;\">7. Atualiza\u00e7\u00f5es desta Pol\u00edtica de Cookies<\/span><\/h2>\n<p data-start=\"3632\" data-end=\"3837\">Podemos atualizar esta Pol\u00edtica de Cookies periodicamente para refletir mudan\u00e7as na tecnologia, regulamenta\u00e7\u00f5es ou em nossos servi\u00e7os.<br data-start=\"3741\" data-end=\"3744\" \/>A vers\u00e3o mais recente estar\u00e1 sempre dispon\u00edvel nesta p\u00e1gina, juntamente com a data de vig\u00eancia.<\/p>\n<hr data-start=\"3839\" data-end=\"3842\" \/>\n<h2 data-start=\"3844\" data-end=\"3869\"><span style=\"font-size: 18pt;\">8. Informa\u00e7\u00f5es de contato<\/span><\/h2>\n<p data-start=\"3871\" data-end=\"3936\">Para qualquer d\u00favida sobre o uso de cookies, entre em contato conosco em:<\/p>\n<p data-start=\"3938\" data-end=\"4085\"><strong data-start=\"3938\" data-end=\"3954\">MLM Explorer<\/strong><br data-start=\"3954\" data-end=\"3957\" \/>\ud83c\udf10 <a class=\"decorated-link\" href=\"https:\/\/mlm-explorer.com\/pt\/\" target=\"_new\" rel=\"noopener\" data-start=\"3960\" data-end=\"4012\">https:\/\/mlm-explorer.com<\/a><br data-start=\"4012\" data-end=\"4015\" \/>\ud83d\udce7 <a class=\"decorated-link cursor-pointer\" rel=\"noopener\" data-start=\"4018\" data-end=\"4085\">mlmexplorer.global@gmail.com<\/a><\/p>\t\t\t\t\t\t\t\t<\/div>\n\t\t\t\t<\/div>\n\t\t\t\t\t<\/div>\n\t\t<\/div>\n\t\t\t\t\t<\/div>\n\t\t<\/section>\n\t\t\t\t<\/div>","protected":false},"excerpt":{"rendered":"<p>Who we are Suggested text: Our website address is: https:\/\/mlm-explorer.com. Comments Suggested text: When visitors leave comments on the site [&hellip;]<\/p>","protected":false},"author":1,"featured_media":0,"parent":0,"menu_order":0,"comment_status":"closed","ping_status":"open","template":"","meta":{"site-sidebar-layout":"default","site-content-layout":"","ast-site-content-layout":"default","site-content-style":"default","site-sidebar-style":"default","ast-global-header-display":"","ast-banner-title-visibility":"","ast-main-header-display":"","ast-hfb-above-header-display":"","ast-hfb-below-header-display":"","ast-hfb-mobile-header-display":"","site-post-title":"","ast-breadcrumbs-content":"","ast-featured-img":"","footer-sml-layout":"","theme-transparent-header-meta":"","adv-header-id-meta":"","stick-header-meta":"","header-above-stick-meta":"","header-main-stick-meta":"","header-below-stick-meta":"","astra-migrate-meta-layouts":"default","ast-page-background-enabled":"default","ast-page-background-meta":{"desktop":{"background-color":"var(--ast-global-color-5)","background-image":"","background-repeat":"repeat","background-position":"center center","background-size":"auto","background-attachment":"scroll","background-type":"","background-media":"","overlay-type":"","overlay-color":"","overlay-opacity":"","overlay-gradient":""},"tablet":{"background-color":"","background-image":"","background-repeat":"repeat","background-position":"center center","background-size":"auto","background-attachment":"scroll","background-type":"","background-media":"","overlay-type":"","overlay-color":"","overlay-opacity":"","overlay-gradient":""},"mobile":{"background-color":"","background-image":"","background-repeat":"repeat","background-position":"center center","background-size":"auto","background-attachment":"scroll","background-type":"","background-media":"","overlay-type":"","overlay-color":"","overlay-opacity":"","overlay-gradient":""}},"ast-content-background-meta":{"desktop":{"background-color":"var(--ast-global-color-4)","background-image":"","background-repeat":"repeat","background-position":"center center","background-size":"auto","background-attachment":"scroll","background-type":"","background-media":"","overlay-type":"","overlay-color":"","overlay-opacity":"","overlay-gradient":""},"tablet":{"background-color":"var(--ast-global-color-4)","background-image":"","background-repeat":"repeat","background-position":"center center","background-size":"auto","background-attachment":"scroll","background-type":"","background-media":"","overlay-type":"","overlay-color":"","overlay-opacity":"","overlay-gradient":""},"mobile":{"background-color":"var(--ast-global-color-4)","background-image":"","background-repeat":"repeat","background-position":"center center","background-size":"auto","background-attachment":"scroll","background-type":"","background-media":"","overlay-type":"","overlay-color":"","overlay-opacity":"","overlay-gradient":""}},"footnotes":""},"class_list":["post-336","page","type-page","status-publish","hentry"],"yoast_head":"<!-- This site is optimized with the Yoast SEO Premium plugin v26.3 (Yoast SEO v27.3) - https:\/\/yoast.com\/product\/yoast-seo-premium-wordpress\/ -->\n<title>Cookie Policy<\/title>\n<meta name=\"robots\" content=\"index, follow, max-snippet:-1, max-image-preview:large, max-video-preview:-1\" \/>\n<link rel=\"canonical\" href=\"https:\/\/mlm-explorer.com\/pt\/politica-de-cookies\/\" \/>\n<meta property=\"og:locale\" content=\"pt_BR\" \/>\n<meta property=\"og:type\" content=\"article\" \/>\n<meta property=\"og:title\" content=\"Cookie Policy\" \/>\n<meta property=\"og:description\" content=\"Who we are Suggested text: Our website address is: https:\/\/mlm-explorer.com. Comments Suggested text: When visitors leave comments on the site [&hellip;]\" \/>\n<meta property=\"og:url\" content=\"https:\/\/mlm-explorer.com\/pt\/politica-de-cookies\/\" \/>\n<meta property=\"article:modified_time\" content=\"2025-10-10T02:41:02+00:00\" \/>\n<meta name=\"twitter:card\" content=\"summary_large_image\" \/>\n<meta name=\"twitter:label1\" content=\"Est. tempo de leitura\" \/>\n\t<meta name=\"twitter:data1\" content=\"4 minutos\" \/>\n<script type=\"application\/ld+json\" class=\"yoast-schema-graph\">{\"@context\":\"https:\\\/\\\/schema.org\",\"@graph\":[{\"@type\":\"WebPage\",\"@id\":\"https:\\\/\\\/mlm-explorer.com\\\/cookie-policy\\\/\",\"url\":\"https:\\\/\\\/mlm-explorer.com\\\/cookie-policy\\\/\",\"name\":\"Cookie Policy\",\"isPartOf\":{\"@id\":\"https:\\\/\\\/mlm-explorer.com\\\/#website\"},\"datePublished\":\"2025-10-07T01:49:55+00:00\",\"dateModified\":\"2025-10-10T02:41:02+00:00\",\"breadcrumb\":{\"@id\":\"https:\\\/\\\/mlm-explorer.com\\\/cookie-policy\\\/#breadcrumb\"},\"inLanguage\":\"pt-BR\",\"potentialAction\":[{\"@type\":\"ReadAction\",\"target\":[\"https:\\\/\\\/mlm-explorer.com\\\/cookie-policy\\\/\"]}]},{\"@type\":\"BreadcrumbList\",\"@id\":\"https:\\\/\\\/mlm-explorer.com\\\/cookie-policy\\\/#breadcrumb\",\"itemListElement\":[{\"@type\":\"ListItem\",\"position\":1,\"name\":\"Home\",\"item\":\"https:\\\/\\\/mlm-explorer.com\\\/\"},{\"@type\":\"ListItem\",\"position\":2,\"name\":\"Cookie Policy\"}]},{\"@type\":\"WebSite\",\"@id\":\"https:\\\/\\\/mlm-explorer.com\\\/#website\",\"url\":\"https:\\\/\\\/mlm-explorer.com\\\/\",\"name\":\"\",\"description\":\"\",\"potentialAction\":[{\"@type\":\"SearchAction\",\"target\":{\"@type\":\"EntryPoint\",\"urlTemplate\":\"https:\\\/\\\/mlm-explorer.com\\\/?s={search_term_string}\"},\"query-input\":{\"@type\":\"PropertyValueSpecification\",\"valueRequired\":true,\"valueName\":\"search_term_string\"}}],\"inLanguage\":\"pt-BR\"}]}<\/script>\n<!-- \/ Yoast SEO Premium plugin. -->","yoast_head_json":{"title":"Cookie Policy","robots":{"index":"index","follow":"follow","max-snippet":"max-snippet:-1","max-image-preview":"max-image-preview:large","max-video-preview":"max-video-preview:-1"},"canonical":"https:\/\/mlm-explorer.com\/pt\/politica-de-cookies\/","og_locale":"pt_BR","og_type":"article","og_title":"Cookie Policy","og_description":"Who we are Suggested text: Our website address is: https:\/\/mlm-explorer.com. Comments Suggested text: When visitors leave comments on the site [&hellip;]","og_url":"https:\/\/mlm-explorer.com\/pt\/politica-de-cookies\/","article_modified_time":"2025-10-10T02:41:02+00:00","twitter_card":"summary_large_image","twitter_misc":{"Est. tempo de leitura":"4 minutos"},"schema":{"@context":"https:\/\/schema.org","@graph":[{"@type":"WebPage","@id":"https:\/\/mlm-explorer.com\/cookie-policy\/","url":"https:\/\/mlm-explorer.com\/cookie-policy\/","name":"Cookie Policy","isPartOf":{"@id":"https:\/\/mlm-explorer.com\/#website"},"datePublished":"2025-10-07T01:49:55+00:00","dateModified":"2025-10-10T02:41:02+00:00","breadcrumb":{"@id":"https:\/\/mlm-explorer.com\/cookie-policy\/#breadcrumb"},"inLanguage":"pt-BR","potentialAction":[{"@type":"ReadAction","target":["https:\/\/mlm-explorer.com\/cookie-policy\/"]}]},{"@type":"BreadcrumbList","@id":"https:\/\/mlm-explorer.com\/cookie-policy\/#breadcrumb","itemListElement":[{"@type":"ListItem","position":1,"name":"Home","item":"https:\/\/mlm-explorer.com\/"},{"@type":"ListItem","position":2,"name":"Cookie Policy"}]},{"@type":"WebSite","@id":"https:\/\/mlm-explorer.com\/#website","url":"https:\/\/mlm-explorer.com\/","name":"","description":"","potentialAction":[{"@type":"SearchAction","target":{"@type":"EntryPoint","urlTemplate":"https:\/\/mlm-explorer.com\/?s={search_term_string}"},"query-input":{"@type":"PropertyValueSpecification","valueRequired":true,"valueName":"search_term_string"}}],"inLanguage":"pt-BR"}]}},"_links":{"self":[{"href":"https:\/\/mlm-explorer.com\/pt\/wp-json\/wp\/v2\/pages\/336","targetHints":{"allow":["GET"]}}],"collection":[{"href":"https:\/\/mlm-explorer.com\/pt\/wp-json\/wp\/v2\/pages"}],"about":[{"href":"https:\/\/mlm-explorer.com\/pt\/wp-json\/wp\/v2\/types\/page"}],"author":[{"embeddable":true,"href":"https:\/\/mlm-explorer.com\/pt\/wp-json\/wp\/v2\/users\/1"}],"replies":[{"embeddable":true,"href":"https:\/\/mlm-explorer.com\/pt\/wp-json\/wp\/v2\/comments?post=336"}],"version-history":[{"count":5,"href":"https:\/\/mlm-explorer.com\/pt\/wp-json\/wp\/v2\/pages\/336\/revisions"}],"predecessor-version":[{"id":839,"href":"https:\/\/mlm-explorer.com\/pt\/wp-json\/wp\/v2\/pages\/336\/revisions\/839"}],"wp:attachment":[{"href":"https:\/\/mlm-explorer.com\/pt\/wp-json\/wp\/v2\/media?parent=336"}],"curies":[{"name":"wp","href":"https:\/\/api.w.org\/{rel}","templated":true}]}}