{"id":330,"date":"2025-10-06T22:00:17","date_gmt":"2025-10-07T01:00:17","guid":{"rendered":"https:\/\/mlm-explorer.com\/?page_id=330"},"modified":"2025-10-06T22:01:45","modified_gmt":"2025-10-07T01:01:45","slug":"disclaimer","status":"publish","type":"page","link":"https:\/\/mlm-explorer.com\/pt\/isencao-de-responsabilidade\/","title":{"rendered":"Isen\u00e7\u00e3o de responsabilidade"},"content":{"rendered":"<style><\/style>\t\t<div data-elementor-type=\"wp-page\" data-elementor-id=\"330\" class=\"elementor elementor-330\">\n\t\t\t\t\t\t<section class=\"elementor-section elementor-top-section elementor-element elementor-element-24f1ca2e elementor-section-boxed elementor-section-height-default elementor-section-height-default\" data-id=\"24f1ca2e\" data-element_type=\"section\" data-e-type=\"section\">\n\t\t\t\t\t\t<div class=\"elementor-container elementor-column-gap-default\">\n\t\t\t\t\t<div class=\"elementor-column elementor-col-100 elementor-top-column elementor-element elementor-element-5a86b10e\" data-id=\"5a86b10e\" data-element_type=\"column\" data-e-type=\"column\">\n\t\t\t<div class=\"elementor-widget-wrap elementor-element-populated\">\n\t\t\t\t\t\t<div class=\"elementor-element elementor-element-703184bd elementor-widget elementor-widget-text-editor\" data-id=\"703184bd\" data-element_type=\"widget\" data-e-type=\"widget\" data-widget_type=\"text-editor.default\">\n\t\t\t\t<div class=\"elementor-widget-container\">\n\t\t\t\t\t\t\t\t\t<h1 data-start=\"479\" data-end=\"495\"><span style=\"font-size: 18pt;\"><strong data-start=\"481\" data-end=\"495\">Isen\u00e7\u00e3o de responsabilidade<\/strong><\/span><\/h1>\n<p data-start=\"497\" data-end=\"683\"><strong data-start=\"497\" data-end=\"516\">Data de vig\u00eancia:<\/strong> 6 de outubro de 2025<br data-start=\"532\" data-end=\"535\" \/><strong data-start=\"535\" data-end=\"547\">Site:<\/strong> <a class=\"decorated-link\" href=\"https:\/\/mlm-explorer.com\/pt\/\" target=\"_new\" rel=\"noopener\" data-start=\"548\" data-end=\"600\">https:\/\/mlm-explorer.com<\/a><br data-start=\"600\" data-end=\"603\" \/><strong data-start=\"603\" data-end=\"615\">Contato:<\/strong> <a class=\"decorated-link cursor-pointer\" rel=\"noopener\" data-start=\"616\" data-end=\"683\">mlmexplorer.global@gmail.com<\/a><\/p>\n<hr data-start=\"685\" data-end=\"688\" \/>\n<h2 data-start=\"690\" data-end=\"715\"><span style=\"font-size: 18pt;\">1. Informa\u00e7\u00f5es gerais<\/span><\/h2>\n<p data-start=\"717\" data-end=\"1008\">As informa\u00e7\u00f5es fornecidas em <strong data-start=\"745\" data-end=\"761\">MLM Explorer<\/strong> \u00e9 para <strong data-start=\"769\" data-end=\"816\">apenas para fins educacionais e informativos<\/strong>.<br data-start=\"817\" data-end=\"820\" \/>N\u00f3s nos esfor\u00e7amos para garantir a precis\u00e3o e confiabilidade de todo o conte\u00fado, mas fazemos <strong data-start=\"897\" data-end=\"914\">sem garantias<\/strong> quanto \u00e0 integridade, exatid\u00e3o ou resultados derivados do uso dessas informa\u00e7\u00f5es.<\/p>\n<p data-start=\"1010\" data-end=\"1085\">Ao utilizar este site, voc\u00ea reconhece que o faz <strong data-start=\"1064\" data-end=\"1084\">por sua conta e risco<\/strong>.<\/p>\n<hr data-start=\"1087\" data-end=\"1090\" \/>\n<h2 data-start=\"1092\" data-end=\"1131\"><span style=\"font-size: 18pt;\">2. Nenhum aconselhamento financeiro ou de investimento<\/span><\/h2>\n<p data-start=\"1133\" data-end=\"1381\"><strong data-start=\"1133\" data-end=\"1149\">MLM Explorer<\/strong> faz <strong data-start=\"1155\" data-end=\"1209\">n\u00e3o fornecer aconselhamento financeiro, de investimento ou jur\u00eddico<\/strong>.<br data-start=\"1210\" data-end=\"1213\" \/>As informa\u00e7\u00f5es contidas em artigos, guias e recursos t\u00eam como \u00fanico objetivo ajudar os leitores a compreender o <strong data-start=\"1324\" data-end=\"1354\">ind\u00fastria de marketing de rede<\/strong> e oportunidades relacionadas.<\/p>\n<p data-start=\"1383\" data-end=\"1486\">N\u00e3o oferecemos servi\u00e7os de consultoria profissional e nada neste site deve ser interpretado como:<\/p>\n<ul data-start=\"1487\" data-end=\"1638\">\n<li data-start=\"1487\" data-end=\"1532\">\n<p data-start=\"1489\" data-end=\"1532\">Uma recomenda\u00e7\u00e3o financeira ou de investimento;<\/p>\n<\/li>\n<li data-start=\"1533\" data-end=\"1581\">\n<p data-start=\"1535\" data-end=\"1581\">Um incentivo para ingressar em uma empresa espec\u00edfica;<\/p>\n<\/li>\n<li data-start=\"1582\" data-end=\"1638\">\n<p data-start=\"1584\" data-end=\"1638\">Uma promessa ou garantia de lucros, renda ou sucesso.<\/p>\n<\/li>\n<\/ul>\n<p data-start=\"1640\" data-end=\"1770\">Sempre fa\u00e7a sua pr\u00f3pria dilig\u00eancia e procure orienta\u00e7\u00e3o de um profissional qualificado antes de tomar decis\u00f5es financeiras ou comerciais.<\/p>\n<hr data-start=\"1772\" data-end=\"1775\" \/>\n<h2 data-start=\"1777\" data-end=\"1802\"><span style=\"font-size: 18pt;\">3. Isen\u00e7\u00e3o de responsabilidade sobre ganhos<\/span><\/h2>\n<p data-start=\"1804\" data-end=\"1988\">Quaisquer exemplos de ganhos, hist\u00f3rias de sucesso ou potencial de renda mencionados neste site s\u00e3o <strong data-start=\"1897\" data-end=\"1918\">apenas ilustrativo<\/strong>.<br data-start=\"1919\" data-end=\"1922\" \/>Eles fazem <strong data-start=\"1930\" data-end=\"1947\">n\u00e3o garante<\/strong> que voc\u00ea alcan\u00e7ar\u00e1 resultados semelhantes.<\/p>\n<p data-start=\"1990\" data-end=\"2072\">Seu sucesso pessoal no marketing de rede depende de v\u00e1rios fatores, incluindo:<\/p>\n<ul data-start=\"2073\" data-end=\"2200\">\n<li data-start=\"2073\" data-end=\"2112\">\n<p data-start=\"2075\" data-end=\"2112\">Esfor\u00e7o, dedica\u00e7\u00e3o e \u00e9tica de trabalho;<\/p>\n<\/li>\n<li data-start=\"2113\" data-end=\"2153\">\n<p data-start=\"2115\" data-end=\"2153\">Experi\u00eancia, conhecimento e estrat\u00e9gia;<\/p>\n<\/li>\n<li data-start=\"2154\" data-end=\"2200\">\n<p data-start=\"2156\" data-end=\"2200\">Condi\u00e7\u00f5es de mercado e desempenho da empresa.<\/p>\n<\/li>\n<\/ul>\n<p data-start=\"2202\" data-end=\"2368\"><strong data-start=\"2202\" data-end=\"2218\">MLM Explorer<\/strong> faz <strong data-start=\"2224\" data-end=\"2231\">n\u00e3o<\/strong> alegar, representar ou sugerir que qualquer indiv\u00edduo ganhar\u00e1 uma quantia espec\u00edfica de dinheiro seguindo as informa\u00e7\u00f5es compartilhadas neste site.<\/p>\n<hr data-start=\"2370\" data-end=\"2373\" \/>\n<h2 data-start=\"2375\" data-end=\"2417\"><span style=\"font-size: 18pt;\">4. Divulga\u00e7\u00e3o de afiliados e terceiros<\/span><\/h2>\n<p data-start=\"2419\" data-end=\"2574\">Alguns artigos ou links em <strong data-start=\"2445\" data-end=\"2461\">MLM Explorer<\/strong> pode incluir <strong data-start=\"2474\" data-end=\"2493\">links de afiliados<\/strong>, o que significa que podemos receber uma comiss\u00e3o se voc\u00ea clicar ou se registrar por meio deles.<\/p>\n<p data-start=\"2576\" data-end=\"2718\">Isso faz <strong data-start=\"2586\" data-end=\"2593\">n\u00e3o<\/strong> afetam nossa integridade editorial \u2014 todas as opini\u00f5es e recomenda\u00e7\u00f5es expressas neste site s\u00e3o <strong data-start=\"2687\" data-end=\"2715\">independente e imparcial<\/strong>.<\/p>\n<p data-start=\"2720\" data-end=\"2952\">N\u00f3s somos <strong data-start=\"2727\" data-end=\"2746\">n\u00e3o \u00e9 respons\u00e1vel<\/strong> para as a\u00e7\u00f5es, produtos ou pol\u00edticas de quaisquer sites ou empresas de terceiros vinculados a partir de nossa plataforma.<br data-start=\"2852\" data-end=\"2855\" \/>Antes de se envolver com qualquer empresa externa, voc\u00ea deve revisar seus termos e condi\u00e7\u00f5es oficiais.<\/p>\n<hr data-start=\"2954\" data-end=\"2957\" \/>\n<h2 data-start=\"2959\" data-end=\"2978\"><span style=\"font-size: 18pt;\">5. Sem garantias<\/span><\/h2>\n<p data-start=\"2980\" data-end=\"3155\">Todo o conte\u00fado e servi\u00e7os fornecidos atrav\u00e9s <strong data-start=\"3022\" data-end=\"3038\">MLM Explorer<\/strong> s\u00e3o oferecidos \u201c<strong data-start=\"3052\" data-end=\"3061\">como \u00e9<\/strong>&quot; e &quot;<strong data-start=\"3068\" data-end=\"3084\">conforme dispon\u00edvel<\/strong>\u201d sem quaisquer garantias, expressas ou impl\u00edcitas.<br data-start=\"3129\" data-end=\"3132\" \/>N\u00e3o garantimos que:<\/p>\n<ul data-start=\"3156\" data-end=\"3353\">\n<li data-start=\"3156\" data-end=\"3220\">\n<p data-start=\"3158\" data-end=\"3220\">O site sempre funcionar\u00e1 sem interrup\u00e7\u00f5es ou erros;<\/p>\n<\/li>\n<li data-start=\"3221\" data-end=\"3287\">\n<p data-start=\"3223\" data-end=\"3287\">As informa\u00e7\u00f5es fornecidas est\u00e3o livres de imprecis\u00f5es ou omiss\u00f5es;<\/p>\n<\/li>\n<li data-start=\"3288\" data-end=\"3353\">\n<p data-start=\"3290\" data-end=\"3353\">Sites externos vinculados ao nosso conte\u00fado s\u00e3o seguros ou precisos.<\/p>\n<\/li>\n<\/ul>\n<hr data-start=\"3355\" data-end=\"3358\" \/>\n<h2 data-start=\"3360\" data-end=\"3389\"><span style=\"font-size: 18pt;\">6. Limita\u00e7\u00e3o de responsabilidade<\/span><\/h2>\n<p data-start=\"3391\" data-end=\"3501\">Em nenhuma circunst\u00e2ncia dever\u00e1 <strong data-start=\"3420\" data-end=\"3436\">MLM Explorer<\/strong>, seus administradores, parceiros ou afiliados ser\u00e3o responsabilizados por:<\/p>\n<ul data-start=\"3502\" data-end=\"3738\">\n<li data-start=\"3502\" data-end=\"3561\">\n<p data-start=\"3504\" data-end=\"3561\">Qualquer perda de renda, lucros ou oportunidades de neg\u00f3cios;<\/p>\n<\/li>\n<li data-start=\"3562\" data-end=\"3601\">\n<p data-start=\"3564\" data-end=\"3601\">Erros ou omiss\u00f5es no conte\u00fado;<\/p>\n<\/li>\n<li data-start=\"3602\" data-end=\"3669\">\n<p data-start=\"3604\" data-end=\"3669\">Danos resultantes da utiliza\u00e7\u00e3o ou da impossibilidade de utiliza\u00e7\u00e3o do site;<\/p>\n<\/li>\n<li data-start=\"3670\" data-end=\"3738\">\n<p data-start=\"3672\" data-end=\"3738\">Confian\u00e7a em informa\u00e7\u00f5es fornecidas em sites de terceiros vinculados aqui.<\/p>\n<\/li>\n<\/ul>\n<p data-start=\"3740\" data-end=\"3849\">O uso deste site constitui seu total reconhecimento e aceita\u00e7\u00e3o desta limita\u00e7\u00e3o de responsabilidade.<\/p>\n<hr data-start=\"3851\" data-end=\"3854\" \/>\n<h2 data-start=\"3856\" data-end=\"3876\"><span style=\"font-size: 18pt;\">7. Links externos<\/span><\/h2>\n<p data-start=\"3878\" data-end=\"4015\">Nosso site pode conter links para outros sites, programas ou servi\u00e7os relacionados a <strong data-start=\"3960\" data-end=\"3981\">marketing de rede<\/strong> ou <strong data-start=\"3985\" data-end=\"4012\">oportunidades de afiliados<\/strong>.<\/p>\n<p data-start=\"4017\" data-end=\"4175\">Esses links s\u00e3o fornecidos apenas para sua conveni\u00eancia.<br data-start=\"4065\" data-end=\"4068\" \/>N\u00e3o endossamos nem assumimos responsabilidade pelo conte\u00fado, seguran\u00e7a ou pr\u00e1ticas desses sites externos.<\/p>\n<hr data-start=\"4177\" data-end=\"4180\" \/>\n<h2 data-start=\"4182\" data-end=\"4214\"><span style=\"font-size: 18pt;\">8. Atualiza\u00e7\u00f5es desta Isen\u00e7\u00e3o de Responsabilidade<\/span><\/h2>\n<p data-start=\"4216\" data-end=\"4459\"><strong data-start=\"4216\" data-end=\"4232\">MLM Explorer<\/strong> pode atualizar este Aviso Legal a qualquer momento sem aviso pr\u00e9vio.<br data-start=\"4293\" data-end=\"4296\" \/>A vers\u00e3o mais recente estar\u00e1 sempre dispon\u00edvel nesta p\u00e1gina, juntamente com a data de vig\u00eancia acima.<br data-start=\"4390\" data-end=\"4393\" \/>Incentivamos os usu\u00e1rios a revisar esta p\u00e1gina regularmente para se manterem informados.<\/p>\n<hr data-start=\"4461\" data-end=\"4464\" \/>\n<h2 data-start=\"4466\" data-end=\"4491\"><span style=\"font-size: 18pt;\">9. Informa\u00e7\u00f5es de contato<\/span><\/h2>\n<p data-start=\"4493\" data-end=\"4575\">Caso tenha alguma d\u00favida ou preocupa\u00e7\u00e3o sobre este Aviso Legal, entre em contato conosco em:<\/p>\n<p data-start=\"4577\" data-end=\"4724\"><strong data-start=\"4577\" data-end=\"4593\">MLM Explorer<\/strong><br data-start=\"4593\" data-end=\"4596\" \/>\ud83c\udf10 <a class=\"decorated-link\" href=\"https:\/\/mlm-explorer.com\/pt\/\" target=\"_new\" rel=\"noopener\" data-start=\"4599\" data-end=\"4651\">https:\/\/mlm-explorer.com<\/a><br data-start=\"4651\" data-end=\"4654\" \/>\ud83d\udce7 <a class=\"decorated-link cursor-pointer\" rel=\"noopener\" data-start=\"4657\" data-end=\"4724\">mlmexplorer.global@gmail.com<\/a><\/p>\t\t\t\t\t\t\t\t<\/div>\n\t\t\t\t<\/div>\n\t\t\t\t\t<\/div>\n\t\t<\/div>\n\t\t\t\t\t<\/div>\n\t\t<\/section>\n\t\t\t\t<\/div>","protected":false},"excerpt":{"rendered":"<p>Who we are Suggested text: Our website address is: https:\/\/mlm-explorer.com. Comments Suggested text: When visitors leave comments on the site [&hellip;]<\/p>","protected":false},"author":1,"featured_media":0,"parent":0,"menu_order":0,"comment_status":"closed","ping_status":"open","template":"","meta":{"site-sidebar-layout":"default","site-content-layout":"","ast-site-content-layout":"default","site-content-style":"default","site-sidebar-style":"default","ast-global-header-display":"","ast-banner-title-visibility":"","ast-main-header-display":"","ast-hfb-above-header-display":"","ast-hfb-below-header-display":"","ast-hfb-mobile-header-display":"","site-post-title":"","ast-breadcrumbs-content":"","ast-featured-img":"","footer-sml-layout":"","theme-transparent-header-meta":"","adv-header-id-meta":"","stick-header-meta":"","header-above-stick-meta":"","header-main-stick-meta":"","header-below-stick-meta":"","astra-migrate-meta-layouts":"default","ast-page-background-enabled":"default","ast-page-background-meta":{"desktop":{"background-color":"var(--ast-global-color-5)","background-image":"","background-repeat":"repeat","background-position":"center center","background-size":"auto","background-attachment":"scroll","background-type":"","background-media":"","overlay-type":"","overlay-color":"","overlay-opacity":"","overlay-gradient":""},"tablet":{"background-color":"","background-image":"","background-repeat":"repeat","background-position":"center center","background-size":"auto","background-attachment":"scroll","background-type":"","background-media":"","overlay-type":"","overlay-color":"","overlay-opacity":"","overlay-gradient":""},"mobile":{"background-color":"","background-image":"","background-repeat":"repeat","background-position":"center center","background-size":"auto","background-attachment":"scroll","background-type":"","background-media":"","overlay-type":"","overlay-color":"","overlay-opacity":"","overlay-gradient":""}},"ast-content-background-meta":{"desktop":{"background-color":"var(--ast-global-color-4)","background-image":"","background-repeat":"repeat","background-position":"center center","background-size":"auto","background-attachment":"scroll","background-type":"","background-media":"","overlay-type":"","overlay-color":"","overlay-opacity":"","overlay-gradient":""},"tablet":{"background-color":"var(--ast-global-color-4)","background-image":"","background-repeat":"repeat","background-position":"center center","background-size":"auto","background-attachment":"scroll","background-type":"","background-media":"","overlay-type":"","overlay-color":"","overlay-opacity":"","overlay-gradient":""},"mobile":{"background-color":"var(--ast-global-color-4)","background-image":"","background-repeat":"repeat","background-position":"center center","background-size":"auto","background-attachment":"scroll","background-type":"","background-media":"","overlay-type":"","overlay-color":"","overlay-opacity":"","overlay-gradient":""}},"footnotes":""},"class_list":["post-330","page","type-page","status-publish","hentry"],"yoast_head":"<!-- This site is optimized with the Yoast SEO Premium plugin v26.3 (Yoast SEO v27.3) - https:\/\/yoast.com\/product\/yoast-seo-premium-wordpress\/ -->\n<title>Disclaimer<\/title>\n<meta name=\"robots\" content=\"index, follow, max-snippet:-1, max-image-preview:large, max-video-preview:-1\" \/>\n<link rel=\"canonical\" href=\"https:\/\/mlm-explorer.com\/pt\/isencao-de-responsabilidade\/\" \/>\n<meta property=\"og:locale\" content=\"pt_BR\" \/>\n<meta property=\"og:type\" content=\"article\" \/>\n<meta property=\"og:title\" content=\"Disclaimer\" \/>\n<meta property=\"og:description\" content=\"Who we are Suggested text: Our website address is: https:\/\/mlm-explorer.com. Comments Suggested text: When visitors leave comments on the site [&hellip;]\" \/>\n<meta property=\"og:url\" content=\"https:\/\/mlm-explorer.com\/pt\/isencao-de-responsabilidade\/\" \/>\n<meta property=\"article:modified_time\" content=\"2025-10-07T01:01:45+00:00\" \/>\n<meta name=\"twitter:card\" content=\"summary_large_image\" \/>\n<meta name=\"twitter:label1\" content=\"Est. tempo de leitura\" \/>\n\t<meta name=\"twitter:data1\" content=\"3 minutos\" \/>\n<script type=\"application\/ld+json\" class=\"yoast-schema-graph\">{\"@context\":\"https:\\\/\\\/schema.org\",\"@graph\":[{\"@type\":\"WebPage\",\"@id\":\"https:\\\/\\\/mlm-explorer.com\\\/disclaimer\\\/\",\"url\":\"https:\\\/\\\/mlm-explorer.com\\\/disclaimer\\\/\",\"name\":\"Disclaimer\",\"isPartOf\":{\"@id\":\"https:\\\/\\\/mlm-explorer.com\\\/#website\"},\"datePublished\":\"2025-10-07T01:00:17+00:00\",\"dateModified\":\"2025-10-07T01:01:45+00:00\",\"breadcrumb\":{\"@id\":\"https:\\\/\\\/mlm-explorer.com\\\/disclaimer\\\/#breadcrumb\"},\"inLanguage\":\"pt-BR\",\"potentialAction\":[{\"@type\":\"ReadAction\",\"target\":[\"https:\\\/\\\/mlm-explorer.com\\\/disclaimer\\\/\"]}]},{\"@type\":\"BreadcrumbList\",\"@id\":\"https:\\\/\\\/mlm-explorer.com\\\/disclaimer\\\/#breadcrumb\",\"itemListElement\":[{\"@type\":\"ListItem\",\"position\":1,\"name\":\"Home\",\"item\":\"https:\\\/\\\/mlm-explorer.com\\\/\"},{\"@type\":\"ListItem\",\"position\":2,\"name\":\"Disclaimer\"}]},{\"@type\":\"WebSite\",\"@id\":\"https:\\\/\\\/mlm-explorer.com\\\/#website\",\"url\":\"https:\\\/\\\/mlm-explorer.com\\\/\",\"name\":\"\",\"description\":\"\",\"potentialAction\":[{\"@type\":\"SearchAction\",\"target\":{\"@type\":\"EntryPoint\",\"urlTemplate\":\"https:\\\/\\\/mlm-explorer.com\\\/?s={search_term_string}\"},\"query-input\":{\"@type\":\"PropertyValueSpecification\",\"valueRequired\":true,\"valueName\":\"search_term_string\"}}],\"inLanguage\":\"pt-BR\"}]}<\/script>\n<!-- \/ Yoast SEO Premium plugin. -->","yoast_head_json":{"title":"Disclaimer","robots":{"index":"index","follow":"follow","max-snippet":"max-snippet:-1","max-image-preview":"max-image-preview:large","max-video-preview":"max-video-preview:-1"},"canonical":"https:\/\/mlm-explorer.com\/pt\/isencao-de-responsabilidade\/","og_locale":"pt_BR","og_type":"article","og_title":"Disclaimer","og_description":"Who we are Suggested text: Our website address is: https:\/\/mlm-explorer.com. Comments Suggested text: When visitors leave comments on the site [&hellip;]","og_url":"https:\/\/mlm-explorer.com\/pt\/isencao-de-responsabilidade\/","article_modified_time":"2025-10-07T01:01:45+00:00","twitter_card":"summary_large_image","twitter_misc":{"Est. tempo de leitura":"3 minutos"},"schema":{"@context":"https:\/\/schema.org","@graph":[{"@type":"WebPage","@id":"https:\/\/mlm-explorer.com\/disclaimer\/","url":"https:\/\/mlm-explorer.com\/disclaimer\/","name":"Disclaimer","isPartOf":{"@id":"https:\/\/mlm-explorer.com\/#website"},"datePublished":"2025-10-07T01:00:17+00:00","dateModified":"2025-10-07T01:01:45+00:00","breadcrumb":{"@id":"https:\/\/mlm-explorer.com\/disclaimer\/#breadcrumb"},"inLanguage":"pt-BR","potentialAction":[{"@type":"ReadAction","target":["https:\/\/mlm-explorer.com\/disclaimer\/"]}]},{"@type":"BreadcrumbList","@id":"https:\/\/mlm-explorer.com\/disclaimer\/#breadcrumb","itemListElement":[{"@type":"ListItem","position":1,"name":"Home","item":"https:\/\/mlm-explorer.com\/"},{"@type":"ListItem","position":2,"name":"Disclaimer"}]},{"@type":"WebSite","@id":"https:\/\/mlm-explorer.com\/#website","url":"https:\/\/mlm-explorer.com\/","name":"","description":"","potentialAction":[{"@type":"SearchAction","target":{"@type":"EntryPoint","urlTemplate":"https:\/\/mlm-explorer.com\/?s={search_term_string}"},"query-input":{"@type":"PropertyValueSpecification","valueRequired":true,"valueName":"search_term_string"}}],"inLanguage":"pt-BR"}]}},"_links":{"self":[{"href":"https:\/\/mlm-explorer.com\/pt\/wp-json\/wp\/v2\/pages\/330","targetHints":{"allow":["GET"]}}],"collection":[{"href":"https:\/\/mlm-explorer.com\/pt\/wp-json\/wp\/v2\/pages"}],"about":[{"href":"https:\/\/mlm-explorer.com\/pt\/wp-json\/wp\/v2\/types\/page"}],"author":[{"embeddable":true,"href":"https:\/\/mlm-explorer.com\/pt\/wp-json\/wp\/v2\/users\/1"}],"replies":[{"embeddable":true,"href":"https:\/\/mlm-explorer.com\/pt\/wp-json\/wp\/v2\/comments?post=330"}],"version-history":[{"count":3,"href":"https:\/\/mlm-explorer.com\/pt\/wp-json\/wp\/v2\/pages\/330\/revisions"}],"predecessor-version":[{"id":333,"href":"https:\/\/mlm-explorer.com\/pt\/wp-json\/wp\/v2\/pages\/330\/revisions\/333"}],"wp:attachment":[{"href":"https:\/\/mlm-explorer.com\/pt\/wp-json\/wp\/v2\/media?parent=330"}],"curies":[{"name":"wp","href":"https:\/\/api.w.org\/{rel}","templated":true}]}}