{"id":326,"date":"2025-10-06T21:56:46","date_gmt":"2025-10-07T00:56:46","guid":{"rendered":"https:\/\/mlm-explorer.com\/?page_id=326"},"modified":"2025-10-06T21:58:28","modified_gmt":"2025-10-07T00:58:28","slug":"terms-of-use","status":"publish","type":"page","link":"https:\/\/mlm-explorer.com\/pt\/termos-de-uso\/","title":{"rendered":"Termos de Uso"},"content":{"rendered":"<style><\/style>\t\t<div data-elementor-type=\"wp-page\" data-elementor-id=\"326\" class=\"elementor elementor-326\">\n\t\t\t\t\t\t<section class=\"elementor-section elementor-top-section elementor-element elementor-element-24f1ca2e elementor-section-boxed elementor-section-height-default elementor-section-height-default\" data-id=\"24f1ca2e\" data-element_type=\"section\" data-e-type=\"section\">\n\t\t\t\t\t\t<div class=\"elementor-container elementor-column-gap-default\">\n\t\t\t\t\t<div class=\"elementor-column elementor-col-100 elementor-top-column elementor-element elementor-element-5a86b10e\" data-id=\"5a86b10e\" data-element_type=\"column\" data-e-type=\"column\">\n\t\t\t<div class=\"elementor-widget-wrap elementor-element-populated\">\n\t\t\t\t\t\t<div class=\"elementor-element elementor-element-703184bd elementor-widget elementor-widget-text-editor\" data-id=\"703184bd\" data-element_type=\"widget\" data-e-type=\"widget\" data-widget_type=\"text-editor.default\">\n\t\t\t\t<div class=\"elementor-widget-container\">\n\t\t\t\t\t\t\t\t\t<h1 data-start=\"259\" data-end=\"277\"><span style=\"font-size: 18pt;\"><strong data-start=\"261\" data-end=\"277\">Termos de Uso<\/strong><\/span><\/h1>\n<p data-start=\"279\" data-end=\"465\"><strong data-start=\"279\" data-end=\"298\">Data de vig\u00eancia:<\/strong> 6 de outubro de 2025<br data-start=\"314\" data-end=\"317\" \/><strong data-start=\"317\" data-end=\"329\">Site:<\/strong> <a class=\"decorated-link\" href=\"https:\/\/mlm-explorer.com\/pt\/\" target=\"_new\" rel=\"noopener\" data-start=\"330\" data-end=\"382\">https:\/\/mlm-explorer.com<\/a><br data-start=\"382\" data-end=\"385\" \/><strong data-start=\"385\" data-end=\"397\">Contato:<\/strong> <a class=\"decorated-link cursor-pointer\" rel=\"noopener\" data-start=\"398\" data-end=\"465\">mlmexplorer.global@gmail.com<\/a><\/p>\n<hr data-start=\"467\" data-end=\"470\" \/>\n<h2 data-start=\"472\" data-end=\"497\"><span style=\"font-size: 18pt;\">1. Aceita\u00e7\u00e3o dos Termos<\/span><\/h2>\n<p data-start=\"499\" data-end=\"724\">Bem-vindo ao <strong data-start=\"510\" data-end=\"526\">MLM Explorer<\/strong>. Ao acessar ou usar este site, voc\u00ea concorda em ficar vinculado a estes <strong data-start=\"595\" data-end=\"611\">Termos de Uso<\/strong> e todas as leis e regulamentos aplic\u00e1veis.<br data-start=\"652\" data-end=\"655\" \/>Se voc\u00ea n\u00e3o concordar com estes termos, por favor, n\u00e3o utilize este site.<\/p>\n<p data-start=\"726\" data-end=\"857\">Podemos atualizar ou modificar estes Termos de Uso a qualquer momento, sem aviso pr\u00e9vio. A vers\u00e3o mais recente ser\u00e1 sempre publicada nesta p\u00e1gina.<\/p>\n<hr data-start=\"859\" data-end=\"862\" \/>\n<h2 data-start=\"864\" data-end=\"892\"><span style=\"font-size: 18pt;\">2. Finalidade do Site<\/span><\/h2>\n<p data-start=\"894\" data-end=\"1146\"><strong data-start=\"894\" data-end=\"910\">MLM Explorer<\/strong> \u00e9 uma plataforma informativa dedicada ao campo da <strong data-start=\"966\" data-end=\"1011\">marketing de rede (marketing multin\u00edvel)<\/strong>.<br data-start=\"1012\" data-end=\"1015\" \/>O site fornece conte\u00fado educacional, an\u00e1lises de empresas, guias e insights apenas para fins informativos e educacionais.<\/p>\n<p data-start=\"1148\" data-end=\"1338\">N\u00f3s fazemos <strong data-start=\"1154\" data-end=\"1175\">n\u00e3o vender produtos<\/strong>, <strong data-start=\"1177\" data-end=\"1198\">oferecer investimentos<\/strong>, ou <strong data-start=\"1203\" data-end=\"1234\">garantir resultados financeiros<\/strong>.<br data-start=\"1235\" data-end=\"1238\" \/>Qualquer decis\u00e3o tomada com base nas informa\u00e7\u00f5es fornecidas neste site \u00e9 por sua conta e risco.<\/p>\n<hr data-start=\"1340\" data-end=\"1343\" \/>\n<h2 data-start=\"1345\" data-end=\"1390\"><span style=\"font-size: 18pt;\">3. Links externos e sites de terceiros<\/span><\/h2>\n<p data-start=\"1392\" data-end=\"1552\">Nosso site pode conter links para sites externos ou de terceiros, incluindo p\u00e1ginas de registro de empresas, programas de afiliados ou outros recursos informativos.<\/p>\n<p data-start=\"1554\" data-end=\"1756\">N\u00f3s somos <strong data-start=\"1561\" data-end=\"1580\">n\u00e3o \u00e9 respons\u00e1vel<\/strong> pelo conte\u00fado, precis\u00e3o ou pr\u00e1ticas desses sites externos.<br data-start=\"1645\" data-end=\"1648\" \/>O acesso a links de terceiros \u00e9 feito por sua conta e risco, e seus respectivos termos e pol\u00edticas de privacidade se aplicam.<\/p>\n<hr data-start=\"1758\" data-end=\"1761\" \/>\n<h2 data-start=\"1763\" data-end=\"1797\"><span style=\"font-size: 18pt;\">4. Direitos de Propriedade Intelectual<\/span><\/h2>\n<p data-start=\"1799\" data-end=\"1953\">Todo o conte\u00fado publicado em <strong data-start=\"1824\" data-end=\"1840\">MLM Explorer<\/strong>, incluindo texto, imagens, logotipos e outros materiais, \u00e9 protegido por direitos autorais e leis de propriedade intelectual.<\/p>\n<p data-start=\"1955\" data-end=\"2193\">Voc\u00ea pode visualizar e compartilhar nosso conte\u00fado para uso pessoal e n\u00e3o comercial, desde que d\u00ea os devidos cr\u00e9ditos.<br data-start=\"2059\" data-end=\"2062\" \/>A reprodu\u00e7\u00e3o, distribui\u00e7\u00e3o, modifica\u00e7\u00e3o ou republica\u00e7\u00e3o de qualquer material sem consentimento pr\u00e9vio por escrito \u00e9 <strong data-start=\"2169\" data-end=\"2192\">estritamente proibido<\/strong>.<\/p>\n<hr data-start=\"2195\" data-end=\"2198\" \/>\n<h2 data-start=\"2200\" data-end=\"2234\"><span style=\"font-size: 18pt;\">5. Nenhum aconselhamento financeiro ou jur\u00eddico<\/span><\/h2>\n<p data-start=\"2236\" data-end=\"2375\">Todas as informa\u00e7\u00f5es fornecidas neste site s\u00e3o para <strong data-start=\"2284\" data-end=\"2331\">apenas para fins educacionais e informativos<\/strong>.<br data-start=\"2332\" data-end=\"2335\" \/>Nada ligado <strong data-start=\"2346\" data-end=\"2362\">MLM Explorer<\/strong> constitui:<\/p>\n<ul data-start=\"2376\" data-end=\"2499\">\n<li data-start=\"2376\" data-end=\"2396\">\n<p data-start=\"2378\" data-end=\"2396\">Aconselhamento financeiro<\/p>\n<\/li>\n<li data-start=\"2397\" data-end=\"2420\">\n<p data-start=\"2399\" data-end=\"2420\">Orienta\u00e7\u00e3o de investimento<\/p>\n<\/li>\n<li data-start=\"2421\" data-end=\"2453\">\n<p data-start=\"2423\" data-end=\"2453\">Recomenda\u00e7\u00f5es legais ou fiscais<\/p>\n<\/li>\n<li data-start=\"2454\" data-end=\"2499\">\n<p data-start=\"2456\" data-end=\"2499\">Uma garantia de renda ou sucesso empresarial<\/p>\n<\/li>\n<\/ul>\n<p data-start=\"2501\" data-end=\"2579\">Procure sempre aconselhamento profissional antes de tomar decis\u00f5es financeiras ou comerciais.<\/p>\n<hr data-start=\"2581\" data-end=\"2584\" \/>\n<h2 data-start=\"2586\" data-end=\"2615\"><span style=\"font-size: 18pt;\">6. Limita\u00e7\u00e3o de responsabilidade<\/span><\/h2>\n<p data-start=\"2617\" data-end=\"2800\">Na m\u00e1xima extens\u00e3o permitida por lei, <strong data-start=\"2657\" data-end=\"2673\">MLM Explorer<\/strong> e seus administradores n\u00e3o ser\u00e3o responsabilizados por quaisquer danos diretos, indiretos, incidentais ou consequenciais resultantes de:<\/p>\n<ul data-start=\"2801\" data-end=\"2933\">\n<li data-start=\"2801\" data-end=\"2845\">\n<p data-start=\"2803\" data-end=\"2845\">O uso ou a incapacidade de usar o site;<\/p>\n<\/li>\n<li data-start=\"2846\" data-end=\"2890\">\n<p data-start=\"2848\" data-end=\"2890\">Confian\u00e7a nas informa\u00e7\u00f5es fornecidas aqui;<\/p>\n<\/li>\n<li data-start=\"2891\" data-end=\"2933\">\n<p data-start=\"2893\" data-end=\"2933\">Acesso a sites ou links de terceiros.<\/p>\n<\/li>\n<\/ul>\n<p data-start=\"2935\" data-end=\"3010\">Voc\u00ea reconhece que o uso do site \u00e9 inteiramente <strong data-start=\"2989\" data-end=\"3009\">por sua conta e risco<\/strong>.<\/p>\n<hr data-start=\"3012\" data-end=\"3015\" \/>\n<h2 data-start=\"3017\" data-end=\"3047\"><span style=\"font-size: 18pt;\">7. Isen\u00e7\u00e3o de garantias<\/span><\/h2>\n<p data-start=\"3049\" data-end=\"3175\">O site e seu conte\u00fado s\u00e3o fornecidos \u201c<strong data-start=\"3091\" data-end=\"3100\">como \u00e9<\/strong>\u201d sem quaisquer garantias, expressas ou impl\u00edcitas, incluindo, mas n\u00e3o se limitando a:<\/p>\n<ul data-start=\"3176\" data-end=\"3314\">\n<li data-start=\"3176\" data-end=\"3234\">\n<p data-start=\"3178\" data-end=\"3234\">Precis\u00e3o, confiabilidade ou integridade do conte\u00fado;<\/p>\n<\/li>\n<li data-start=\"3235\" data-end=\"3272\">\n<p data-start=\"3237\" data-end=\"3272\">Aptid\u00e3o para uma finalidade espec\u00edfica;<\/p>\n<\/li>\n<li data-start=\"3273\" data-end=\"3314\">\n<p data-start=\"3275\" data-end=\"3314\">N\u00e3o viola\u00e7\u00e3o de direitos de terceiros.<\/p>\n<\/li>\n<\/ul>\n<p data-start=\"3316\" data-end=\"3414\">N\u00e3o garantimos que o site estar\u00e1 livre de interrup\u00e7\u00f5es, erros ou problemas t\u00e9cnicos.<\/p>\n<hr data-start=\"3416\" data-end=\"3419\" \/>\n<h2 data-start=\"3421\" data-end=\"3439\"><span style=\"font-size: 18pt;\">8. Conduta do Usu\u00e1rio<\/span><\/h2>\n<p data-start=\"3441\" data-end=\"3487\">Ao utilizar este site, voc\u00ea concorda <strong data-start=\"3476\" data-end=\"3487\">n\u00e3o para:<\/strong><\/p>\n<ul data-start=\"3488\" data-end=\"3701\">\n<li data-start=\"3488\" data-end=\"3535\">\n<p data-start=\"3490\" data-end=\"3535\">Violar quaisquer leis ou regulamentos aplic\u00e1veis;<\/p>\n<\/li>\n<li data-start=\"3536\" data-end=\"3589\">\n<p data-start=\"3538\" data-end=\"3589\">Utilizar o site para fins il\u00edcitos ou fraudulentos;<\/p>\n<\/li>\n<li data-start=\"3590\" data-end=\"3655\">\n<p data-start=\"3592\" data-end=\"3655\">Tentar obter acesso n\u00e3o autorizado aos sistemas do site;<\/p>\n<\/li>\n<li data-start=\"3656\" data-end=\"3701\">\n<p data-start=\"3658\" data-end=\"3701\">Interromper ou danificar a funcionalidade do site.<\/p>\n<\/li>\n<\/ul>\n<p data-start=\"3703\" data-end=\"3780\">Reservamo-nos o direito de restringir o acesso a qualquer usu\u00e1rio que viole estes termos.<\/p>\n<hr data-start=\"3782\" data-end=\"3785\" \/>\n<h2 data-start=\"3787\" data-end=\"3813\"><span style=\"font-size: 18pt;\">9. Divulga\u00e7\u00e3o de afiliados<\/span><\/h2>\n<p data-start=\"3815\" data-end=\"4104\">Alguns links em <strong data-start=\"3829\" data-end=\"3845\">MLM Explorer<\/strong> talvez <strong data-start=\"3853\" data-end=\"3872\">links de afiliados<\/strong>, o que significa que podemos ganhar uma comiss\u00e3o se voc\u00ea clicar ou se registrar por meio deles.<br data-start=\"3945\" data-end=\"3948\" \/>Isso acontece em <strong data-start=\"3962\" data-end=\"3984\">sem custo adicional<\/strong> para voc\u00ea e ajuda a manter nossa plataforma.<br data-start=\"4042\" data-end=\"4045\" \/>Nosso conte\u00fado editorial permanece <strong data-start=\"4075\" data-end=\"4103\">independente e imparcial<\/strong>.<\/p>\n<hr data-start=\"4106\" data-end=\"4109\" \/>\n<h2 data-start=\"4111\" data-end=\"4131\"><span style=\"font-size: 18pt;\">10. Lei aplic\u00e1vel<\/span><\/h2>\n<p data-start=\"4133\" data-end=\"4367\">Estes Termos de Uso s\u00e3o regidos e interpretados de acordo com as leis aplic\u00e1veis em <strong data-start=\"4224\" data-end=\"4234\">Brasil<\/strong>, onde <strong data-start=\"4242\" data-end=\"4258\">MLM Explorer<\/strong> opera administrativamente e tamb\u00e9m pode cumprir com as normas relevantes <strong data-start=\"4320\" data-end=\"4342\">leis internacionais<\/strong> (como GDPR e CCPA).<\/p>\n<p data-start=\"4369\" data-end=\"4487\">Qualquer disputa decorrente do uso deste site ser\u00e1 resolvida de acordo com as regras jurisdicionais aplic\u00e1veis.<\/p>\n<hr data-start=\"4489\" data-end=\"4492\" \/>\n<h2 data-start=\"4494\" data-end=\"4520\"><span style=\"font-size: 18pt;\">11. Informa\u00e7\u00f5es de contato<\/span><\/h2>\n<p data-start=\"4522\" data-end=\"4591\">Para quaisquer d\u00favidas sobre estes Termos de Uso, entre em contato conosco em:<\/p>\n<p data-start=\"4593\" data-end=\"4740\"><strong data-start=\"4593\" data-end=\"4609\">MLM Explorer<\/strong><br data-start=\"4609\" data-end=\"4612\" \/>\ud83c\udf10 <a class=\"decorated-link\" href=\"https:\/\/mlm-explorer.com\/pt\/\" target=\"_new\" rel=\"noopener\" data-start=\"4615\" data-end=\"4667\">https:\/\/mlm-explorer.com<\/a><br data-start=\"4667\" data-end=\"4670\" \/>\ud83d\udce7 <a class=\"decorated-link cursor-pointer\" rel=\"noopener\" data-start=\"4673\" data-end=\"4740\">mlmexplorer.global@gmail.com<\/a><\/p>\t\t\t\t\t\t\t\t<\/div>\n\t\t\t\t<\/div>\n\t\t\t\t\t<\/div>\n\t\t<\/div>\n\t\t\t\t\t<\/div>\n\t\t<\/section>\n\t\t\t\t<\/div>","protected":false},"excerpt":{"rendered":"<p>Who we are Suggested text: Our website address is: https:\/\/mlm-explorer.com. Comments Suggested text: When visitors leave comments on the site [&hellip;]<\/p>","protected":false},"author":1,"featured_media":0,"parent":0,"menu_order":0,"comment_status":"closed","ping_status":"open","template":"","meta":{"site-sidebar-layout":"default","site-content-layout":"","ast-site-content-layout":"default","site-content-style":"default","site-sidebar-style":"default","ast-global-header-display":"","ast-banner-title-visibility":"","ast-main-header-display":"","ast-hfb-above-header-display":"","ast-hfb-below-header-display":"","ast-hfb-mobile-header-display":"","site-post-title":"","ast-breadcrumbs-content":"","ast-featured-img":"","footer-sml-layout":"","theme-transparent-header-meta":"","adv-header-id-meta":"","stick-header-meta":"","header-above-stick-meta":"","header-main-stick-meta":"","header-below-stick-meta":"","astra-migrate-meta-layouts":"default","ast-page-background-enabled":"default","ast-page-background-meta":{"desktop":{"background-color":"var(--ast-global-color-5)","background-image":"","background-repeat":"repeat","background-position":"center center","background-size":"auto","background-attachment":"scroll","background-type":"","background-media":"","overlay-type":"","overlay-color":"","overlay-opacity":"","overlay-gradient":""},"tablet":{"background-color":"","background-image":"","background-repeat":"repeat","background-position":"center center","background-size":"auto","background-attachment":"scroll","background-type":"","background-media":"","overlay-type":"","overlay-color":"","overlay-opacity":"","overlay-gradient":""},"mobile":{"background-color":"","background-image":"","background-repeat":"repeat","background-position":"center center","background-size":"auto","background-attachment":"scroll","background-type":"","background-media":"","overlay-type":"","overlay-color":"","overlay-opacity":"","overlay-gradient":""}},"ast-content-background-meta":{"desktop":{"background-color":"var(--ast-global-color-4)","background-image":"","background-repeat":"repeat","background-position":"center center","background-size":"auto","background-attachment":"scroll","background-type":"","background-media":"","overlay-type":"","overlay-color":"","overlay-opacity":"","overlay-gradient":""},"tablet":{"background-color":"var(--ast-global-color-4)","background-image":"","background-repeat":"repeat","background-position":"center center","background-size":"auto","background-attachment":"scroll","background-type":"","background-media":"","overlay-type":"","overlay-color":"","overlay-opacity":"","overlay-gradient":""},"mobile":{"background-color":"var(--ast-global-color-4)","background-image":"","background-repeat":"repeat","background-position":"center center","background-size":"auto","background-attachment":"scroll","background-type":"","background-media":"","overlay-type":"","overlay-color":"","overlay-opacity":"","overlay-gradient":""}},"footnotes":""},"class_list":["post-326","page","type-page","status-publish","hentry"],"yoast_head":"<!-- This site is optimized with the Yoast SEO Premium plugin v26.3 (Yoast SEO v27.3) - https:\/\/yoast.com\/product\/yoast-seo-premium-wordpress\/ -->\n<title>Terms of Use<\/title>\n<meta name=\"robots\" content=\"index, follow, max-snippet:-1, max-image-preview:large, max-video-preview:-1\" \/>\n<link rel=\"canonical\" href=\"https:\/\/mlm-explorer.com\/pt\/termos-de-uso\/\" \/>\n<meta property=\"og:locale\" content=\"pt_BR\" \/>\n<meta property=\"og:type\" content=\"article\" \/>\n<meta property=\"og:title\" content=\"Terms of Use\" \/>\n<meta property=\"og:description\" content=\"Who we are Suggested text: Our website address is: https:\/\/mlm-explorer.com. Comments Suggested text: When visitors leave comments on the site [&hellip;]\" \/>\n<meta property=\"og:url\" content=\"https:\/\/mlm-explorer.com\/pt\/termos-de-uso\/\" \/>\n<meta property=\"article:modified_time\" content=\"2025-10-07T00:58:28+00:00\" \/>\n<meta name=\"twitter:card\" content=\"summary_large_image\" \/>\n<meta name=\"twitter:label1\" content=\"Est. tempo de leitura\" \/>\n\t<meta name=\"twitter:data1\" content=\"4 minutos\" \/>\n<script type=\"application\/ld+json\" class=\"yoast-schema-graph\">{\"@context\":\"https:\\\/\\\/schema.org\",\"@graph\":[{\"@type\":\"WebPage\",\"@id\":\"https:\\\/\\\/mlm-explorer.com\\\/terms-of-use\\\/\",\"url\":\"https:\\\/\\\/mlm-explorer.com\\\/terms-of-use\\\/\",\"name\":\"Terms of Use\",\"isPartOf\":{\"@id\":\"https:\\\/\\\/mlm-explorer.com\\\/#website\"},\"datePublished\":\"2025-10-07T00:56:46+00:00\",\"dateModified\":\"2025-10-07T00:58:28+00:00\",\"breadcrumb\":{\"@id\":\"https:\\\/\\\/mlm-explorer.com\\\/terms-of-use\\\/#breadcrumb\"},\"inLanguage\":\"pt-BR\",\"potentialAction\":[{\"@type\":\"ReadAction\",\"target\":[\"https:\\\/\\\/mlm-explorer.com\\\/terms-of-use\\\/\"]}]},{\"@type\":\"BreadcrumbList\",\"@id\":\"https:\\\/\\\/mlm-explorer.com\\\/terms-of-use\\\/#breadcrumb\",\"itemListElement\":[{\"@type\":\"ListItem\",\"position\":1,\"name\":\"Home\",\"item\":\"https:\\\/\\\/mlm-explorer.com\\\/\"},{\"@type\":\"ListItem\",\"position\":2,\"name\":\"Terms of Use\"}]},{\"@type\":\"WebSite\",\"@id\":\"https:\\\/\\\/mlm-explorer.com\\\/#website\",\"url\":\"https:\\\/\\\/mlm-explorer.com\\\/\",\"name\":\"\",\"description\":\"\",\"potentialAction\":[{\"@type\":\"SearchAction\",\"target\":{\"@type\":\"EntryPoint\",\"urlTemplate\":\"https:\\\/\\\/mlm-explorer.com\\\/?s={search_term_string}\"},\"query-input\":{\"@type\":\"PropertyValueSpecification\",\"valueRequired\":true,\"valueName\":\"search_term_string\"}}],\"inLanguage\":\"pt-BR\"}]}<\/script>\n<!-- \/ Yoast SEO Premium plugin. -->","yoast_head_json":{"title":"Terms of Use","robots":{"index":"index","follow":"follow","max-snippet":"max-snippet:-1","max-image-preview":"max-image-preview:large","max-video-preview":"max-video-preview:-1"},"canonical":"https:\/\/mlm-explorer.com\/pt\/termos-de-uso\/","og_locale":"pt_BR","og_type":"article","og_title":"Terms of Use","og_description":"Who we are Suggested text: Our website address is: https:\/\/mlm-explorer.com. Comments Suggested text: When visitors leave comments on the site [&hellip;]","og_url":"https:\/\/mlm-explorer.com\/pt\/termos-de-uso\/","article_modified_time":"2025-10-07T00:58:28+00:00","twitter_card":"summary_large_image","twitter_misc":{"Est. tempo de leitura":"4 minutos"},"schema":{"@context":"https:\/\/schema.org","@graph":[{"@type":"WebPage","@id":"https:\/\/mlm-explorer.com\/terms-of-use\/","url":"https:\/\/mlm-explorer.com\/terms-of-use\/","name":"Terms of Use","isPartOf":{"@id":"https:\/\/mlm-explorer.com\/#website"},"datePublished":"2025-10-07T00:56:46+00:00","dateModified":"2025-10-07T00:58:28+00:00","breadcrumb":{"@id":"https:\/\/mlm-explorer.com\/terms-of-use\/#breadcrumb"},"inLanguage":"pt-BR","potentialAction":[{"@type":"ReadAction","target":["https:\/\/mlm-explorer.com\/terms-of-use\/"]}]},{"@type":"BreadcrumbList","@id":"https:\/\/mlm-explorer.com\/terms-of-use\/#breadcrumb","itemListElement":[{"@type":"ListItem","position":1,"name":"Home","item":"https:\/\/mlm-explorer.com\/"},{"@type":"ListItem","position":2,"name":"Terms of Use"}]},{"@type":"WebSite","@id":"https:\/\/mlm-explorer.com\/#website","url":"https:\/\/mlm-explorer.com\/","name":"","description":"","potentialAction":[{"@type":"SearchAction","target":{"@type":"EntryPoint","urlTemplate":"https:\/\/mlm-explorer.com\/?s={search_term_string}"},"query-input":{"@type":"PropertyValueSpecification","valueRequired":true,"valueName":"search_term_string"}}],"inLanguage":"pt-BR"}]}},"_links":{"self":[{"href":"https:\/\/mlm-explorer.com\/pt\/wp-json\/wp\/v2\/pages\/326","targetHints":{"allow":["GET"]}}],"collection":[{"href":"https:\/\/mlm-explorer.com\/pt\/wp-json\/wp\/v2\/pages"}],"about":[{"href":"https:\/\/mlm-explorer.com\/pt\/wp-json\/wp\/v2\/types\/page"}],"author":[{"embeddable":true,"href":"https:\/\/mlm-explorer.com\/pt\/wp-json\/wp\/v2\/users\/1"}],"replies":[{"embeddable":true,"href":"https:\/\/mlm-explorer.com\/pt\/wp-json\/wp\/v2\/comments?post=326"}],"version-history":[{"count":3,"href":"https:\/\/mlm-explorer.com\/pt\/wp-json\/wp\/v2\/pages\/326\/revisions"}],"predecessor-version":[{"id":329,"href":"https:\/\/mlm-explorer.com\/pt\/wp-json\/wp\/v2\/pages\/326\/revisions\/329"}],"wp:attachment":[{"href":"https:\/\/mlm-explorer.com\/pt\/wp-json\/wp\/v2\/media?parent=326"}],"curies":[{"name":"wp","href":"https:\/\/api.w.org\/{rel}","templated":true}]}}