{"id":3,"date":"2025-10-05T02:18:41","date_gmt":"2025-10-05T02:18:41","guid":{"rendered":"https:\/\/mlm-explorer.com\/?page_id=3"},"modified":"2025-10-06T21:45:54","modified_gmt":"2025-10-07T00:45:54","slug":"privacy-policy","status":"publish","type":"page","link":"https:\/\/mlm-explorer.com\/pt\/politica-de-privacidade\/","title":{"rendered":"pol\u00edtica de Privacidade"},"content":{"rendered":"<style><\/style>\t\t<div data-elementor-type=\"wp-page\" data-elementor-id=\"3\" class=\"elementor elementor-3\">\n\t\t\t\t\t\t<section class=\"elementor-section elementor-top-section elementor-element elementor-element-24f1ca2e elementor-section-boxed elementor-section-height-default elementor-section-height-default\" data-id=\"24f1ca2e\" data-element_type=\"section\" data-e-type=\"section\">\n\t\t\t\t\t\t<div class=\"elementor-container elementor-column-gap-default\">\n\t\t\t\t\t<div class=\"elementor-column elementor-col-100 elementor-top-column elementor-element elementor-element-5a86b10e\" data-id=\"5a86b10e\" data-element_type=\"column\" data-e-type=\"column\">\n\t\t\t<div class=\"elementor-widget-wrap elementor-element-populated\">\n\t\t\t\t\t\t<div class=\"elementor-element elementor-element-703184bd elementor-widget elementor-widget-text-editor\" data-id=\"703184bd\" data-element_type=\"widget\" data-e-type=\"widget\" data-widget_type=\"text-editor.default\">\n\t\t\t\t<div class=\"elementor-widget-container\">\n\t\t\t\t\t\t\t\t\t\n<h1 class=\"wp-block-heading\" data-start=\"311\" data-end=\"331\"><span style=\"font-size: 18pt;\"><strong data-start=\"313\" data-end=\"331\">pol\u00edtica de Privacidade<\/strong><\/span><\/h1>\n<p data-start=\"333\" data-end=\"519\"><strong data-start=\"333\" data-end=\"352\">Data de vig\u00eancia:<\/strong> 6 de outubro de 2025<br data-start=\"368\" data-end=\"371\" \/><strong data-start=\"371\" data-end=\"383\">Site:<\/strong> <a class=\"decorated-link\" href=\"https:\/\/mlm-explorer.com\/pt\/\" target=\"_new\" rel=\"noopener\" data-start=\"384\" data-end=\"436\">https:\/\/mlm-explorer.com<\/a><br data-start=\"436\" data-end=\"439\" \/><strong data-start=\"439\" data-end=\"451\">Contato:<\/strong> <a class=\"decorated-link cursor-pointer\" rel=\"noopener\" data-start=\"452\" data-end=\"519\">mlmexplorer.global@gmail.com<\/a><\/p>\n<hr data-start=\"521\" data-end=\"524\" \/>\n<h2 data-start=\"526\" data-end=\"544\"><span style=\"font-size: 18pt;\">1. Introdu\u00e7\u00e3o<\/span><\/h2>\n<p data-start=\"546\" data-end=\"912\">Bem-vindo ao <strong data-start=\"557\" data-end=\"573\">MLM Explorer<\/strong>.<br data-start=\"574\" data-end=\"577\" \/>Sua privacidade \u00e9 importante para n\u00f3s. Esta Pol\u00edtica de Privacidade explica como lidamos com as informa\u00e7\u00f5es quando voc\u00ea visita nosso site, como os cookies e as an\u00e1lises s\u00e3o usados e seus direitos sob as leis de prote\u00e7\u00e3o de dados aplic\u00e1veis, incluindo a <strong data-start=\"798\" data-end=\"843\">Regulamento Geral de Prote\u00e7\u00e3o de Dados (RGPD)<\/strong>, <strong data-start=\"845\" data-end=\"863\">LGPD brasileira<\/strong>, e <strong data-start=\"869\" data-end=\"911\">Lei de Privacidade do Consumidor da Calif\u00f3rnia (CCPA)<\/strong>.<\/p>\n<p data-start=\"914\" data-end=\"970\">Ao utilizar este site, voc\u00ea concorda com esta Pol\u00edtica de Privacidade.<\/p>\n<hr data-start=\"972\" data-end=\"975\" \/>\n<h2 data-start=\"977\" data-end=\"1012\"><span style=\"font-size: 18pt;\">2. Informa\u00e7\u00f5es que n\u00e3o coletamos<\/span><\/h2>\n<p data-start=\"1014\" data-end=\"1223\">O MLM Explorer faz <strong data-start=\"1032\" data-end=\"1072\">n\u00e3o coletamos nenhuma informa\u00e7\u00e3o pessoal<\/strong> diretamente dos usu\u00e1rios.<br data-start=\"1093\" data-end=\"1096\" \/>N\u00e3o solicitamos seu nome, e-mail, n\u00famero de telefone ou quaisquer dados identific\u00e1veis por meio de formul\u00e1rios, assinaturas ou registros de usu\u00e1rios.<\/p>\n<p data-start=\"1225\" data-end=\"1332\">Os \u00fanicos dados que podem ser processados s\u00e3o <strong data-start=\"1264\" data-end=\"1311\">dados n\u00e3o pessoais, agregados ou an\u00f4nimos<\/strong>, conforme explicado abaixo.<\/p>\n<hr data-start=\"1334\" data-end=\"1337\" \/>\n<h2 data-start=\"1339\" data-end=\"1366\"><span style=\"font-size: 18pt;\">3. Cookies e an\u00e1lises<\/span><\/h2>\n<p data-start=\"1368\" data-end=\"1509\">Nosso site usa <strong data-start=\"1385\" data-end=\"1405\">Google Analytics<\/strong> e <strong data-start=\"1410\" data-end=\"1453\">Google Search Console (Ferramentas para webmasters)<\/strong> para entender o comportamento do visitante e melhorar o desempenho.<\/p>\n<p data-start=\"1511\" data-end=\"1549\">Essas ferramentas podem coletar automaticamente:<\/p>\n<ul data-start=\"1550\" data-end=\"1734\">\n<li data-start=\"1550\" data-end=\"1578\">\n<p data-start=\"1552\" data-end=\"1578\">Tipo e vers\u00e3o do navegador<\/p>\n<\/li>\n<li data-start=\"1579\" data-end=\"1615\">\n<p data-start=\"1581\" data-end=\"1615\">Tipo de dispositivo e sistema operacional<\/p>\n<\/li>\n<li data-start=\"1616\" data-end=\"1643\">\n<p data-start=\"1618\" data-end=\"1643\">Endere\u00e7o IP (anonimizado)<\/p>\n<\/li>\n<li data-start=\"1644\" data-end=\"1691\">\n<p data-start=\"1646\" data-end=\"1691\">P\u00e1ginas visitadas, dura\u00e7\u00e3o e comportamento de clique<\/p>\n<\/li>\n<li data-start=\"1692\" data-end=\"1734\">\n<p data-start=\"1694\" data-end=\"1734\">Fonte de refer\u00eancia (como voc\u00ea encontrou nosso site)<\/p>\n<\/li>\n<\/ul>\n<p data-start=\"1736\" data-end=\"1936\">Esta informa\u00e7\u00e3o \u00e9 usada apenas para <strong data-start=\"1770\" data-end=\"1809\">fins estat\u00edsticos e anal\u00edticos<\/strong> e n\u00e3o o identifica pessoalmente.<br data-start=\"1847\" data-end=\"1850\" \/>Voc\u00ea pode desabilitar os cookies nas configura\u00e7\u00f5es do seu navegador se preferir n\u00e3o compartilhar esses dados.<\/p>\n<hr data-start=\"1938\" data-end=\"1941\" \/>\n<h2 data-start=\"1943\" data-end=\"1963\"><span style=\"font-size: 18pt;\">4. Links externos<\/span><\/h2>\n<p data-start=\"1965\" data-end=\"2262\">O MLM Explorer pode incluir links para sites de terceiros \u2014 incluindo registro de empresas ou links de afiliados.<br data-start=\"2072\" data-end=\"2075\" \/>N\u00f3s somos <strong data-start=\"2082\" data-end=\"2101\">n\u00e3o \u00e9 respons\u00e1vel<\/strong> para o conte\u00fado, pr\u00e1ticas de privacidade ou pol\u00edticas desses sites externos.<br data-start=\"2174\" data-end=\"2177\" \/>Recomendamos que voc\u00ea revise as pol\u00edticas de privacidade antes de fornecer qualquer informa\u00e7\u00e3o.<\/p>\n<hr data-start=\"2264\" data-end=\"2267\" \/>\n<h2 data-start=\"2269\" data-end=\"2287\"><span style=\"font-size: 18pt;\">5. Compartilhamento de dados<\/span><\/h2>\n<p data-start=\"2289\" data-end=\"2513\">N\u00f3s fazemos <strong data-start=\"2295\" data-end=\"2324\">n\u00e3o vender, negociar ou compartilhar<\/strong> dados do usu\u00e1rio com terceiros.<br data-start=\"2354\" data-end=\"2357\" \/>Os dados anal\u00edticos coletados por meio das ferramentas do Google s\u00e3o processados de acordo com <strong data-start=\"2426\" data-end=\"2453\">Pol\u00edtica de Privacidade do Google<\/strong> e podem ser armazenados em servidores do Google em diferentes pa\u00edses.<\/p>\n<hr data-start=\"2515\" data-end=\"2518\" \/>\n<h2 data-start=\"2520\" data-end=\"2540\"><span style=\"font-size: 18pt;\">6. Reten\u00e7\u00e3o de dados<\/span><\/h2>\n<p data-start=\"2542\" data-end=\"2748\">Como nenhuma informa\u00e7\u00e3o pessoal \u00e9 coletada, <strong data-start=\"2586\" data-end=\"2616\">nenhum dado pessoal \u00e9 armazenado<\/strong> em nossos servidores.<br data-start=\"2632\" data-end=\"2635\" \/>Os dados anal\u00edticos an\u00f4nimos s\u00e3o retidos apenas dentro dos limites definidos pelo Google Analytics, normalmente para <strong data-start=\"2734\" data-end=\"2747\">14 meses<\/strong>.<\/p>\n<hr data-start=\"2750\" data-end=\"2753\" \/>\n<h2 data-start=\"2755\" data-end=\"2772\"><span style=\"font-size: 18pt;\">7. Seus direitos<\/span><\/h2>\n<p data-start=\"2774\" data-end=\"2949\">Embora o MLM Explorer n\u00e3o colete dados pessoais, os usu\u00e1rios em jurisdi\u00e7\u00f5es como a <strong data-start=\"2866\" data-end=\"2884\">Uni\u00e3o Europeia<\/strong> ou <strong data-start=\"2888\" data-end=\"2898\">Brasil<\/strong> t\u00eam direitos sob as leis de prote\u00e7\u00e3o de dados, incluindo:<\/p>\n<ul data-start=\"2950\" data-end=\"3094\">\n<li data-start=\"2950\" data-end=\"3012\">\n<p data-start=\"2952\" data-end=\"3012\">O direito de acessar, corrigir ou excluir dados (se coletados);<\/p>\n<\/li>\n<li data-start=\"3013\" data-end=\"3061\">\n<p data-start=\"3015\" data-end=\"3061\">O direito de restringir ou se opor ao processamento;<\/p>\n<\/li>\n<li data-start=\"3062\" data-end=\"3094\">\n<p data-start=\"3064\" data-end=\"3094\">O direito \u00e0 portabilidade de dados.<\/p>\n<\/li>\n<\/ul>\n<p data-start=\"3096\" data-end=\"3237\">Se voc\u00ea tiver alguma d\u00favida relacionada \u00e0 privacidade, entre em contato conosco em<br data-start=\"3159\" data-end=\"3162\" \/>\ud83d\udce7 <strong data-start=\"3165\" data-end=\"3236\"><a class=\"decorated-link cursor-pointer\" rel=\"noopener\" data-start=\"3167\" data-end=\"3234\">mlmexplorer.global@gmail.com<\/a><\/strong>.<\/p>\n<hr data-start=\"3239\" data-end=\"3242\" \/>\n<h2 data-start=\"3244\" data-end=\"3263\"><span style=\"font-size: 18pt;\">8. Seguran\u00e7a de dados<\/span><\/h2>\n<p data-start=\"3265\" data-end=\"3500\">Utilizamos protocolos seguros (HTTPS) e provedores de hospedagem confi\u00e1veis para garantir a prote\u00e7\u00e3o de todas as informa\u00e7\u00f5es transmitidas atrav\u00e9s do nosso site.<br data-start=\"3400\" data-end=\"3403\" \/>Embora nenhum sistema possa ser 100% seguro, trabalhamos continuamente para manter salvaguardas padr\u00e3o do setor.<\/p>\n<hr data-start=\"3502\" data-end=\"3505\" \/>\n<h2 data-start=\"3507\" data-end=\"3535\"><span style=\"font-size: 18pt;\">9. Altera\u00e7\u00f5es a esta Pol\u00edtica<\/span><\/h2>\n<p data-start=\"3537\" data-end=\"3770\">O MLM Explorer pode atualizar esta Pol\u00edtica de Privacidade a qualquer momento.<br data-start=\"3593\" data-end=\"3596\" \/>A vers\u00e3o mais recente estar\u00e1 sempre dispon\u00edvel nesta p\u00e1gina, com a data de vig\u00eancia exibida no topo.<br data-start=\"3695\" data-end=\"3698\" \/>Incentivamos os visitantes a revisar esta p\u00e1gina periodicamente para se manterem informados.<\/p>\n<hr data-start=\"3772\" data-end=\"3775\" \/>\n<h2 data-start=\"3777\" data-end=\"3803\"><span style=\"font-size: 18pt;\">10. Informa\u00e7\u00f5es de contato<\/span><\/h2>\n<p data-start=\"3805\" data-end=\"3913\">Caso tenha alguma d\u00favida ou preocupa\u00e7\u00e3o sobre esta Pol\u00edtica de Privacidade ou nossas pr\u00e1ticas de dados, entre em contato conosco em:<\/p>\n<p data-start=\"3915\" data-end=\"4062\"><strong data-start=\"3915\" data-end=\"3931\">MLM Explorer<\/strong><br data-start=\"3931\" data-end=\"3934\" \/>\ud83c\udf10 <a class=\"decorated-link\" href=\"https:\/\/mlm-explorer.com\/pt\/\" target=\"_new\" rel=\"noopener\" data-start=\"3937\" data-end=\"3989\">https:\/\/mlm-explorer.com<\/a><br data-start=\"3989\" data-end=\"3992\" \/>\ud83d\udce7 <a class=\"decorated-link cursor-pointer\" rel=\"noopener\" data-start=\"3995\" data-end=\"4062\">mlmexplorer.global@gmail.com<\/a><\/p>\t\t\t\t\t\t\t\t<\/div>\n\t\t\t\t<\/div>\n\t\t\t\t\t<\/div>\n\t\t<\/div>\n\t\t\t\t\t<\/div>\n\t\t<\/section>\n\t\t\t\t<\/div>","protected":false},"excerpt":{"rendered":"<p>Who we are Suggested text: Our website address is: https:\/\/mlm-explorer.com. Comments Suggested text: When visitors leave comments on the site [&hellip;]<\/p>","protected":false},"author":1,"featured_media":0,"parent":0,"menu_order":0,"comment_status":"closed","ping_status":"open","template":"","meta":{"site-sidebar-layout":"default","site-content-layout":"","ast-site-content-layout":"default","site-content-style":"default","site-sidebar-style":"default","ast-global-header-display":"","ast-banner-title-visibility":"","ast-main-header-display":"","ast-hfb-above-header-display":"","ast-hfb-below-header-display":"","ast-hfb-mobile-header-display":"","site-post-title":"","ast-breadcrumbs-content":"","ast-featured-img":"","footer-sml-layout":"","theme-transparent-header-meta":"","adv-header-id-meta":"","stick-header-meta":"","header-above-stick-meta":"","header-main-stick-meta":"","header-below-stick-meta":"","astra-migrate-meta-layouts":"default","ast-page-background-enabled":"default","ast-page-background-meta":{"desktop":{"background-color":"var(--ast-global-color-5)","background-image":"","background-repeat":"repeat","background-position":"center center","background-size":"auto","background-attachment":"scroll","background-type":"","background-media":"","overlay-type":"","overlay-color":"","overlay-opacity":"","overlay-gradient":""},"tablet":{"background-color":"","background-image":"","background-repeat":"repeat","background-position":"center center","background-size":"auto","background-attachment":"scroll","background-type":"","background-media":"","overlay-type":"","overlay-color":"","overlay-opacity":"","overlay-gradient":""},"mobile":{"background-color":"","background-image":"","background-repeat":"repeat","background-position":"center center","background-size":"auto","background-attachment":"scroll","background-type":"","background-media":"","overlay-type":"","overlay-color":"","overlay-opacity":"","overlay-gradient":""}},"ast-content-background-meta":{"desktop":{"background-color":"var(--ast-global-color-4)","background-image":"","background-repeat":"repeat","background-position":"center center","background-size":"auto","background-attachment":"scroll","background-type":"","background-media":"","overlay-type":"","overlay-color":"","overlay-opacity":"","overlay-gradient":""},"tablet":{"background-color":"var(--ast-global-color-4)","background-image":"","background-repeat":"repeat","background-position":"center center","background-size":"auto","background-attachment":"scroll","background-type":"","background-media":"","overlay-type":"","overlay-color":"","overlay-opacity":"","overlay-gradient":""},"mobile":{"background-color":"var(--ast-global-color-4)","background-image":"","background-repeat":"repeat","background-position":"center center","background-size":"auto","background-attachment":"scroll","background-type":"","background-media":"","overlay-type":"","overlay-color":"","overlay-opacity":"","overlay-gradient":""}},"footnotes":""},"class_list":["post-3","page","type-page","status-publish","hentry"],"yoast_head":"<!-- This site is optimized with the Yoast SEO Premium plugin v26.3 (Yoast SEO v27.3) - https:\/\/yoast.com\/product\/yoast-seo-premium-wordpress\/ -->\n<title>Privacy Policy -<\/title>\n<meta name=\"robots\" content=\"index, follow, max-snippet:-1, max-image-preview:large, max-video-preview:-1\" \/>\n<link rel=\"canonical\" href=\"https:\/\/mlm-explorer.com\/pt\/politica-de-privacidade\/\" \/>\n<meta property=\"og:locale\" content=\"pt_BR\" \/>\n<meta property=\"og:type\" content=\"article\" \/>\n<meta property=\"og:title\" content=\"Privacy Policy\" \/>\n<meta property=\"og:description\" content=\"Who we are Suggested text: Our website address is: https:\/\/mlm-explorer.com. Comments Suggested text: When visitors leave comments on the site [&hellip;]\" \/>\n<meta property=\"og:url\" content=\"https:\/\/mlm-explorer.com\/pt\/politica-de-privacidade\/\" \/>\n<meta property=\"article:modified_time\" content=\"2025-10-07T00:45:54+00:00\" \/>\n<meta name=\"twitter:card\" content=\"summary_large_image\" \/>\n<meta name=\"twitter:label1\" content=\"Est. tempo de leitura\" \/>\n\t<meta name=\"twitter:data1\" content=\"3 minutos\" \/>\n<script type=\"application\/ld+json\" class=\"yoast-schema-graph\">{\"@context\":\"https:\\\/\\\/schema.org\",\"@graph\":[{\"@type\":\"WebPage\",\"@id\":\"https:\\\/\\\/mlm-explorer.com\\\/privacy-policy\\\/\",\"url\":\"https:\\\/\\\/mlm-explorer.com\\\/privacy-policy\\\/\",\"name\":\"Privacy Policy -\",\"isPartOf\":{\"@id\":\"https:\\\/\\\/mlm-explorer.com\\\/#website\"},\"datePublished\":\"2025-10-05T02:18:41+00:00\",\"dateModified\":\"2025-10-07T00:45:54+00:00\",\"breadcrumb\":{\"@id\":\"https:\\\/\\\/mlm-explorer.com\\\/privacy-policy\\\/#breadcrumb\"},\"inLanguage\":\"pt-BR\",\"potentialAction\":[{\"@type\":\"ReadAction\",\"target\":[\"https:\\\/\\\/mlm-explorer.com\\\/privacy-policy\\\/\"]}]},{\"@type\":\"BreadcrumbList\",\"@id\":\"https:\\\/\\\/mlm-explorer.com\\\/privacy-policy\\\/#breadcrumb\",\"itemListElement\":[{\"@type\":\"ListItem\",\"position\":1,\"name\":\"Home\",\"item\":\"https:\\\/\\\/mlm-explorer.com\\\/\"},{\"@type\":\"ListItem\",\"position\":2,\"name\":\"Privacy Policy\"}]},{\"@type\":\"WebSite\",\"@id\":\"https:\\\/\\\/mlm-explorer.com\\\/#website\",\"url\":\"https:\\\/\\\/mlm-explorer.com\\\/\",\"name\":\"\",\"description\":\"\",\"potentialAction\":[{\"@type\":\"SearchAction\",\"target\":{\"@type\":\"EntryPoint\",\"urlTemplate\":\"https:\\\/\\\/mlm-explorer.com\\\/?s={search_term_string}\"},\"query-input\":{\"@type\":\"PropertyValueSpecification\",\"valueRequired\":true,\"valueName\":\"search_term_string\"}}],\"inLanguage\":\"pt-BR\"}]}<\/script>\n<!-- \/ Yoast SEO Premium plugin. -->","yoast_head_json":{"title":"Privacy Policy -","robots":{"index":"index","follow":"follow","max-snippet":"max-snippet:-1","max-image-preview":"max-image-preview:large","max-video-preview":"max-video-preview:-1"},"canonical":"https:\/\/mlm-explorer.com\/pt\/politica-de-privacidade\/","og_locale":"pt_BR","og_type":"article","og_title":"Privacy Policy","og_description":"Who we are Suggested text: Our website address is: https:\/\/mlm-explorer.com. Comments Suggested text: When visitors leave comments on the site [&hellip;]","og_url":"https:\/\/mlm-explorer.com\/pt\/politica-de-privacidade\/","article_modified_time":"2025-10-07T00:45:54+00:00","twitter_card":"summary_large_image","twitter_misc":{"Est. tempo de leitura":"3 minutos"},"schema":{"@context":"https:\/\/schema.org","@graph":[{"@type":"WebPage","@id":"https:\/\/mlm-explorer.com\/privacy-policy\/","url":"https:\/\/mlm-explorer.com\/privacy-policy\/","name":"Privacy Policy -","isPartOf":{"@id":"https:\/\/mlm-explorer.com\/#website"},"datePublished":"2025-10-05T02:18:41+00:00","dateModified":"2025-10-07T00:45:54+00:00","breadcrumb":{"@id":"https:\/\/mlm-explorer.com\/privacy-policy\/#breadcrumb"},"inLanguage":"pt-BR","potentialAction":[{"@type":"ReadAction","target":["https:\/\/mlm-explorer.com\/privacy-policy\/"]}]},{"@type":"BreadcrumbList","@id":"https:\/\/mlm-explorer.com\/privacy-policy\/#breadcrumb","itemListElement":[{"@type":"ListItem","position":1,"name":"Home","item":"https:\/\/mlm-explorer.com\/"},{"@type":"ListItem","position":2,"name":"Privacy Policy"}]},{"@type":"WebSite","@id":"https:\/\/mlm-explorer.com\/#website","url":"https:\/\/mlm-explorer.com\/","name":"","description":"","potentialAction":[{"@type":"SearchAction","target":{"@type":"EntryPoint","urlTemplate":"https:\/\/mlm-explorer.com\/?s={search_term_string}"},"query-input":{"@type":"PropertyValueSpecification","valueRequired":true,"valueName":"search_term_string"}}],"inLanguage":"pt-BR"}]}},"_links":{"self":[{"href":"https:\/\/mlm-explorer.com\/pt\/wp-json\/wp\/v2\/pages\/3","targetHints":{"allow":["GET"]}}],"collection":[{"href":"https:\/\/mlm-explorer.com\/pt\/wp-json\/wp\/v2\/pages"}],"about":[{"href":"https:\/\/mlm-explorer.com\/pt\/wp-json\/wp\/v2\/types\/page"}],"author":[{"embeddable":true,"href":"https:\/\/mlm-explorer.com\/pt\/wp-json\/wp\/v2\/users\/1"}],"replies":[{"embeddable":true,"href":"https:\/\/mlm-explorer.com\/pt\/wp-json\/wp\/v2\/comments?post=3"}],"version-history":[{"count":5,"href":"https:\/\/mlm-explorer.com\/pt\/wp-json\/wp\/v2\/pages\/3\/revisions"}],"predecessor-version":[{"id":319,"href":"https:\/\/mlm-explorer.com\/pt\/wp-json\/wp\/v2\/pages\/3\/revisions\/319"}],"wp:attachment":[{"href":"https:\/\/mlm-explorer.com\/pt\/wp-json\/wp\/v2\/media?parent=3"}],"curies":[{"name":"wp","href":"https:\/\/api.w.org\/{rel}","templated":true}]}}