{"id":330,"date":"2025-10-06T22:00:17","date_gmt":"2025-10-07T01:00:17","guid":{"rendered":"https:\/\/mlm-explorer.com\/?page_id=330"},"modified":"2025-10-06T22:01:45","modified_gmt":"2025-10-07T01:01:45","slug":"disclaimer","status":"publish","type":"page","link":"https:\/\/mlm-explorer.com\/pl\/zastrzezenie\/","title":{"rendered":"Zastrze\u017cenie"},"content":{"rendered":"<style><\/style>\t\t<div data-elementor-type=\"wp-page\" data-elementor-id=\"330\" class=\"elementor elementor-330\">\n\t\t\t\t\t\t<section class=\"elementor-section elementor-top-section elementor-element elementor-element-24f1ca2e elementor-section-boxed elementor-section-height-default elementor-section-height-default\" data-id=\"24f1ca2e\" data-element_type=\"section\" data-e-type=\"section\">\n\t\t\t\t\t\t<div class=\"elementor-container elementor-column-gap-default\">\n\t\t\t\t\t<div class=\"elementor-column elementor-col-100 elementor-top-column elementor-element elementor-element-5a86b10e\" data-id=\"5a86b10e\" data-element_type=\"column\" data-e-type=\"column\">\n\t\t\t<div class=\"elementor-widget-wrap elementor-element-populated\">\n\t\t\t\t\t\t<div class=\"elementor-element elementor-element-703184bd elementor-widget elementor-widget-text-editor\" data-id=\"703184bd\" data-element_type=\"widget\" data-e-type=\"widget\" data-widget_type=\"text-editor.default\">\n\t\t\t\t<div class=\"elementor-widget-container\">\n\t\t\t\t\t\t\t\t\t<h1 data-start=\"479\" data-end=\"495\"><span style=\"font-size: 18pt;\"><strong data-start=\"481\" data-end=\"495\">Zastrze\u017cenie<\/strong><\/span><\/h1>\n<p data-start=\"497\" data-end=\"683\"><strong data-start=\"497\" data-end=\"516\">Data wej\u015bcia w \u017cycie:<\/strong> 6 pa\u017adziernika 2025 r.<br data-start=\"532\" data-end=\"535\" \/><strong data-start=\"535\" data-end=\"547\">Strona internetowa:<\/strong> <a class=\"decorated-link\" href=\"https:\/\/mlm-explorer.com\/pl\/\" target=\"_new\" rel=\"noopener\" data-start=\"548\" data-end=\"600\">https:\/\/mlm-explorer.com<\/a><br data-start=\"600\" data-end=\"603\" \/><strong data-start=\"603\" data-end=\"615\">Kontakt:<\/strong> <a class=\"decorated-link cursor-pointer\" rel=\"noopener\" data-start=\"616\" data-end=\"683\">mlmexplorer.global@gmail.com<\/a><\/p>\n<hr data-start=\"685\" data-end=\"688\" \/>\n<h2 data-start=\"690\" data-end=\"715\"><span style=\"font-size: 18pt;\">1. Informacje og\u00f3lne<\/span><\/h2>\n<p data-start=\"717\" data-end=\"1008\">Informacje podane na <strong data-start=\"745\" data-end=\"761\">MLM Explorer<\/strong> jest dla <strong data-start=\"769\" data-end=\"816\">wy\u0142\u0105cznie w celach edukacyjnych i informacyjnych<\/strong>.<br data-start=\"817\" data-end=\"820\" \/>Dok\u0142adamy wszelkich stara\u0144, aby zapewni\u0107 dok\u0142adno\u015b\u0107 i wiarygodno\u015b\u0107 wszystkich tre\u015bci, ale <strong data-start=\"897\" data-end=\"914\">brak gwarancji<\/strong> co do kompletno\u015bci, poprawno\u015bci lub wynik\u00f3w uzyskanych w wyniku wykorzystania tych informacji.<\/p>\n<p data-start=\"1010\" data-end=\"1085\">Korzystaj\u0105c z tej witryny internetowej, potwierdzasz, \u017ce robisz to <strong data-start=\"1064\" data-end=\"1084\">na w\u0142asne ryzyko<\/strong>.<\/p>\n<hr data-start=\"1087\" data-end=\"1090\" \/>\n<h2 data-start=\"1092\" data-end=\"1131\"><span style=\"font-size: 18pt;\">2. Brak porad finansowych i inwestycyjnych<\/span><\/h2>\n<p data-start=\"1133\" data-end=\"1381\"><strong data-start=\"1133\" data-end=\"1149\">MLM Explorer<\/strong> robi <strong data-start=\"1155\" data-end=\"1209\">nie udziela porad finansowych, inwestycyjnych ani prawnych<\/strong>.<br data-start=\"1210\" data-end=\"1213\" \/>Informacje zawarte w artyku\u0142ach, przewodnikach i zasobach maj\u0105 na celu wy\u0142\u0105cznie pomoc czytelnikom w zrozumieniu <strong data-start=\"1324\" data-end=\"1354\">bran\u017ca marketingu sieciowego<\/strong> i zwi\u0105zane z tym mo\u017cliwo\u015bci.<\/p>\n<p data-start=\"1383\" data-end=\"1486\">Nie oferujemy profesjonalnych us\u0142ug doradczych i \u017cadna tre\u015b\u0107 na tej stronie internetowej nie powinna by\u0107 interpretowana jako:<\/p>\n<ul data-start=\"1487\" data-end=\"1638\">\n<li data-start=\"1487\" data-end=\"1532\">\n<p data-start=\"1489\" data-end=\"1532\">Rekomendacja finansowa lub inwestycyjna;<\/p>\n<\/li>\n<li data-start=\"1533\" data-end=\"1581\">\n<p data-start=\"1535\" data-end=\"1581\">Zach\u0119ta do do\u0142\u0105czenia do konkretnej firmy;<\/p>\n<\/li>\n<li data-start=\"1582\" data-end=\"1638\">\n<p data-start=\"1584\" data-end=\"1638\">Obietnica lub gwarancja zysk\u00f3w, dochod\u00f3w lub sukcesu.<\/p>\n<\/li>\n<\/ul>\n<p data-start=\"1640\" data-end=\"1770\">Zawsze przeprowadzaj w\u0142asn\u0105 analiz\u0119 i zasi\u0119gaj porady wykwalifikowanego specjalisty, zanim podejmiesz decyzj\u0119 finansow\u0105 lub biznesow\u0105.<\/p>\n<hr data-start=\"1772\" data-end=\"1775\" \/>\n<h2 data-start=\"1777\" data-end=\"1802\"><span style=\"font-size: 18pt;\">3. Zastrze\u017cenie dotycz\u0105ce zarobk\u00f3w<\/span><\/h2>\n<p data-start=\"1804\" data-end=\"1988\">Wszelkie przyk\u0142ady zarobk\u00f3w, historii sukcesu lub potencjalnych dochod\u00f3w wymienione na tej stronie internetowej s\u0105 <strong data-start=\"1897\" data-end=\"1918\">tylko ilustracyjnie<\/strong>.<br data-start=\"1919\" data-end=\"1922\" \/>Oni tak robi\u0105 <strong data-start=\"1930\" data-end=\"1947\">nie gwarantuje<\/strong> \u017ce osi\u0105gniesz podobne rezultaty.<\/p>\n<p data-start=\"1990\" data-end=\"2072\">Tw\u00f3j osobisty sukces w marketingu sieciowym zale\u017cy od wielu czynnik\u00f3w, m.in.:<\/p>\n<ul data-start=\"2073\" data-end=\"2200\">\n<li data-start=\"2073\" data-end=\"2112\">\n<p data-start=\"2075\" data-end=\"2112\">Wysi\u0142ek, po\u015bwi\u0119cenie i etyka pracy;<\/p>\n<\/li>\n<li data-start=\"2113\" data-end=\"2153\">\n<p data-start=\"2115\" data-end=\"2153\">Do\u015bwiadczenie, wiedza i strategia;<\/p>\n<\/li>\n<li data-start=\"2154\" data-end=\"2200\">\n<p data-start=\"2156\" data-end=\"2200\">Warunki rynkowe i wyniki firmy.<\/p>\n<\/li>\n<\/ul>\n<p data-start=\"2202\" data-end=\"2368\"><strong data-start=\"2202\" data-end=\"2218\">MLM Explorer<\/strong> robi <strong data-start=\"2224\" data-end=\"2231\">nie<\/strong> twierdzi\u0107, o\u015bwiadcza\u0107 ani sugerowa\u0107, \u017ce jakakolwiek osoba zarobi okre\u015blon\u0105 kwot\u0119 pieni\u0119dzy, post\u0119puj\u0105c zgodnie z informacjami udost\u0119pnionymi na tej stronie internetowej.<\/p>\n<hr data-start=\"2370\" data-end=\"2373\" \/>\n<h2 data-start=\"2375\" data-end=\"2417\"><span style=\"font-size: 18pt;\">4. Ujawnianie informacji o podmiotach stowarzyszonych i osobach trzecich<\/span><\/h2>\n<p data-start=\"2419\" data-end=\"2574\">Niekt\u00f3re artyku\u0142y lub linki na temat <strong data-start=\"2445\" data-end=\"2461\">MLM Explorer<\/strong> mo\u017ce obejmowa\u0107 <strong data-start=\"2474\" data-end=\"2493\">linki afiliacyjne<\/strong>, co oznacza, \u017ce mo\u017cemy otrzyma\u0107 prowizj\u0119, je\u015bli klikniesz lub zarejestrujesz si\u0119 za ich po\u015brednictwem.<\/p>\n<p data-start=\"2576\" data-end=\"2718\">To tak <strong data-start=\"2586\" data-end=\"2593\">nie<\/strong> wp\u0142yn\u0105\u0107 na nasz\u0105 integralno\u015b\u0107 redakcyjn\u0105 \u2014 wszystkie opinie i zalecenia wyra\u017cone na tej stronie s\u0105 <strong data-start=\"2687\" data-end=\"2715\">niezale\u017cny i bezstronny<\/strong>.<\/p>\n<p data-start=\"2720\" data-end=\"2952\">Jeste\u015bmy <strong data-start=\"2727\" data-end=\"2746\">nie jest odpowiedzialny<\/strong> za dzia\u0142ania, produkty lub polityki wszelkich stron internetowych lub firm zewn\u0119trznych, do kt\u00f3rych linki znajduj\u0105 si\u0119 na naszej platformie.<br data-start=\"2852\" data-end=\"2855\" \/>Przed podj\u0119ciem wsp\u00f3\u0142pracy z jak\u0105kolwiek firm\u0105 zewn\u0119trzn\u0105 nale\u017cy zapozna\u0107 si\u0119 z jej oficjalnymi warunkami i zasadami.<\/p>\n<hr data-start=\"2954\" data-end=\"2957\" \/>\n<h2 data-start=\"2959\" data-end=\"2978\"><span style=\"font-size: 18pt;\">5. Brak gwarancji<\/span><\/h2>\n<p data-start=\"2980\" data-end=\"3155\">Wszystkie tre\u015bci i us\u0142ugi \u015bwiadczone za po\u015brednictwem <strong data-start=\"3022\" data-end=\"3038\">MLM Explorer<\/strong> s\u0105 oferowane \u201e<strong data-start=\"3052\" data-end=\"3061\">tak jak jest<\/strong>&quot; I &quot;<strong data-start=\"3068\" data-end=\"3084\">w miar\u0119 dost\u0119pno\u015bci<\/strong>\u201dbez \u017cadnych gwarancji wyra\u017anych lub dorozumianych.<br data-start=\"3129\" data-end=\"3132\" \/>Nie gwarantujemy, \u017ce:<\/p>\n<ul data-start=\"3156\" data-end=\"3353\">\n<li data-start=\"3156\" data-end=\"3220\">\n<p data-start=\"3158\" data-end=\"3220\">Strona b\u0119dzie zawsze dzia\u0142a\u0107 bez zak\u0142\u00f3ce\u0144 i b\u0142\u0119d\u00f3w;<\/p>\n<\/li>\n<li data-start=\"3221\" data-end=\"3287\">\n<p data-start=\"3223\" data-end=\"3287\">Podane informacje nie zawieraj\u0105 nie\u015bcis\u0142o\u015bci ani pomini\u0119\u0107;<\/p>\n<\/li>\n<li data-start=\"3288\" data-end=\"3353\">\n<p data-start=\"3290\" data-end=\"3353\">Zewn\u0119trzne strony internetowe, do kt\u00f3rych prowadz\u0105 linki z naszych tre\u015bci, s\u0105 bezpieczne i dok\u0142adne.<\/p>\n<\/li>\n<\/ul>\n<hr data-start=\"3355\" data-end=\"3358\" \/>\n<h2 data-start=\"3360\" data-end=\"3389\"><span style=\"font-size: 18pt;\">6. Ograniczenie odpowiedzialno\u015bci<\/span><\/h2>\n<p data-start=\"3391\" data-end=\"3501\">W \u017cadnym wypadku nie wolno <strong data-start=\"3420\" data-end=\"3436\">MLM Explorer<\/strong>, jej administratorzy, partnerzy lub podmioty stowarzyszone nie ponosz\u0105 odpowiedzialno\u015bci za:<\/p>\n<ul data-start=\"3502\" data-end=\"3738\">\n<li data-start=\"3502\" data-end=\"3561\">\n<p data-start=\"3504\" data-end=\"3561\">Jakakolwiek utrata dochod\u00f3w, zysk\u00f3w lub mo\u017cliwo\u015bci biznesowych;<\/p>\n<\/li>\n<li data-start=\"3562\" data-end=\"3601\">\n<p data-start=\"3564\" data-end=\"3601\">B\u0142\u0119dy lub pomini\u0119cia w tre\u015bci;<\/p>\n<\/li>\n<li data-start=\"3602\" data-end=\"3669\">\n<p data-start=\"3604\" data-end=\"3669\">Szkody powsta\u0142e w wyniku korzystania lub niemo\u017cno\u015bci korzystania ze strony internetowej;<\/p>\n<\/li>\n<li data-start=\"3670\" data-end=\"3738\">\n<p data-start=\"3672\" data-end=\"3738\">Poleganie na informacjach zamieszczonych na stronach os\u00f3b trzecich, do kt\u00f3rych prowadz\u0105 podane linki.<\/p>\n<\/li>\n<\/ul>\n<p data-start=\"3740\" data-end=\"3849\">Korzystaj\u0105c z tej witryny internetowej, w pe\u0142ni potwierdzasz i akceptujesz to ograniczenie odpowiedzialno\u015bci.<\/p>\n<hr data-start=\"3851\" data-end=\"3854\" \/>\n<h2 data-start=\"3856\" data-end=\"3876\"><span style=\"font-size: 18pt;\">7. Linki zewn\u0119trzne<\/span><\/h2>\n<p data-start=\"3878\" data-end=\"4015\">Nasza witryna internetowa mo\u017ce zawiera\u0107 linki do innych witryn internetowych, program\u00f3w lub us\u0142ug powi\u0105zanych z <strong data-start=\"3960\" data-end=\"3981\">marketing sieciowy<\/strong> Lub <strong data-start=\"3985\" data-end=\"4012\">mo\u017cliwo\u015bci partnerskie<\/strong>.<\/p>\n<p data-start=\"4017\" data-end=\"4175\">Linki te udost\u0119pniane s\u0105 wy\u0142\u0105cznie w celach informacyjnych.<br data-start=\"4065\" data-end=\"4068\" \/>Nie popieramy ani nie bierzemy odpowiedzialno\u015bci za tre\u015b\u0107, bezpiecze\u0144stwo ani praktyki tych zewn\u0119trznych witryn.<\/p>\n<hr data-start=\"4177\" data-end=\"4180\" \/>\n<h2 data-start=\"4182\" data-end=\"4214\"><span style=\"font-size: 18pt;\">8. Aktualizacje niniejszego zastrze\u017cenia<\/span><\/h2>\n<p data-start=\"4216\" data-end=\"4459\"><strong data-start=\"4216\" data-end=\"4232\">MLM Explorer<\/strong> mo\u017ce dokona\u0107 aktualizacji niniejszego Zastrze\u017cenia w dowolnym momencie i bez wcze\u015bniejszego powiadomienia.<br data-start=\"4293\" data-end=\"4296\" \/>Najnowsza wersja b\u0119dzie zawsze dost\u0119pna na tej stronie, wraz z dat\u0105 wej\u015bcia w \u017cycie podan\u0105 powy\u017cej.<br data-start=\"4390\" data-end=\"4393\" \/>Zach\u0119camy u\u017cytkownik\u00f3w do regularnego przegl\u0105dania tej strony w celu pozostawania na bie\u017c\u0105co.<\/p>\n<hr data-start=\"4461\" data-end=\"4464\" \/>\n<h2 data-start=\"4466\" data-end=\"4491\"><span style=\"font-size: 18pt;\">9. Informacje kontaktowe<\/span><\/h2>\n<p data-start=\"4493\" data-end=\"4575\">Je\u015bli masz jakiekolwiek pytania lub w\u0105tpliwo\u015bci dotycz\u0105ce niniejszego Zastrze\u017cenia, skontaktuj si\u0119 z nami pod adresem:<\/p>\n<p data-start=\"4577\" data-end=\"4724\"><strong data-start=\"4577\" data-end=\"4593\">MLM Explorer<\/strong><br data-start=\"4593\" data-end=\"4596\" \/>\ud83c\udf10 <a class=\"decorated-link\" href=\"https:\/\/mlm-explorer.com\/pl\/\" target=\"_new\" rel=\"noopener\" data-start=\"4599\" data-end=\"4651\">https:\/\/mlm-explorer.com<\/a><br data-start=\"4651\" data-end=\"4654\" \/>\ud83d\udce7 <a class=\"decorated-link cursor-pointer\" rel=\"noopener\" data-start=\"4657\" data-end=\"4724\">mlmexplorer.global@gmail.com<\/a><\/p>\t\t\t\t\t\t\t\t<\/div>\n\t\t\t\t<\/div>\n\t\t\t\t\t<\/div>\n\t\t<\/div>\n\t\t\t\t\t<\/div>\n\t\t<\/section>\n\t\t\t\t<\/div>","protected":false},"excerpt":{"rendered":"<p>Who we are Suggested text: Our website address is: https:\/\/mlm-explorer.com. Comments Suggested text: When visitors leave comments on the site [&hellip;]<\/p>","protected":false},"author":1,"featured_media":0,"parent":0,"menu_order":0,"comment_status":"closed","ping_status":"open","template":"","meta":{"site-sidebar-layout":"default","site-content-layout":"","ast-site-content-layout":"default","site-content-style":"default","site-sidebar-style":"default","ast-global-header-display":"","ast-banner-title-visibility":"","ast-main-header-display":"","ast-hfb-above-header-display":"","ast-hfb-below-header-display":"","ast-hfb-mobile-header-display":"","site-post-title":"","ast-breadcrumbs-content":"","ast-featured-img":"","footer-sml-layout":"","theme-transparent-header-meta":"","adv-header-id-meta":"","stick-header-meta":"","header-above-stick-meta":"","header-main-stick-meta":"","header-below-stick-meta":"","astra-migrate-meta-layouts":"default","ast-page-background-enabled":"default","ast-page-background-meta":{"desktop":{"background-color":"var(--ast-global-color-5)","background-image":"","background-repeat":"repeat","background-position":"center center","background-size":"auto","background-attachment":"scroll","background-type":"","background-media":"","overlay-type":"","overlay-color":"","overlay-opacity":"","overlay-gradient":""},"tablet":{"background-color":"","background-image":"","background-repeat":"repeat","background-position":"center center","background-size":"auto","background-attachment":"scroll","background-type":"","background-media":"","overlay-type":"","overlay-color":"","overlay-opacity":"","overlay-gradient":""},"mobile":{"background-color":"","background-image":"","background-repeat":"repeat","background-position":"center center","background-size":"auto","background-attachment":"scroll","background-type":"","background-media":"","overlay-type":"","overlay-color":"","overlay-opacity":"","overlay-gradient":""}},"ast-content-background-meta":{"desktop":{"background-color":"var(--ast-global-color-4)","background-image":"","background-repeat":"repeat","background-position":"center center","background-size":"auto","background-attachment":"scroll","background-type":"","background-media":"","overlay-type":"","overlay-color":"","overlay-opacity":"","overlay-gradient":""},"tablet":{"background-color":"var(--ast-global-color-4)","background-image":"","background-repeat":"repeat","background-position":"center center","background-size":"auto","background-attachment":"scroll","background-type":"","background-media":"","overlay-type":"","overlay-color":"","overlay-opacity":"","overlay-gradient":""},"mobile":{"background-color":"var(--ast-global-color-4)","background-image":"","background-repeat":"repeat","background-position":"center center","background-size":"auto","background-attachment":"scroll","background-type":"","background-media":"","overlay-type":"","overlay-color":"","overlay-opacity":"","overlay-gradient":""}},"footnotes":""},"class_list":["post-330","page","type-page","status-publish","hentry"],"yoast_head":"<!-- This site is optimized with the Yoast SEO Premium plugin v26.3 (Yoast SEO v27.3) - https:\/\/yoast.com\/product\/yoast-seo-premium-wordpress\/ -->\n<title>Disclaimer<\/title>\n<meta name=\"robots\" content=\"index, follow, max-snippet:-1, max-image-preview:large, max-video-preview:-1\" \/>\n<link rel=\"canonical\" href=\"https:\/\/mlm-explorer.com\/pl\/zastrzezenie\/\" \/>\n<meta property=\"og:locale\" content=\"pl_PL\" \/>\n<meta property=\"og:type\" content=\"article\" \/>\n<meta property=\"og:title\" content=\"Disclaimer\" \/>\n<meta property=\"og:description\" content=\"Who we are Suggested text: Our website address is: https:\/\/mlm-explorer.com. Comments Suggested text: When visitors leave comments on the site [&hellip;]\" \/>\n<meta property=\"og:url\" content=\"https:\/\/mlm-explorer.com\/pl\/zastrzezenie\/\" \/>\n<meta property=\"article:modified_time\" content=\"2025-10-07T01:01:45+00:00\" \/>\n<meta name=\"twitter:card\" content=\"summary_large_image\" \/>\n<meta name=\"twitter:label1\" content=\"Szacowany czas czytania\" \/>\n\t<meta name=\"twitter:data1\" content=\"3 minuty\" \/>\n<script type=\"application\/ld+json\" class=\"yoast-schema-graph\">{\"@context\":\"https:\\\/\\\/schema.org\",\"@graph\":[{\"@type\":\"WebPage\",\"@id\":\"https:\\\/\\\/mlm-explorer.com\\\/disclaimer\\\/\",\"url\":\"https:\\\/\\\/mlm-explorer.com\\\/disclaimer\\\/\",\"name\":\"Disclaimer\",\"isPartOf\":{\"@id\":\"https:\\\/\\\/mlm-explorer.com\\\/#website\"},\"datePublished\":\"2025-10-07T01:00:17+00:00\",\"dateModified\":\"2025-10-07T01:01:45+00:00\",\"breadcrumb\":{\"@id\":\"https:\\\/\\\/mlm-explorer.com\\\/disclaimer\\\/#breadcrumb\"},\"inLanguage\":\"pl-PL\",\"potentialAction\":[{\"@type\":\"ReadAction\",\"target\":[\"https:\\\/\\\/mlm-explorer.com\\\/disclaimer\\\/\"]}]},{\"@type\":\"BreadcrumbList\",\"@id\":\"https:\\\/\\\/mlm-explorer.com\\\/disclaimer\\\/#breadcrumb\",\"itemListElement\":[{\"@type\":\"ListItem\",\"position\":1,\"name\":\"Home\",\"item\":\"https:\\\/\\\/mlm-explorer.com\\\/\"},{\"@type\":\"ListItem\",\"position\":2,\"name\":\"Disclaimer\"}]},{\"@type\":\"WebSite\",\"@id\":\"https:\\\/\\\/mlm-explorer.com\\\/#website\",\"url\":\"https:\\\/\\\/mlm-explorer.com\\\/\",\"name\":\"\",\"description\":\"\",\"potentialAction\":[{\"@type\":\"SearchAction\",\"target\":{\"@type\":\"EntryPoint\",\"urlTemplate\":\"https:\\\/\\\/mlm-explorer.com\\\/?s={search_term_string}\"},\"query-input\":{\"@type\":\"PropertyValueSpecification\",\"valueRequired\":true,\"valueName\":\"search_term_string\"}}],\"inLanguage\":\"pl-PL\"}]}<\/script>\n<!-- \/ Yoast SEO Premium plugin. -->","yoast_head_json":{"title":"Disclaimer","robots":{"index":"index","follow":"follow","max-snippet":"max-snippet:-1","max-image-preview":"max-image-preview:large","max-video-preview":"max-video-preview:-1"},"canonical":"https:\/\/mlm-explorer.com\/pl\/zastrzezenie\/","og_locale":"pl_PL","og_type":"article","og_title":"Disclaimer","og_description":"Who we are Suggested text: Our website address is: https:\/\/mlm-explorer.com. Comments Suggested text: When visitors leave comments on the site [&hellip;]","og_url":"https:\/\/mlm-explorer.com\/pl\/zastrzezenie\/","article_modified_time":"2025-10-07T01:01:45+00:00","twitter_card":"summary_large_image","twitter_misc":{"Szacowany czas czytania":"3 minuty"},"schema":{"@context":"https:\/\/schema.org","@graph":[{"@type":"WebPage","@id":"https:\/\/mlm-explorer.com\/disclaimer\/","url":"https:\/\/mlm-explorer.com\/disclaimer\/","name":"Disclaimer","isPartOf":{"@id":"https:\/\/mlm-explorer.com\/#website"},"datePublished":"2025-10-07T01:00:17+00:00","dateModified":"2025-10-07T01:01:45+00:00","breadcrumb":{"@id":"https:\/\/mlm-explorer.com\/disclaimer\/#breadcrumb"},"inLanguage":"pl-PL","potentialAction":[{"@type":"ReadAction","target":["https:\/\/mlm-explorer.com\/disclaimer\/"]}]},{"@type":"BreadcrumbList","@id":"https:\/\/mlm-explorer.com\/disclaimer\/#breadcrumb","itemListElement":[{"@type":"ListItem","position":1,"name":"Home","item":"https:\/\/mlm-explorer.com\/"},{"@type":"ListItem","position":2,"name":"Disclaimer"}]},{"@type":"WebSite","@id":"https:\/\/mlm-explorer.com\/#website","url":"https:\/\/mlm-explorer.com\/","name":"","description":"","potentialAction":[{"@type":"SearchAction","target":{"@type":"EntryPoint","urlTemplate":"https:\/\/mlm-explorer.com\/?s={search_term_string}"},"query-input":{"@type":"PropertyValueSpecification","valueRequired":true,"valueName":"search_term_string"}}],"inLanguage":"pl-PL"}]}},"_links":{"self":[{"href":"https:\/\/mlm-explorer.com\/pl\/wp-json\/wp\/v2\/pages\/330","targetHints":{"allow":["GET"]}}],"collection":[{"href":"https:\/\/mlm-explorer.com\/pl\/wp-json\/wp\/v2\/pages"}],"about":[{"href":"https:\/\/mlm-explorer.com\/pl\/wp-json\/wp\/v2\/types\/page"}],"author":[{"embeddable":true,"href":"https:\/\/mlm-explorer.com\/pl\/wp-json\/wp\/v2\/users\/1"}],"replies":[{"embeddable":true,"href":"https:\/\/mlm-explorer.com\/pl\/wp-json\/wp\/v2\/comments?post=330"}],"version-history":[{"count":3,"href":"https:\/\/mlm-explorer.com\/pl\/wp-json\/wp\/v2\/pages\/330\/revisions"}],"predecessor-version":[{"id":333,"href":"https:\/\/mlm-explorer.com\/pl\/wp-json\/wp\/v2\/pages\/330\/revisions\/333"}],"wp:attachment":[{"href":"https:\/\/mlm-explorer.com\/pl\/wp-json\/wp\/v2\/media?parent=330"}],"curies":[{"name":"wp","href":"https:\/\/api.w.org\/{rel}","templated":true}]}}