{"id":326,"date":"2025-10-06T21:56:46","date_gmt":"2025-10-07T00:56:46","guid":{"rendered":"https:\/\/mlm-explorer.com\/?page_id=326"},"modified":"2025-10-06T21:58:28","modified_gmt":"2025-10-07T00:58:28","slug":"terms-of-use","status":"publish","type":"page","link":"https:\/\/mlm-explorer.com\/pl\/warunki-uzytkowania\/","title":{"rendered":"Warunki korzystania"},"content":{"rendered":"<style><\/style>\t\t<div data-elementor-type=\"wp-page\" data-elementor-id=\"326\" class=\"elementor elementor-326\">\n\t\t\t\t\t\t<section class=\"elementor-section elementor-top-section elementor-element elementor-element-24f1ca2e elementor-section-boxed elementor-section-height-default elementor-section-height-default\" data-id=\"24f1ca2e\" data-element_type=\"section\" data-e-type=\"section\">\n\t\t\t\t\t\t<div class=\"elementor-container elementor-column-gap-default\">\n\t\t\t\t\t<div class=\"elementor-column elementor-col-100 elementor-top-column elementor-element elementor-element-5a86b10e\" data-id=\"5a86b10e\" data-element_type=\"column\" data-e-type=\"column\">\n\t\t\t<div class=\"elementor-widget-wrap elementor-element-populated\">\n\t\t\t\t\t\t<div class=\"elementor-element elementor-element-703184bd elementor-widget elementor-widget-text-editor\" data-id=\"703184bd\" data-element_type=\"widget\" data-e-type=\"widget\" data-widget_type=\"text-editor.default\">\n\t\t\t\t<div class=\"elementor-widget-container\">\n\t\t\t\t\t\t\t\t\t<h1 data-start=\"259\" data-end=\"277\"><span style=\"font-size: 18pt;\"><strong data-start=\"261\" data-end=\"277\">Warunki korzystania<\/strong><\/span><\/h1>\n<p data-start=\"279\" data-end=\"465\"><strong data-start=\"279\" data-end=\"298\">Data wej\u015bcia w \u017cycie:<\/strong> 6 pa\u017adziernika 2025 r.<br data-start=\"314\" data-end=\"317\" \/><strong data-start=\"317\" data-end=\"329\">Strona internetowa:<\/strong> <a class=\"decorated-link\" href=\"https:\/\/mlm-explorer.com\/pl\/\" target=\"_new\" rel=\"noopener\" data-start=\"330\" data-end=\"382\">https:\/\/mlm-explorer.com<\/a><br data-start=\"382\" data-end=\"385\" \/><strong data-start=\"385\" data-end=\"397\">Kontakt:<\/strong> <a class=\"decorated-link cursor-pointer\" rel=\"noopener\" data-start=\"398\" data-end=\"465\">mlmexplorer.global@gmail.com<\/a><\/p>\n<hr data-start=\"467\" data-end=\"470\" \/>\n<h2 data-start=\"472\" data-end=\"497\"><span style=\"font-size: 18pt;\">1. Akceptacja warunk\u00f3w<\/span><\/h2>\n<p data-start=\"499\" data-end=\"724\">Witamy w <strong data-start=\"510\" data-end=\"526\">MLM Explorer<\/strong>Uzyskuj\u0105c dost\u0119p do tej witryny internetowej lub korzystaj\u0105c z niej, wyra\u017casz zgod\u0119 na przestrzeganie niniejszych warunk\u00f3w. <strong data-start=\"595\" data-end=\"611\">Warunki korzystania<\/strong> oraz wszelkie obowi\u0105zuj\u0105ce prawa i przepisy.<br data-start=\"652\" data-end=\"655\" \/>Je\u017celi nie zgadzasz si\u0119 z tymi warunkami, prosimy nie korzysta\u0107 z tej witryny.<\/p>\n<p data-start=\"726\" data-end=\"857\">Mo\u017cemy aktualizowa\u0107 lub modyfikowa\u0107 niniejsze Warunki Korzystania w dowolnym momencie i bez uprzedniego powiadomienia. Najnowsza wersja b\u0119dzie zawsze publikowana na tej stronie.<\/p>\n<hr data-start=\"859\" data-end=\"862\" \/>\n<h2 data-start=\"864\" data-end=\"892\"><span style=\"font-size: 18pt;\">2. Cel witryny<\/span><\/h2>\n<p data-start=\"894\" data-end=\"1146\"><strong data-start=\"894\" data-end=\"910\">MLM Explorer<\/strong> jest platform\u0105 informacyjn\u0105 po\u015bwi\u0119con\u0105 dziedzinie <strong data-start=\"966\" data-end=\"1011\">marketing sieciowy (marketing wielopoziomowy)<\/strong>.<br data-start=\"1012\" data-end=\"1015\" \/>Strona internetowa udost\u0119pnia tre\u015bci edukacyjne, analizy firm, przewodniki i spostrze\u017cenia wy\u0142\u0105cznie w celach informacyjno-edukacyjnych.<\/p>\n<p data-start=\"1148\" data-end=\"1338\">My tak robimy <strong data-start=\"1154\" data-end=\"1175\">nie sprzedawa\u0107 produkt\u00f3w<\/strong>, <strong data-start=\"1177\" data-end=\"1198\">oferowa\u0107 inwestycje<\/strong>, Lub <strong data-start=\"1203\" data-end=\"1234\">gwarantowa\u0107 wyniki finansowe<\/strong>.<br data-start=\"1235\" data-end=\"1238\" \/>Wszelkie decyzje podejmujesz na podstawie informacji zawartych na tej stronie na w\u0142asne ryzyko i wed\u0142ug w\u0142asnego uznania.<\/p>\n<hr data-start=\"1340\" data-end=\"1343\" \/>\n<h2 data-start=\"1345\" data-end=\"1390\"><span style=\"font-size: 18pt;\">3. Linki zewn\u0119trzne i witryny os\u00f3b trzecich<\/span><\/h2>\n<p data-start=\"1392\" data-end=\"1552\">Nasza witryna internetowa mo\u017ce zawiera\u0107 odno\u015bniki do stron zewn\u0119trznych lub stron os\u00f3b trzecich, w tym stron rejestracyjnych firm, program\u00f3w partnerskich i innych zasob\u00f3w informacyjnych.<\/p>\n<p data-start=\"1554\" data-end=\"1756\">Jeste\u015bmy <strong data-start=\"1561\" data-end=\"1580\">nie jest odpowiedzialny<\/strong> za tre\u015b\u0107, dok\u0142adno\u015b\u0107 lub praktyki tych zewn\u0119trznych witryn.<br data-start=\"1645\" data-end=\"1648\" \/>Korzystanie z link\u00f3w stron trzecich odbywa si\u0119 na w\u0142asne ryzyko. Obowi\u0105zuj\u0105 ich warunki i polityki prywatno\u015bci.<\/p>\n<hr data-start=\"1758\" data-end=\"1761\" \/>\n<h2 data-start=\"1763\" data-end=\"1797\"><span style=\"font-size: 18pt;\">4. Prawa w\u0142asno\u015bci intelektualnej<\/span><\/h2>\n<p data-start=\"1799\" data-end=\"1953\">Wszystkie tre\u015bci opublikowane na <strong data-start=\"1824\" data-end=\"1840\">MLM Explorer<\/strong>, w\u0142\u0105czaj\u0105c w to tekst, obrazy, logo i inne materia\u0142y, jest chroniona prawem autorskim i prawami w\u0142asno\u015bci intelektualnej.<\/p>\n<p data-start=\"1955\" data-end=\"2193\">Mo\u017cesz przegl\u0105da\u0107 i udost\u0119pnia\u0107 nasze tre\u015bci do u\u017cytku osobistego i niekomercyjnego, pod warunkiem wskazania w\u0142a\u015bciwego \u017ar\u00f3d\u0142a.<br data-start=\"2059\" data-end=\"2062\" \/>Powielanie, dystrybucja, modyfikacja lub ponowna publikacja jakiegokolwiek materia\u0142u bez uprzedniej pisemnej zgody jest zabroniona. <strong data-start=\"2169\" data-end=\"2192\">surowo zabronione<\/strong>.<\/p>\n<hr data-start=\"2195\" data-end=\"2198\" \/>\n<h2 data-start=\"2200\" data-end=\"2234\"><span style=\"font-size: 18pt;\">5. Brak porad finansowych i prawnych<\/span><\/h2>\n<p data-start=\"2236\" data-end=\"2375\">Wszystkie informacje zawarte na tej stronie internetowej s\u0105 przeznaczone wy\u0142\u0105cznie do u\u017cytku <strong data-start=\"2284\" data-end=\"2331\">wy\u0142\u0105cznie w celach edukacyjnych i informacyjnych<\/strong>.<br data-start=\"2332\" data-end=\"2335\" \/>Nic na <strong data-start=\"2346\" data-end=\"2362\">MLM Explorer<\/strong> stanowi:<\/p>\n<ul data-start=\"2376\" data-end=\"2499\">\n<li data-start=\"2376\" data-end=\"2396\">\n<p data-start=\"2378\" data-end=\"2396\">Porady finansowe<\/p>\n<\/li>\n<li data-start=\"2397\" data-end=\"2420\">\n<p data-start=\"2399\" data-end=\"2420\">Porady inwestycyjne<\/p>\n<\/li>\n<li data-start=\"2421\" data-end=\"2453\">\n<p data-start=\"2423\" data-end=\"2453\">Zalecenia prawne lub podatkowe<\/p>\n<\/li>\n<li data-start=\"2454\" data-end=\"2499\">\n<p data-start=\"2456\" data-end=\"2499\">Gwarancja dochodu lub sukcesu biznesowego<\/p>\n<\/li>\n<\/ul>\n<p data-start=\"2501\" data-end=\"2579\">Zawsze zasi\u0119gaj porady specjalisty przed podj\u0119ciem decyzji finansowych lub biznesowych.<\/p>\n<hr data-start=\"2581\" data-end=\"2584\" \/>\n<h2 data-start=\"2586\" data-end=\"2615\"><span style=\"font-size: 18pt;\">6. Ograniczenie odpowiedzialno\u015bci<\/span><\/h2>\n<p data-start=\"2617\" data-end=\"2800\">W najszerszym zakresie dozwolonym przez prawo, <strong data-start=\"2657\" data-end=\"2673\">MLM Explorer<\/strong> i jego administratorzy nie ponosz\u0105 odpowiedzialno\u015bci za jakiekolwiek szkody bezpo\u015brednie, po\u015brednie, przypadkowe lub wynikowe wynikaj\u0105ce z:<\/p>\n<ul data-start=\"2801\" data-end=\"2933\">\n<li data-start=\"2801\" data-end=\"2845\">\n<p data-start=\"2803\" data-end=\"2845\">Korzystanie lub brak mo\u017cliwo\u015bci korzystania ze strony internetowej;<\/p>\n<\/li>\n<li data-start=\"2846\" data-end=\"2890\">\n<p data-start=\"2848\" data-end=\"2890\">Poleganie na informacjach zawartych w niniejszym dokumencie;<\/p>\n<\/li>\n<li data-start=\"2891\" data-end=\"2933\">\n<p data-start=\"2893\" data-end=\"2933\">Dost\u0119p do stron internetowych lub link\u00f3w os\u00f3b trzecich.<\/p>\n<\/li>\n<\/ul>\n<p data-start=\"2935\" data-end=\"3010\">U\u017cytkownik potwierdza, \u017ce korzystanie z witryny odbywa si\u0119 wy\u0142\u0105cznie <strong data-start=\"2989\" data-end=\"3009\">na w\u0142asne ryzyko<\/strong>.<\/p>\n<hr data-start=\"3012\" data-end=\"3015\" \/>\n<h2 data-start=\"3017\" data-end=\"3047\"><span style=\"font-size: 18pt;\">7. Zrzeczenie si\u0119 gwarancji<\/span><\/h2>\n<p data-start=\"3049\" data-end=\"3175\">Strona internetowa i jej zawarto\u015b\u0107 s\u0105 udost\u0119pniane \u201e<strong data-start=\"3091\" data-end=\"3100\">tak jak jest<\/strong>\u201dbez \u017cadnych gwarancji, wyra\u017anych lub dorozumianych, w tym, ale nie wy\u0142\u0105cznie:<\/p>\n<ul data-start=\"3176\" data-end=\"3314\">\n<li data-start=\"3176\" data-end=\"3234\">\n<p data-start=\"3178\" data-end=\"3234\">Dok\u0142adno\u015b\u0107, wiarygodno\u015b\u0107 i kompletno\u015b\u0107 tre\u015bci;<\/p>\n<\/li>\n<li data-start=\"3235\" data-end=\"3272\">\n<p data-start=\"3237\" data-end=\"3272\">Przydatno\u015b\u0107 do okre\u015blonego celu;<\/p>\n<\/li>\n<li data-start=\"3273\" data-end=\"3314\">\n<p data-start=\"3275\" data-end=\"3314\">Nie naruszanie praw os\u00f3b trzecich.<\/p>\n<\/li>\n<\/ul>\n<p data-start=\"3316\" data-end=\"3414\">Nie gwarantujemy, \u017ce strona internetowa b\u0119dzie wolna od przerw, b\u0142\u0119d\u00f3w i problem\u00f3w technicznych.<\/p>\n<hr data-start=\"3416\" data-end=\"3419\" \/>\n<h2 data-start=\"3421\" data-end=\"3439\"><span style=\"font-size: 18pt;\">8. Zachowanie u\u017cytkownika<\/span><\/h2>\n<p data-start=\"3441\" data-end=\"3487\">Korzystaj\u0105c z tej witryny internetowej wyra\u017casz zgod\u0119 <strong data-start=\"3476\" data-end=\"3487\">nie:<\/strong><\/p>\n<ul data-start=\"3488\" data-end=\"3701\">\n<li data-start=\"3488\" data-end=\"3535\">\n<p data-start=\"3490\" data-end=\"3535\">Narusza\u0107 jakichkolwiek obowi\u0105zuj\u0105cych praw i przepis\u00f3w;<\/p>\n<\/li>\n<li data-start=\"3536\" data-end=\"3589\">\n<p data-start=\"3538\" data-end=\"3589\">U\u017cywa\u0107 witryny w celach niezgodnych z prawem lub oszuka\u0144czych;<\/p>\n<\/li>\n<li data-start=\"3590\" data-end=\"3655\">\n<p data-start=\"3592\" data-end=\"3655\">Pr\u00f3ba uzyskania nieautoryzowanego dost\u0119pu do system\u00f3w witryny;<\/p>\n<\/li>\n<li data-start=\"3656\" data-end=\"3701\">\n<p data-start=\"3658\" data-end=\"3701\">Zak\u0142\u00f3ca\u0107 lub uszkadza\u0107 funkcjonalno\u015b\u0107 witryny.<\/p>\n<\/li>\n<\/ul>\n<p data-start=\"3703\" data-end=\"3780\">Zastrzegamy sobie prawo do ograniczenia dost\u0119pu ka\u017cdemu u\u017cytkownikowi, kt\u00f3ry narusza niniejsze warunki.<\/p>\n<hr data-start=\"3782\" data-end=\"3785\" \/>\n<h2 data-start=\"3787\" data-end=\"3813\"><span style=\"font-size: 18pt;\">9. Ujawnienie informacji o podmiotach stowarzyszonych<\/span><\/h2>\n<p data-start=\"3815\" data-end=\"4104\">Kilka link\u00f3w na <strong data-start=\"3829\" data-end=\"3845\">MLM Explorer<\/strong> Mo\u017ce <strong data-start=\"3853\" data-end=\"3872\">linki afiliacyjne<\/strong>, co oznacza, \u017ce mo\u017cemy otrzyma\u0107 prowizj\u0119, je\u015bli klikniesz lub zarejestrujesz si\u0119 za ich po\u015brednictwem.<br data-start=\"3945\" data-end=\"3948\" \/>To nadchodzi <strong data-start=\"3962\" data-end=\"3984\">bez dodatkowych koszt\u00f3w<\/strong> dla Ciebie i pomaga w utrzymaniu naszej platformy.<br data-start=\"4042\" data-end=\"4045\" \/>Nasza tre\u015b\u0107 redakcyjna pozostaje <strong data-start=\"4075\" data-end=\"4103\">niezale\u017cny i bezstronny<\/strong>.<\/p>\n<hr data-start=\"4106\" data-end=\"4109\" \/>\n<h2 data-start=\"4111\" data-end=\"4131\"><span style=\"font-size: 18pt;\">10. Prawo w\u0142a\u015bciwe<\/span><\/h2>\n<p data-start=\"4133\" data-end=\"4367\">Niniejsze Warunki korzystania podlegaj\u0105 przepisom prawa obowi\u0105zuj\u0105cego w kraju i zgodnie z nimi s\u0105 interpretowane. <strong data-start=\"4224\" data-end=\"4234\">Brazylia<\/strong>, Gdzie <strong data-start=\"4242\" data-end=\"4258\">MLM Explorer<\/strong> dzia\u0142a administracyjnie i mo\u017ce r\u00f3wnie\u017c przestrzega\u0107 odpowiednich przepis\u00f3w <strong data-start=\"4320\" data-end=\"4342\">prawa mi\u0119dzynarodowe<\/strong> (takich jak RODO i CCPA).<\/p>\n<p data-start=\"4369\" data-end=\"4487\">Wszelkie spory wynikaj\u0105ce z korzystania z niniejszej witryny internetowej b\u0119d\u0105 rozstrzygane zgodnie z obowi\u0105zuj\u0105cymi przepisami jurysdykcyjnymi.<\/p>\n<hr data-start=\"4489\" data-end=\"4492\" \/>\n<h2 data-start=\"4494\" data-end=\"4520\"><span style=\"font-size: 18pt;\">11. Informacje kontaktowe<\/span><\/h2>\n<p data-start=\"4522\" data-end=\"4591\">W przypadku pyta\u0144 dotycz\u0105cych niniejszych Warunk\u00f3w korzystania prosimy o kontakt pod adresem:<\/p>\n<p data-start=\"4593\" data-end=\"4740\"><strong data-start=\"4593\" data-end=\"4609\">MLM Explorer<\/strong><br data-start=\"4609\" data-end=\"4612\" \/>\ud83c\udf10 <a class=\"decorated-link\" href=\"https:\/\/mlm-explorer.com\/pl\/\" target=\"_new\" rel=\"noopener\" data-start=\"4615\" data-end=\"4667\">https:\/\/mlm-explorer.com<\/a><br data-start=\"4667\" data-end=\"4670\" \/>\ud83d\udce7 <a class=\"decorated-link cursor-pointer\" rel=\"noopener\" data-start=\"4673\" data-end=\"4740\">mlmexplorer.global@gmail.com<\/a><\/p>\t\t\t\t\t\t\t\t<\/div>\n\t\t\t\t<\/div>\n\t\t\t\t\t<\/div>\n\t\t<\/div>\n\t\t\t\t\t<\/div>\n\t\t<\/section>\n\t\t\t\t<\/div>","protected":false},"excerpt":{"rendered":"<p>Who we are Suggested text: Our website address is: https:\/\/mlm-explorer.com. Comments Suggested text: When visitors leave comments on the site [&hellip;]<\/p>","protected":false},"author":1,"featured_media":0,"parent":0,"menu_order":0,"comment_status":"closed","ping_status":"open","template":"","meta":{"site-sidebar-layout":"default","site-content-layout":"","ast-site-content-layout":"default","site-content-style":"default","site-sidebar-style":"default","ast-global-header-display":"","ast-banner-title-visibility":"","ast-main-header-display":"","ast-hfb-above-header-display":"","ast-hfb-below-header-display":"","ast-hfb-mobile-header-display":"","site-post-title":"","ast-breadcrumbs-content":"","ast-featured-img":"","footer-sml-layout":"","theme-transparent-header-meta":"","adv-header-id-meta":"","stick-header-meta":"","header-above-stick-meta":"","header-main-stick-meta":"","header-below-stick-meta":"","astra-migrate-meta-layouts":"default","ast-page-background-enabled":"default","ast-page-background-meta":{"desktop":{"background-color":"var(--ast-global-color-5)","background-image":"","background-repeat":"repeat","background-position":"center center","background-size":"auto","background-attachment":"scroll","background-type":"","background-media":"","overlay-type":"","overlay-color":"","overlay-opacity":"","overlay-gradient":""},"tablet":{"background-color":"","background-image":"","background-repeat":"repeat","background-position":"center center","background-size":"auto","background-attachment":"scroll","background-type":"","background-media":"","overlay-type":"","overlay-color":"","overlay-opacity":"","overlay-gradient":""},"mobile":{"background-color":"","background-image":"","background-repeat":"repeat","background-position":"center center","background-size":"auto","background-attachment":"scroll","background-type":"","background-media":"","overlay-type":"","overlay-color":"","overlay-opacity":"","overlay-gradient":""}},"ast-content-background-meta":{"desktop":{"background-color":"var(--ast-global-color-4)","background-image":"","background-repeat":"repeat","background-position":"center center","background-size":"auto","background-attachment":"scroll","background-type":"","background-media":"","overlay-type":"","overlay-color":"","overlay-opacity":"","overlay-gradient":""},"tablet":{"background-color":"var(--ast-global-color-4)","background-image":"","background-repeat":"repeat","background-position":"center center","background-size":"auto","background-attachment":"scroll","background-type":"","background-media":"","overlay-type":"","overlay-color":"","overlay-opacity":"","overlay-gradient":""},"mobile":{"background-color":"var(--ast-global-color-4)","background-image":"","background-repeat":"repeat","background-position":"center center","background-size":"auto","background-attachment":"scroll","background-type":"","background-media":"","overlay-type":"","overlay-color":"","overlay-opacity":"","overlay-gradient":""}},"footnotes":""},"class_list":["post-326","page","type-page","status-publish","hentry"],"yoast_head":"<!-- This site is optimized with the Yoast SEO Premium plugin v26.3 (Yoast SEO v27.3) - https:\/\/yoast.com\/product\/yoast-seo-premium-wordpress\/ -->\n<title>Terms of Use<\/title>\n<meta name=\"robots\" content=\"index, follow, max-snippet:-1, max-image-preview:large, max-video-preview:-1\" \/>\n<link rel=\"canonical\" href=\"https:\/\/mlm-explorer.com\/pl\/warunki-uzytkowania\/\" \/>\n<meta property=\"og:locale\" content=\"pl_PL\" \/>\n<meta property=\"og:type\" content=\"article\" \/>\n<meta property=\"og:title\" content=\"Terms of Use\" \/>\n<meta property=\"og:description\" content=\"Who we are Suggested text: Our website address is: https:\/\/mlm-explorer.com. Comments Suggested text: When visitors leave comments on the site [&hellip;]\" \/>\n<meta property=\"og:url\" content=\"https:\/\/mlm-explorer.com\/pl\/warunki-uzytkowania\/\" \/>\n<meta property=\"article:modified_time\" content=\"2025-10-07T00:58:28+00:00\" \/>\n<meta name=\"twitter:card\" content=\"summary_large_image\" \/>\n<meta name=\"twitter:label1\" content=\"Szacowany czas czytania\" \/>\n\t<meta name=\"twitter:data1\" content=\"4 minuty\" \/>\n<script type=\"application\/ld+json\" class=\"yoast-schema-graph\">{\"@context\":\"https:\\\/\\\/schema.org\",\"@graph\":[{\"@type\":\"WebPage\",\"@id\":\"https:\\\/\\\/mlm-explorer.com\\\/terms-of-use\\\/\",\"url\":\"https:\\\/\\\/mlm-explorer.com\\\/terms-of-use\\\/\",\"name\":\"Terms of Use\",\"isPartOf\":{\"@id\":\"https:\\\/\\\/mlm-explorer.com\\\/#website\"},\"datePublished\":\"2025-10-07T00:56:46+00:00\",\"dateModified\":\"2025-10-07T00:58:28+00:00\",\"breadcrumb\":{\"@id\":\"https:\\\/\\\/mlm-explorer.com\\\/terms-of-use\\\/#breadcrumb\"},\"inLanguage\":\"pl-PL\",\"potentialAction\":[{\"@type\":\"ReadAction\",\"target\":[\"https:\\\/\\\/mlm-explorer.com\\\/terms-of-use\\\/\"]}]},{\"@type\":\"BreadcrumbList\",\"@id\":\"https:\\\/\\\/mlm-explorer.com\\\/terms-of-use\\\/#breadcrumb\",\"itemListElement\":[{\"@type\":\"ListItem\",\"position\":1,\"name\":\"Home\",\"item\":\"https:\\\/\\\/mlm-explorer.com\\\/\"},{\"@type\":\"ListItem\",\"position\":2,\"name\":\"Terms of Use\"}]},{\"@type\":\"WebSite\",\"@id\":\"https:\\\/\\\/mlm-explorer.com\\\/#website\",\"url\":\"https:\\\/\\\/mlm-explorer.com\\\/\",\"name\":\"\",\"description\":\"\",\"potentialAction\":[{\"@type\":\"SearchAction\",\"target\":{\"@type\":\"EntryPoint\",\"urlTemplate\":\"https:\\\/\\\/mlm-explorer.com\\\/?s={search_term_string}\"},\"query-input\":{\"@type\":\"PropertyValueSpecification\",\"valueRequired\":true,\"valueName\":\"search_term_string\"}}],\"inLanguage\":\"pl-PL\"}]}<\/script>\n<!-- \/ Yoast SEO Premium plugin. -->","yoast_head_json":{"title":"Terms of Use","robots":{"index":"index","follow":"follow","max-snippet":"max-snippet:-1","max-image-preview":"max-image-preview:large","max-video-preview":"max-video-preview:-1"},"canonical":"https:\/\/mlm-explorer.com\/pl\/warunki-uzytkowania\/","og_locale":"pl_PL","og_type":"article","og_title":"Terms of Use","og_description":"Who we are Suggested text: Our website address is: https:\/\/mlm-explorer.com. Comments Suggested text: When visitors leave comments on the site [&hellip;]","og_url":"https:\/\/mlm-explorer.com\/pl\/warunki-uzytkowania\/","article_modified_time":"2025-10-07T00:58:28+00:00","twitter_card":"summary_large_image","twitter_misc":{"Szacowany czas czytania":"4 minuty"},"schema":{"@context":"https:\/\/schema.org","@graph":[{"@type":"WebPage","@id":"https:\/\/mlm-explorer.com\/terms-of-use\/","url":"https:\/\/mlm-explorer.com\/terms-of-use\/","name":"Terms of Use","isPartOf":{"@id":"https:\/\/mlm-explorer.com\/#website"},"datePublished":"2025-10-07T00:56:46+00:00","dateModified":"2025-10-07T00:58:28+00:00","breadcrumb":{"@id":"https:\/\/mlm-explorer.com\/terms-of-use\/#breadcrumb"},"inLanguage":"pl-PL","potentialAction":[{"@type":"ReadAction","target":["https:\/\/mlm-explorer.com\/terms-of-use\/"]}]},{"@type":"BreadcrumbList","@id":"https:\/\/mlm-explorer.com\/terms-of-use\/#breadcrumb","itemListElement":[{"@type":"ListItem","position":1,"name":"Home","item":"https:\/\/mlm-explorer.com\/"},{"@type":"ListItem","position":2,"name":"Terms of Use"}]},{"@type":"WebSite","@id":"https:\/\/mlm-explorer.com\/#website","url":"https:\/\/mlm-explorer.com\/","name":"","description":"","potentialAction":[{"@type":"SearchAction","target":{"@type":"EntryPoint","urlTemplate":"https:\/\/mlm-explorer.com\/?s={search_term_string}"},"query-input":{"@type":"PropertyValueSpecification","valueRequired":true,"valueName":"search_term_string"}}],"inLanguage":"pl-PL"}]}},"_links":{"self":[{"href":"https:\/\/mlm-explorer.com\/pl\/wp-json\/wp\/v2\/pages\/326","targetHints":{"allow":["GET"]}}],"collection":[{"href":"https:\/\/mlm-explorer.com\/pl\/wp-json\/wp\/v2\/pages"}],"about":[{"href":"https:\/\/mlm-explorer.com\/pl\/wp-json\/wp\/v2\/types\/page"}],"author":[{"embeddable":true,"href":"https:\/\/mlm-explorer.com\/pl\/wp-json\/wp\/v2\/users\/1"}],"replies":[{"embeddable":true,"href":"https:\/\/mlm-explorer.com\/pl\/wp-json\/wp\/v2\/comments?post=326"}],"version-history":[{"count":3,"href":"https:\/\/mlm-explorer.com\/pl\/wp-json\/wp\/v2\/pages\/326\/revisions"}],"predecessor-version":[{"id":329,"href":"https:\/\/mlm-explorer.com\/pl\/wp-json\/wp\/v2\/pages\/326\/revisions\/329"}],"wp:attachment":[{"href":"https:\/\/mlm-explorer.com\/pl\/wp-json\/wp\/v2\/media?parent=326"}],"curies":[{"name":"wp","href":"https:\/\/api.w.org\/{rel}","templated":true}]}}