{"id":3,"date":"2025-10-05T02:18:41","date_gmt":"2025-10-05T02:18:41","guid":{"rendered":"https:\/\/mlm-explorer.com\/?page_id=3"},"modified":"2025-10-06T21:45:54","modified_gmt":"2025-10-07T00:45:54","slug":"privacy-policy","status":"publish","type":"page","link":"https:\/\/mlm-explorer.com\/pl\/polityka-prywatnosci\/","title":{"rendered":"Polityka prywatno\u015bci"},"content":{"rendered":"<style><\/style>\t\t<div data-elementor-type=\"wp-page\" data-elementor-id=\"3\" class=\"elementor elementor-3\">\n\t\t\t\t\t\t<section class=\"elementor-section elementor-top-section elementor-element elementor-element-24f1ca2e elementor-section-boxed elementor-section-height-default elementor-section-height-default\" data-id=\"24f1ca2e\" data-element_type=\"section\" data-e-type=\"section\">\n\t\t\t\t\t\t<div class=\"elementor-container elementor-column-gap-default\">\n\t\t\t\t\t<div class=\"elementor-column elementor-col-100 elementor-top-column elementor-element elementor-element-5a86b10e\" data-id=\"5a86b10e\" data-element_type=\"column\" data-e-type=\"column\">\n\t\t\t<div class=\"elementor-widget-wrap elementor-element-populated\">\n\t\t\t\t\t\t<div class=\"elementor-element elementor-element-703184bd elementor-widget elementor-widget-text-editor\" data-id=\"703184bd\" data-element_type=\"widget\" data-e-type=\"widget\" data-widget_type=\"text-editor.default\">\n\t\t\t\t<div class=\"elementor-widget-container\">\n\t\t\t\t\t\t\t\t\t\n<h1 class=\"wp-block-heading\" data-start=\"311\" data-end=\"331\"><span style=\"font-size: 18pt;\"><strong data-start=\"313\" data-end=\"331\">Polityka prywatno\u015bci<\/strong><\/span><\/h1>\n<p data-start=\"333\" data-end=\"519\"><strong data-start=\"333\" data-end=\"352\">Data wej\u015bcia w \u017cycie:<\/strong> 6 pa\u017adziernika 2025 r.<br data-start=\"368\" data-end=\"371\" \/><strong data-start=\"371\" data-end=\"383\">Strona internetowa:<\/strong> <a class=\"decorated-link\" href=\"https:\/\/mlm-explorer.com\/pl\/\" target=\"_new\" rel=\"noopener\" data-start=\"384\" data-end=\"436\">https:\/\/mlm-explorer.com<\/a><br data-start=\"436\" data-end=\"439\" \/><strong data-start=\"439\" data-end=\"451\">Kontakt:<\/strong> <a class=\"decorated-link cursor-pointer\" rel=\"noopener\" data-start=\"452\" data-end=\"519\">mlmexplorer.global@gmail.com<\/a><\/p>\n<hr data-start=\"521\" data-end=\"524\" \/>\n<h2 data-start=\"526\" data-end=\"544\"><span style=\"font-size: 18pt;\">1. Wprowadzenie<\/span><\/h2>\n<p data-start=\"546\" data-end=\"912\">Witamy w <strong data-start=\"557\" data-end=\"573\">MLM Explorer<\/strong>.<br data-start=\"574\" data-end=\"577\" \/>Twoja prywatno\u015b\u0107 jest dla nas wa\u017cna. Niniejsza Polityka Prywatno\u015bci wyja\u015bnia, jak przetwarzamy informacje, gdy odwiedzasz nasz\u0105 stron\u0119 internetow\u0105, w jaki spos\u00f3b wykorzystywane s\u0105 pliki cookie i narz\u0119dzia analityczne, a tak\u017ce jakie prawa przys\u0142uguj\u0105 Ci na mocy obowi\u0105zuj\u0105cych przepis\u00f3w o ochronie danych, w tym: <strong data-start=\"798\" data-end=\"843\">Og\u00f3lne rozporz\u0105dzenie o ochronie danych (RODO)<\/strong>, <strong data-start=\"845\" data-end=\"863\">Brazylijskie LGPD<\/strong>, I <strong data-start=\"869\" data-end=\"911\">Kalifornijska ustawa o ochronie prywatno\u015bci konsument\u00f3w (CCPA)<\/strong>.<\/p>\n<p data-start=\"914\" data-end=\"970\">Korzystaj\u0105c z tej witryny internetowej, akceptujesz niniejsz\u0105 Polityk\u0119 Prywatno\u015bci.<\/p>\n<hr data-start=\"972\" data-end=\"975\" \/>\n<h2 data-start=\"977\" data-end=\"1012\"><span style=\"font-size: 18pt;\">2. Informacje, kt\u00f3rych nie gromadzimy<\/span><\/h2>\n<p data-start=\"1014\" data-end=\"1223\">MLM Explorer robi <strong data-start=\"1032\" data-end=\"1072\">nie gromadzi\u0107 \u017cadnych danych osobowych<\/strong> bezpo\u015brednio od u\u017cytkownik\u00f3w.<br data-start=\"1093\" data-end=\"1096\" \/>Nie wymagamy od Ciebie podawania imienia, adresu e-mail, numeru telefonu ani \u017cadnych danych identyfikacyjnych za po\u015brednictwem formularzy, subskrypcji ani rejestracji u\u017cytkownik\u00f3w.<\/p>\n<p data-start=\"1225\" data-end=\"1332\">Jedyne dane, kt\u00f3re mog\u0105 by\u0107 przetwarzane to: <strong data-start=\"1264\" data-end=\"1311\">dane nieosobowe, zagregowane lub anonimowe<\/strong>, jak wyja\u015bniono poni\u017cej.<\/p>\n<hr data-start=\"1334\" data-end=\"1337\" \/>\n<h2 data-start=\"1339\" data-end=\"1366\"><span style=\"font-size: 18pt;\">3. Pliki cookie i analityka<\/span><\/h2>\n<p data-start=\"1368\" data-end=\"1509\">Nasza strona internetowa wykorzystuje <strong data-start=\"1385\" data-end=\"1405\">Google Analytics<\/strong> I <strong data-start=\"1410\" data-end=\"1453\">Konsola wyszukiwania Google (Narz\u0119dzia dla webmaster\u00f3w)<\/strong> aby zrozumie\u0107 zachowania u\u017cytkownik\u00f3w i poprawi\u0107 wydajno\u015b\u0107.<\/p>\n<p data-start=\"1511\" data-end=\"1549\">Narz\u0119dzia te mog\u0105 automatycznie zbiera\u0107:<\/p>\n<ul data-start=\"1550\" data-end=\"1734\">\n<li data-start=\"1550\" data-end=\"1578\">\n<p data-start=\"1552\" data-end=\"1578\">Typ i wersja przegl\u0105darki<\/p>\n<\/li>\n<li data-start=\"1579\" data-end=\"1615\">\n<p data-start=\"1581\" data-end=\"1615\">Typ urz\u0105dzenia i system operacyjny<\/p>\n<\/li>\n<li data-start=\"1616\" data-end=\"1643\">\n<p data-start=\"1618\" data-end=\"1643\">Adres IP (anonimizowany)<\/p>\n<\/li>\n<li data-start=\"1644\" data-end=\"1691\">\n<p data-start=\"1646\" data-end=\"1691\">Odwiedzone strony, czas trwania i zachowanie klikni\u0119cia<\/p>\n<\/li>\n<li data-start=\"1692\" data-end=\"1734\">\n<p data-start=\"1694\" data-end=\"1734\">\u0179r\u00f3d\u0142o polecenia (jak trafi\u0142e\u015b na nasz\u0105 stron\u0119)<\/p>\n<\/li>\n<\/ul>\n<p data-start=\"1736\" data-end=\"1936\">Informacje te s\u0142u\u017c\u0105 wy\u0142\u0105cznie do: <strong data-start=\"1770\" data-end=\"1809\">cele statystyczne i analityczne<\/strong> i nie pozwala na Twoj\u0105 osobist\u0105 identyfikacj\u0119.<br data-start=\"1847\" data-end=\"1850\" \/>Je\u015bli nie chcesz udost\u0119pnia\u0107 tych danych, mo\u017cesz wy\u0142\u0105czy\u0107 obs\u0142ug\u0119 plik\u00f3w cookie w ustawieniach swojej przegl\u0105darki.<\/p>\n<hr data-start=\"1938\" data-end=\"1941\" \/>\n<h2 data-start=\"1943\" data-end=\"1963\"><span style=\"font-size: 18pt;\">4. Linki zewn\u0119trzne<\/span><\/h2>\n<p data-start=\"1965\" data-end=\"2262\">MLM Explorer mo\u017ce zawiera\u0107 linki do stron internetowych os\u00f3b trzecich \u2014 w tym linki do rejestracji firmy lub linki partnerskie.<br data-start=\"2072\" data-end=\"2075\" \/>Jeste\u015bmy <strong data-start=\"2082\" data-end=\"2101\">nie jest odpowiedzialny<\/strong> za tre\u015b\u0107, zasady ochrony prywatno\u015bci i polityk\u0119 tych zewn\u0119trznych witryn.<br data-start=\"2174\" data-end=\"2177\" \/>Zalecamy zapoznanie si\u0119 z polityk\u0105 prywatno\u015bci tych podmiot\u00f3w przed podaniem jakichkolwiek informacji.<\/p>\n<hr data-start=\"2264\" data-end=\"2267\" \/>\n<h2 data-start=\"2269\" data-end=\"2287\"><span style=\"font-size: 18pt;\">5. Udost\u0119pnianie danych<\/span><\/h2>\n<p data-start=\"2289\" data-end=\"2513\">My tak robimy <strong data-start=\"2295\" data-end=\"2324\">nie sprzedawa\u0107, nie handlowa\u0107 ani nie udost\u0119pnia\u0107<\/strong> danych u\u017cytkownika osobom trzecim.<br data-start=\"2354\" data-end=\"2357\" \/>Dane analityczne zbierane za pomoc\u0105 narz\u0119dzi Google przetwarzane s\u0105 zgodnie z <strong data-start=\"2426\" data-end=\"2453\">Polityka prywatno\u015bci Google<\/strong> i mog\u0105 by\u0107 przechowywane na serwerach Google w r\u00f3\u017cnych krajach.<\/p>\n<hr data-start=\"2515\" data-end=\"2518\" \/>\n<h2 data-start=\"2520\" data-end=\"2540\"><span style=\"font-size: 18pt;\">6. Przechowywanie danych<\/span><\/h2>\n<p data-start=\"2542\" data-end=\"2748\">Poniewa\u017c nie s\u0105 gromadzone \u017cadne dane osobowe, <strong data-start=\"2586\" data-end=\"2616\">nie s\u0105 przechowywane \u017cadne dane osobowe<\/strong> na naszych serwerach.<br data-start=\"2632\" data-end=\"2635\" \/>Anonimowe dane analityczne s\u0105 przechowywane wy\u0142\u0105cznie w granicach okre\u015blonych przez Google Analytics, zazwyczaj <strong data-start=\"2734\" data-end=\"2747\">14 miesi\u0119cy<\/strong>.<\/p>\n<hr data-start=\"2750\" data-end=\"2753\" \/>\n<h2 data-start=\"2755\" data-end=\"2772\"><span style=\"font-size: 18pt;\">7. Twoje prawa<\/span><\/h2>\n<p data-start=\"2774\" data-end=\"2949\">Mimo \u017ce MLM Explorer nie gromadzi danych osobowych, u\u017cytkownicy w jurysdykcjach takich jak <strong data-start=\"2866\" data-end=\"2884\">Unia Europejska<\/strong> Lub <strong data-start=\"2888\" data-end=\"2898\">Brazylia<\/strong> przys\u0142uguj\u0105 Ci prawa wynikaj\u0105ce z przepis\u00f3w o ochronie danych, w tym:<\/p>\n<ul data-start=\"2950\" data-end=\"3094\">\n<li data-start=\"2950\" data-end=\"3012\">\n<p data-start=\"2952\" data-end=\"3012\">Prawo do dost\u0119pu, poprawiania lub usuwania danych (je\u015bli zosta\u0142y zebrane);<\/p>\n<\/li>\n<li data-start=\"3013\" data-end=\"3061\">\n<p data-start=\"3015\" data-end=\"3061\">Prawo do ograniczenia przetwarzania lub sprzeciwu wobec przetwarzania;<\/p>\n<\/li>\n<li data-start=\"3062\" data-end=\"3094\">\n<p data-start=\"3064\" data-end=\"3094\">Prawo do przenoszenia danych.<\/p>\n<\/li>\n<\/ul>\n<p data-start=\"3096\" data-end=\"3237\">Je\u015bli masz jakiekolwiek pytania dotycz\u0105ce prywatno\u015bci, skontaktuj si\u0119 z nami pod adresem<br data-start=\"3159\" data-end=\"3162\" \/>\ud83d\udce7 <strong data-start=\"3165\" data-end=\"3236\"><a class=\"decorated-link cursor-pointer\" rel=\"noopener\" data-start=\"3167\" data-end=\"3234\">mlmexplorer.global@gmail.com<\/a><\/strong>.<\/p>\n<hr data-start=\"3239\" data-end=\"3242\" \/>\n<h2 data-start=\"3244\" data-end=\"3263\"><span style=\"font-size: 18pt;\">8. Bezpiecze\u0144stwo danych<\/span><\/h2>\n<p data-start=\"3265\" data-end=\"3500\">U\u017cywamy bezpiecznych protoko\u0142\u00f3w (HTTPS) i sprawdzonych dostawc\u00f3w hostingu, aby zapewni\u0107 ochron\u0119 wszystkich informacji przesy\u0142anych za po\u015brednictwem naszej witryny.<br data-start=\"3400\" data-end=\"3403\" \/>Chocia\u017c \u017caden system nie jest w 100% bezpieczny, nieustannie pracujemy nad utrzymaniem standard\u00f3w bezpiecze\u0144stwa obowi\u0105zuj\u0105cych w bran\u017cy.<\/p>\n<hr data-start=\"3502\" data-end=\"3505\" \/>\n<h2 data-start=\"3507\" data-end=\"3535\"><span style=\"font-size: 18pt;\">9. Zmiany w niniejszej Polityce<\/span><\/h2>\n<p data-start=\"3537\" data-end=\"3770\">MLM Explorer mo\u017ce w ka\u017cdej chwili dokona\u0107 aktualizacji niniejszej Polityki prywatno\u015bci.<br data-start=\"3593\" data-end=\"3596\" \/>Najnowsza wersja b\u0119dzie zawsze dost\u0119pna na tej stronie, a data jej wej\u015bcia w \u017cycie b\u0119dzie podana na g\u00f3rze.<br data-start=\"3695\" data-end=\"3698\" \/>Zach\u0119camy u\u017cytkownik\u00f3w do regularnego przegl\u0105dania tej strony w celu pozostania na bie\u017c\u0105co.<\/p>\n<hr data-start=\"3772\" data-end=\"3775\" \/>\n<h2 data-start=\"3777\" data-end=\"3803\"><span style=\"font-size: 18pt;\">10. Informacje kontaktowe<\/span><\/h2>\n<p data-start=\"3805\" data-end=\"3913\">Je\u015bli masz jakiekolwiek pytania lub w\u0105tpliwo\u015bci dotycz\u0105ce niniejszej Polityki prywatno\u015bci lub naszych praktyk dotycz\u0105cych danych, skontaktuj si\u0119 z nami pod adresem:<\/p>\n<p data-start=\"3915\" data-end=\"4062\"><strong data-start=\"3915\" data-end=\"3931\">MLM Explorer<\/strong><br data-start=\"3931\" data-end=\"3934\" \/>\ud83c\udf10 <a class=\"decorated-link\" href=\"https:\/\/mlm-explorer.com\/pl\/\" target=\"_new\" rel=\"noopener\" data-start=\"3937\" data-end=\"3989\">https:\/\/mlm-explorer.com<\/a><br data-start=\"3989\" data-end=\"3992\" \/>\ud83d\udce7 <a class=\"decorated-link cursor-pointer\" rel=\"noopener\" data-start=\"3995\" data-end=\"4062\">mlmexplorer.global@gmail.com<\/a><\/p>\t\t\t\t\t\t\t\t<\/div>\n\t\t\t\t<\/div>\n\t\t\t\t\t<\/div>\n\t\t<\/div>\n\t\t\t\t\t<\/div>\n\t\t<\/section>\n\t\t\t\t<\/div>","protected":false},"excerpt":{"rendered":"<p>Who we are Suggested text: Our website address is: https:\/\/mlm-explorer.com. Comments Suggested text: When visitors leave comments on the site [&hellip;]<\/p>","protected":false},"author":1,"featured_media":0,"parent":0,"menu_order":0,"comment_status":"closed","ping_status":"open","template":"","meta":{"site-sidebar-layout":"default","site-content-layout":"","ast-site-content-layout":"default","site-content-style":"default","site-sidebar-style":"default","ast-global-header-display":"","ast-banner-title-visibility":"","ast-main-header-display":"","ast-hfb-above-header-display":"","ast-hfb-below-header-display":"","ast-hfb-mobile-header-display":"","site-post-title":"","ast-breadcrumbs-content":"","ast-featured-img":"","footer-sml-layout":"","theme-transparent-header-meta":"","adv-header-id-meta":"","stick-header-meta":"","header-above-stick-meta":"","header-main-stick-meta":"","header-below-stick-meta":"","astra-migrate-meta-layouts":"default","ast-page-background-enabled":"default","ast-page-background-meta":{"desktop":{"background-color":"var(--ast-global-color-5)","background-image":"","background-repeat":"repeat","background-position":"center center","background-size":"auto","background-attachment":"scroll","background-type":"","background-media":"","overlay-type":"","overlay-color":"","overlay-opacity":"","overlay-gradient":""},"tablet":{"background-color":"","background-image":"","background-repeat":"repeat","background-position":"center center","background-size":"auto","background-attachment":"scroll","background-type":"","background-media":"","overlay-type":"","overlay-color":"","overlay-opacity":"","overlay-gradient":""},"mobile":{"background-color":"","background-image":"","background-repeat":"repeat","background-position":"center center","background-size":"auto","background-attachment":"scroll","background-type":"","background-media":"","overlay-type":"","overlay-color":"","overlay-opacity":"","overlay-gradient":""}},"ast-content-background-meta":{"desktop":{"background-color":"var(--ast-global-color-4)","background-image":"","background-repeat":"repeat","background-position":"center center","background-size":"auto","background-attachment":"scroll","background-type":"","background-media":"","overlay-type":"","overlay-color":"","overlay-opacity":"","overlay-gradient":""},"tablet":{"background-color":"var(--ast-global-color-4)","background-image":"","background-repeat":"repeat","background-position":"center center","background-size":"auto","background-attachment":"scroll","background-type":"","background-media":"","overlay-type":"","overlay-color":"","overlay-opacity":"","overlay-gradient":""},"mobile":{"background-color":"var(--ast-global-color-4)","background-image":"","background-repeat":"repeat","background-position":"center center","background-size":"auto","background-attachment":"scroll","background-type":"","background-media":"","overlay-type":"","overlay-color":"","overlay-opacity":"","overlay-gradient":""}},"footnotes":""},"class_list":["post-3","page","type-page","status-publish","hentry"],"yoast_head":"<!-- This site is optimized with the Yoast SEO Premium plugin v26.3 (Yoast SEO v27.3) - https:\/\/yoast.com\/product\/yoast-seo-premium-wordpress\/ -->\n<title>Privacy Policy -<\/title>\n<meta name=\"robots\" content=\"index, follow, max-snippet:-1, max-image-preview:large, max-video-preview:-1\" \/>\n<link rel=\"canonical\" href=\"https:\/\/mlm-explorer.com\/pl\/polityka-prywatnosci\/\" \/>\n<meta property=\"og:locale\" content=\"pl_PL\" \/>\n<meta property=\"og:type\" content=\"article\" \/>\n<meta property=\"og:title\" content=\"Privacy Policy\" \/>\n<meta property=\"og:description\" content=\"Who we are Suggested text: Our website address is: https:\/\/mlm-explorer.com. Comments Suggested text: When visitors leave comments on the site [&hellip;]\" \/>\n<meta property=\"og:url\" content=\"https:\/\/mlm-explorer.com\/pl\/polityka-prywatnosci\/\" \/>\n<meta property=\"article:modified_time\" content=\"2025-10-07T00:45:54+00:00\" \/>\n<meta name=\"twitter:card\" content=\"summary_large_image\" \/>\n<meta name=\"twitter:label1\" content=\"Szacowany czas czytania\" \/>\n\t<meta name=\"twitter:data1\" content=\"3 minuty\" \/>\n<script type=\"application\/ld+json\" class=\"yoast-schema-graph\">{\"@context\":\"https:\\\/\\\/schema.org\",\"@graph\":[{\"@type\":\"WebPage\",\"@id\":\"https:\\\/\\\/mlm-explorer.com\\\/privacy-policy\\\/\",\"url\":\"https:\\\/\\\/mlm-explorer.com\\\/privacy-policy\\\/\",\"name\":\"Privacy Policy -\",\"isPartOf\":{\"@id\":\"https:\\\/\\\/mlm-explorer.com\\\/#website\"},\"datePublished\":\"2025-10-05T02:18:41+00:00\",\"dateModified\":\"2025-10-07T00:45:54+00:00\",\"breadcrumb\":{\"@id\":\"https:\\\/\\\/mlm-explorer.com\\\/privacy-policy\\\/#breadcrumb\"},\"inLanguage\":\"pl-PL\",\"potentialAction\":[{\"@type\":\"ReadAction\",\"target\":[\"https:\\\/\\\/mlm-explorer.com\\\/privacy-policy\\\/\"]}]},{\"@type\":\"BreadcrumbList\",\"@id\":\"https:\\\/\\\/mlm-explorer.com\\\/privacy-policy\\\/#breadcrumb\",\"itemListElement\":[{\"@type\":\"ListItem\",\"position\":1,\"name\":\"Home\",\"item\":\"https:\\\/\\\/mlm-explorer.com\\\/\"},{\"@type\":\"ListItem\",\"position\":2,\"name\":\"Privacy Policy\"}]},{\"@type\":\"WebSite\",\"@id\":\"https:\\\/\\\/mlm-explorer.com\\\/#website\",\"url\":\"https:\\\/\\\/mlm-explorer.com\\\/\",\"name\":\"\",\"description\":\"\",\"potentialAction\":[{\"@type\":\"SearchAction\",\"target\":{\"@type\":\"EntryPoint\",\"urlTemplate\":\"https:\\\/\\\/mlm-explorer.com\\\/?s={search_term_string}\"},\"query-input\":{\"@type\":\"PropertyValueSpecification\",\"valueRequired\":true,\"valueName\":\"search_term_string\"}}],\"inLanguage\":\"pl-PL\"}]}<\/script>\n<!-- \/ Yoast SEO Premium plugin. -->","yoast_head_json":{"title":"Privacy Policy -","robots":{"index":"index","follow":"follow","max-snippet":"max-snippet:-1","max-image-preview":"max-image-preview:large","max-video-preview":"max-video-preview:-1"},"canonical":"https:\/\/mlm-explorer.com\/pl\/polityka-prywatnosci\/","og_locale":"pl_PL","og_type":"article","og_title":"Privacy Policy","og_description":"Who we are Suggested text: Our website address is: https:\/\/mlm-explorer.com. Comments Suggested text: When visitors leave comments on the site [&hellip;]","og_url":"https:\/\/mlm-explorer.com\/pl\/polityka-prywatnosci\/","article_modified_time":"2025-10-07T00:45:54+00:00","twitter_card":"summary_large_image","twitter_misc":{"Szacowany czas czytania":"3 minuty"},"schema":{"@context":"https:\/\/schema.org","@graph":[{"@type":"WebPage","@id":"https:\/\/mlm-explorer.com\/privacy-policy\/","url":"https:\/\/mlm-explorer.com\/privacy-policy\/","name":"Privacy Policy -","isPartOf":{"@id":"https:\/\/mlm-explorer.com\/#website"},"datePublished":"2025-10-05T02:18:41+00:00","dateModified":"2025-10-07T00:45:54+00:00","breadcrumb":{"@id":"https:\/\/mlm-explorer.com\/privacy-policy\/#breadcrumb"},"inLanguage":"pl-PL","potentialAction":[{"@type":"ReadAction","target":["https:\/\/mlm-explorer.com\/privacy-policy\/"]}]},{"@type":"BreadcrumbList","@id":"https:\/\/mlm-explorer.com\/privacy-policy\/#breadcrumb","itemListElement":[{"@type":"ListItem","position":1,"name":"Home","item":"https:\/\/mlm-explorer.com\/"},{"@type":"ListItem","position":2,"name":"Privacy Policy"}]},{"@type":"WebSite","@id":"https:\/\/mlm-explorer.com\/#website","url":"https:\/\/mlm-explorer.com\/","name":"","description":"","potentialAction":[{"@type":"SearchAction","target":{"@type":"EntryPoint","urlTemplate":"https:\/\/mlm-explorer.com\/?s={search_term_string}"},"query-input":{"@type":"PropertyValueSpecification","valueRequired":true,"valueName":"search_term_string"}}],"inLanguage":"pl-PL"}]}},"_links":{"self":[{"href":"https:\/\/mlm-explorer.com\/pl\/wp-json\/wp\/v2\/pages\/3","targetHints":{"allow":["GET"]}}],"collection":[{"href":"https:\/\/mlm-explorer.com\/pl\/wp-json\/wp\/v2\/pages"}],"about":[{"href":"https:\/\/mlm-explorer.com\/pl\/wp-json\/wp\/v2\/types\/page"}],"author":[{"embeddable":true,"href":"https:\/\/mlm-explorer.com\/pl\/wp-json\/wp\/v2\/users\/1"}],"replies":[{"embeddable":true,"href":"https:\/\/mlm-explorer.com\/pl\/wp-json\/wp\/v2\/comments?post=3"}],"version-history":[{"count":5,"href":"https:\/\/mlm-explorer.com\/pl\/wp-json\/wp\/v2\/pages\/3\/revisions"}],"predecessor-version":[{"id":319,"href":"https:\/\/mlm-explorer.com\/pl\/wp-json\/wp\/v2\/pages\/3\/revisions\/319"}],"wp:attachment":[{"href":"https:\/\/mlm-explorer.com\/pl\/wp-json\/wp\/v2\/media?parent=3"}],"curies":[{"name":"wp","href":"https:\/\/api.w.org\/{rel}","templated":true}]}}