{"id":336,"date":"2025-10-06T22:49:55","date_gmt":"2025-10-07T01:49:55","guid":{"rendered":"https:\/\/mlm-explorer.com\/?page_id=336"},"modified":"2025-10-09T23:41:02","modified_gmt":"2025-10-10T02:41:02","slug":"cookie-policy","status":"publish","type":"page","link":"https:\/\/mlm-explorer.com\/fr\/politique-de-cookies\/","title":{"rendered":"Politique relative aux cookies"},"content":{"rendered":"<style><\/style>\t\t<div data-elementor-type=\"wp-page\" data-elementor-id=\"336\" class=\"elementor elementor-336\">\n\t\t\t\t\t\t<section class=\"elementor-section elementor-top-section elementor-element elementor-element-24f1ca2e elementor-section-boxed elementor-section-height-default elementor-section-height-default\" data-id=\"24f1ca2e\" data-element_type=\"section\" data-e-type=\"section\">\n\t\t\t\t\t\t<div class=\"elementor-container elementor-column-gap-default\">\n\t\t\t\t\t<div class=\"elementor-column elementor-col-100 elementor-top-column elementor-element elementor-element-5a86b10e\" data-id=\"5a86b10e\" data-element_type=\"column\" data-e-type=\"column\">\n\t\t\t<div class=\"elementor-widget-wrap elementor-element-populated\">\n\t\t\t\t\t\t<div class=\"elementor-element elementor-element-703184bd elementor-widget elementor-widget-text-editor\" data-id=\"703184bd\" data-element_type=\"widget\" data-e-type=\"widget\" data-widget_type=\"text-editor.default\">\n\t\t\t\t<div class=\"elementor-widget-container\">\n\t\t\t\t\t\t\t\t\t<h1 data-start=\"299\" data-end=\"318\"><span style=\"font-size: 18pt;\"><strong data-start=\"301\" data-end=\"318\">Politique relative aux cookies<\/strong><\/span><\/h1>\n<p data-start=\"320\" data-end=\"506\"><strong data-start=\"320\" data-end=\"339\">Date d&#039;entr\u00e9e en vigueur :<\/strong> 6 octobre 2025<br data-start=\"355\" data-end=\"358\" \/><strong data-start=\"358\" data-end=\"370\">Site web:<\/strong> <a class=\"decorated-link\" href=\"https:\/\/mlm-explorer.com\/fr\/\" target=\"_new\" rel=\"noopener\" data-start=\"371\" data-end=\"423\">https:\/\/mlm-explorer.com<\/a><br data-start=\"423\" data-end=\"426\" \/><strong data-start=\"426\" data-end=\"438\">Contact:<\/strong> <a class=\"decorated-link cursor-pointer\" rel=\"noopener\" data-start=\"439\" data-end=\"506\">mlmexplorer.global@gmail.com<\/a><\/p>\n<hr data-start=\"508\" data-end=\"511\" \/>\n<h2 data-start=\"513\" data-end=\"531\"><span style=\"font-size: 18pt;\">1. Introduction<\/span><\/h2>\n<p data-start=\"533\" data-end=\"729\">Ce <strong data-start=\"538\" data-end=\"555\">Politique relative aux cookies<\/strong> explique comment <strong data-start=\"569\" data-end=\"585\">MLM Explorer<\/strong> utilise des cookies et des technologies similaires sur notre site Web.<br data-start=\"639\" data-end=\"642\" \/>En poursuivant votre navigation sur ce site, vous acceptez notre utilisation des cookies comme d\u00e9crit ici.<\/p>\n<p data-start=\"731\" data-end=\"871\">Nous utilisons des cookies pour am\u00e9liorer les fonctionnalit\u00e9s, analyser le trafic et am\u00e9liorer votre exp\u00e9rience de navigation, tout en respectant votre vie priv\u00e9e \u00e0 tout moment.<\/p>\n<hr data-start=\"873\" data-end=\"876\" \/>\n<h2 data-start=\"878\" data-end=\"901\"><span style=\"font-size: 18pt;\">2. Que sont les cookies ?<\/span><\/h2>\n<p data-start=\"903\" data-end=\"1116\">Les cookies sont de petits fichiers texte stock\u00e9s sur votre appareil lorsque vous visitez un site Web.<br data-start=\"979\" data-end=\"982\" \/>Ils permettent au site de reconna\u00eetre votre navigateur, de m\u00e9moriser vos pr\u00e9f\u00e9rences et de collecter des informations non personnelles pour am\u00e9liorer les performances.<\/p>\n<p data-start=\"1118\" data-end=\"1133\">Les cookies peuvent \u00eatre :<\/p>\n<ul data-start=\"1134\" data-end=\"1296\">\n<li data-start=\"1134\" data-end=\"1211\">\n<p data-start=\"1136\" data-end=\"1211\"><strong data-start=\"1136\" data-end=\"1156\">Cookies de session :<\/strong> fichiers temporaires supprim\u00e9s lorsque vous fermez votre navigateur.<\/p>\n<\/li>\n<li data-start=\"1212\" data-end=\"1296\">\n<p data-start=\"1214\" data-end=\"1296\"><strong data-start=\"1214\" data-end=\"1237\">Cookies persistants :<\/strong> stock\u00e9s sur votre appareil jusqu&#039;\u00e0 leur suppression manuelle ou leur expiration.<\/p>\n<\/li>\n<\/ul>\n<hr data-start=\"1298\" data-end=\"1301\" \/>\n<h2 data-start=\"1303\" data-end=\"1327\"><span style=\"font-size: 18pt;\">3. Comment nous utilisons les cookies<\/span><\/h2>\n<p data-start=\"1329\" data-end=\"1386\"><strong data-start=\"1329\" data-end=\"1345\">MLM Explorer<\/strong> utilise des cookies aux fins suivantes :<\/p>\n<h3 data-start=\"1388\" data-end=\"1424\"><span style=\"font-size: 18pt;\">\ud83d\udd39 <strong data-start=\"1395\" data-end=\"1424\">Analyse et performance<\/strong><\/span><\/h3>\n<p data-start=\"1425\" data-end=\"1706\">Nous utilisons <strong data-start=\"1432\" data-end=\"1452\">Google Analytics<\/strong> pour collecter des donn\u00e9es anonymes sur la fa\u00e7on dont les visiteurs interagissent avec notre site Web, telles que les pages consult\u00e9es, le temps pass\u00e9 et les sources de r\u00e9f\u00e9rence.<br data-start=\"1578\" data-end=\"1581\" \/>Cela nous aide \u00e0 am\u00e9liorer notre contenu et l&#039;exp\u00e9rience utilisateur.<br data-start=\"1635\" data-end=\"1638\" \/>Toutes les donn\u00e9es collect\u00e9es sont agr\u00e9g\u00e9es et ne peuvent pas vous identifier personnellement.<\/p>\n<h3 data-start=\"1708\" data-end=\"1732\"><span style=\"font-size: 18pt;\">\ud83d\udd39 <strong data-start=\"1715\" data-end=\"1732\">Fonctionnalit\u00e9<\/strong><\/span><\/h3>\n<p data-start=\"1733\" data-end=\"1869\">Les cookies peuvent \u00eatre utilis\u00e9s pour m\u00e9moriser les pr\u00e9f\u00e9rences de l&#039;utilisateur (par exemple, les param\u00e8tres de langue ou les options d&#039;affichage) afin de fournir une exp\u00e9rience de navigation plus fluide.<\/p>\n<h3 data-start=\"1871\" data-end=\"1906\"><span style=\"font-size: 18pt;\">\ud83d\udd39 <strong data-start=\"1878\" data-end=\"1906\">S\u00e9curit\u00e9 et maintenance<\/strong><\/span><\/h3>\n<p data-start=\"1907\" data-end=\"1974\">Certains cookies contribuent \u00e0 garantir que le site Web fonctionne de mani\u00e8re s\u00e9curis\u00e9e et efficace.<\/p>\n<hr data-start=\"1976\" data-end=\"1979\" \/>\n<h2 data-start=\"1981\" data-end=\"2006\"><span style=\"font-size: 18pt;\">4. Cookies tiers<\/span><\/h2>\n<p data-start=\"2008\" data-end=\"2051\">Nous pouvons utiliser des services tiers, notamment\u00a0:<\/p>\n<ul data-start=\"2052\" data-end=\"2124\">\n<li data-start=\"2052\" data-end=\"2076\">\n<p data-start=\"2054\" data-end=\"2076\"><strong data-start=\"2054\" data-end=\"2074\">Google Analytics<\/strong><\/p>\n<\/li>\n<li data-start=\"2077\" data-end=\"2124\">\n<p data-start=\"2079\" data-end=\"2124\"><strong data-start=\"2079\" data-end=\"2122\">Google Search Console (Outils pour les webmasters)<\/strong><\/p>\n<\/li>\n<\/ul>\n<p data-start=\"2126\" data-end=\"2246\">Ces tiers peuvent d\u00e9finir leurs propres cookies conform\u00e9ment \u00e0 leurs politiques respectives.<br data-start=\"2211\" data-end=\"2214\" \/>Pour plus de d\u00e9tails, veuillez consulter\u00a0:<\/p>\n<ul data-start=\"2247\" data-end=\"2319\">\n<li data-start=\"2247\" data-end=\"2319\">\n<p data-start=\"2249\" data-end=\"2319\"><a class=\"decorated-link cursor-pointer\" target=\"_new\" rel=\"noopener\" data-start=\"2249\" data-end=\"2319\">Politique de confidentialit\u00e9 de Google Analytics<\/a><\/p>\n<\/li>\n<\/ul>\n<p data-start=\"2321\" data-end=\"2394\"><strong data-start=\"2321\" data-end=\"2337\">MLM Explorer<\/strong> ne contr\u00f4le pas et n&#039;acc\u00e8de pas directement aux cookies tiers.<\/p>\n<hr data-start=\"2396\" data-end=\"2399\" \/>\n<h2 data-start=\"2401\" data-end=\"2437\"><span style=\"font-size: 18pt;\">5. Gestion et d\u00e9sactivation des cookies<\/span><\/h2>\n<p data-start=\"2439\" data-end=\"2626\">Vous pouvez contr\u00f4ler ou d\u00e9sactiver les cookies \u00e0 tout moment via les param\u00e8tres de votre navigateur.<br data-start=\"2516\" data-end=\"2519\" \/>Veuillez noter que la d\u00e9sactivation des cookies peut affecter la fonctionnalit\u00e9 ou l&#039;apparence de certaines parties de notre site Web.<\/p>\n<p data-start=\"2628\" data-end=\"2690\">Voici quelques liens rapides pour g\u00e9rer les cookies dans les navigateurs courants\u00a0:<\/p>\n<ul data-start=\"2692\" data-end=\"3064\">\n<li data-start=\"2692\" data-end=\"2759\">\n<p data-start=\"2694\" data-end=\"2759\"><a class=\"decorated-link cursor-pointer\" target=\"_new\" rel=\"noopener\" data-start=\"2694\" data-end=\"2757\">Google Chrome<\/a><\/p>\n<\/li>\n<li data-start=\"2760\" data-end=\"2866\">\n<p data-start=\"2762\" data-end=\"2866\"><a class=\"decorated-link cursor-pointer\" target=\"_new\" rel=\"noopener\" data-start=\"2762\" data-end=\"2864\">Mozilla Firefox<\/a><\/p>\n<\/li>\n<li data-start=\"2867\" data-end=\"2965\">\n<p data-start=\"2869\" data-end=\"2965\"><a class=\"decorated-link cursor-pointer\" target=\"_new\" rel=\"noopener\" data-start=\"2869\" data-end=\"2963\">Safari<\/a><\/p>\n<\/li>\n<li data-start=\"2966\" data-end=\"3064\">\n<p data-start=\"2968\" data-end=\"3064\"><a class=\"decorated-link cursor-pointer\" target=\"_new\" rel=\"noopener\" data-start=\"2968\" data-end=\"3064\">Microsoft Edge<\/a><\/p>\n<\/li>\n<\/ul>\n<p data-start=\"3066\" data-end=\"3227\">Vous pouvez \u00e9galement utiliser des modules compl\u00e9mentaires de navigateur tels que <a class=\"decorated-link cursor-pointer\" target=\"_new\" rel=\"noopener\" data-start=\"3111\" data-end=\"3184\">Outil de d\u00e9sactivation de Google Analytics<\/a> si vous pr\u00e9f\u00e9rez ne pas partager de donn\u00e9es d&#039;analyse.<\/p>\n<hr data-start=\"3229\" data-end=\"3232\" \/>\n<h2 data-start=\"3234\" data-end=\"3247\"><span style=\"font-size: 18pt;\">6. Consent<\/span><\/h2>\n<p data-start=\"3249\" data-end=\"3443\">En continuant \u00e0 utiliser <strong data-start=\"3270\" data-end=\"3286\">MLM Explorer<\/strong>, vous consentez \u00e0 notre utilisation de cookies conform\u00e9ment \u00e0 cette politique.<br data-start=\"3353\" data-end=\"3356\" \/>Si vous n&#039;\u00eates pas d&#039;accord, vous pouvez d\u00e9sactiver les cookies dans votre navigateur ou cesser d&#039;utiliser le site Web.<\/p>\n<p data-start=\"3445\" data-end=\"3588\">Pour les utilisateurs dans les r\u00e9gions r\u00e9gies par <strong data-start=\"3478\" data-end=\"3486\">RGPD<\/strong> ou des lois similaires sur la confidentialit\u00e9, le consentement aux cookies peut \u00eatre recueilli via une banni\u00e8re visible ou une fen\u00eatre contextuelle de param\u00e8tres.<\/p>\n<hr data-start=\"3590\" data-end=\"3593\" \/>\n<h2 data-start=\"3595\" data-end=\"3630\"><span style=\"font-size: 18pt;\">7. Mises \u00e0 jour de cette politique de cookies<\/span><\/h2>\n<p data-start=\"3632\" data-end=\"3837\">Nous pouvons mettre \u00e0 jour cette politique en mati\u00e8re de cookies p\u00e9riodiquement pour refl\u00e9ter les changements de technologie, de r\u00e9glementation ou de nos services.<br data-start=\"3741\" data-end=\"3744\" \/>La version la plus r\u00e9cente sera toujours disponible sur cette page, ainsi que la date d&#039;entr\u00e9e en vigueur.<\/p>\n<hr data-start=\"3839\" data-end=\"3842\" \/>\n<h2 data-start=\"3844\" data-end=\"3869\"><span style=\"font-size: 18pt;\">8. Coordonn\u00e9es<\/span><\/h2>\n<p data-start=\"3871\" data-end=\"3936\">Pour toute question concernant notre utilisation des cookies, veuillez nous contacter \u00e0 :<\/p>\n<p data-start=\"3938\" data-end=\"4085\"><strong data-start=\"3938\" data-end=\"3954\">MLM Explorer<\/strong><br data-start=\"3954\" data-end=\"3957\" \/>\ud83c\udf10 <a class=\"decorated-link\" href=\"https:\/\/mlm-explorer.com\/fr\/\" target=\"_new\" rel=\"noopener\" data-start=\"3960\" data-end=\"4012\">https:\/\/mlm-explorer.com<\/a><br data-start=\"4012\" data-end=\"4015\" \/>\ud83d\udce7 <a class=\"decorated-link cursor-pointer\" rel=\"noopener\" data-start=\"4018\" data-end=\"4085\">mlmexplorer.global@gmail.com<\/a><\/p>\t\t\t\t\t\t\t\t<\/div>\n\t\t\t\t<\/div>\n\t\t\t\t\t<\/div>\n\t\t<\/div>\n\t\t\t\t\t<\/div>\n\t\t<\/section>\n\t\t\t\t<\/div>","protected":false},"excerpt":{"rendered":"<p>Who we are Suggested text: Our website address is: https:\/\/mlm-explorer.com. Comments Suggested text: When visitors leave comments on the site [&hellip;]<\/p>","protected":false},"author":1,"featured_media":0,"parent":0,"menu_order":0,"comment_status":"closed","ping_status":"open","template":"","meta":{"site-sidebar-layout":"default","site-content-layout":"","ast-site-content-layout":"default","site-content-style":"default","site-sidebar-style":"default","ast-global-header-display":"","ast-banner-title-visibility":"","ast-main-header-display":"","ast-hfb-above-header-display":"","ast-hfb-below-header-display":"","ast-hfb-mobile-header-display":"","site-post-title":"","ast-breadcrumbs-content":"","ast-featured-img":"","footer-sml-layout":"","theme-transparent-header-meta":"","adv-header-id-meta":"","stick-header-meta":"","header-above-stick-meta":"","header-main-stick-meta":"","header-below-stick-meta":"","astra-migrate-meta-layouts":"default","ast-page-background-enabled":"default","ast-page-background-meta":{"desktop":{"background-color":"var(--ast-global-color-5)","background-image":"","background-repeat":"repeat","background-position":"center center","background-size":"auto","background-attachment":"scroll","background-type":"","background-media":"","overlay-type":"","overlay-color":"","overlay-opacity":"","overlay-gradient":""},"tablet":{"background-color":"","background-image":"","background-repeat":"repeat","background-position":"center center","background-size":"auto","background-attachment":"scroll","background-type":"","background-media":"","overlay-type":"","overlay-color":"","overlay-opacity":"","overlay-gradient":""},"mobile":{"background-color":"","background-image":"","background-repeat":"repeat","background-position":"center center","background-size":"auto","background-attachment":"scroll","background-type":"","background-media":"","overlay-type":"","overlay-color":"","overlay-opacity":"","overlay-gradient":""}},"ast-content-background-meta":{"desktop":{"background-color":"var(--ast-global-color-4)","background-image":"","background-repeat":"repeat","background-position":"center center","background-size":"auto","background-attachment":"scroll","background-type":"","background-media":"","overlay-type":"","overlay-color":"","overlay-opacity":"","overlay-gradient":""},"tablet":{"background-color":"var(--ast-global-color-4)","background-image":"","background-repeat":"repeat","background-position":"center center","background-size":"auto","background-attachment":"scroll","background-type":"","background-media":"","overlay-type":"","overlay-color":"","overlay-opacity":"","overlay-gradient":""},"mobile":{"background-color":"var(--ast-global-color-4)","background-image":"","background-repeat":"repeat","background-position":"center center","background-size":"auto","background-attachment":"scroll","background-type":"","background-media":"","overlay-type":"","overlay-color":"","overlay-opacity":"","overlay-gradient":""}},"footnotes":""},"class_list":["post-336","page","type-page","status-publish","hentry"],"yoast_head":"<!-- This site is optimized with the Yoast SEO Premium plugin v26.3 (Yoast SEO v27.3) - https:\/\/yoast.com\/product\/yoast-seo-premium-wordpress\/ -->\n<title>Cookie Policy<\/title>\n<meta name=\"robots\" content=\"index, follow, max-snippet:-1, max-image-preview:large, max-video-preview:-1\" \/>\n<link rel=\"canonical\" href=\"https:\/\/mlm-explorer.com\/fr\/politique-de-cookies\/\" \/>\n<meta property=\"og:locale\" content=\"fr_FR\" \/>\n<meta property=\"og:type\" content=\"article\" \/>\n<meta property=\"og:title\" content=\"Cookie Policy\" \/>\n<meta property=\"og:description\" content=\"Who we are Suggested text: Our website address is: https:\/\/mlm-explorer.com. Comments Suggested text: When visitors leave comments on the site [&hellip;]\" \/>\n<meta property=\"og:url\" content=\"https:\/\/mlm-explorer.com\/fr\/politique-de-cookies\/\" \/>\n<meta property=\"article:modified_time\" content=\"2025-10-10T02:41:02+00:00\" \/>\n<meta name=\"twitter:card\" content=\"summary_large_image\" \/>\n<meta name=\"twitter:label1\" content=\"Dur\u00e9e de lecture estim\u00e9e\" \/>\n\t<meta name=\"twitter:data1\" content=\"4 minutes\" \/>\n<script type=\"application\/ld+json\" class=\"yoast-schema-graph\">{\"@context\":\"https:\\\/\\\/schema.org\",\"@graph\":[{\"@type\":\"WebPage\",\"@id\":\"https:\\\/\\\/mlm-explorer.com\\\/cookie-policy\\\/\",\"url\":\"https:\\\/\\\/mlm-explorer.com\\\/cookie-policy\\\/\",\"name\":\"Cookie Policy\",\"isPartOf\":{\"@id\":\"https:\\\/\\\/mlm-explorer.com\\\/#website\"},\"datePublished\":\"2025-10-07T01:49:55+00:00\",\"dateModified\":\"2025-10-10T02:41:02+00:00\",\"breadcrumb\":{\"@id\":\"https:\\\/\\\/mlm-explorer.com\\\/cookie-policy\\\/#breadcrumb\"},\"inLanguage\":\"fr-FR\",\"potentialAction\":[{\"@type\":\"ReadAction\",\"target\":[\"https:\\\/\\\/mlm-explorer.com\\\/cookie-policy\\\/\"]}]},{\"@type\":\"BreadcrumbList\",\"@id\":\"https:\\\/\\\/mlm-explorer.com\\\/cookie-policy\\\/#breadcrumb\",\"itemListElement\":[{\"@type\":\"ListItem\",\"position\":1,\"name\":\"Home\",\"item\":\"https:\\\/\\\/mlm-explorer.com\\\/\"},{\"@type\":\"ListItem\",\"position\":2,\"name\":\"Cookie Policy\"}]},{\"@type\":\"WebSite\",\"@id\":\"https:\\\/\\\/mlm-explorer.com\\\/#website\",\"url\":\"https:\\\/\\\/mlm-explorer.com\\\/\",\"name\":\"\",\"description\":\"\",\"potentialAction\":[{\"@type\":\"SearchAction\",\"target\":{\"@type\":\"EntryPoint\",\"urlTemplate\":\"https:\\\/\\\/mlm-explorer.com\\\/?s={search_term_string}\"},\"query-input\":{\"@type\":\"PropertyValueSpecification\",\"valueRequired\":true,\"valueName\":\"search_term_string\"}}],\"inLanguage\":\"fr-FR\"}]}<\/script>\n<!-- \/ Yoast SEO Premium plugin. -->","yoast_head_json":{"title":"Cookie Policy","robots":{"index":"index","follow":"follow","max-snippet":"max-snippet:-1","max-image-preview":"max-image-preview:large","max-video-preview":"max-video-preview:-1"},"canonical":"https:\/\/mlm-explorer.com\/fr\/politique-de-cookies\/","og_locale":"fr_FR","og_type":"article","og_title":"Cookie Policy","og_description":"Who we are Suggested text: Our website address is: https:\/\/mlm-explorer.com. Comments Suggested text: When visitors leave comments on the site [&hellip;]","og_url":"https:\/\/mlm-explorer.com\/fr\/politique-de-cookies\/","article_modified_time":"2025-10-10T02:41:02+00:00","twitter_card":"summary_large_image","twitter_misc":{"Dur\u00e9e de lecture estim\u00e9e":"4 minutes"},"schema":{"@context":"https:\/\/schema.org","@graph":[{"@type":"WebPage","@id":"https:\/\/mlm-explorer.com\/cookie-policy\/","url":"https:\/\/mlm-explorer.com\/cookie-policy\/","name":"Cookie Policy","isPartOf":{"@id":"https:\/\/mlm-explorer.com\/#website"},"datePublished":"2025-10-07T01:49:55+00:00","dateModified":"2025-10-10T02:41:02+00:00","breadcrumb":{"@id":"https:\/\/mlm-explorer.com\/cookie-policy\/#breadcrumb"},"inLanguage":"fr-FR","potentialAction":[{"@type":"ReadAction","target":["https:\/\/mlm-explorer.com\/cookie-policy\/"]}]},{"@type":"BreadcrumbList","@id":"https:\/\/mlm-explorer.com\/cookie-policy\/#breadcrumb","itemListElement":[{"@type":"ListItem","position":1,"name":"Home","item":"https:\/\/mlm-explorer.com\/"},{"@type":"ListItem","position":2,"name":"Cookie Policy"}]},{"@type":"WebSite","@id":"https:\/\/mlm-explorer.com\/#website","url":"https:\/\/mlm-explorer.com\/","name":"","description":"","potentialAction":[{"@type":"SearchAction","target":{"@type":"EntryPoint","urlTemplate":"https:\/\/mlm-explorer.com\/?s={search_term_string}"},"query-input":{"@type":"PropertyValueSpecification","valueRequired":true,"valueName":"search_term_string"}}],"inLanguage":"fr-FR"}]}},"_links":{"self":[{"href":"https:\/\/mlm-explorer.com\/fr\/wp-json\/wp\/v2\/pages\/336","targetHints":{"allow":["GET"]}}],"collection":[{"href":"https:\/\/mlm-explorer.com\/fr\/wp-json\/wp\/v2\/pages"}],"about":[{"href":"https:\/\/mlm-explorer.com\/fr\/wp-json\/wp\/v2\/types\/page"}],"author":[{"embeddable":true,"href":"https:\/\/mlm-explorer.com\/fr\/wp-json\/wp\/v2\/users\/1"}],"replies":[{"embeddable":true,"href":"https:\/\/mlm-explorer.com\/fr\/wp-json\/wp\/v2\/comments?post=336"}],"version-history":[{"count":5,"href":"https:\/\/mlm-explorer.com\/fr\/wp-json\/wp\/v2\/pages\/336\/revisions"}],"predecessor-version":[{"id":839,"href":"https:\/\/mlm-explorer.com\/fr\/wp-json\/wp\/v2\/pages\/336\/revisions\/839"}],"wp:attachment":[{"href":"https:\/\/mlm-explorer.com\/fr\/wp-json\/wp\/v2\/media?parent=336"}],"curies":[{"name":"wp","href":"https:\/\/api.w.org\/{rel}","templated":true}]}}