{"id":330,"date":"2025-10-06T22:00:17","date_gmt":"2025-10-07T01:00:17","guid":{"rendered":"https:\/\/mlm-explorer.com\/?page_id=330"},"modified":"2025-10-06T22:01:45","modified_gmt":"2025-10-07T01:01:45","slug":"disclaimer","status":"publish","type":"page","link":"https:\/\/mlm-explorer.com\/fr\/clause-de-non-responsabilite\/","title":{"rendered":"Clause de non-responsabilit\u00e9"},"content":{"rendered":"<style><\/style>\t\t<div data-elementor-type=\"wp-page\" data-elementor-id=\"330\" class=\"elementor elementor-330\">\n\t\t\t\t\t\t<section class=\"elementor-section elementor-top-section elementor-element elementor-element-24f1ca2e elementor-section-boxed elementor-section-height-default elementor-section-height-default\" data-id=\"24f1ca2e\" data-element_type=\"section\" data-e-type=\"section\">\n\t\t\t\t\t\t<div class=\"elementor-container elementor-column-gap-default\">\n\t\t\t\t\t<div class=\"elementor-column elementor-col-100 elementor-top-column elementor-element elementor-element-5a86b10e\" data-id=\"5a86b10e\" data-element_type=\"column\" data-e-type=\"column\">\n\t\t\t<div class=\"elementor-widget-wrap elementor-element-populated\">\n\t\t\t\t\t\t<div class=\"elementor-element elementor-element-703184bd elementor-widget elementor-widget-text-editor\" data-id=\"703184bd\" data-element_type=\"widget\" data-e-type=\"widget\" data-widget_type=\"text-editor.default\">\n\t\t\t\t<div class=\"elementor-widget-container\">\n\t\t\t\t\t\t\t\t\t<h1 data-start=\"479\" data-end=\"495\"><span style=\"font-size: 18pt;\"><strong data-start=\"481\" data-end=\"495\">Clause de non-responsabilit\u00e9<\/strong><\/span><\/h1>\n<p data-start=\"497\" data-end=\"683\"><strong data-start=\"497\" data-end=\"516\">Date d&#039;entr\u00e9e en vigueur :<\/strong> 6 octobre 2025<br data-start=\"532\" data-end=\"535\" \/><strong data-start=\"535\" data-end=\"547\">Site web:<\/strong> <a class=\"decorated-link\" href=\"https:\/\/mlm-explorer.com\/fr\/\" target=\"_new\" rel=\"noopener\" data-start=\"548\" data-end=\"600\">https:\/\/mlm-explorer.com<\/a><br data-start=\"600\" data-end=\"603\" \/><strong data-start=\"603\" data-end=\"615\">Contact:<\/strong> <a class=\"decorated-link cursor-pointer\" rel=\"noopener\" data-start=\"616\" data-end=\"683\">mlmexplorer.global@gmail.com<\/a><\/p>\n<hr data-start=\"685\" data-end=\"688\" \/>\n<h2 data-start=\"690\" data-end=\"715\"><span style=\"font-size: 18pt;\">1. Informations g\u00e9n\u00e9rales<\/span><\/h2>\n<p data-start=\"717\" data-end=\"1008\">Les informations fournies sur <strong data-start=\"745\" data-end=\"761\">MLM Explorer<\/strong> est pour <strong data-start=\"769\" data-end=\"816\">\u00e0 des fins \u00e9ducatives et informatives uniquement<\/strong>.<br data-start=\"817\" data-end=\"820\" \/>Nous nous effor\u00e7ons de garantir l&#039;exactitude et la fiabilit\u00e9 de tout le contenu, mais nous faisons <strong data-start=\"897\" data-end=\"914\">aucune garantie<\/strong> concernant l\u2019exhaustivit\u00e9, l\u2019exactitude ou les r\u00e9sultats d\u00e9coulant de l\u2019utilisation de ces informations.<\/p>\n<p data-start=\"1010\" data-end=\"1085\">En utilisant ce site Web, vous reconnaissez que vous le faites <strong data-start=\"1064\" data-end=\"1084\">\u00e0 vos risques et p\u00e9rils<\/strong>.<\/p>\n<hr data-start=\"1087\" data-end=\"1090\" \/>\n<h2 data-start=\"1092\" data-end=\"1131\"><span style=\"font-size: 18pt;\">2. Aucun conseil financier ou d&#039;investissement<\/span><\/h2>\n<p data-start=\"1133\" data-end=\"1381\"><strong data-start=\"1133\" data-end=\"1149\">MLM Explorer<\/strong> fait <strong data-start=\"1155\" data-end=\"1209\">ne pas fournir de conseils financiers, d&#039;investissement ou juridiques<\/strong>.<br data-start=\"1210\" data-end=\"1213\" \/>Les informations contenues dans les articles, les guides et les ressources sont uniquement destin\u00e9es \u00e0 aider les lecteurs \u00e0 comprendre le <strong data-start=\"1324\" data-end=\"1354\">industrie du marketing de r\u00e9seau<\/strong> et les opportunit\u00e9s connexes.<\/p>\n<p data-start=\"1383\" data-end=\"1486\">Nous n&#039;offrons pas de services de conseil professionnels et rien sur ce site Web ne doit \u00eatre interpr\u00e9t\u00e9 comme :<\/p>\n<ul data-start=\"1487\" data-end=\"1638\">\n<li data-start=\"1487\" data-end=\"1532\">\n<p data-start=\"1489\" data-end=\"1532\">Une recommandation financi\u00e8re ou d\u2019investissement\u00a0;<\/p>\n<\/li>\n<li data-start=\"1533\" data-end=\"1581\">\n<p data-start=\"1535\" data-end=\"1581\">Un encouragement \u00e0 rejoindre une entreprise sp\u00e9cifique ;<\/p>\n<\/li>\n<li data-start=\"1582\" data-end=\"1638\">\n<p data-start=\"1584\" data-end=\"1638\">Une promesse ou une garantie de b\u00e9n\u00e9fices, de revenus ou de succ\u00e8s.<\/p>\n<\/li>\n<\/ul>\n<p data-start=\"1640\" data-end=\"1770\">Effectuez toujours votre propre diligence raisonnable et demandez conseil \u00e0 un professionnel qualifi\u00e9 avant de prendre des d\u00e9cisions financi\u00e8res ou commerciales.<\/p>\n<hr data-start=\"1772\" data-end=\"1775\" \/>\n<h2 data-start=\"1777\" data-end=\"1802\"><span style=\"font-size: 18pt;\">3. Clause de non-responsabilit\u00e9 relative aux revenus<\/span><\/h2>\n<p data-start=\"1804\" data-end=\"1988\">Tous les exemples de revenus, de r\u00e9ussites ou de potentiel de revenus mentionn\u00e9s sur ce site Web sont <strong data-start=\"1897\" data-end=\"1918\">\u00e0 titre illustratif seulement<\/strong>.<br data-start=\"1919\" data-end=\"1922\" \/>Ils le font <strong data-start=\"1930\" data-end=\"1947\">pas de garantie<\/strong> que vous obtiendrez des r\u00e9sultats similaires.<\/p>\n<p data-start=\"1990\" data-end=\"2072\">Votre r\u00e9ussite personnelle dans le marketing de r\u00e9seau d\u00e9pend de plusieurs facteurs, notamment :<\/p>\n<ul data-start=\"2073\" data-end=\"2200\">\n<li data-start=\"2073\" data-end=\"2112\">\n<p data-start=\"2075\" data-end=\"2112\">Effort, d\u00e9vouement et \u00e9thique de travail;<\/p>\n<\/li>\n<li data-start=\"2113\" data-end=\"2153\">\n<p data-start=\"2115\" data-end=\"2153\">Exp\u00e9rience, connaissances et strat\u00e9gie ;<\/p>\n<\/li>\n<li data-start=\"2154\" data-end=\"2200\">\n<p data-start=\"2156\" data-end=\"2200\">Conditions du march\u00e9 et performance de l&#039;entreprise.<\/p>\n<\/li>\n<\/ul>\n<p data-start=\"2202\" data-end=\"2368\"><strong data-start=\"2202\" data-end=\"2218\">MLM Explorer<\/strong> fait <strong data-start=\"2224\" data-end=\"2231\">pas<\/strong> pr\u00e9tendre, repr\u00e9senter ou impliquer qu&#039;un individu gagnera un montant d&#039;argent sp\u00e9cifique en suivant les informations partag\u00e9es sur ce site Web.<\/p>\n<hr data-start=\"2370\" data-end=\"2373\" \/>\n<h2 data-start=\"2375\" data-end=\"2417\"><span style=\"font-size: 18pt;\">4. Divulgation des affili\u00e9s et des tiers<\/span><\/h2>\n<p data-start=\"2419\" data-end=\"2574\">Quelques articles ou liens sur <strong data-start=\"2445\" data-end=\"2461\">MLM Explorer<\/strong> peut inclure <strong data-start=\"2474\" data-end=\"2493\">liens d&#039;affiliation<\/strong>, ce qui signifie que nous pouvons recevoir une commission si vous cliquez dessus ou si vous vous inscrivez via eux.<\/p>\n<p data-start=\"2576\" data-end=\"2718\">Cela fait <strong data-start=\"2586\" data-end=\"2593\">pas<\/strong> affecter notre int\u00e9grit\u00e9 \u00e9ditoriale \u2014 toutes les opinions et recommandations exprim\u00e9es sur ce site sont <strong data-start=\"2687\" data-end=\"2715\">ind\u00e9pendant et impartial<\/strong>.<\/p>\n<p data-start=\"2720\" data-end=\"2952\">Nous sommes <strong data-start=\"2727\" data-end=\"2746\">pas responsable<\/strong> pour les actions, produits ou politiques de tout site Web ou soci\u00e9t\u00e9 tiers li\u00e9 \u00e0 notre plateforme.<br data-start=\"2852\" data-end=\"2855\" \/>Avant de faire appel \u00e0 une entreprise externe, vous devez consulter ses conditions g\u00e9n\u00e9rales officielles.<\/p>\n<hr data-start=\"2954\" data-end=\"2957\" \/>\n<h2 data-start=\"2959\" data-end=\"2978\"><span style=\"font-size: 18pt;\">5. Aucune garantie<\/span><\/h2>\n<p data-start=\"2980\" data-end=\"3155\">Tous les contenus et services fournis via <strong data-start=\"3022\" data-end=\"3038\">MLM Explorer<\/strong> sont offerts \u00ab<strong data-start=\"3052\" data-end=\"3061\">tel quel<\/strong>&quot; et &quot;<strong data-start=\"3068\" data-end=\"3084\">selon disponibilit\u00e9<\/strong>&quot; sans aucune garantie, expresse ou implicite.<br data-start=\"3129\" data-end=\"3132\" \/>Nous ne garantissons pas que :<\/p>\n<ul data-start=\"3156\" data-end=\"3353\">\n<li data-start=\"3156\" data-end=\"3220\">\n<p data-start=\"3158\" data-end=\"3220\">Le site fonctionnera toujours sans interruption ni erreur ;<\/p>\n<\/li>\n<li data-start=\"3221\" data-end=\"3287\">\n<p data-start=\"3223\" data-end=\"3287\">Les informations fournies sont exemptes d\u2019inexactitudes ou d\u2019omissions ;<\/p>\n<\/li>\n<li data-start=\"3288\" data-end=\"3353\">\n<p data-start=\"3290\" data-end=\"3353\">Les sites Web externes li\u00e9s \u00e0 notre contenu sont s\u00fbrs ou pr\u00e9cis.<\/p>\n<\/li>\n<\/ul>\n<hr data-start=\"3355\" data-end=\"3358\" \/>\n<h2 data-start=\"3360\" data-end=\"3389\"><span style=\"font-size: 18pt;\">6. Limitation de responsabilit\u00e9<\/span><\/h2>\n<p data-start=\"3391\" data-end=\"3501\">En aucun cas <strong data-start=\"3420\" data-end=\"3436\">MLM Explorer<\/strong>, ses administrateurs, partenaires ou soci\u00e9t\u00e9s affili\u00e9es ne peuvent \u00eatre tenus responsables de :<\/p>\n<ul data-start=\"3502\" data-end=\"3738\">\n<li data-start=\"3502\" data-end=\"3561\">\n<p data-start=\"3504\" data-end=\"3561\">Toute perte de revenus, de b\u00e9n\u00e9fices ou d\u2019opportunit\u00e9s commerciales ;<\/p>\n<\/li>\n<li data-start=\"3562\" data-end=\"3601\">\n<p data-start=\"3564\" data-end=\"3601\">Erreurs ou omissions dans le contenu ;<\/p>\n<\/li>\n<li data-start=\"3602\" data-end=\"3669\">\n<p data-start=\"3604\" data-end=\"3669\">Dommages r\u00e9sultant de l\u2019utilisation ou de l\u2019impossibilit\u00e9 d\u2019utiliser le site Web ;<\/p>\n<\/li>\n<li data-start=\"3670\" data-end=\"3738\">\n<p data-start=\"3672\" data-end=\"3738\">D\u00e9pendance aux informations fournies sur des sites tiers li\u00e9s ici.<\/p>\n<\/li>\n<\/ul>\n<p data-start=\"3740\" data-end=\"3849\">Votre utilisation de ce site Web constitue votre pleine reconnaissance et acceptation de cette limitation de responsabilit\u00e9.<\/p>\n<hr data-start=\"3851\" data-end=\"3854\" \/>\n<h2 data-start=\"3856\" data-end=\"3876\"><span style=\"font-size: 18pt;\">7. Liens externes<\/span><\/h2>\n<p data-start=\"3878\" data-end=\"4015\">Notre site Web peut contenir des liens vers d&#039;autres sites Web, programmes ou services li\u00e9s \u00e0 <strong data-start=\"3960\" data-end=\"3981\">marketing de r\u00e9seau<\/strong> ou <strong data-start=\"3985\" data-end=\"4012\">opportunit\u00e9s d&#039;affiliation<\/strong>.<\/p>\n<p data-start=\"4017\" data-end=\"4175\">Ces liens sont fournis uniquement pour des raisons de commodit\u00e9.<br data-start=\"4065\" data-end=\"4068\" \/>Nous n&#039;approuvons ni n&#039;assumons la responsabilit\u00e9 du contenu, de la s\u00e9curit\u00e9 ou des pratiques de ces sites externes.<\/p>\n<hr data-start=\"4177\" data-end=\"4180\" \/>\n<h2 data-start=\"4182\" data-end=\"4214\"><span style=\"font-size: 18pt;\">8. Mises \u00e0 jour de cette clause de non-responsabilit\u00e9<\/span><\/h2>\n<p data-start=\"4216\" data-end=\"4459\"><strong data-start=\"4216\" data-end=\"4232\">MLM Explorer<\/strong> peut mettre \u00e0 jour cette clause de non-responsabilit\u00e9 \u00e0 tout moment sans pr\u00e9avis.<br data-start=\"4293\" data-end=\"4296\" \/>La derni\u00e8re version sera toujours disponible sur cette page, ainsi que la date d&#039;entr\u00e9e en vigueur ci-dessus.<br data-start=\"4390\" data-end=\"4393\" \/>Nous encourageons les utilisateurs \u00e0 consulter r\u00e9guli\u00e8rement cette page pour rester inform\u00e9s.<\/p>\n<hr data-start=\"4461\" data-end=\"4464\" \/>\n<h2 data-start=\"4466\" data-end=\"4491\"><span style=\"font-size: 18pt;\">9. Coordonn\u00e9es<\/span><\/h2>\n<p data-start=\"4493\" data-end=\"4575\">Si vous avez des questions ou des pr\u00e9occupations concernant cette clause de non-responsabilit\u00e9, veuillez nous contacter \u00e0 l&#039;adresse suivante\u00a0:<\/p>\n<p data-start=\"4577\" data-end=\"4724\"><strong data-start=\"4577\" data-end=\"4593\">MLM Explorer<\/strong><br data-start=\"4593\" data-end=\"4596\" \/>\ud83c\udf10 <a class=\"decorated-link\" href=\"https:\/\/mlm-explorer.com\/fr\/\" target=\"_new\" rel=\"noopener\" data-start=\"4599\" data-end=\"4651\">https:\/\/mlm-explorer.com<\/a><br data-start=\"4651\" data-end=\"4654\" \/>\ud83d\udce7 <a class=\"decorated-link cursor-pointer\" rel=\"noopener\" data-start=\"4657\" data-end=\"4724\">mlmexplorer.global@gmail.com<\/a><\/p>\t\t\t\t\t\t\t\t<\/div>\n\t\t\t\t<\/div>\n\t\t\t\t\t<\/div>\n\t\t<\/div>\n\t\t\t\t\t<\/div>\n\t\t<\/section>\n\t\t\t\t<\/div>","protected":false},"excerpt":{"rendered":"<p>Who we are Suggested text: Our website address is: https:\/\/mlm-explorer.com. Comments Suggested text: When visitors leave comments on the site [&hellip;]<\/p>","protected":false},"author":1,"featured_media":0,"parent":0,"menu_order":0,"comment_status":"closed","ping_status":"open","template":"","meta":{"site-sidebar-layout":"default","site-content-layout":"","ast-site-content-layout":"default","site-content-style":"default","site-sidebar-style":"default","ast-global-header-display":"","ast-banner-title-visibility":"","ast-main-header-display":"","ast-hfb-above-header-display":"","ast-hfb-below-header-display":"","ast-hfb-mobile-header-display":"","site-post-title":"","ast-breadcrumbs-content":"","ast-featured-img":"","footer-sml-layout":"","theme-transparent-header-meta":"","adv-header-id-meta":"","stick-header-meta":"","header-above-stick-meta":"","header-main-stick-meta":"","header-below-stick-meta":"","astra-migrate-meta-layouts":"default","ast-page-background-enabled":"default","ast-page-background-meta":{"desktop":{"background-color":"var(--ast-global-color-5)","background-image":"","background-repeat":"repeat","background-position":"center center","background-size":"auto","background-attachment":"scroll","background-type":"","background-media":"","overlay-type":"","overlay-color":"","overlay-opacity":"","overlay-gradient":""},"tablet":{"background-color":"","background-image":"","background-repeat":"repeat","background-position":"center center","background-size":"auto","background-attachment":"scroll","background-type":"","background-media":"","overlay-type":"","overlay-color":"","overlay-opacity":"","overlay-gradient":""},"mobile":{"background-color":"","background-image":"","background-repeat":"repeat","background-position":"center center","background-size":"auto","background-attachment":"scroll","background-type":"","background-media":"","overlay-type":"","overlay-color":"","overlay-opacity":"","overlay-gradient":""}},"ast-content-background-meta":{"desktop":{"background-color":"var(--ast-global-color-4)","background-image":"","background-repeat":"repeat","background-position":"center center","background-size":"auto","background-attachment":"scroll","background-type":"","background-media":"","overlay-type":"","overlay-color":"","overlay-opacity":"","overlay-gradient":""},"tablet":{"background-color":"var(--ast-global-color-4)","background-image":"","background-repeat":"repeat","background-position":"center center","background-size":"auto","background-attachment":"scroll","background-type":"","background-media":"","overlay-type":"","overlay-color":"","overlay-opacity":"","overlay-gradient":""},"mobile":{"background-color":"var(--ast-global-color-4)","background-image":"","background-repeat":"repeat","background-position":"center center","background-size":"auto","background-attachment":"scroll","background-type":"","background-media":"","overlay-type":"","overlay-color":"","overlay-opacity":"","overlay-gradient":""}},"footnotes":""},"class_list":["post-330","page","type-page","status-publish","hentry"],"yoast_head":"<!-- This site is optimized with the Yoast SEO Premium plugin v26.3 (Yoast SEO v27.3) - https:\/\/yoast.com\/product\/yoast-seo-premium-wordpress\/ -->\n<title>Disclaimer<\/title>\n<meta name=\"robots\" content=\"index, follow, max-snippet:-1, max-image-preview:large, max-video-preview:-1\" \/>\n<link rel=\"canonical\" href=\"https:\/\/mlm-explorer.com\/fr\/clause-de-non-responsabilite\/\" \/>\n<meta property=\"og:locale\" content=\"fr_FR\" \/>\n<meta property=\"og:type\" content=\"article\" \/>\n<meta property=\"og:title\" content=\"Disclaimer\" \/>\n<meta property=\"og:description\" content=\"Who we are Suggested text: Our website address is: https:\/\/mlm-explorer.com. Comments Suggested text: When visitors leave comments on the site [&hellip;]\" \/>\n<meta property=\"og:url\" content=\"https:\/\/mlm-explorer.com\/fr\/clause-de-non-responsabilite\/\" \/>\n<meta property=\"article:modified_time\" content=\"2025-10-07T01:01:45+00:00\" \/>\n<meta name=\"twitter:card\" content=\"summary_large_image\" \/>\n<meta name=\"twitter:label1\" content=\"Dur\u00e9e de lecture estim\u00e9e\" \/>\n\t<meta name=\"twitter:data1\" content=\"3 minutes\" \/>\n<script type=\"application\/ld+json\" class=\"yoast-schema-graph\">{\"@context\":\"https:\\\/\\\/schema.org\",\"@graph\":[{\"@type\":\"WebPage\",\"@id\":\"https:\\\/\\\/mlm-explorer.com\\\/disclaimer\\\/\",\"url\":\"https:\\\/\\\/mlm-explorer.com\\\/disclaimer\\\/\",\"name\":\"Disclaimer\",\"isPartOf\":{\"@id\":\"https:\\\/\\\/mlm-explorer.com\\\/#website\"},\"datePublished\":\"2025-10-07T01:00:17+00:00\",\"dateModified\":\"2025-10-07T01:01:45+00:00\",\"breadcrumb\":{\"@id\":\"https:\\\/\\\/mlm-explorer.com\\\/disclaimer\\\/#breadcrumb\"},\"inLanguage\":\"fr-FR\",\"potentialAction\":[{\"@type\":\"ReadAction\",\"target\":[\"https:\\\/\\\/mlm-explorer.com\\\/disclaimer\\\/\"]}]},{\"@type\":\"BreadcrumbList\",\"@id\":\"https:\\\/\\\/mlm-explorer.com\\\/disclaimer\\\/#breadcrumb\",\"itemListElement\":[{\"@type\":\"ListItem\",\"position\":1,\"name\":\"Home\",\"item\":\"https:\\\/\\\/mlm-explorer.com\\\/\"},{\"@type\":\"ListItem\",\"position\":2,\"name\":\"Disclaimer\"}]},{\"@type\":\"WebSite\",\"@id\":\"https:\\\/\\\/mlm-explorer.com\\\/#website\",\"url\":\"https:\\\/\\\/mlm-explorer.com\\\/\",\"name\":\"\",\"description\":\"\",\"potentialAction\":[{\"@type\":\"SearchAction\",\"target\":{\"@type\":\"EntryPoint\",\"urlTemplate\":\"https:\\\/\\\/mlm-explorer.com\\\/?s={search_term_string}\"},\"query-input\":{\"@type\":\"PropertyValueSpecification\",\"valueRequired\":true,\"valueName\":\"search_term_string\"}}],\"inLanguage\":\"fr-FR\"}]}<\/script>\n<!-- \/ Yoast SEO Premium plugin. -->","yoast_head_json":{"title":"Disclaimer","robots":{"index":"index","follow":"follow","max-snippet":"max-snippet:-1","max-image-preview":"max-image-preview:large","max-video-preview":"max-video-preview:-1"},"canonical":"https:\/\/mlm-explorer.com\/fr\/clause-de-non-responsabilite\/","og_locale":"fr_FR","og_type":"article","og_title":"Disclaimer","og_description":"Who we are Suggested text: Our website address is: https:\/\/mlm-explorer.com. Comments Suggested text: When visitors leave comments on the site [&hellip;]","og_url":"https:\/\/mlm-explorer.com\/fr\/clause-de-non-responsabilite\/","article_modified_time":"2025-10-07T01:01:45+00:00","twitter_card":"summary_large_image","twitter_misc":{"Dur\u00e9e de lecture estim\u00e9e":"3 minutes"},"schema":{"@context":"https:\/\/schema.org","@graph":[{"@type":"WebPage","@id":"https:\/\/mlm-explorer.com\/disclaimer\/","url":"https:\/\/mlm-explorer.com\/disclaimer\/","name":"Disclaimer","isPartOf":{"@id":"https:\/\/mlm-explorer.com\/#website"},"datePublished":"2025-10-07T01:00:17+00:00","dateModified":"2025-10-07T01:01:45+00:00","breadcrumb":{"@id":"https:\/\/mlm-explorer.com\/disclaimer\/#breadcrumb"},"inLanguage":"fr-FR","potentialAction":[{"@type":"ReadAction","target":["https:\/\/mlm-explorer.com\/disclaimer\/"]}]},{"@type":"BreadcrumbList","@id":"https:\/\/mlm-explorer.com\/disclaimer\/#breadcrumb","itemListElement":[{"@type":"ListItem","position":1,"name":"Home","item":"https:\/\/mlm-explorer.com\/"},{"@type":"ListItem","position":2,"name":"Disclaimer"}]},{"@type":"WebSite","@id":"https:\/\/mlm-explorer.com\/#website","url":"https:\/\/mlm-explorer.com\/","name":"","description":"","potentialAction":[{"@type":"SearchAction","target":{"@type":"EntryPoint","urlTemplate":"https:\/\/mlm-explorer.com\/?s={search_term_string}"},"query-input":{"@type":"PropertyValueSpecification","valueRequired":true,"valueName":"search_term_string"}}],"inLanguage":"fr-FR"}]}},"_links":{"self":[{"href":"https:\/\/mlm-explorer.com\/fr\/wp-json\/wp\/v2\/pages\/330","targetHints":{"allow":["GET"]}}],"collection":[{"href":"https:\/\/mlm-explorer.com\/fr\/wp-json\/wp\/v2\/pages"}],"about":[{"href":"https:\/\/mlm-explorer.com\/fr\/wp-json\/wp\/v2\/types\/page"}],"author":[{"embeddable":true,"href":"https:\/\/mlm-explorer.com\/fr\/wp-json\/wp\/v2\/users\/1"}],"replies":[{"embeddable":true,"href":"https:\/\/mlm-explorer.com\/fr\/wp-json\/wp\/v2\/comments?post=330"}],"version-history":[{"count":3,"href":"https:\/\/mlm-explorer.com\/fr\/wp-json\/wp\/v2\/pages\/330\/revisions"}],"predecessor-version":[{"id":333,"href":"https:\/\/mlm-explorer.com\/fr\/wp-json\/wp\/v2\/pages\/330\/revisions\/333"}],"wp:attachment":[{"href":"https:\/\/mlm-explorer.com\/fr\/wp-json\/wp\/v2\/media?parent=330"}],"curies":[{"name":"wp","href":"https:\/\/api.w.org\/{rel}","templated":true}]}}