{"id":326,"date":"2025-10-06T21:56:46","date_gmt":"2025-10-07T00:56:46","guid":{"rendered":"https:\/\/mlm-explorer.com\/?page_id=326"},"modified":"2025-10-06T21:58:28","modified_gmt":"2025-10-07T00:58:28","slug":"terms-of-use","status":"publish","type":"page","link":"https:\/\/mlm-explorer.com\/fr\/conditions-dutilisation\/","title":{"rendered":"Conditions d&#039;utilisation"},"content":{"rendered":"<style><\/style>\t\t<div data-elementor-type=\"wp-page\" data-elementor-id=\"326\" class=\"elementor elementor-326\">\n\t\t\t\t\t\t<section class=\"elementor-section elementor-top-section elementor-element elementor-element-24f1ca2e elementor-section-boxed elementor-section-height-default elementor-section-height-default\" data-id=\"24f1ca2e\" data-element_type=\"section\" data-e-type=\"section\">\n\t\t\t\t\t\t<div class=\"elementor-container elementor-column-gap-default\">\n\t\t\t\t\t<div class=\"elementor-column elementor-col-100 elementor-top-column elementor-element elementor-element-5a86b10e\" data-id=\"5a86b10e\" data-element_type=\"column\" data-e-type=\"column\">\n\t\t\t<div class=\"elementor-widget-wrap elementor-element-populated\">\n\t\t\t\t\t\t<div class=\"elementor-element elementor-element-703184bd elementor-widget elementor-widget-text-editor\" data-id=\"703184bd\" data-element_type=\"widget\" data-e-type=\"widget\" data-widget_type=\"text-editor.default\">\n\t\t\t\t<div class=\"elementor-widget-container\">\n\t\t\t\t\t\t\t\t\t<h1 data-start=\"259\" data-end=\"277\"><span style=\"font-size: 18pt;\"><strong data-start=\"261\" data-end=\"277\">Conditions d&#039;utilisation<\/strong><\/span><\/h1>\n<p data-start=\"279\" data-end=\"465\"><strong data-start=\"279\" data-end=\"298\">Date d&#039;entr\u00e9e en vigueur :<\/strong> 6 octobre 2025<br data-start=\"314\" data-end=\"317\" \/><strong data-start=\"317\" data-end=\"329\">Site web:<\/strong> <a class=\"decorated-link\" href=\"https:\/\/mlm-explorer.com\/fr\/\" target=\"_new\" rel=\"noopener\" data-start=\"330\" data-end=\"382\">https:\/\/mlm-explorer.com<\/a><br data-start=\"382\" data-end=\"385\" \/><strong data-start=\"385\" data-end=\"397\">Contact:<\/strong> <a class=\"decorated-link cursor-pointer\" rel=\"noopener\" data-start=\"398\" data-end=\"465\">mlmexplorer.global@gmail.com<\/a><\/p>\n<hr data-start=\"467\" data-end=\"470\" \/>\n<h2 data-start=\"472\" data-end=\"497\"><span style=\"font-size: 18pt;\">1. Acceptation des conditions<\/span><\/h2>\n<p data-start=\"499\" data-end=\"724\">Bienvenue \u00e0 <strong data-start=\"510\" data-end=\"526\">MLM Explorer<\/strong>En acc\u00e9dant ou en utilisant ce site Web, vous acceptez d&#039;\u00eatre li\u00e9 par ces <strong data-start=\"595\" data-end=\"611\">Conditions d&#039;utilisation<\/strong> et toutes les lois et r\u00e9glementations applicables.<br data-start=\"652\" data-end=\"655\" \/>Si vous n&#039;\u00eates pas d&#039;accord avec ces conditions, veuillez ne pas utiliser ce site Web.<\/p>\n<p data-start=\"726\" data-end=\"857\">Nous pouvons mettre \u00e0 jour ou modifier les pr\u00e9sentes Conditions d&#039;utilisation \u00e0 tout moment et sans pr\u00e9avis. La derni\u00e8re version sera toujours publi\u00e9e sur cette page.<\/p>\n<hr data-start=\"859\" data-end=\"862\" \/>\n<h2 data-start=\"864\" data-end=\"892\"><span style=\"font-size: 18pt;\">2. Objet du site Web<\/span><\/h2>\n<p data-start=\"894\" data-end=\"1146\"><strong data-start=\"894\" data-end=\"910\">MLM Explorer<\/strong> est une plateforme d&#039;information d\u00e9di\u00e9e au domaine de <strong data-start=\"966\" data-end=\"1011\">marketing de r\u00e9seau (marketing \u00e0 paliers multiples)<\/strong>.<br data-start=\"1012\" data-end=\"1015\" \/>Le site Web fournit du contenu \u00e9ducatif, des analyses d&#039;entreprise, des guides et des informations \u00e0 des fins d&#039;information et d&#039;\u00e9ducation uniquement.<\/p>\n<p data-start=\"1148\" data-end=\"1338\">Nous faisons <strong data-start=\"1154\" data-end=\"1175\">ne pas vendre de produits<\/strong>, <strong data-start=\"1177\" data-end=\"1198\">proposer des investissements<\/strong>, ou <strong data-start=\"1203\" data-end=\"1234\">garantir les r\u00e9sultats financiers<\/strong>.<br data-start=\"1235\" data-end=\"1238\" \/>Toute d\u00e9cision prise sur la base des informations fournies sur ce site est \u00e0 votre propre discr\u00e9tion et \u00e0 vos propres risques.<\/p>\n<hr data-start=\"1340\" data-end=\"1343\" \/>\n<h2 data-start=\"1345\" data-end=\"1390\"><span style=\"font-size: 18pt;\">3. Liens externes et sites Web tiers<\/span><\/h2>\n<p data-start=\"1392\" data-end=\"1552\">Notre site Web peut contenir des liens vers des sites Web externes ou tiers, y compris des pages d&#039;inscription d&#039;entreprise, des programmes d&#039;affiliation ou d&#039;autres ressources d&#039;information.<\/p>\n<p data-start=\"1554\" data-end=\"1756\">Nous sommes <strong data-start=\"1561\" data-end=\"1580\">pas responsable<\/strong> pour le contenu, l&#039;exactitude ou les pratiques de ces sites externes.<br data-start=\"1645\" data-end=\"1648\" \/>L&#039;acc\u00e8s aux liens tiers se fait \u00e0 vos propres risques et p\u00e9rils, et leurs conditions et politiques de confidentialit\u00e9 respectives s&#039;appliquent.<\/p>\n<hr data-start=\"1758\" data-end=\"1761\" \/>\n<h2 data-start=\"1763\" data-end=\"1797\"><span style=\"font-size: 18pt;\">4. Droits de propri\u00e9t\u00e9 intellectuelle<\/span><\/h2>\n<p data-start=\"1799\" data-end=\"1953\">Tout le contenu publi\u00e9 sur <strong data-start=\"1824\" data-end=\"1840\">MLM Explorer<\/strong>, y compris les textes, images, logos et autres \u00e9l\u00e9ments, sont prot\u00e9g\u00e9s par les lois sur le droit d&#039;auteur et la propri\u00e9t\u00e9 intellectuelle.<\/p>\n<p data-start=\"1955\" data-end=\"2193\">Vous pouvez consulter et partager notre contenu pour un usage personnel et non commercial, \u00e0 condition que le cr\u00e9dit appropri\u00e9 soit accord\u00e9.<br data-start=\"2059\" data-end=\"2062\" \/>La reproduction, la distribution, la modification ou la republication de tout mat\u00e9riel sans consentement \u00e9crit pr\u00e9alable est interdite. <strong data-start=\"2169\" data-end=\"2192\">strictement interdit<\/strong>.<\/p>\n<hr data-start=\"2195\" data-end=\"2198\" \/>\n<h2 data-start=\"2200\" data-end=\"2234\"><span style=\"font-size: 18pt;\">5. Aucun conseil financier ou juridique<\/span><\/h2>\n<p data-start=\"2236\" data-end=\"2375\">Toutes les informations fournies sur ce site sont \u00e0 titre indicatif <strong data-start=\"2284\" data-end=\"2331\">\u00e0 des fins \u00e9ducatives et informatives uniquement<\/strong>.<br data-start=\"2332\" data-end=\"2335\" \/>Rien sur <strong data-start=\"2346\" data-end=\"2362\">MLM Explorer<\/strong> constitue :<\/p>\n<ul data-start=\"2376\" data-end=\"2499\">\n<li data-start=\"2376\" data-end=\"2396\">\n<p data-start=\"2378\" data-end=\"2396\">Conseils financiers<\/p>\n<\/li>\n<li data-start=\"2397\" data-end=\"2420\">\n<p data-start=\"2399\" data-end=\"2420\">Conseils en mati\u00e8re d&#039;investissement<\/p>\n<\/li>\n<li data-start=\"2421\" data-end=\"2453\">\n<p data-start=\"2423\" data-end=\"2453\">Recommandations juridiques ou fiscales<\/p>\n<\/li>\n<li data-start=\"2454\" data-end=\"2499\">\n<p data-start=\"2456\" data-end=\"2499\">Une garantie de revenu ou de r\u00e9ussite commerciale<\/p>\n<\/li>\n<\/ul>\n<p data-start=\"2501\" data-end=\"2579\">Demandez toujours conseil \u00e0 un professionnel avant de prendre des d\u00e9cisions financi\u00e8res ou commerciales.<\/p>\n<hr data-start=\"2581\" data-end=\"2584\" \/>\n<h2 data-start=\"2586\" data-end=\"2615\"><span style=\"font-size: 18pt;\">6. Limitation de responsabilit\u00e9<\/span><\/h2>\n<p data-start=\"2617\" data-end=\"2800\">Dans toute la mesure permise par la loi, <strong data-start=\"2657\" data-end=\"2673\">MLM Explorer<\/strong> et ses administrateurs ne pourront \u00eatre tenus responsables de tout dommage direct, indirect, accessoire ou cons\u00e9cutif r\u00e9sultant :<\/p>\n<ul data-start=\"2801\" data-end=\"2933\">\n<li data-start=\"2801\" data-end=\"2845\">\n<p data-start=\"2803\" data-end=\"2845\">L\u2019utilisation ou l\u2019impossibilit\u00e9 d\u2019utiliser le site Web\u00a0;<\/p>\n<\/li>\n<li data-start=\"2846\" data-end=\"2890\">\n<p data-start=\"2848\" data-end=\"2890\">La confiance accord\u00e9e aux informations fournies ici;<\/p>\n<\/li>\n<li data-start=\"2891\" data-end=\"2933\">\n<p data-start=\"2893\" data-end=\"2933\">Acc\u00e8s \u00e0 des sites Web ou des liens tiers.<\/p>\n<\/li>\n<\/ul>\n<p data-start=\"2935\" data-end=\"3010\">Vous reconnaissez que votre utilisation du site est enti\u00e8rement <strong data-start=\"2989\" data-end=\"3009\">\u00e0 vos risques et p\u00e9rils<\/strong>.<\/p>\n<hr data-start=\"3012\" data-end=\"3015\" \/>\n<h2 data-start=\"3017\" data-end=\"3047\"><span style=\"font-size: 18pt;\">7. Exclusion de garanties<\/span><\/h2>\n<p data-start=\"3049\" data-end=\"3175\">Le site Web et son contenu sont fournis \u00ab<strong data-start=\"3091\" data-end=\"3100\">tel quel<\/strong>&quot; sans aucune garantie, expresse ou implicite, y compris, mais sans s&#039;y limiter :<\/p>\n<ul data-start=\"3176\" data-end=\"3314\">\n<li data-start=\"3176\" data-end=\"3234\">\n<p data-start=\"3178\" data-end=\"3234\">Exactitude, fiabilit\u00e9 ou exhaustivit\u00e9 du contenu ;<\/p>\n<\/li>\n<li data-start=\"3235\" data-end=\"3272\">\n<p data-start=\"3237\" data-end=\"3272\">Aptitude \u00e0 un usage particulier ;<\/p>\n<\/li>\n<li data-start=\"3273\" data-end=\"3314\">\n<p data-start=\"3275\" data-end=\"3314\">Non-violation des droits des tiers.<\/p>\n<\/li>\n<\/ul>\n<p data-start=\"3316\" data-end=\"3414\">Nous ne garantissons pas que le site Web sera exempt d\u2019interruptions, d\u2019erreurs ou de probl\u00e8mes techniques.<\/p>\n<hr data-start=\"3416\" data-end=\"3419\" \/>\n<h2 data-start=\"3421\" data-end=\"3439\"><span style=\"font-size: 18pt;\">8. Conduite de l&#039;utilisateur<\/span><\/h2>\n<p data-start=\"3441\" data-end=\"3487\">En utilisant ce site Web, vous acceptez <strong data-start=\"3476\" data-end=\"3487\">ne pas:<\/strong><\/p>\n<ul data-start=\"3488\" data-end=\"3701\">\n<li data-start=\"3488\" data-end=\"3535\">\n<p data-start=\"3490\" data-end=\"3535\">Violer toute loi ou r\u00e9glementation applicable ;<\/p>\n<\/li>\n<li data-start=\"3536\" data-end=\"3589\">\n<p data-start=\"3538\" data-end=\"3589\">Utiliser le site \u00e0 des fins ill\u00e9gales ou frauduleuses ;<\/p>\n<\/li>\n<li data-start=\"3590\" data-end=\"3655\">\n<p data-start=\"3592\" data-end=\"3655\">Tenter d\u2019obtenir un acc\u00e8s non autoris\u00e9 aux syst\u00e8mes du site Web\u00a0;<\/p>\n<\/li>\n<li data-start=\"3656\" data-end=\"3701\">\n<p data-start=\"3658\" data-end=\"3701\">Perturber ou endommager la fonctionnalit\u00e9 du site.<\/p>\n<\/li>\n<\/ul>\n<p data-start=\"3703\" data-end=\"3780\">Nous nous r\u00e9servons le droit de restreindre l&#039;acc\u00e8s \u00e0 tout utilisateur qui viole ces conditions.<\/p>\n<hr data-start=\"3782\" data-end=\"3785\" \/>\n<h2 data-start=\"3787\" data-end=\"3813\"><span style=\"font-size: 18pt;\">9. Divulgation des affili\u00e9s<\/span><\/h2>\n<p data-start=\"3815\" data-end=\"4104\">Quelques liens sur <strong data-start=\"3829\" data-end=\"3845\">MLM Explorer<\/strong> peut \u00eatre <strong data-start=\"3853\" data-end=\"3872\">liens d&#039;affiliation<\/strong>, ce qui signifie que nous pouvons gagner une commission si vous cliquez ou vous inscrivez via eux.<br data-start=\"3945\" data-end=\"3948\" \/>Cela vient \u00e0 <strong data-start=\"3962\" data-end=\"3984\">aucun co\u00fbt suppl\u00e9mentaire<\/strong> \u00e0 vous et contribue \u00e0 soutenir la maintenance de notre plateforme.<br data-start=\"4042\" data-end=\"4045\" \/>Notre contenu \u00e9ditorial reste <strong data-start=\"4075\" data-end=\"4103\">ind\u00e9pendant et impartial<\/strong>.<\/p>\n<hr data-start=\"4106\" data-end=\"4109\" \/>\n<h2 data-start=\"4111\" data-end=\"4131\"><span style=\"font-size: 18pt;\">10. Loi applicable<\/span><\/h2>\n<p data-start=\"4133\" data-end=\"4367\">Les pr\u00e9sentes conditions d&#039;utilisation sont r\u00e9gies et interpr\u00e9t\u00e9es conform\u00e9ment aux lois applicables en <strong data-start=\"4224\" data-end=\"4234\">Br\u00e9sil<\/strong>, o\u00f9 <strong data-start=\"4242\" data-end=\"4258\">MLM Explorer<\/strong> fonctionne administrativement et peut \u00e9galement se conformer aux lois et r\u00e9glementations pertinentes <strong data-start=\"4320\" data-end=\"4342\">lois internationales<\/strong> (comme le RGPD et le CCPA).<\/p>\n<p data-start=\"4369\" data-end=\"4487\">Tout litige d\u00e9coulant de l\u2019utilisation de ce site Web sera r\u00e9solu conform\u00e9ment aux r\u00e8gles juridictionnelles applicables.<\/p>\n<hr data-start=\"4489\" data-end=\"4492\" \/>\n<h2 data-start=\"4494\" data-end=\"4520\"><span style=\"font-size: 18pt;\">11. Coordonn\u00e9es<\/span><\/h2>\n<p data-start=\"4522\" data-end=\"4591\">Pour toute question concernant les pr\u00e9sentes Conditions d&#039;utilisation, veuillez nous contacter \u00e0 :<\/p>\n<p data-start=\"4593\" data-end=\"4740\"><strong data-start=\"4593\" data-end=\"4609\">MLM Explorer<\/strong><br data-start=\"4609\" data-end=\"4612\" \/>\ud83c\udf10 <a class=\"decorated-link\" href=\"https:\/\/mlm-explorer.com\/fr\/\" target=\"_new\" rel=\"noopener\" data-start=\"4615\" data-end=\"4667\">https:\/\/mlm-explorer.com<\/a><br data-start=\"4667\" data-end=\"4670\" \/>\ud83d\udce7 <a class=\"decorated-link cursor-pointer\" rel=\"noopener\" data-start=\"4673\" data-end=\"4740\">mlmexplorer.global@gmail.com<\/a><\/p>\t\t\t\t\t\t\t\t<\/div>\n\t\t\t\t<\/div>\n\t\t\t\t\t<\/div>\n\t\t<\/div>\n\t\t\t\t\t<\/div>\n\t\t<\/section>\n\t\t\t\t<\/div>","protected":false},"excerpt":{"rendered":"<p>Who we are Suggested text: Our website address is: https:\/\/mlm-explorer.com. Comments Suggested text: When visitors leave comments on the site [&hellip;]<\/p>","protected":false},"author":1,"featured_media":0,"parent":0,"menu_order":0,"comment_status":"closed","ping_status":"open","template":"","meta":{"site-sidebar-layout":"default","site-content-layout":"","ast-site-content-layout":"default","site-content-style":"default","site-sidebar-style":"default","ast-global-header-display":"","ast-banner-title-visibility":"","ast-main-header-display":"","ast-hfb-above-header-display":"","ast-hfb-below-header-display":"","ast-hfb-mobile-header-display":"","site-post-title":"","ast-breadcrumbs-content":"","ast-featured-img":"","footer-sml-layout":"","theme-transparent-header-meta":"","adv-header-id-meta":"","stick-header-meta":"","header-above-stick-meta":"","header-main-stick-meta":"","header-below-stick-meta":"","astra-migrate-meta-layouts":"default","ast-page-background-enabled":"default","ast-page-background-meta":{"desktop":{"background-color":"var(--ast-global-color-5)","background-image":"","background-repeat":"repeat","background-position":"center center","background-size":"auto","background-attachment":"scroll","background-type":"","background-media":"","overlay-type":"","overlay-color":"","overlay-opacity":"","overlay-gradient":""},"tablet":{"background-color":"","background-image":"","background-repeat":"repeat","background-position":"center center","background-size":"auto","background-attachment":"scroll","background-type":"","background-media":"","overlay-type":"","overlay-color":"","overlay-opacity":"","overlay-gradient":""},"mobile":{"background-color":"","background-image":"","background-repeat":"repeat","background-position":"center center","background-size":"auto","background-attachment":"scroll","background-type":"","background-media":"","overlay-type":"","overlay-color":"","overlay-opacity":"","overlay-gradient":""}},"ast-content-background-meta":{"desktop":{"background-color":"var(--ast-global-color-4)","background-image":"","background-repeat":"repeat","background-position":"center center","background-size":"auto","background-attachment":"scroll","background-type":"","background-media":"","overlay-type":"","overlay-color":"","overlay-opacity":"","overlay-gradient":""},"tablet":{"background-color":"var(--ast-global-color-4)","background-image":"","background-repeat":"repeat","background-position":"center center","background-size":"auto","background-attachment":"scroll","background-type":"","background-media":"","overlay-type":"","overlay-color":"","overlay-opacity":"","overlay-gradient":""},"mobile":{"background-color":"var(--ast-global-color-4)","background-image":"","background-repeat":"repeat","background-position":"center center","background-size":"auto","background-attachment":"scroll","background-type":"","background-media":"","overlay-type":"","overlay-color":"","overlay-opacity":"","overlay-gradient":""}},"footnotes":""},"class_list":["post-326","page","type-page","status-publish","hentry"],"yoast_head":"<!-- This site is optimized with the Yoast SEO Premium plugin v26.3 (Yoast SEO v27.3) - https:\/\/yoast.com\/product\/yoast-seo-premium-wordpress\/ -->\n<title>Terms of Use<\/title>\n<meta name=\"robots\" content=\"index, follow, max-snippet:-1, max-image-preview:large, max-video-preview:-1\" \/>\n<link rel=\"canonical\" href=\"https:\/\/mlm-explorer.com\/fr\/conditions-dutilisation\/\" \/>\n<meta property=\"og:locale\" content=\"fr_FR\" \/>\n<meta property=\"og:type\" content=\"article\" \/>\n<meta property=\"og:title\" content=\"Terms of Use\" \/>\n<meta property=\"og:description\" content=\"Who we are Suggested text: Our website address is: https:\/\/mlm-explorer.com. Comments Suggested text: When visitors leave comments on the site [&hellip;]\" \/>\n<meta property=\"og:url\" content=\"https:\/\/mlm-explorer.com\/fr\/conditions-dutilisation\/\" \/>\n<meta property=\"article:modified_time\" content=\"2025-10-07T00:58:28+00:00\" \/>\n<meta name=\"twitter:card\" content=\"summary_large_image\" \/>\n<meta name=\"twitter:label1\" content=\"Dur\u00e9e de lecture estim\u00e9e\" \/>\n\t<meta name=\"twitter:data1\" content=\"4 minutes\" \/>\n<script type=\"application\/ld+json\" class=\"yoast-schema-graph\">{\"@context\":\"https:\\\/\\\/schema.org\",\"@graph\":[{\"@type\":\"WebPage\",\"@id\":\"https:\\\/\\\/mlm-explorer.com\\\/terms-of-use\\\/\",\"url\":\"https:\\\/\\\/mlm-explorer.com\\\/terms-of-use\\\/\",\"name\":\"Terms of Use\",\"isPartOf\":{\"@id\":\"https:\\\/\\\/mlm-explorer.com\\\/#website\"},\"datePublished\":\"2025-10-07T00:56:46+00:00\",\"dateModified\":\"2025-10-07T00:58:28+00:00\",\"breadcrumb\":{\"@id\":\"https:\\\/\\\/mlm-explorer.com\\\/terms-of-use\\\/#breadcrumb\"},\"inLanguage\":\"fr-FR\",\"potentialAction\":[{\"@type\":\"ReadAction\",\"target\":[\"https:\\\/\\\/mlm-explorer.com\\\/terms-of-use\\\/\"]}]},{\"@type\":\"BreadcrumbList\",\"@id\":\"https:\\\/\\\/mlm-explorer.com\\\/terms-of-use\\\/#breadcrumb\",\"itemListElement\":[{\"@type\":\"ListItem\",\"position\":1,\"name\":\"Home\",\"item\":\"https:\\\/\\\/mlm-explorer.com\\\/\"},{\"@type\":\"ListItem\",\"position\":2,\"name\":\"Terms of Use\"}]},{\"@type\":\"WebSite\",\"@id\":\"https:\\\/\\\/mlm-explorer.com\\\/#website\",\"url\":\"https:\\\/\\\/mlm-explorer.com\\\/\",\"name\":\"\",\"description\":\"\",\"potentialAction\":[{\"@type\":\"SearchAction\",\"target\":{\"@type\":\"EntryPoint\",\"urlTemplate\":\"https:\\\/\\\/mlm-explorer.com\\\/?s={search_term_string}\"},\"query-input\":{\"@type\":\"PropertyValueSpecification\",\"valueRequired\":true,\"valueName\":\"search_term_string\"}}],\"inLanguage\":\"fr-FR\"}]}<\/script>\n<!-- \/ Yoast SEO Premium plugin. -->","yoast_head_json":{"title":"Terms of Use","robots":{"index":"index","follow":"follow","max-snippet":"max-snippet:-1","max-image-preview":"max-image-preview:large","max-video-preview":"max-video-preview:-1"},"canonical":"https:\/\/mlm-explorer.com\/fr\/conditions-dutilisation\/","og_locale":"fr_FR","og_type":"article","og_title":"Terms of Use","og_description":"Who we are Suggested text: Our website address is: https:\/\/mlm-explorer.com. Comments Suggested text: When visitors leave comments on the site [&hellip;]","og_url":"https:\/\/mlm-explorer.com\/fr\/conditions-dutilisation\/","article_modified_time":"2025-10-07T00:58:28+00:00","twitter_card":"summary_large_image","twitter_misc":{"Dur\u00e9e de lecture estim\u00e9e":"4 minutes"},"schema":{"@context":"https:\/\/schema.org","@graph":[{"@type":"WebPage","@id":"https:\/\/mlm-explorer.com\/terms-of-use\/","url":"https:\/\/mlm-explorer.com\/terms-of-use\/","name":"Terms of Use","isPartOf":{"@id":"https:\/\/mlm-explorer.com\/#website"},"datePublished":"2025-10-07T00:56:46+00:00","dateModified":"2025-10-07T00:58:28+00:00","breadcrumb":{"@id":"https:\/\/mlm-explorer.com\/terms-of-use\/#breadcrumb"},"inLanguage":"fr-FR","potentialAction":[{"@type":"ReadAction","target":["https:\/\/mlm-explorer.com\/terms-of-use\/"]}]},{"@type":"BreadcrumbList","@id":"https:\/\/mlm-explorer.com\/terms-of-use\/#breadcrumb","itemListElement":[{"@type":"ListItem","position":1,"name":"Home","item":"https:\/\/mlm-explorer.com\/"},{"@type":"ListItem","position":2,"name":"Terms of Use"}]},{"@type":"WebSite","@id":"https:\/\/mlm-explorer.com\/#website","url":"https:\/\/mlm-explorer.com\/","name":"","description":"","potentialAction":[{"@type":"SearchAction","target":{"@type":"EntryPoint","urlTemplate":"https:\/\/mlm-explorer.com\/?s={search_term_string}"},"query-input":{"@type":"PropertyValueSpecification","valueRequired":true,"valueName":"search_term_string"}}],"inLanguage":"fr-FR"}]}},"_links":{"self":[{"href":"https:\/\/mlm-explorer.com\/fr\/wp-json\/wp\/v2\/pages\/326","targetHints":{"allow":["GET"]}}],"collection":[{"href":"https:\/\/mlm-explorer.com\/fr\/wp-json\/wp\/v2\/pages"}],"about":[{"href":"https:\/\/mlm-explorer.com\/fr\/wp-json\/wp\/v2\/types\/page"}],"author":[{"embeddable":true,"href":"https:\/\/mlm-explorer.com\/fr\/wp-json\/wp\/v2\/users\/1"}],"replies":[{"embeddable":true,"href":"https:\/\/mlm-explorer.com\/fr\/wp-json\/wp\/v2\/comments?post=326"}],"version-history":[{"count":3,"href":"https:\/\/mlm-explorer.com\/fr\/wp-json\/wp\/v2\/pages\/326\/revisions"}],"predecessor-version":[{"id":329,"href":"https:\/\/mlm-explorer.com\/fr\/wp-json\/wp\/v2\/pages\/326\/revisions\/329"}],"wp:attachment":[{"href":"https:\/\/mlm-explorer.com\/fr\/wp-json\/wp\/v2\/media?parent=326"}],"curies":[{"name":"wp","href":"https:\/\/api.w.org\/{rel}","templated":true}]}}