{"id":3,"date":"2025-10-05T02:18:41","date_gmt":"2025-10-05T02:18:41","guid":{"rendered":"https:\/\/mlm-explorer.com\/?page_id=3"},"modified":"2025-10-06T21:45:54","modified_gmt":"2025-10-07T00:45:54","slug":"privacy-policy","status":"publish","type":"page","link":"https:\/\/mlm-explorer.com\/fr\/politique-de-confidentialite\/","title":{"rendered":"politique de confidentialit\u00e9"},"content":{"rendered":"<style><\/style>\t\t<div data-elementor-type=\"wp-page\" data-elementor-id=\"3\" class=\"elementor elementor-3\">\n\t\t\t\t\t\t<section class=\"elementor-section elementor-top-section elementor-element elementor-element-24f1ca2e elementor-section-boxed elementor-section-height-default elementor-section-height-default\" data-id=\"24f1ca2e\" data-element_type=\"section\" data-e-type=\"section\">\n\t\t\t\t\t\t<div class=\"elementor-container elementor-column-gap-default\">\n\t\t\t\t\t<div class=\"elementor-column elementor-col-100 elementor-top-column elementor-element elementor-element-5a86b10e\" data-id=\"5a86b10e\" data-element_type=\"column\" data-e-type=\"column\">\n\t\t\t<div class=\"elementor-widget-wrap elementor-element-populated\">\n\t\t\t\t\t\t<div class=\"elementor-element elementor-element-703184bd elementor-widget elementor-widget-text-editor\" data-id=\"703184bd\" data-element_type=\"widget\" data-e-type=\"widget\" data-widget_type=\"text-editor.default\">\n\t\t\t\t<div class=\"elementor-widget-container\">\n\t\t\t\t\t\t\t\t\t\n<h1 class=\"wp-block-heading\" data-start=\"311\" data-end=\"331\"><span style=\"font-size: 18pt;\"><strong data-start=\"313\" data-end=\"331\">politique de confidentialit\u00e9<\/strong><\/span><\/h1>\n<p data-start=\"333\" data-end=\"519\"><strong data-start=\"333\" data-end=\"352\">Date d&#039;entr\u00e9e en vigueur :<\/strong> 6 octobre 2025<br data-start=\"368\" data-end=\"371\" \/><strong data-start=\"371\" data-end=\"383\">Site web:<\/strong> <a class=\"decorated-link\" href=\"https:\/\/mlm-explorer.com\/fr\/\" target=\"_new\" rel=\"noopener\" data-start=\"384\" data-end=\"436\">https:\/\/mlm-explorer.com<\/a><br data-start=\"436\" data-end=\"439\" \/><strong data-start=\"439\" data-end=\"451\">Contact:<\/strong> <a class=\"decorated-link cursor-pointer\" rel=\"noopener\" data-start=\"452\" data-end=\"519\">mlmexplorer.global@gmail.com<\/a><\/p>\n<hr data-start=\"521\" data-end=\"524\" \/>\n<h2 data-start=\"526\" data-end=\"544\"><span style=\"font-size: 18pt;\">1. Introduction<\/span><\/h2>\n<p data-start=\"546\" data-end=\"912\">Bienvenue \u00e0 <strong data-start=\"557\" data-end=\"573\">MLM Explorer<\/strong>.<br data-start=\"574\" data-end=\"577\" \/>Votre vie priv\u00e9e est importante pour nous. Cette politique de confidentialit\u00e9 explique comment nous traitons les informations lorsque vous visitez notre site web, comment les cookies et les analyses sont utilis\u00e9s, et vos droits en vertu des lois applicables en mati\u00e8re de protection des donn\u00e9es, y compris la <strong data-start=\"798\" data-end=\"843\">R\u00e8glement g\u00e9n\u00e9ral sur la protection des donn\u00e9es (RGPD)<\/strong>, <strong data-start=\"845\" data-end=\"863\">LGPD br\u00e9silien<\/strong>, et <strong data-start=\"869\" data-end=\"911\">Loi californienne sur la protection de la vie priv\u00e9e des consommateurs (CCPA)<\/strong>.<\/p>\n<p data-start=\"914\" data-end=\"970\">En utilisant ce site Web, vous acceptez cette politique de confidentialit\u00e9.<\/p>\n<hr data-start=\"972\" data-end=\"975\" \/>\n<h2 data-start=\"977\" data-end=\"1012\"><span style=\"font-size: 18pt;\">2. Informations que nous ne collectons pas<\/span><\/h2>\n<p data-start=\"1014\" data-end=\"1223\">MLM Explorer fait <strong data-start=\"1032\" data-end=\"1072\">ne pas collecter d&#039;informations personnelles<\/strong> directement aupr\u00e8s des utilisateurs.<br data-start=\"1093\" data-end=\"1096\" \/>Nous ne demandons pas votre nom, votre adresse e-mail, votre num\u00e9ro de t\u00e9l\u00e9phone ou toute autre donn\u00e9e identifiable via des formulaires, des abonnements ou des inscriptions d&#039;utilisateurs.<\/p>\n<p data-start=\"1225\" data-end=\"1332\">Les seules donn\u00e9es qui peuvent \u00eatre trait\u00e9es sont <strong data-start=\"1264\" data-end=\"1311\">donn\u00e9es non personnelles, agr\u00e9g\u00e9es ou anonymes<\/strong>, comme expliqu\u00e9 ci-dessous.<\/p>\n<hr data-start=\"1334\" data-end=\"1337\" \/>\n<h2 data-start=\"1339\" data-end=\"1366\"><span style=\"font-size: 18pt;\">3. Cookies et analyses<\/span><\/h2>\n<p data-start=\"1368\" data-end=\"1509\">Notre site Web utilise <strong data-start=\"1385\" data-end=\"1405\">Google Analytics<\/strong> et <strong data-start=\"1410\" data-end=\"1453\">Google Search Console (Outils pour les webmasters)<\/strong> pour comprendre le comportement des visiteurs et am\u00e9liorer les performances.<\/p>\n<p data-start=\"1511\" data-end=\"1549\">Ces outils peuvent collecter automatiquement\u00a0:<\/p>\n<ul data-start=\"1550\" data-end=\"1734\">\n<li data-start=\"1550\" data-end=\"1578\">\n<p data-start=\"1552\" data-end=\"1578\">Type et version du navigateur<\/p>\n<\/li>\n<li data-start=\"1579\" data-end=\"1615\">\n<p data-start=\"1581\" data-end=\"1615\">Type d&#039;appareil et syst\u00e8me d&#039;exploitation<\/p>\n<\/li>\n<li data-start=\"1616\" data-end=\"1643\">\n<p data-start=\"1618\" data-end=\"1643\">Adresse IP (anonymis\u00e9e)<\/p>\n<\/li>\n<li data-start=\"1644\" data-end=\"1691\">\n<p data-start=\"1646\" data-end=\"1691\">Pages visit\u00e9es, dur\u00e9e et comportement de clic<\/p>\n<\/li>\n<li data-start=\"1692\" data-end=\"1734\">\n<p data-start=\"1694\" data-end=\"1734\">Source de r\u00e9f\u00e9rence (comment vous avez trouv\u00e9 notre site)<\/p>\n<\/li>\n<\/ul>\n<p data-start=\"1736\" data-end=\"1936\">Ces informations sont utilis\u00e9es uniquement \u00e0 des fins <strong data-start=\"1770\" data-end=\"1809\">\u00e0 des fins statistiques et analytiques<\/strong> et ne vous identifie pas personnellement.<br data-start=\"1847\" data-end=\"1850\" \/>Vous pouvez d\u00e9sactiver les cookies dans les param\u00e8tres de votre navigateur si vous pr\u00e9f\u00e9rez ne pas partager ces donn\u00e9es.<\/p>\n<hr data-start=\"1938\" data-end=\"1941\" \/>\n<h2 data-start=\"1943\" data-end=\"1963\"><span style=\"font-size: 18pt;\">4. Liens externes<\/span><\/h2>\n<p data-start=\"1965\" data-end=\"2262\">MLM Explorer peut inclure des liens vers des sites Web tiers, notamment des liens d&#039;enregistrement d&#039;entreprise ou d&#039;affiliation.<br data-start=\"2072\" data-end=\"2075\" \/>Nous sommes <strong data-start=\"2082\" data-end=\"2101\">pas responsable<\/strong> pour le contenu, les pratiques de confidentialit\u00e9 ou les politiques de ces sites externes.<br data-start=\"2174\" data-end=\"2177\" \/>Nous vous recommandons de consulter leurs politiques de confidentialit\u00e9 avant de fournir des informations.<\/p>\n<hr data-start=\"2264\" data-end=\"2267\" \/>\n<h2 data-start=\"2269\" data-end=\"2287\"><span style=\"font-size: 18pt;\">5. Partage de donn\u00e9es<\/span><\/h2>\n<p data-start=\"2289\" data-end=\"2513\">Nous faisons <strong data-start=\"2295\" data-end=\"2324\">ne pas vendre, \u00e9changer ou partager<\/strong> donn\u00e9es utilisateur aupr\u00e8s de tiers.<br data-start=\"2354\" data-end=\"2357\" \/>Les donn\u00e9es analytiques collect\u00e9es via les outils Google sont trait\u00e9es conform\u00e9ment \u00e0 <strong data-start=\"2426\" data-end=\"2453\">Politique de confidentialit\u00e9 de Google<\/strong> et peuvent \u00eatre stock\u00e9s sur les serveurs de Google dans diff\u00e9rents pays.<\/p>\n<hr data-start=\"2515\" data-end=\"2518\" \/>\n<h2 data-start=\"2520\" data-end=\"2540\"><span style=\"font-size: 18pt;\">6. Conservation des donn\u00e9es<\/span><\/h2>\n<p data-start=\"2542\" data-end=\"2748\">\u00c9tant donn\u00e9 qu&#039;aucune information personnelle n&#039;est collect\u00e9e, <strong data-start=\"2586\" data-end=\"2616\">aucune donn\u00e9e personnelle n&#039;est stock\u00e9e<\/strong> sur nos serveurs.<br data-start=\"2632\" data-end=\"2635\" \/>Les donn\u00e9es d&#039;analyse anonymes sont conserv\u00e9es uniquement dans les limites d\u00e9finies par Google Analytics, g\u00e9n\u00e9ralement pour <strong data-start=\"2734\" data-end=\"2747\">14 mois<\/strong>.<\/p>\n<hr data-start=\"2750\" data-end=\"2753\" \/>\n<h2 data-start=\"2755\" data-end=\"2772\"><span style=\"font-size: 18pt;\">7. Vos droits<\/span><\/h2>\n<p data-start=\"2774\" data-end=\"2949\">M\u00eame si MLM Explorer ne collecte pas de donn\u00e9es personnelles, les utilisateurs dans des juridictions telles que <strong data-start=\"2866\" data-end=\"2884\">Union europ\u00e9enne<\/strong> ou <strong data-start=\"2888\" data-end=\"2898\">Br\u00e9sil<\/strong> ont des droits en vertu des lois sur la protection des donn\u00e9es, notamment :<\/p>\n<ul data-start=\"2950\" data-end=\"3094\">\n<li data-start=\"2950\" data-end=\"3012\">\n<p data-start=\"2952\" data-end=\"3012\">Le droit d\u2019acc\u00e9der, de rectifier ou de supprimer les donn\u00e9es (si collect\u00e9es) ;<\/p>\n<\/li>\n<li data-start=\"3013\" data-end=\"3061\">\n<p data-start=\"3015\" data-end=\"3061\">Le droit de restreindre ou de s\u2019opposer au traitement ;<\/p>\n<\/li>\n<li data-start=\"3062\" data-end=\"3094\">\n<p data-start=\"3064\" data-end=\"3094\">Le droit \u00e0 la portabilit\u00e9 des donn\u00e9es.<\/p>\n<\/li>\n<\/ul>\n<p data-start=\"3096\" data-end=\"3237\">Si vous avez des questions concernant la confidentialit\u00e9, veuillez nous contacter \u00e0<br data-start=\"3159\" data-end=\"3162\" \/>\ud83d\udce7 <strong data-start=\"3165\" data-end=\"3236\"><a class=\"decorated-link cursor-pointer\" rel=\"noopener\" data-start=\"3167\" data-end=\"3234\">mlmexplorer.global@gmail.com<\/a><\/strong>.<\/p>\n<hr data-start=\"3239\" data-end=\"3242\" \/>\n<h2 data-start=\"3244\" data-end=\"3263\"><span style=\"font-size: 18pt;\">8. S\u00e9curit\u00e9 des donn\u00e9es<\/span><\/h2>\n<p data-start=\"3265\" data-end=\"3500\">Nous utilisons des protocoles s\u00e9curis\u00e9s (HTTPS) et des h\u00e9bergeurs de confiance pour assurer la protection de toutes les informations transmises via notre site.<br data-start=\"3400\" data-end=\"3403\" \/>Bien qu\u2019aucun syst\u00e8me ne puisse \u00eatre s\u00e9curis\u00e9 \u00e0 100%, nous travaillons continuellement pour maintenir des mesures de protection conformes aux normes de l\u2019industrie.<\/p>\n<hr data-start=\"3502\" data-end=\"3505\" \/>\n<h2 data-start=\"3507\" data-end=\"3535\"><span style=\"font-size: 18pt;\">9. Modifications de cette politique<\/span><\/h2>\n<p data-start=\"3537\" data-end=\"3770\">MLM Explorer peut mettre \u00e0 jour cette politique de confidentialit\u00e9 \u00e0 tout moment.<br data-start=\"3593\" data-end=\"3596\" \/>La derni\u00e8re version sera toujours disponible sur cette page, avec la date d&#039;entr\u00e9e en vigueur indiqu\u00e9e en haut.<br data-start=\"3695\" data-end=\"3698\" \/>Nous encourageons les visiteurs \u00e0 consulter cette page p\u00e9riodiquement pour rester inform\u00e9s.<\/p>\n<hr data-start=\"3772\" data-end=\"3775\" \/>\n<h2 data-start=\"3777\" data-end=\"3803\"><span style=\"font-size: 18pt;\">10. Coordonn\u00e9es<\/span><\/h2>\n<p data-start=\"3805\" data-end=\"3913\">Si vous avez des questions ou des pr\u00e9occupations concernant cette politique de confidentialit\u00e9 ou nos pratiques en mati\u00e8re de donn\u00e9es, veuillez nous contacter \u00e0 l&#039;adresse suivante\u00a0:<\/p>\n<p data-start=\"3915\" data-end=\"4062\"><strong data-start=\"3915\" data-end=\"3931\">MLM Explorer<\/strong><br data-start=\"3931\" data-end=\"3934\" \/>\ud83c\udf10 <a class=\"decorated-link\" href=\"https:\/\/mlm-explorer.com\/fr\/\" target=\"_new\" rel=\"noopener\" data-start=\"3937\" data-end=\"3989\">https:\/\/mlm-explorer.com<\/a><br data-start=\"3989\" data-end=\"3992\" \/>\ud83d\udce7 <a class=\"decorated-link cursor-pointer\" rel=\"noopener\" data-start=\"3995\" data-end=\"4062\">mlmexplorer.global@gmail.com<\/a><\/p>\t\t\t\t\t\t\t\t<\/div>\n\t\t\t\t<\/div>\n\t\t\t\t\t<\/div>\n\t\t<\/div>\n\t\t\t\t\t<\/div>\n\t\t<\/section>\n\t\t\t\t<\/div>","protected":false},"excerpt":{"rendered":"<p>Who we are Suggested text: Our website address is: https:\/\/mlm-explorer.com. Comments Suggested text: When visitors leave comments on the site [&hellip;]<\/p>","protected":false},"author":1,"featured_media":0,"parent":0,"menu_order":0,"comment_status":"closed","ping_status":"open","template":"","meta":{"site-sidebar-layout":"default","site-content-layout":"","ast-site-content-layout":"default","site-content-style":"default","site-sidebar-style":"default","ast-global-header-display":"","ast-banner-title-visibility":"","ast-main-header-display":"","ast-hfb-above-header-display":"","ast-hfb-below-header-display":"","ast-hfb-mobile-header-display":"","site-post-title":"","ast-breadcrumbs-content":"","ast-featured-img":"","footer-sml-layout":"","theme-transparent-header-meta":"","adv-header-id-meta":"","stick-header-meta":"","header-above-stick-meta":"","header-main-stick-meta":"","header-below-stick-meta":"","astra-migrate-meta-layouts":"default","ast-page-background-enabled":"default","ast-page-background-meta":{"desktop":{"background-color":"var(--ast-global-color-5)","background-image":"","background-repeat":"repeat","background-position":"center center","background-size":"auto","background-attachment":"scroll","background-type":"","background-media":"","overlay-type":"","overlay-color":"","overlay-opacity":"","overlay-gradient":""},"tablet":{"background-color":"","background-image":"","background-repeat":"repeat","background-position":"center center","background-size":"auto","background-attachment":"scroll","background-type":"","background-media":"","overlay-type":"","overlay-color":"","overlay-opacity":"","overlay-gradient":""},"mobile":{"background-color":"","background-image":"","background-repeat":"repeat","background-position":"center center","background-size":"auto","background-attachment":"scroll","background-type":"","background-media":"","overlay-type":"","overlay-color":"","overlay-opacity":"","overlay-gradient":""}},"ast-content-background-meta":{"desktop":{"background-color":"var(--ast-global-color-4)","background-image":"","background-repeat":"repeat","background-position":"center center","background-size":"auto","background-attachment":"scroll","background-type":"","background-media":"","overlay-type":"","overlay-color":"","overlay-opacity":"","overlay-gradient":""},"tablet":{"background-color":"var(--ast-global-color-4)","background-image":"","background-repeat":"repeat","background-position":"center center","background-size":"auto","background-attachment":"scroll","background-type":"","background-media":"","overlay-type":"","overlay-color":"","overlay-opacity":"","overlay-gradient":""},"mobile":{"background-color":"var(--ast-global-color-4)","background-image":"","background-repeat":"repeat","background-position":"center center","background-size":"auto","background-attachment":"scroll","background-type":"","background-media":"","overlay-type":"","overlay-color":"","overlay-opacity":"","overlay-gradient":""}},"footnotes":""},"class_list":["post-3","page","type-page","status-publish","hentry"],"yoast_head":"<!-- This site is optimized with the Yoast SEO Premium plugin v26.3 (Yoast SEO v27.3) - https:\/\/yoast.com\/product\/yoast-seo-premium-wordpress\/ -->\n<title>Privacy Policy -<\/title>\n<meta name=\"robots\" content=\"index, follow, max-snippet:-1, max-image-preview:large, max-video-preview:-1\" \/>\n<link rel=\"canonical\" href=\"https:\/\/mlm-explorer.com\/fr\/politique-de-confidentialite\/\" \/>\n<meta property=\"og:locale\" content=\"fr_FR\" \/>\n<meta property=\"og:type\" content=\"article\" \/>\n<meta property=\"og:title\" content=\"Privacy Policy\" \/>\n<meta property=\"og:description\" content=\"Who we are Suggested text: Our website address is: https:\/\/mlm-explorer.com. Comments Suggested text: When visitors leave comments on the site [&hellip;]\" \/>\n<meta property=\"og:url\" content=\"https:\/\/mlm-explorer.com\/fr\/politique-de-confidentialite\/\" \/>\n<meta property=\"article:modified_time\" content=\"2025-10-07T00:45:54+00:00\" \/>\n<meta name=\"twitter:card\" content=\"summary_large_image\" \/>\n<meta name=\"twitter:label1\" content=\"Dur\u00e9e de lecture estim\u00e9e\" \/>\n\t<meta name=\"twitter:data1\" content=\"3 minutes\" \/>\n<script type=\"application\/ld+json\" class=\"yoast-schema-graph\">{\"@context\":\"https:\\\/\\\/schema.org\",\"@graph\":[{\"@type\":\"WebPage\",\"@id\":\"https:\\\/\\\/mlm-explorer.com\\\/privacy-policy\\\/\",\"url\":\"https:\\\/\\\/mlm-explorer.com\\\/privacy-policy\\\/\",\"name\":\"Privacy Policy -\",\"isPartOf\":{\"@id\":\"https:\\\/\\\/mlm-explorer.com\\\/#website\"},\"datePublished\":\"2025-10-05T02:18:41+00:00\",\"dateModified\":\"2025-10-07T00:45:54+00:00\",\"breadcrumb\":{\"@id\":\"https:\\\/\\\/mlm-explorer.com\\\/privacy-policy\\\/#breadcrumb\"},\"inLanguage\":\"fr-FR\",\"potentialAction\":[{\"@type\":\"ReadAction\",\"target\":[\"https:\\\/\\\/mlm-explorer.com\\\/privacy-policy\\\/\"]}]},{\"@type\":\"BreadcrumbList\",\"@id\":\"https:\\\/\\\/mlm-explorer.com\\\/privacy-policy\\\/#breadcrumb\",\"itemListElement\":[{\"@type\":\"ListItem\",\"position\":1,\"name\":\"Home\",\"item\":\"https:\\\/\\\/mlm-explorer.com\\\/\"},{\"@type\":\"ListItem\",\"position\":2,\"name\":\"Privacy Policy\"}]},{\"@type\":\"WebSite\",\"@id\":\"https:\\\/\\\/mlm-explorer.com\\\/#website\",\"url\":\"https:\\\/\\\/mlm-explorer.com\\\/\",\"name\":\"\",\"description\":\"\",\"potentialAction\":[{\"@type\":\"SearchAction\",\"target\":{\"@type\":\"EntryPoint\",\"urlTemplate\":\"https:\\\/\\\/mlm-explorer.com\\\/?s={search_term_string}\"},\"query-input\":{\"@type\":\"PropertyValueSpecification\",\"valueRequired\":true,\"valueName\":\"search_term_string\"}}],\"inLanguage\":\"fr-FR\"}]}<\/script>\n<!-- \/ Yoast SEO Premium plugin. -->","yoast_head_json":{"title":"Privacy Policy -","robots":{"index":"index","follow":"follow","max-snippet":"max-snippet:-1","max-image-preview":"max-image-preview:large","max-video-preview":"max-video-preview:-1"},"canonical":"https:\/\/mlm-explorer.com\/fr\/politique-de-confidentialite\/","og_locale":"fr_FR","og_type":"article","og_title":"Privacy Policy","og_description":"Who we are Suggested text: Our website address is: https:\/\/mlm-explorer.com. Comments Suggested text: When visitors leave comments on the site [&hellip;]","og_url":"https:\/\/mlm-explorer.com\/fr\/politique-de-confidentialite\/","article_modified_time":"2025-10-07T00:45:54+00:00","twitter_card":"summary_large_image","twitter_misc":{"Dur\u00e9e de lecture estim\u00e9e":"3 minutes"},"schema":{"@context":"https:\/\/schema.org","@graph":[{"@type":"WebPage","@id":"https:\/\/mlm-explorer.com\/privacy-policy\/","url":"https:\/\/mlm-explorer.com\/privacy-policy\/","name":"Privacy Policy -","isPartOf":{"@id":"https:\/\/mlm-explorer.com\/#website"},"datePublished":"2025-10-05T02:18:41+00:00","dateModified":"2025-10-07T00:45:54+00:00","breadcrumb":{"@id":"https:\/\/mlm-explorer.com\/privacy-policy\/#breadcrumb"},"inLanguage":"fr-FR","potentialAction":[{"@type":"ReadAction","target":["https:\/\/mlm-explorer.com\/privacy-policy\/"]}]},{"@type":"BreadcrumbList","@id":"https:\/\/mlm-explorer.com\/privacy-policy\/#breadcrumb","itemListElement":[{"@type":"ListItem","position":1,"name":"Home","item":"https:\/\/mlm-explorer.com\/"},{"@type":"ListItem","position":2,"name":"Privacy Policy"}]},{"@type":"WebSite","@id":"https:\/\/mlm-explorer.com\/#website","url":"https:\/\/mlm-explorer.com\/","name":"","description":"","potentialAction":[{"@type":"SearchAction","target":{"@type":"EntryPoint","urlTemplate":"https:\/\/mlm-explorer.com\/?s={search_term_string}"},"query-input":{"@type":"PropertyValueSpecification","valueRequired":true,"valueName":"search_term_string"}}],"inLanguage":"fr-FR"}]}},"_links":{"self":[{"href":"https:\/\/mlm-explorer.com\/fr\/wp-json\/wp\/v2\/pages\/3","targetHints":{"allow":["GET"]}}],"collection":[{"href":"https:\/\/mlm-explorer.com\/fr\/wp-json\/wp\/v2\/pages"}],"about":[{"href":"https:\/\/mlm-explorer.com\/fr\/wp-json\/wp\/v2\/types\/page"}],"author":[{"embeddable":true,"href":"https:\/\/mlm-explorer.com\/fr\/wp-json\/wp\/v2\/users\/1"}],"replies":[{"embeddable":true,"href":"https:\/\/mlm-explorer.com\/fr\/wp-json\/wp\/v2\/comments?post=3"}],"version-history":[{"count":5,"href":"https:\/\/mlm-explorer.com\/fr\/wp-json\/wp\/v2\/pages\/3\/revisions"}],"predecessor-version":[{"id":319,"href":"https:\/\/mlm-explorer.com\/fr\/wp-json\/wp\/v2\/pages\/3\/revisions\/319"}],"wp:attachment":[{"href":"https:\/\/mlm-explorer.com\/fr\/wp-json\/wp\/v2\/media?parent=3"}],"curies":[{"name":"wp","href":"https:\/\/api.w.org\/{rel}","templated":true}]}}