{"id":336,"date":"2025-10-06T22:49:55","date_gmt":"2025-10-07T01:49:55","guid":{"rendered":"https:\/\/mlm-explorer.com\/?page_id=336"},"modified":"2025-10-09T23:41:02","modified_gmt":"2025-10-10T02:41:02","slug":"cookie-policy","status":"publish","type":"page","link":"https:\/\/mlm-explorer.com\/es\/politica-de-cookies\/","title":{"rendered":"Pol\u00edtica de cookies"},"content":{"rendered":"<style><\/style>\t\t<div data-elementor-type=\"wp-page\" data-elementor-id=\"336\" class=\"elementor elementor-336\">\n\t\t\t\t\t\t<section class=\"elementor-section elementor-top-section elementor-element elementor-element-24f1ca2e elementor-section-boxed elementor-section-height-default elementor-section-height-default\" data-id=\"24f1ca2e\" data-element_type=\"section\" data-e-type=\"section\">\n\t\t\t\t\t\t<div class=\"elementor-container elementor-column-gap-default\">\n\t\t\t\t\t<div class=\"elementor-column elementor-col-100 elementor-top-column elementor-element elementor-element-5a86b10e\" data-id=\"5a86b10e\" data-element_type=\"column\" data-e-type=\"column\">\n\t\t\t<div class=\"elementor-widget-wrap elementor-element-populated\">\n\t\t\t\t\t\t<div class=\"elementor-element elementor-element-703184bd elementor-widget elementor-widget-text-editor\" data-id=\"703184bd\" data-element_type=\"widget\" data-e-type=\"widget\" data-widget_type=\"text-editor.default\">\n\t\t\t\t<div class=\"elementor-widget-container\">\n\t\t\t\t\t\t\t\t\t<h1 data-start=\"299\" data-end=\"318\"><span style=\"font-size: 18pt;\"><strong data-start=\"301\" data-end=\"318\">Pol\u00edtica de cookies<\/strong><\/span><\/h1>\n<p data-start=\"320\" data-end=\"506\"><strong data-start=\"320\" data-end=\"339\">Fecha de entrada en vigor:<\/strong> 6 de octubre de 2025<br data-start=\"355\" data-end=\"358\" \/><strong data-start=\"358\" data-end=\"370\">Sitio web:<\/strong> <a class=\"decorated-link\" href=\"https:\/\/mlm-explorer.com\/es\/\" target=\"_new\" rel=\"noopener\" data-start=\"371\" data-end=\"423\">https:\/\/mlm-explorer.com<\/a><br data-start=\"423\" data-end=\"426\" \/><strong data-start=\"426\" data-end=\"438\">Contacto:<\/strong> <a class=\"decorated-link cursor-pointer\" rel=\"noopener\" data-start=\"439\" data-end=\"506\">mlmexplorer.global@gmail.com<\/a><\/p>\n<hr data-start=\"508\" data-end=\"511\" \/>\n<h2 data-start=\"513\" data-end=\"531\"><span style=\"font-size: 18pt;\">1. Introducci\u00f3n<\/span><\/h2>\n<p data-start=\"533\" data-end=\"729\">Este <strong data-start=\"538\" data-end=\"555\">Pol\u00edtica de cookies<\/strong> explica c\u00f3mo <strong data-start=\"569\" data-end=\"585\">MLM Explorer<\/strong> Utilizamos cookies y tecnolog\u00edas similares en nuestro sitio web.<br data-start=\"639\" data-end=\"642\" \/>Al continuar navegando por este sitio, acepta nuestro uso de cookies como se describe aqu\u00ed.<\/p>\n<p data-start=\"731\" data-end=\"871\">Utilizamos cookies para mejorar la funcionalidad, analizar el tr\u00e1fico y mejorar su experiencia de navegaci\u00f3n, respetando su privacidad en todo momento.<\/p>\n<hr data-start=\"873\" data-end=\"876\" \/>\n<h2 data-start=\"878\" data-end=\"901\"><span style=\"font-size: 18pt;\">2. \u00bfQu\u00e9 son las cookies?<\/span><\/h2>\n<p data-start=\"903\" data-end=\"1116\">Las cookies son peque\u00f1os archivos de texto que se almacenan en su dispositivo cuando visita un sitio web.<br data-start=\"979\" data-end=\"982\" \/>Permiten que el sitio reconozca su navegador, recuerde sus preferencias y recopile informaci\u00f3n no personal para mejorar el rendimiento.<\/p>\n<p data-start=\"1118\" data-end=\"1133\">Las cookies pueden ser:<\/p>\n<ul data-start=\"1134\" data-end=\"1296\">\n<li data-start=\"1134\" data-end=\"1211\">\n<p data-start=\"1136\" data-end=\"1211\"><strong data-start=\"1136\" data-end=\"1156\">Cookies de sesi\u00f3n:<\/strong> Archivos temporales que se eliminan al cerrar el navegador.<\/p>\n<\/li>\n<li data-start=\"1212\" data-end=\"1296\">\n<p data-start=\"1214\" data-end=\"1296\"><strong data-start=\"1214\" data-end=\"1237\">Cookies persistentes:<\/strong> se almacenan en su dispositivo hasta que se eliminen manualmente o caduquen.<\/p>\n<\/li>\n<\/ul>\n<hr data-start=\"1298\" data-end=\"1301\" \/>\n<h2 data-start=\"1303\" data-end=\"1327\"><span style=\"font-size: 18pt;\">3. C\u00f3mo utilizamos las cookies<\/span><\/h2>\n<p data-start=\"1329\" data-end=\"1386\"><strong data-start=\"1329\" data-end=\"1345\">MLM Explorer<\/strong> utiliza cookies para los siguientes fines:<\/p>\n<h3 data-start=\"1388\" data-end=\"1424\"><span style=\"font-size: 18pt;\">\ud83d\udd39 <strong data-start=\"1395\" data-end=\"1424\">An\u00e1lisis y rendimiento<\/strong><\/span><\/h3>\n<p data-start=\"1425\" data-end=\"1706\">Nosotros usamos <strong data-start=\"1432\" data-end=\"1452\">Google Analytics<\/strong> para recopilar datos an\u00f3nimos sobre c\u00f3mo los visitantes interact\u00faan con nuestro sitio web, como p\u00e1ginas vistas, tiempo invertido y fuentes de referencia.<br data-start=\"1578\" data-end=\"1581\" \/>Esto nos ayuda a mejorar nuestro contenido y la experiencia del usuario.<br data-start=\"1635\" data-end=\"1638\" \/>Todos los datos recopilados son agregados y no pueden identificarlo personalmente.<\/p>\n<h3 data-start=\"1708\" data-end=\"1732\"><span style=\"font-size: 18pt;\">\ud83d\udd39 <strong data-start=\"1715\" data-end=\"1732\">Funcionalidad<\/strong><\/span><\/h3>\n<p data-start=\"1733\" data-end=\"1869\">Las cookies se pueden utilizar para recordar las preferencias del usuario (por ejemplo, configuraci\u00f3n de idioma u opciones de visualizaci\u00f3n) para proporcionar una experiencia de navegaci\u00f3n m\u00e1s fluida.<\/p>\n<h3 data-start=\"1871\" data-end=\"1906\"><span style=\"font-size: 18pt;\">\ud83d\udd39 <strong data-start=\"1878\" data-end=\"1906\">Seguridad y mantenimiento<\/strong><\/span><\/h3>\n<p data-start=\"1907\" data-end=\"1974\">Algunas cookies ayudan a garantizar que el sitio web funcione de forma segura y eficiente.<\/p>\n<hr data-start=\"1976\" data-end=\"1979\" \/>\n<h2 data-start=\"1981\" data-end=\"2006\"><span style=\"font-size: 18pt;\">4. Cookies de terceros<\/span><\/h2>\n<p data-start=\"2008\" data-end=\"2051\">Podemos utilizar servicios de terceros, incluidos:<\/p>\n<ul data-start=\"2052\" data-end=\"2124\">\n<li data-start=\"2052\" data-end=\"2076\">\n<p data-start=\"2054\" data-end=\"2076\"><strong data-start=\"2054\" data-end=\"2074\">Google Analytics<\/strong><\/p>\n<\/li>\n<li data-start=\"2077\" data-end=\"2124\">\n<p data-start=\"2079\" data-end=\"2124\"><strong data-start=\"2079\" data-end=\"2122\">Google Search Console (Herramientas para webmasters)<\/strong><\/p>\n<\/li>\n<\/ul>\n<p data-start=\"2126\" data-end=\"2246\">Estos terceros pueden configurar sus propias cookies de acuerdo con sus respectivas pol\u00edticas.<br data-start=\"2211\" data-end=\"2214\" \/>Para m\u00e1s detalles, por favor revise:<\/p>\n<ul data-start=\"2247\" data-end=\"2319\">\n<li data-start=\"2247\" data-end=\"2319\">\n<p data-start=\"2249\" data-end=\"2319\"><a class=\"decorated-link cursor-pointer\" target=\"_new\" rel=\"noopener\" data-start=\"2249\" data-end=\"2319\">Pol\u00edtica de privacidad de Google Analytics<\/a><\/p>\n<\/li>\n<\/ul>\n<p data-start=\"2321\" data-end=\"2394\"><strong data-start=\"2321\" data-end=\"2337\">MLM Explorer<\/strong> no controla ni accede directamente a las cookies de terceros.<\/p>\n<hr data-start=\"2396\" data-end=\"2399\" \/>\n<h2 data-start=\"2401\" data-end=\"2437\"><span style=\"font-size: 18pt;\">5. Gesti\u00f3n y desactivaci\u00f3n de cookies<\/span><\/h2>\n<p data-start=\"2439\" data-end=\"2626\">Puede controlar o deshabilitar las cookies en cualquier momento a trav\u00e9s de la configuraci\u00f3n de su navegador.<br data-start=\"2516\" data-end=\"2519\" \/>Tenga en cuenta que deshabilitar las cookies puede afectar la funcionalidad o la apariencia de algunas partes de nuestro sitio web.<\/p>\n<p data-start=\"2628\" data-end=\"2690\">A continuaci\u00f3n se muestran enlaces r\u00e1pidos para administrar las cookies en los navegadores m\u00e1s populares:<\/p>\n<ul data-start=\"2692\" data-end=\"3064\">\n<li data-start=\"2692\" data-end=\"2759\">\n<p data-start=\"2694\" data-end=\"2759\"><a class=\"decorated-link cursor-pointer\" target=\"_new\" rel=\"noopener\" data-start=\"2694\" data-end=\"2757\">Google Chrome<\/a><\/p>\n<\/li>\n<li data-start=\"2760\" data-end=\"2866\">\n<p data-start=\"2762\" data-end=\"2866\"><a class=\"decorated-link cursor-pointer\" target=\"_new\" rel=\"noopener\" data-start=\"2762\" data-end=\"2864\">Mozilla Firefox<\/a><\/p>\n<\/li>\n<li data-start=\"2867\" data-end=\"2965\">\n<p data-start=\"2869\" data-end=\"2965\"><a class=\"decorated-link cursor-pointer\" target=\"_new\" rel=\"noopener\" data-start=\"2869\" data-end=\"2963\">Safari<\/a><\/p>\n<\/li>\n<li data-start=\"2966\" data-end=\"3064\">\n<p data-start=\"2968\" data-end=\"3064\"><a class=\"decorated-link cursor-pointer\" target=\"_new\" rel=\"noopener\" data-start=\"2968\" data-end=\"3064\">Microsoft Edge<\/a><\/p>\n<\/li>\n<\/ul>\n<p data-start=\"3066\" data-end=\"3227\">Tambi\u00e9n puedes utilizar complementos del navegador como el <a class=\"decorated-link cursor-pointer\" target=\"_new\" rel=\"noopener\" data-start=\"3111\" data-end=\"3184\">Herramienta de inhabilitaci\u00f3n de Google Analytics<\/a> Si prefiere no compartir datos anal\u00edticos.<\/p>\n<hr data-start=\"3229\" data-end=\"3232\" \/>\n<h2 data-start=\"3234\" data-end=\"3247\"><span style=\"font-size: 18pt;\">6. Consent<\/span><\/h2>\n<p data-start=\"3249\" data-end=\"3443\">Al continuar utilizando <strong data-start=\"3270\" data-end=\"3286\">MLM Explorer<\/strong>, usted acepta nuestro uso de cookies de acuerdo con esta pol\u00edtica.<br data-start=\"3353\" data-end=\"3356\" \/>Si no est\u00e1 de acuerdo, puede desactivar las cookies en su navegador o dejar de utilizar el sitio web.<\/p>\n<p data-start=\"3445\" data-end=\"3588\">Para usuarios en regiones gobernadas por <strong data-start=\"3478\" data-end=\"3486\">RGPD<\/strong> o leyes de privacidad similares, el consentimiento para el uso de cookies se puede recopilar a trav\u00e9s de un banner visible o una ventana emergente de configuraci\u00f3n.<\/p>\n<hr data-start=\"3590\" data-end=\"3593\" \/>\n<h2 data-start=\"3595\" data-end=\"3630\"><span style=\"font-size: 18pt;\">7. Actualizaciones de esta Pol\u00edtica de Cookies<\/span><\/h2>\n<p data-start=\"3632\" data-end=\"3837\">Es posible que actualicemos esta Pol\u00edtica de cookies peri\u00f3dicamente para reflejar cambios en la tecnolog\u00eda, las regulaciones o nuestros servicios.<br data-start=\"3741\" data-end=\"3744\" \/>La versi\u00f3n m\u00e1s reciente siempre estar\u00e1 disponible en esta p\u00e1gina, junto con la fecha de vigencia.<\/p>\n<hr data-start=\"3839\" data-end=\"3842\" \/>\n<h2 data-start=\"3844\" data-end=\"3869\"><span style=\"font-size: 18pt;\">8. Informaci\u00f3n de contacto<\/span><\/h2>\n<p data-start=\"3871\" data-end=\"3936\">Para cualquier pregunta sobre nuestro uso de cookies, cont\u00e1ctenos en:<\/p>\n<p data-start=\"3938\" data-end=\"4085\"><strong data-start=\"3938\" data-end=\"3954\">MLM Explorer<\/strong><br data-start=\"3954\" data-end=\"3957\" \/>\ud83c\udf10 <a class=\"decorated-link\" href=\"https:\/\/mlm-explorer.com\/es\/\" target=\"_new\" rel=\"noopener\" data-start=\"3960\" data-end=\"4012\">https:\/\/mlm-explorer.com<\/a><br data-start=\"4012\" data-end=\"4015\" \/>\ud83d\udce7 <a class=\"decorated-link cursor-pointer\" rel=\"noopener\" data-start=\"4018\" data-end=\"4085\">mlmexplorer.global@gmail.com<\/a><\/p>\t\t\t\t\t\t\t\t<\/div>\n\t\t\t\t<\/div>\n\t\t\t\t\t<\/div>\n\t\t<\/div>\n\t\t\t\t\t<\/div>\n\t\t<\/section>\n\t\t\t\t<\/div>","protected":false},"excerpt":{"rendered":"<p>Who we are Suggested text: Our website address is: https:\/\/mlm-explorer.com. Comments Suggested text: When visitors leave comments on the site [&hellip;]<\/p>","protected":false},"author":1,"featured_media":0,"parent":0,"menu_order":0,"comment_status":"closed","ping_status":"open","template":"","meta":{"site-sidebar-layout":"default","site-content-layout":"","ast-site-content-layout":"default","site-content-style":"default","site-sidebar-style":"default","ast-global-header-display":"","ast-banner-title-visibility":"","ast-main-header-display":"","ast-hfb-above-header-display":"","ast-hfb-below-header-display":"","ast-hfb-mobile-header-display":"","site-post-title":"","ast-breadcrumbs-content":"","ast-featured-img":"","footer-sml-layout":"","theme-transparent-header-meta":"","adv-header-id-meta":"","stick-header-meta":"","header-above-stick-meta":"","header-main-stick-meta":"","header-below-stick-meta":"","astra-migrate-meta-layouts":"default","ast-page-background-enabled":"default","ast-page-background-meta":{"desktop":{"background-color":"var(--ast-global-color-5)","background-image":"","background-repeat":"repeat","background-position":"center center","background-size":"auto","background-attachment":"scroll","background-type":"","background-media":"","overlay-type":"","overlay-color":"","overlay-opacity":"","overlay-gradient":""},"tablet":{"background-color":"","background-image":"","background-repeat":"repeat","background-position":"center center","background-size":"auto","background-attachment":"scroll","background-type":"","background-media":"","overlay-type":"","overlay-color":"","overlay-opacity":"","overlay-gradient":""},"mobile":{"background-color":"","background-image":"","background-repeat":"repeat","background-position":"center center","background-size":"auto","background-attachment":"scroll","background-type":"","background-media":"","overlay-type":"","overlay-color":"","overlay-opacity":"","overlay-gradient":""}},"ast-content-background-meta":{"desktop":{"background-color":"var(--ast-global-color-4)","background-image":"","background-repeat":"repeat","background-position":"center center","background-size":"auto","background-attachment":"scroll","background-type":"","background-media":"","overlay-type":"","overlay-color":"","overlay-opacity":"","overlay-gradient":""},"tablet":{"background-color":"var(--ast-global-color-4)","background-image":"","background-repeat":"repeat","background-position":"center center","background-size":"auto","background-attachment":"scroll","background-type":"","background-media":"","overlay-type":"","overlay-color":"","overlay-opacity":"","overlay-gradient":""},"mobile":{"background-color":"var(--ast-global-color-4)","background-image":"","background-repeat":"repeat","background-position":"center center","background-size":"auto","background-attachment":"scroll","background-type":"","background-media":"","overlay-type":"","overlay-color":"","overlay-opacity":"","overlay-gradient":""}},"footnotes":""},"class_list":["post-336","page","type-page","status-publish","hentry"],"yoast_head":"<!-- This site is optimized with the Yoast SEO Premium plugin v26.3 (Yoast SEO v27.3) - https:\/\/yoast.com\/product\/yoast-seo-premium-wordpress\/ -->\n<title>Cookie Policy<\/title>\n<meta name=\"robots\" content=\"index, follow, max-snippet:-1, max-image-preview:large, max-video-preview:-1\" \/>\n<link rel=\"canonical\" href=\"https:\/\/mlm-explorer.com\/es\/politica-de-cookies\/\" \/>\n<meta property=\"og:locale\" content=\"es_ES\" \/>\n<meta property=\"og:type\" content=\"article\" \/>\n<meta property=\"og:title\" content=\"Cookie Policy\" \/>\n<meta property=\"og:description\" content=\"Who we are Suggested text: Our website address is: https:\/\/mlm-explorer.com. Comments Suggested text: When visitors leave comments on the site [&hellip;]\" \/>\n<meta property=\"og:url\" content=\"https:\/\/mlm-explorer.com\/es\/politica-de-cookies\/\" \/>\n<meta property=\"article:modified_time\" content=\"2025-10-10T02:41:02+00:00\" \/>\n<meta name=\"twitter:card\" content=\"summary_large_image\" \/>\n<meta name=\"twitter:label1\" content=\"Tiempo de lectura\" \/>\n\t<meta name=\"twitter:data1\" content=\"4 minutos\" \/>\n<script type=\"application\/ld+json\" class=\"yoast-schema-graph\">{\"@context\":\"https:\\\/\\\/schema.org\",\"@graph\":[{\"@type\":\"WebPage\",\"@id\":\"https:\\\/\\\/mlm-explorer.com\\\/cookie-policy\\\/\",\"url\":\"https:\\\/\\\/mlm-explorer.com\\\/cookie-policy\\\/\",\"name\":\"Cookie Policy\",\"isPartOf\":{\"@id\":\"https:\\\/\\\/mlm-explorer.com\\\/#website\"},\"datePublished\":\"2025-10-07T01:49:55+00:00\",\"dateModified\":\"2025-10-10T02:41:02+00:00\",\"breadcrumb\":{\"@id\":\"https:\\\/\\\/mlm-explorer.com\\\/cookie-policy\\\/#breadcrumb\"},\"inLanguage\":\"es\",\"potentialAction\":[{\"@type\":\"ReadAction\",\"target\":[\"https:\\\/\\\/mlm-explorer.com\\\/cookie-policy\\\/\"]}]},{\"@type\":\"BreadcrumbList\",\"@id\":\"https:\\\/\\\/mlm-explorer.com\\\/cookie-policy\\\/#breadcrumb\",\"itemListElement\":[{\"@type\":\"ListItem\",\"position\":1,\"name\":\"Home\",\"item\":\"https:\\\/\\\/mlm-explorer.com\\\/\"},{\"@type\":\"ListItem\",\"position\":2,\"name\":\"Cookie Policy\"}]},{\"@type\":\"WebSite\",\"@id\":\"https:\\\/\\\/mlm-explorer.com\\\/#website\",\"url\":\"https:\\\/\\\/mlm-explorer.com\\\/\",\"name\":\"\",\"description\":\"\",\"potentialAction\":[{\"@type\":\"SearchAction\",\"target\":{\"@type\":\"EntryPoint\",\"urlTemplate\":\"https:\\\/\\\/mlm-explorer.com\\\/?s={search_term_string}\"},\"query-input\":{\"@type\":\"PropertyValueSpecification\",\"valueRequired\":true,\"valueName\":\"search_term_string\"}}],\"inLanguage\":\"es\"}]}<\/script>\n<!-- \/ Yoast SEO Premium plugin. -->","yoast_head_json":{"title":"Cookie Policy","robots":{"index":"index","follow":"follow","max-snippet":"max-snippet:-1","max-image-preview":"max-image-preview:large","max-video-preview":"max-video-preview:-1"},"canonical":"https:\/\/mlm-explorer.com\/es\/politica-de-cookies\/","og_locale":"es_ES","og_type":"article","og_title":"Cookie Policy","og_description":"Who we are Suggested text: Our website address is: https:\/\/mlm-explorer.com. Comments Suggested text: When visitors leave comments on the site [&hellip;]","og_url":"https:\/\/mlm-explorer.com\/es\/politica-de-cookies\/","article_modified_time":"2025-10-10T02:41:02+00:00","twitter_card":"summary_large_image","twitter_misc":{"Tiempo de lectura":"4 minutos"},"schema":{"@context":"https:\/\/schema.org","@graph":[{"@type":"WebPage","@id":"https:\/\/mlm-explorer.com\/cookie-policy\/","url":"https:\/\/mlm-explorer.com\/cookie-policy\/","name":"Cookie Policy","isPartOf":{"@id":"https:\/\/mlm-explorer.com\/#website"},"datePublished":"2025-10-07T01:49:55+00:00","dateModified":"2025-10-10T02:41:02+00:00","breadcrumb":{"@id":"https:\/\/mlm-explorer.com\/cookie-policy\/#breadcrumb"},"inLanguage":"es","potentialAction":[{"@type":"ReadAction","target":["https:\/\/mlm-explorer.com\/cookie-policy\/"]}]},{"@type":"BreadcrumbList","@id":"https:\/\/mlm-explorer.com\/cookie-policy\/#breadcrumb","itemListElement":[{"@type":"ListItem","position":1,"name":"Home","item":"https:\/\/mlm-explorer.com\/"},{"@type":"ListItem","position":2,"name":"Cookie Policy"}]},{"@type":"WebSite","@id":"https:\/\/mlm-explorer.com\/#website","url":"https:\/\/mlm-explorer.com\/","name":"","description":"","potentialAction":[{"@type":"SearchAction","target":{"@type":"EntryPoint","urlTemplate":"https:\/\/mlm-explorer.com\/?s={search_term_string}"},"query-input":{"@type":"PropertyValueSpecification","valueRequired":true,"valueName":"search_term_string"}}],"inLanguage":"es"}]}},"_links":{"self":[{"href":"https:\/\/mlm-explorer.com\/es\/wp-json\/wp\/v2\/pages\/336","targetHints":{"allow":["GET"]}}],"collection":[{"href":"https:\/\/mlm-explorer.com\/es\/wp-json\/wp\/v2\/pages"}],"about":[{"href":"https:\/\/mlm-explorer.com\/es\/wp-json\/wp\/v2\/types\/page"}],"author":[{"embeddable":true,"href":"https:\/\/mlm-explorer.com\/es\/wp-json\/wp\/v2\/users\/1"}],"replies":[{"embeddable":true,"href":"https:\/\/mlm-explorer.com\/es\/wp-json\/wp\/v2\/comments?post=336"}],"version-history":[{"count":5,"href":"https:\/\/mlm-explorer.com\/es\/wp-json\/wp\/v2\/pages\/336\/revisions"}],"predecessor-version":[{"id":839,"href":"https:\/\/mlm-explorer.com\/es\/wp-json\/wp\/v2\/pages\/336\/revisions\/839"}],"wp:attachment":[{"href":"https:\/\/mlm-explorer.com\/es\/wp-json\/wp\/v2\/media?parent=336"}],"curies":[{"name":"wp","href":"https:\/\/api.w.org\/{rel}","templated":true}]}}