{"id":330,"date":"2025-10-06T22:00:17","date_gmt":"2025-10-07T01:00:17","guid":{"rendered":"https:\/\/mlm-explorer.com\/?page_id=330"},"modified":"2025-10-06T22:01:45","modified_gmt":"2025-10-07T01:01:45","slug":"disclaimer","status":"publish","type":"page","link":"https:\/\/mlm-explorer.com\/es\/descargo-de-responsabilidad\/","title":{"rendered":"Descargo de responsabilidad"},"content":{"rendered":"<style><\/style>\t\t<div data-elementor-type=\"wp-page\" data-elementor-id=\"330\" class=\"elementor elementor-330\">\n\t\t\t\t\t\t<section class=\"elementor-section elementor-top-section elementor-element elementor-element-24f1ca2e elementor-section-boxed elementor-section-height-default elementor-section-height-default\" data-id=\"24f1ca2e\" data-element_type=\"section\" data-e-type=\"section\">\n\t\t\t\t\t\t<div class=\"elementor-container elementor-column-gap-default\">\n\t\t\t\t\t<div class=\"elementor-column elementor-col-100 elementor-top-column elementor-element elementor-element-5a86b10e\" data-id=\"5a86b10e\" data-element_type=\"column\" data-e-type=\"column\">\n\t\t\t<div class=\"elementor-widget-wrap elementor-element-populated\">\n\t\t\t\t\t\t<div class=\"elementor-element elementor-element-703184bd elementor-widget elementor-widget-text-editor\" data-id=\"703184bd\" data-element_type=\"widget\" data-e-type=\"widget\" data-widget_type=\"text-editor.default\">\n\t\t\t\t<div class=\"elementor-widget-container\">\n\t\t\t\t\t\t\t\t\t<h1 data-start=\"479\" data-end=\"495\"><span style=\"font-size: 18pt;\"><strong data-start=\"481\" data-end=\"495\">Descargo de responsabilidad<\/strong><\/span><\/h1>\n<p data-start=\"497\" data-end=\"683\"><strong data-start=\"497\" data-end=\"516\">Fecha de entrada en vigor:<\/strong> 6 de octubre de 2025<br data-start=\"532\" data-end=\"535\" \/><strong data-start=\"535\" data-end=\"547\">Sitio web:<\/strong> <a class=\"decorated-link\" href=\"https:\/\/mlm-explorer.com\/es\/\" target=\"_new\" rel=\"noopener\" data-start=\"548\" data-end=\"600\">https:\/\/mlm-explorer.com<\/a><br data-start=\"600\" data-end=\"603\" \/><strong data-start=\"603\" data-end=\"615\">Contacto:<\/strong> <a class=\"decorated-link cursor-pointer\" rel=\"noopener\" data-start=\"616\" data-end=\"683\">mlmexplorer.global@gmail.com<\/a><\/p>\n<hr data-start=\"685\" data-end=\"688\" \/>\n<h2 data-start=\"690\" data-end=\"715\"><span style=\"font-size: 18pt;\">1. Informaci\u00f3n general<\/span><\/h2>\n<p data-start=\"717\" data-end=\"1008\">La informaci\u00f3n proporcionada en <strong data-start=\"745\" data-end=\"761\">MLM Explorer<\/strong> es para <strong data-start=\"769\" data-end=\"816\">S\u00f3lo con fines educativos e informativos<\/strong>.<br data-start=\"817\" data-end=\"820\" \/>Nos esforzamos por garantizar la precisi\u00f3n y confiabilidad de todo el contenido, pero hacemos <strong data-start=\"897\" data-end=\"914\">sin garant\u00edas<\/strong> respecto de la integridad, exactitud o resultados derivados del uso de esta informaci\u00f3n.<\/p>\n<p data-start=\"1010\" data-end=\"1085\">Al utilizar este sitio web, usted reconoce que lo hace <strong data-start=\"1064\" data-end=\"1084\">bajo su propio riesgo<\/strong>.<\/p>\n<hr data-start=\"1087\" data-end=\"1090\" \/>\n<h2 data-start=\"1092\" data-end=\"1131\"><span style=\"font-size: 18pt;\">2. Sin asesoramiento financiero ni de inversi\u00f3n<\/span><\/h2>\n<p data-start=\"1133\" data-end=\"1381\"><strong data-start=\"1133\" data-end=\"1149\">MLM Explorer<\/strong> hace <strong data-start=\"1155\" data-end=\"1209\">No proporcionar asesoramiento financiero, de inversi\u00f3n o legal.<\/strong>.<br data-start=\"1210\" data-end=\"1213\" \/>La informaci\u00f3n contenida en art\u00edculos, gu\u00edas y recursos tiene como \u00fanico objetivo ayudar a los lectores a comprender <strong data-start=\"1324\" data-end=\"1354\">industria del marketing en red<\/strong> y oportunidades relacionadas.<\/p>\n<p data-start=\"1383\" data-end=\"1486\">No ofrecemos servicios de consultor\u00eda profesional y nada de lo contenido en este sitio web debe interpretarse como:<\/p>\n<ul data-start=\"1487\" data-end=\"1638\">\n<li data-start=\"1487\" data-end=\"1532\">\n<p data-start=\"1489\" data-end=\"1532\">Una recomendaci\u00f3n financiera o de inversi\u00f3n;<\/p>\n<\/li>\n<li data-start=\"1533\" data-end=\"1581\">\n<p data-start=\"1535\" data-end=\"1581\">Un est\u00edmulo para unirse a una empresa espec\u00edfica;<\/p>\n<\/li>\n<li data-start=\"1582\" data-end=\"1638\">\n<p data-start=\"1584\" data-end=\"1638\">Una promesa o garant\u00eda de ganancias, ingresos o \u00e9xito.<\/p>\n<\/li>\n<\/ul>\n<p data-start=\"1640\" data-end=\"1770\">Realice siempre su propia diligencia debida y busque asesoramiento de un profesional calificado antes de tomar decisiones financieras o comerciales.<\/p>\n<hr data-start=\"1772\" data-end=\"1775\" \/>\n<h2 data-start=\"1777\" data-end=\"1802\"><span style=\"font-size: 18pt;\">3. Descargo de responsabilidad sobre ganancias<\/span><\/h2>\n<p data-start=\"1804\" data-end=\"1988\">Todos los ejemplos de ganancias, historias de \u00e9xito o potencial de ingresos mencionados en este sitio web son <strong data-start=\"1897\" data-end=\"1918\">s\u00f3lo ilustrativo<\/strong>.<br data-start=\"1919\" data-end=\"1922\" \/>Ellos lo hacen <strong data-start=\"1930\" data-end=\"1947\">no garantizado<\/strong> que lograr\u00e1s resultados similares.<\/p>\n<p data-start=\"1990\" data-end=\"2072\">Su \u00e9xito personal en el marketing en red depende de m\u00faltiples factores, entre ellos:<\/p>\n<ul data-start=\"2073\" data-end=\"2200\">\n<li data-start=\"2073\" data-end=\"2112\">\n<p data-start=\"2075\" data-end=\"2112\">Esfuerzo, dedicaci\u00f3n y \u00e9tica laboral;<\/p>\n<\/li>\n<li data-start=\"2113\" data-end=\"2153\">\n<p data-start=\"2115\" data-end=\"2153\">Experiencia, conocimiento y estrategia;<\/p>\n<\/li>\n<li data-start=\"2154\" data-end=\"2200\">\n<p data-start=\"2156\" data-end=\"2200\">Condiciones del mercado y desempe\u00f1o de la empresa.<\/p>\n<\/li>\n<\/ul>\n<p data-start=\"2202\" data-end=\"2368\"><strong data-start=\"2202\" data-end=\"2218\">MLM Explorer<\/strong> hace <strong data-start=\"2224\" data-end=\"2231\">no<\/strong> afirmar, representar o implicar que cualquier individuo ganar\u00e1 una cantidad espec\u00edfica de dinero al seguir la informaci\u00f3n compartida en este sitio web.<\/p>\n<hr data-start=\"2370\" data-end=\"2373\" \/>\n<h2 data-start=\"2375\" data-end=\"2417\"><span style=\"font-size: 18pt;\">4. Divulgaci\u00f3n de afiliados y terceros<\/span><\/h2>\n<p data-start=\"2419\" data-end=\"2574\">Algunos art\u00edculos o enlaces sobre <strong data-start=\"2445\" data-end=\"2461\">MLM Explorer<\/strong> puede incluir <strong data-start=\"2474\" data-end=\"2493\">enlaces de afiliados<\/strong>, lo que significa que podemos recibir una comisi\u00f3n si hace clic o se registra a trav\u00e9s de ellos.<\/p>\n<p data-start=\"2576\" data-end=\"2718\">Esto lo hace <strong data-start=\"2586\" data-end=\"2593\">no<\/strong> afectar nuestra integridad editorial: todas las opiniones y recomendaciones expresadas en este sitio son <strong data-start=\"2687\" data-end=\"2715\">independiente e imparcial<\/strong>.<\/p>\n<p data-start=\"2720\" data-end=\"2952\">Somos <strong data-start=\"2727\" data-end=\"2746\">no responsable<\/strong> para las acciones, productos o pol\u00edticas de cualquier sitio web o empresa de terceros vinculados desde nuestra plataforma.<br data-start=\"2852\" data-end=\"2855\" \/>Antes de contratar a cualquier empresa externa, debe revisar sus t\u00e9rminos y condiciones oficiales.<\/p>\n<hr data-start=\"2954\" data-end=\"2957\" \/>\n<h2 data-start=\"2959\" data-end=\"2978\"><span style=\"font-size: 18pt;\">5. Sin garant\u00edas<\/span><\/h2>\n<p data-start=\"2980\" data-end=\"3155\">Todos los contenidos y servicios proporcionados a trav\u00e9s de <strong data-start=\"3022\" data-end=\"3038\">MLM Explorer<\/strong> se ofrecen \u201c<strong data-start=\"3052\" data-end=\"3061\">tal cual<\/strong>&quot; y &quot;<strong data-start=\"3068\" data-end=\"3084\">seg\u00fan disponibilidad<\/strong>&quot; sin ninguna garant\u00eda, expresa o impl\u00edcita.<br data-start=\"3129\" data-end=\"3132\" \/>No garantizamos que:<\/p>\n<ul data-start=\"3156\" data-end=\"3353\">\n<li data-start=\"3156\" data-end=\"3220\">\n<p data-start=\"3158\" data-end=\"3220\">El sitio siempre funcionar\u00e1 sin interrupciones ni errores;<\/p>\n<\/li>\n<li data-start=\"3221\" data-end=\"3287\">\n<p data-start=\"3223\" data-end=\"3287\">La informaci\u00f3n proporcionada est\u00e1 libre de inexactitudes u omisiones;<\/p>\n<\/li>\n<li data-start=\"3288\" data-end=\"3353\">\n<p data-start=\"3290\" data-end=\"3353\">Los sitios web externos vinculados desde nuestro contenido son seguros o precisos.<\/p>\n<\/li>\n<\/ul>\n<hr data-start=\"3355\" data-end=\"3358\" \/>\n<h2 data-start=\"3360\" data-end=\"3389\"><span style=\"font-size: 18pt;\">6. Limitaci\u00f3n de responsabilidad<\/span><\/h2>\n<p data-start=\"3391\" data-end=\"3501\">Bajo ninguna circunstancia se permitir\u00e1 <strong data-start=\"3420\" data-end=\"3436\">MLM Explorer<\/strong>, sus administradores, socios o afiliados no ser\u00e1n responsables de:<\/p>\n<ul data-start=\"3502\" data-end=\"3738\">\n<li data-start=\"3502\" data-end=\"3561\">\n<p data-start=\"3504\" data-end=\"3561\">Cualquier p\u00e9rdida de ingresos, ganancias u oportunidades de negocio;<\/p>\n<\/li>\n<li data-start=\"3562\" data-end=\"3601\">\n<p data-start=\"3564\" data-end=\"3601\">Errores u omisiones en el contenido;<\/p>\n<\/li>\n<li data-start=\"3602\" data-end=\"3669\">\n<p data-start=\"3604\" data-end=\"3669\">Da\u00f1os resultantes del uso o de la imposibilidad de uso del sitio web;<\/p>\n<\/li>\n<li data-start=\"3670\" data-end=\"3738\">\n<p data-start=\"3672\" data-end=\"3738\">Confianza en la informaci\u00f3n proporcionada en sitios de terceros vinculados aqu\u00ed.<\/p>\n<\/li>\n<\/ul>\n<p data-start=\"3740\" data-end=\"3849\">Su uso de este sitio web constituye su pleno reconocimiento y aceptaci\u00f3n de esta limitaci\u00f3n de responsabilidad.<\/p>\n<hr data-start=\"3851\" data-end=\"3854\" \/>\n<h2 data-start=\"3856\" data-end=\"3876\"><span style=\"font-size: 18pt;\">7. Enlaces externos<\/span><\/h2>\n<p data-start=\"3878\" data-end=\"4015\">Nuestro sitio web puede contener enlaces a otros sitios web, programas o servicios relacionados con <strong data-start=\"3960\" data-end=\"3981\">mercadeo en red<\/strong> o <strong data-start=\"3985\" data-end=\"4012\">oportunidades de afiliaci\u00f3n<\/strong>.<\/p>\n<p data-start=\"4017\" data-end=\"4175\">Estos enlaces se proporcionan \u00fanicamente para su conveniencia.<br data-start=\"4065\" data-end=\"4068\" \/>No respaldamos ni asumimos responsabilidad por el contenido, la seguridad o las pr\u00e1cticas de esos sitios externos.<\/p>\n<hr data-start=\"4177\" data-end=\"4180\" \/>\n<h2 data-start=\"4182\" data-end=\"4214\"><span style=\"font-size: 18pt;\">8. Actualizaciones de este descargo de responsabilidad<\/span><\/h2>\n<p data-start=\"4216\" data-end=\"4459\"><strong data-start=\"4216\" data-end=\"4232\">MLM Explorer<\/strong> puede actualizar este Descargo de responsabilidad en cualquier momento sin previo aviso.<br data-start=\"4293\" data-end=\"4296\" \/>La \u00faltima versi\u00f3n siempre estar\u00e1 disponible en esta p\u00e1gina, junto con la fecha de vigencia indicada anteriormente.<br data-start=\"4390\" data-end=\"4393\" \/>Alentamos a los usuarios a revisar esta p\u00e1gina peri\u00f3dicamente para mantenerse informados.<\/p>\n<hr data-start=\"4461\" data-end=\"4464\" \/>\n<h2 data-start=\"4466\" data-end=\"4491\"><span style=\"font-size: 18pt;\">9. Informaci\u00f3n de contacto<\/span><\/h2>\n<p data-start=\"4493\" data-end=\"4575\">Si tiene alguna pregunta o inquietud sobre este Descargo de responsabilidad, comun\u00edquese con nosotros a:<\/p>\n<p data-start=\"4577\" data-end=\"4724\"><strong data-start=\"4577\" data-end=\"4593\">MLM Explorer<\/strong><br data-start=\"4593\" data-end=\"4596\" \/>\ud83c\udf10 <a class=\"decorated-link\" href=\"https:\/\/mlm-explorer.com\/es\/\" target=\"_new\" rel=\"noopener\" data-start=\"4599\" data-end=\"4651\">https:\/\/mlm-explorer.com<\/a><br data-start=\"4651\" data-end=\"4654\" \/>\ud83d\udce7 <a class=\"decorated-link cursor-pointer\" rel=\"noopener\" data-start=\"4657\" data-end=\"4724\">mlmexplorer.global@gmail.com<\/a><\/p>\t\t\t\t\t\t\t\t<\/div>\n\t\t\t\t<\/div>\n\t\t\t\t\t<\/div>\n\t\t<\/div>\n\t\t\t\t\t<\/div>\n\t\t<\/section>\n\t\t\t\t<\/div>","protected":false},"excerpt":{"rendered":"<p>Who we are Suggested text: Our website address is: https:\/\/mlm-explorer.com. Comments Suggested text: When visitors leave comments on the site [&hellip;]<\/p>","protected":false},"author":1,"featured_media":0,"parent":0,"menu_order":0,"comment_status":"closed","ping_status":"open","template":"","meta":{"site-sidebar-layout":"default","site-content-layout":"","ast-site-content-layout":"default","site-content-style":"default","site-sidebar-style":"default","ast-global-header-display":"","ast-banner-title-visibility":"","ast-main-header-display":"","ast-hfb-above-header-display":"","ast-hfb-below-header-display":"","ast-hfb-mobile-header-display":"","site-post-title":"","ast-breadcrumbs-content":"","ast-featured-img":"","footer-sml-layout":"","theme-transparent-header-meta":"","adv-header-id-meta":"","stick-header-meta":"","header-above-stick-meta":"","header-main-stick-meta":"","header-below-stick-meta":"","astra-migrate-meta-layouts":"default","ast-page-background-enabled":"default","ast-page-background-meta":{"desktop":{"background-color":"var(--ast-global-color-5)","background-image":"","background-repeat":"repeat","background-position":"center center","background-size":"auto","background-attachment":"scroll","background-type":"","background-media":"","overlay-type":"","overlay-color":"","overlay-opacity":"","overlay-gradient":""},"tablet":{"background-color":"","background-image":"","background-repeat":"repeat","background-position":"center center","background-size":"auto","background-attachment":"scroll","background-type":"","background-media":"","overlay-type":"","overlay-color":"","overlay-opacity":"","overlay-gradient":""},"mobile":{"background-color":"","background-image":"","background-repeat":"repeat","background-position":"center center","background-size":"auto","background-attachment":"scroll","background-type":"","background-media":"","overlay-type":"","overlay-color":"","overlay-opacity":"","overlay-gradient":""}},"ast-content-background-meta":{"desktop":{"background-color":"var(--ast-global-color-4)","background-image":"","background-repeat":"repeat","background-position":"center center","background-size":"auto","background-attachment":"scroll","background-type":"","background-media":"","overlay-type":"","overlay-color":"","overlay-opacity":"","overlay-gradient":""},"tablet":{"background-color":"var(--ast-global-color-4)","background-image":"","background-repeat":"repeat","background-position":"center center","background-size":"auto","background-attachment":"scroll","background-type":"","background-media":"","overlay-type":"","overlay-color":"","overlay-opacity":"","overlay-gradient":""},"mobile":{"background-color":"var(--ast-global-color-4)","background-image":"","background-repeat":"repeat","background-position":"center center","background-size":"auto","background-attachment":"scroll","background-type":"","background-media":"","overlay-type":"","overlay-color":"","overlay-opacity":"","overlay-gradient":""}},"footnotes":""},"class_list":["post-330","page","type-page","status-publish","hentry"],"yoast_head":"<!-- This site is optimized with the Yoast SEO Premium plugin v26.3 (Yoast SEO v27.3) - https:\/\/yoast.com\/product\/yoast-seo-premium-wordpress\/ -->\n<title>Disclaimer<\/title>\n<meta name=\"robots\" content=\"index, follow, max-snippet:-1, max-image-preview:large, max-video-preview:-1\" \/>\n<link rel=\"canonical\" href=\"https:\/\/mlm-explorer.com\/es\/descargo-de-responsabilidad\/\" \/>\n<meta property=\"og:locale\" content=\"es_ES\" \/>\n<meta property=\"og:type\" content=\"article\" \/>\n<meta property=\"og:title\" content=\"Disclaimer\" \/>\n<meta property=\"og:description\" content=\"Who we are Suggested text: Our website address is: https:\/\/mlm-explorer.com. Comments Suggested text: When visitors leave comments on the site [&hellip;]\" \/>\n<meta property=\"og:url\" content=\"https:\/\/mlm-explorer.com\/es\/descargo-de-responsabilidad\/\" \/>\n<meta property=\"article:modified_time\" content=\"2025-10-07T01:01:45+00:00\" \/>\n<meta name=\"twitter:card\" content=\"summary_large_image\" \/>\n<meta name=\"twitter:label1\" content=\"Tiempo de lectura\" \/>\n\t<meta name=\"twitter:data1\" content=\"3 minutos\" \/>\n<script type=\"application\/ld+json\" class=\"yoast-schema-graph\">{\"@context\":\"https:\\\/\\\/schema.org\",\"@graph\":[{\"@type\":\"WebPage\",\"@id\":\"https:\\\/\\\/mlm-explorer.com\\\/disclaimer\\\/\",\"url\":\"https:\\\/\\\/mlm-explorer.com\\\/disclaimer\\\/\",\"name\":\"Disclaimer\",\"isPartOf\":{\"@id\":\"https:\\\/\\\/mlm-explorer.com\\\/#website\"},\"datePublished\":\"2025-10-07T01:00:17+00:00\",\"dateModified\":\"2025-10-07T01:01:45+00:00\",\"breadcrumb\":{\"@id\":\"https:\\\/\\\/mlm-explorer.com\\\/disclaimer\\\/#breadcrumb\"},\"inLanguage\":\"es\",\"potentialAction\":[{\"@type\":\"ReadAction\",\"target\":[\"https:\\\/\\\/mlm-explorer.com\\\/disclaimer\\\/\"]}]},{\"@type\":\"BreadcrumbList\",\"@id\":\"https:\\\/\\\/mlm-explorer.com\\\/disclaimer\\\/#breadcrumb\",\"itemListElement\":[{\"@type\":\"ListItem\",\"position\":1,\"name\":\"Home\",\"item\":\"https:\\\/\\\/mlm-explorer.com\\\/\"},{\"@type\":\"ListItem\",\"position\":2,\"name\":\"Disclaimer\"}]},{\"@type\":\"WebSite\",\"@id\":\"https:\\\/\\\/mlm-explorer.com\\\/#website\",\"url\":\"https:\\\/\\\/mlm-explorer.com\\\/\",\"name\":\"\",\"description\":\"\",\"potentialAction\":[{\"@type\":\"SearchAction\",\"target\":{\"@type\":\"EntryPoint\",\"urlTemplate\":\"https:\\\/\\\/mlm-explorer.com\\\/?s={search_term_string}\"},\"query-input\":{\"@type\":\"PropertyValueSpecification\",\"valueRequired\":true,\"valueName\":\"search_term_string\"}}],\"inLanguage\":\"es\"}]}<\/script>\n<!-- \/ Yoast SEO Premium plugin. -->","yoast_head_json":{"title":"Disclaimer","robots":{"index":"index","follow":"follow","max-snippet":"max-snippet:-1","max-image-preview":"max-image-preview:large","max-video-preview":"max-video-preview:-1"},"canonical":"https:\/\/mlm-explorer.com\/es\/descargo-de-responsabilidad\/","og_locale":"es_ES","og_type":"article","og_title":"Disclaimer","og_description":"Who we are Suggested text: Our website address is: https:\/\/mlm-explorer.com. Comments Suggested text: When visitors leave comments on the site [&hellip;]","og_url":"https:\/\/mlm-explorer.com\/es\/descargo-de-responsabilidad\/","article_modified_time":"2025-10-07T01:01:45+00:00","twitter_card":"summary_large_image","twitter_misc":{"Tiempo de lectura":"3 minutos"},"schema":{"@context":"https:\/\/schema.org","@graph":[{"@type":"WebPage","@id":"https:\/\/mlm-explorer.com\/disclaimer\/","url":"https:\/\/mlm-explorer.com\/disclaimer\/","name":"Disclaimer","isPartOf":{"@id":"https:\/\/mlm-explorer.com\/#website"},"datePublished":"2025-10-07T01:00:17+00:00","dateModified":"2025-10-07T01:01:45+00:00","breadcrumb":{"@id":"https:\/\/mlm-explorer.com\/disclaimer\/#breadcrumb"},"inLanguage":"es","potentialAction":[{"@type":"ReadAction","target":["https:\/\/mlm-explorer.com\/disclaimer\/"]}]},{"@type":"BreadcrumbList","@id":"https:\/\/mlm-explorer.com\/disclaimer\/#breadcrumb","itemListElement":[{"@type":"ListItem","position":1,"name":"Home","item":"https:\/\/mlm-explorer.com\/"},{"@type":"ListItem","position":2,"name":"Disclaimer"}]},{"@type":"WebSite","@id":"https:\/\/mlm-explorer.com\/#website","url":"https:\/\/mlm-explorer.com\/","name":"","description":"","potentialAction":[{"@type":"SearchAction","target":{"@type":"EntryPoint","urlTemplate":"https:\/\/mlm-explorer.com\/?s={search_term_string}"},"query-input":{"@type":"PropertyValueSpecification","valueRequired":true,"valueName":"search_term_string"}}],"inLanguage":"es"}]}},"_links":{"self":[{"href":"https:\/\/mlm-explorer.com\/es\/wp-json\/wp\/v2\/pages\/330","targetHints":{"allow":["GET"]}}],"collection":[{"href":"https:\/\/mlm-explorer.com\/es\/wp-json\/wp\/v2\/pages"}],"about":[{"href":"https:\/\/mlm-explorer.com\/es\/wp-json\/wp\/v2\/types\/page"}],"author":[{"embeddable":true,"href":"https:\/\/mlm-explorer.com\/es\/wp-json\/wp\/v2\/users\/1"}],"replies":[{"embeddable":true,"href":"https:\/\/mlm-explorer.com\/es\/wp-json\/wp\/v2\/comments?post=330"}],"version-history":[{"count":3,"href":"https:\/\/mlm-explorer.com\/es\/wp-json\/wp\/v2\/pages\/330\/revisions"}],"predecessor-version":[{"id":333,"href":"https:\/\/mlm-explorer.com\/es\/wp-json\/wp\/v2\/pages\/330\/revisions\/333"}],"wp:attachment":[{"href":"https:\/\/mlm-explorer.com\/es\/wp-json\/wp\/v2\/media?parent=330"}],"curies":[{"name":"wp","href":"https:\/\/api.w.org\/{rel}","templated":true}]}}