{"id":326,"date":"2025-10-06T21:56:46","date_gmt":"2025-10-07T00:56:46","guid":{"rendered":"https:\/\/mlm-explorer.com\/?page_id=326"},"modified":"2025-10-06T21:58:28","modified_gmt":"2025-10-07T00:58:28","slug":"terms-of-use","status":"publish","type":"page","link":"https:\/\/mlm-explorer.com\/es\/condiciones-de-uso\/","title":{"rendered":"Condiciones de uso"},"content":{"rendered":"<style><\/style>\t\t<div data-elementor-type=\"wp-page\" data-elementor-id=\"326\" class=\"elementor elementor-326\">\n\t\t\t\t\t\t<section class=\"elementor-section elementor-top-section elementor-element elementor-element-24f1ca2e elementor-section-boxed elementor-section-height-default elementor-section-height-default\" data-id=\"24f1ca2e\" data-element_type=\"section\" data-e-type=\"section\">\n\t\t\t\t\t\t<div class=\"elementor-container elementor-column-gap-default\">\n\t\t\t\t\t<div class=\"elementor-column elementor-col-100 elementor-top-column elementor-element elementor-element-5a86b10e\" data-id=\"5a86b10e\" data-element_type=\"column\" data-e-type=\"column\">\n\t\t\t<div class=\"elementor-widget-wrap elementor-element-populated\">\n\t\t\t\t\t\t<div class=\"elementor-element elementor-element-703184bd elementor-widget elementor-widget-text-editor\" data-id=\"703184bd\" data-element_type=\"widget\" data-e-type=\"widget\" data-widget_type=\"text-editor.default\">\n\t\t\t\t<div class=\"elementor-widget-container\">\n\t\t\t\t\t\t\t\t\t<h1 data-start=\"259\" data-end=\"277\"><span style=\"font-size: 18pt;\"><strong data-start=\"261\" data-end=\"277\">Condiciones de uso<\/strong><\/span><\/h1>\n<p data-start=\"279\" data-end=\"465\"><strong data-start=\"279\" data-end=\"298\">Fecha de entrada en vigor:<\/strong> 6 de octubre de 2025<br data-start=\"314\" data-end=\"317\" \/><strong data-start=\"317\" data-end=\"329\">Sitio web:<\/strong> <a class=\"decorated-link\" href=\"https:\/\/mlm-explorer.com\/es\/\" target=\"_new\" rel=\"noopener\" data-start=\"330\" data-end=\"382\">https:\/\/mlm-explorer.com<\/a><br data-start=\"382\" data-end=\"385\" \/><strong data-start=\"385\" data-end=\"397\">Contacto:<\/strong> <a class=\"decorated-link cursor-pointer\" rel=\"noopener\" data-start=\"398\" data-end=\"465\">mlmexplorer.global@gmail.com<\/a><\/p>\n<hr data-start=\"467\" data-end=\"470\" \/>\n<h2 data-start=\"472\" data-end=\"497\"><span style=\"font-size: 18pt;\">1. Aceptaci\u00f3n de los T\u00e9rminos<\/span><\/h2>\n<p data-start=\"499\" data-end=\"724\">Bienvenido a <strong data-start=\"510\" data-end=\"526\">MLM Explorer<\/strong>Al acceder o utilizar este sitio web, usted acepta estar sujeto a estas <strong data-start=\"595\" data-end=\"611\">Condiciones de uso<\/strong> y todas las leyes y regulaciones aplicables.<br data-start=\"652\" data-end=\"655\" \/>Si no est\u00e1 de acuerdo con estos t\u00e9rminos, no utilice este sitio web.<\/p>\n<p data-start=\"726\" data-end=\"857\">Podemos actualizar o modificar estos T\u00e9rminos de Uso en cualquier momento sin previo aviso. La versi\u00f3n m\u00e1s reciente se publicar\u00e1 siempre en esta p\u00e1gina.<\/p>\n<hr data-start=\"859\" data-end=\"862\" \/>\n<h2 data-start=\"864\" data-end=\"892\"><span style=\"font-size: 18pt;\">2. Finalidad del sitio web<\/span><\/h2>\n<p data-start=\"894\" data-end=\"1146\"><strong data-start=\"894\" data-end=\"910\">MLM Explorer<\/strong> es una plataforma informativa dedicada al campo de <strong data-start=\"966\" data-end=\"1011\">marketing en red (marketing multinivel)<\/strong>.<br data-start=\"1012\" data-end=\"1015\" \/>El sitio web proporciona contenido educativo, an\u00e1lisis de empresas, gu\u00edas y conocimientos \u00fanicamente con fines informativos y educativos.<\/p>\n<p data-start=\"1148\" data-end=\"1338\">Nosotros lo hacemos <strong data-start=\"1154\" data-end=\"1175\">no vender productos<\/strong>, <strong data-start=\"1177\" data-end=\"1198\">ofrecer inversiones<\/strong>, o <strong data-start=\"1203\" data-end=\"1234\">garantizar resultados financieros<\/strong>.<br data-start=\"1235\" data-end=\"1238\" \/>Cualquier decisi\u00f3n tomada con base en la informaci\u00f3n proporcionada en este sitio es a su propia discreci\u00f3n y riesgo.<\/p>\n<hr data-start=\"1340\" data-end=\"1343\" \/>\n<h2 data-start=\"1345\" data-end=\"1390\"><span style=\"font-size: 18pt;\">3. Enlaces externos y sitios web de terceros<\/span><\/h2>\n<p data-start=\"1392\" data-end=\"1552\">Nuestro sitio web puede contener enlaces a sitios web externos o de terceros, incluidas p\u00e1ginas de registro de empresas, programas de afiliados u otros recursos informativos.<\/p>\n<p data-start=\"1554\" data-end=\"1756\">Somos <strong data-start=\"1561\" data-end=\"1580\">no responsable<\/strong> por el contenido, la precisi\u00f3n o las pr\u00e1cticas de estos sitios externos.<br data-start=\"1645\" data-end=\"1648\" \/>El acceso a enlaces de terceros se realiza bajo su propio riesgo y se aplican sus respectivos t\u00e9rminos y pol\u00edticas de privacidad.<\/p>\n<hr data-start=\"1758\" data-end=\"1761\" \/>\n<h2 data-start=\"1763\" data-end=\"1797\"><span style=\"font-size: 18pt;\">4. Derechos de propiedad intelectual<\/span><\/h2>\n<p data-start=\"1799\" data-end=\"1953\">Todo el contenido publicado en <strong data-start=\"1824\" data-end=\"1840\">MLM Explorer<\/strong>, incluidos textos, im\u00e1genes, logotipos y otros materiales, est\u00e1 protegido por las leyes de derechos de autor y propiedad intelectual.<\/p>\n<p data-start=\"1955\" data-end=\"2193\">Puede ver y compartir nuestro contenido para uso personal y no comercial, siempre que otorgue el cr\u00e9dito correspondiente.<br data-start=\"2059\" data-end=\"2062\" \/>Queda prohibida la reproducci\u00f3n, distribuci\u00f3n, modificaci\u00f3n o republicaci\u00f3n de cualquier material sin consentimiento previo por escrito. <strong data-start=\"2169\" data-end=\"2192\">estrictamente prohibido<\/strong>.<\/p>\n<hr data-start=\"2195\" data-end=\"2198\" \/>\n<h2 data-start=\"2200\" data-end=\"2234\"><span style=\"font-size: 18pt;\">5. Sin asesoramiento financiero ni legal<\/span><\/h2>\n<p data-start=\"2236\" data-end=\"2375\">Toda la informaci\u00f3n proporcionada en este sitio web es para <strong data-start=\"2284\" data-end=\"2331\">S\u00f3lo con fines educativos e informativos<\/strong>.<br data-start=\"2332\" data-end=\"2335\" \/>Nada en <strong data-start=\"2346\" data-end=\"2362\">MLM Explorer<\/strong> constituye:<\/p>\n<ul data-start=\"2376\" data-end=\"2499\">\n<li data-start=\"2376\" data-end=\"2396\">\n<p data-start=\"2378\" data-end=\"2396\">Asesoramiento financiero<\/p>\n<\/li>\n<li data-start=\"2397\" data-end=\"2420\">\n<p data-start=\"2399\" data-end=\"2420\">Orientaci\u00f3n en materia de inversiones<\/p>\n<\/li>\n<li data-start=\"2421\" data-end=\"2453\">\n<p data-start=\"2423\" data-end=\"2453\">Recomendaciones legales o fiscales<\/p>\n<\/li>\n<li data-start=\"2454\" data-end=\"2499\">\n<p data-start=\"2456\" data-end=\"2499\">Una garant\u00eda de ingresos o \u00e9xito empresarial<\/p>\n<\/li>\n<\/ul>\n<p data-start=\"2501\" data-end=\"2579\">Busque siempre asesoramiento profesional antes de tomar decisiones financieras o comerciales.<\/p>\n<hr data-start=\"2581\" data-end=\"2584\" \/>\n<h2 data-start=\"2586\" data-end=\"2615\"><span style=\"font-size: 18pt;\">6. Limitaci\u00f3n de responsabilidad<\/span><\/h2>\n<p data-start=\"2617\" data-end=\"2800\">En la m\u00e1xima medida permitida por la ley, <strong data-start=\"2657\" data-end=\"2673\">MLM Explorer<\/strong> y sus administradores no ser\u00e1n responsables de ning\u00fan da\u00f1o directo, indirecto, incidental o consecuente que resulte de:<\/p>\n<ul data-start=\"2801\" data-end=\"2933\">\n<li data-start=\"2801\" data-end=\"2845\">\n<p data-start=\"2803\" data-end=\"2845\">El uso o la imposibilidad de utilizar el sitio web;<\/p>\n<\/li>\n<li data-start=\"2846\" data-end=\"2890\">\n<p data-start=\"2848\" data-end=\"2890\">Confianza en la informaci\u00f3n aqu\u00ed proporcionada;<\/p>\n<\/li>\n<li data-start=\"2891\" data-end=\"2933\">\n<p data-start=\"2893\" data-end=\"2933\">Acceso a sitios web o enlaces de terceros.<\/p>\n<\/li>\n<\/ul>\n<p data-start=\"2935\" data-end=\"3010\">Usted reconoce que su uso del sitio es totalmente <strong data-start=\"2989\" data-end=\"3009\">bajo su propio riesgo<\/strong>.<\/p>\n<hr data-start=\"3012\" data-end=\"3015\" \/>\n<h2 data-start=\"3017\" data-end=\"3047\"><span style=\"font-size: 18pt;\">7. Exenci\u00f3n de garant\u00edas<\/span><\/h2>\n<p data-start=\"3049\" data-end=\"3175\">El sitio web y su contenido se proporcionan \u201c<strong data-start=\"3091\" data-end=\"3100\">tal cual<\/strong>&quot;sin ninguna garant\u00eda, expresa o impl\u00edcita, incluidas, entre otras:<\/p>\n<ul data-start=\"3176\" data-end=\"3314\">\n<li data-start=\"3176\" data-end=\"3234\">\n<p data-start=\"3178\" data-end=\"3234\">Exactitud, fiabilidad o integridad del contenido;<\/p>\n<\/li>\n<li data-start=\"3235\" data-end=\"3272\">\n<p data-start=\"3237\" data-end=\"3272\">Aptitud para un prop\u00f3sito particular;<\/p>\n<\/li>\n<li data-start=\"3273\" data-end=\"3314\">\n<p data-start=\"3275\" data-end=\"3314\">No infracci\u00f3n de derechos de terceros.<\/p>\n<\/li>\n<\/ul>\n<p data-start=\"3316\" data-end=\"3414\">No garantizamos que el sitio web est\u00e9 libre de interrupciones, errores o problemas t\u00e9cnicos.<\/p>\n<hr data-start=\"3416\" data-end=\"3419\" \/>\n<h2 data-start=\"3421\" data-end=\"3439\"><span style=\"font-size: 18pt;\">8. Conducta del usuario<\/span><\/h2>\n<p data-start=\"3441\" data-end=\"3487\">Al utilizar este sitio web, usted acepta <strong data-start=\"3476\" data-end=\"3487\">no a:<\/strong><\/p>\n<ul data-start=\"3488\" data-end=\"3701\">\n<li data-start=\"3488\" data-end=\"3535\">\n<p data-start=\"3490\" data-end=\"3535\">Violar cualquier ley o reglamento aplicable;<\/p>\n<\/li>\n<li data-start=\"3536\" data-end=\"3589\">\n<p data-start=\"3538\" data-end=\"3589\">Utilizar el sitio con fines ilegales o fraudulentos;<\/p>\n<\/li>\n<li data-start=\"3590\" data-end=\"3655\">\n<p data-start=\"3592\" data-end=\"3655\">Intentar obtener acceso no autorizado a los sistemas del sitio web;<\/p>\n<\/li>\n<li data-start=\"3656\" data-end=\"3701\">\n<p data-start=\"3658\" data-end=\"3701\">Interrumpir o da\u00f1ar la funcionalidad del sitio.<\/p>\n<\/li>\n<\/ul>\n<p data-start=\"3703\" data-end=\"3780\">Nos reservamos el derecho de restringir el acceso a cualquier usuario que viole estos t\u00e9rminos.<\/p>\n<hr data-start=\"3782\" data-end=\"3785\" \/>\n<h2 data-start=\"3787\" data-end=\"3813\"><span style=\"font-size: 18pt;\">9. Divulgaci\u00f3n de afiliados<\/span><\/h2>\n<p data-start=\"3815\" data-end=\"4104\">Algunos enlaces sobre <strong data-start=\"3829\" data-end=\"3845\">MLM Explorer<\/strong> tal vez <strong data-start=\"3853\" data-end=\"3872\">enlaces de afiliados<\/strong>, lo que significa que podemos ganar una comisi\u00f3n si hace clic o se registra a trav\u00e9s de ellos.<br data-start=\"3945\" data-end=\"3948\" \/>Esto viene en <strong data-start=\"3962\" data-end=\"3984\">sin costo adicional<\/strong> para usted y ayuda a respaldar el mantenimiento de nuestra plataforma.<br data-start=\"4042\" data-end=\"4045\" \/>Nuestro contenido editorial permanece <strong data-start=\"4075\" data-end=\"4103\">independiente e imparcial<\/strong>.<\/p>\n<hr data-start=\"4106\" data-end=\"4109\" \/>\n<h2 data-start=\"4111\" data-end=\"4131\"><span style=\"font-size: 18pt;\">10. Ley aplicable<\/span><\/h2>\n<p data-start=\"4133\" data-end=\"4367\">Estos T\u00e9rminos de uso se rigen e interpretan de conformidad con las leyes aplicables en <strong data-start=\"4224\" data-end=\"4234\">Brasil<\/strong>, d\u00f3nde <strong data-start=\"4242\" data-end=\"4258\">MLM Explorer<\/strong> Opera administrativamente y tambi\u00e9n puede cumplir con las normas pertinentes. <strong data-start=\"4320\" data-end=\"4342\">leyes internacionales<\/strong> (como el RGPD y la CCPA).<\/p>\n<p data-start=\"4369\" data-end=\"4487\">Cualquier controversia que surja del uso de este sitio web se resolver\u00e1 de acuerdo con las normas jurisdiccionales aplicables.<\/p>\n<hr data-start=\"4489\" data-end=\"4492\" \/>\n<h2 data-start=\"4494\" data-end=\"4520\"><span style=\"font-size: 18pt;\">11. Informaci\u00f3n de contacto<\/span><\/h2>\n<p data-start=\"4522\" data-end=\"4591\">Para cualquier pregunta sobre estos T\u00e9rminos de uso, cont\u00e1ctenos a:<\/p>\n<p data-start=\"4593\" data-end=\"4740\"><strong data-start=\"4593\" data-end=\"4609\">MLM Explorer<\/strong><br data-start=\"4609\" data-end=\"4612\" \/>\ud83c\udf10 <a class=\"decorated-link\" href=\"https:\/\/mlm-explorer.com\/es\/\" target=\"_new\" rel=\"noopener\" data-start=\"4615\" data-end=\"4667\">https:\/\/mlm-explorer.com<\/a><br data-start=\"4667\" data-end=\"4670\" \/>\ud83d\udce7 <a class=\"decorated-link cursor-pointer\" rel=\"noopener\" data-start=\"4673\" data-end=\"4740\">mlmexplorer.global@gmail.com<\/a><\/p>\t\t\t\t\t\t\t\t<\/div>\n\t\t\t\t<\/div>\n\t\t\t\t\t<\/div>\n\t\t<\/div>\n\t\t\t\t\t<\/div>\n\t\t<\/section>\n\t\t\t\t<\/div>","protected":false},"excerpt":{"rendered":"<p>Who we are Suggested text: Our website address is: https:\/\/mlm-explorer.com. Comments Suggested text: When visitors leave comments on the site [&hellip;]<\/p>","protected":false},"author":1,"featured_media":0,"parent":0,"menu_order":0,"comment_status":"closed","ping_status":"open","template":"","meta":{"site-sidebar-layout":"default","site-content-layout":"","ast-site-content-layout":"default","site-content-style":"default","site-sidebar-style":"default","ast-global-header-display":"","ast-banner-title-visibility":"","ast-main-header-display":"","ast-hfb-above-header-display":"","ast-hfb-below-header-display":"","ast-hfb-mobile-header-display":"","site-post-title":"","ast-breadcrumbs-content":"","ast-featured-img":"","footer-sml-layout":"","theme-transparent-header-meta":"","adv-header-id-meta":"","stick-header-meta":"","header-above-stick-meta":"","header-main-stick-meta":"","header-below-stick-meta":"","astra-migrate-meta-layouts":"default","ast-page-background-enabled":"default","ast-page-background-meta":{"desktop":{"background-color":"var(--ast-global-color-5)","background-image":"","background-repeat":"repeat","background-position":"center center","background-size":"auto","background-attachment":"scroll","background-type":"","background-media":"","overlay-type":"","overlay-color":"","overlay-opacity":"","overlay-gradient":""},"tablet":{"background-color":"","background-image":"","background-repeat":"repeat","background-position":"center center","background-size":"auto","background-attachment":"scroll","background-type":"","background-media":"","overlay-type":"","overlay-color":"","overlay-opacity":"","overlay-gradient":""},"mobile":{"background-color":"","background-image":"","background-repeat":"repeat","background-position":"center center","background-size":"auto","background-attachment":"scroll","background-type":"","background-media":"","overlay-type":"","overlay-color":"","overlay-opacity":"","overlay-gradient":""}},"ast-content-background-meta":{"desktop":{"background-color":"var(--ast-global-color-4)","background-image":"","background-repeat":"repeat","background-position":"center center","background-size":"auto","background-attachment":"scroll","background-type":"","background-media":"","overlay-type":"","overlay-color":"","overlay-opacity":"","overlay-gradient":""},"tablet":{"background-color":"var(--ast-global-color-4)","background-image":"","background-repeat":"repeat","background-position":"center center","background-size":"auto","background-attachment":"scroll","background-type":"","background-media":"","overlay-type":"","overlay-color":"","overlay-opacity":"","overlay-gradient":""},"mobile":{"background-color":"var(--ast-global-color-4)","background-image":"","background-repeat":"repeat","background-position":"center center","background-size":"auto","background-attachment":"scroll","background-type":"","background-media":"","overlay-type":"","overlay-color":"","overlay-opacity":"","overlay-gradient":""}},"footnotes":""},"class_list":["post-326","page","type-page","status-publish","hentry"],"yoast_head":"<!-- This site is optimized with the Yoast SEO Premium plugin v26.3 (Yoast SEO v27.3) - https:\/\/yoast.com\/product\/yoast-seo-premium-wordpress\/ -->\n<title>Terms of Use<\/title>\n<meta name=\"robots\" content=\"index, follow, max-snippet:-1, max-image-preview:large, max-video-preview:-1\" \/>\n<link rel=\"canonical\" href=\"https:\/\/mlm-explorer.com\/es\/condiciones-de-uso\/\" \/>\n<meta property=\"og:locale\" content=\"es_ES\" \/>\n<meta property=\"og:type\" content=\"article\" \/>\n<meta property=\"og:title\" content=\"Terms of Use\" \/>\n<meta property=\"og:description\" content=\"Who we are Suggested text: Our website address is: https:\/\/mlm-explorer.com. Comments Suggested text: When visitors leave comments on the site [&hellip;]\" \/>\n<meta property=\"og:url\" content=\"https:\/\/mlm-explorer.com\/es\/condiciones-de-uso\/\" \/>\n<meta property=\"article:modified_time\" content=\"2025-10-07T00:58:28+00:00\" \/>\n<meta name=\"twitter:card\" content=\"summary_large_image\" \/>\n<meta name=\"twitter:label1\" content=\"Tiempo de lectura\" \/>\n\t<meta name=\"twitter:data1\" content=\"4 minutos\" \/>\n<script type=\"application\/ld+json\" class=\"yoast-schema-graph\">{\"@context\":\"https:\\\/\\\/schema.org\",\"@graph\":[{\"@type\":\"WebPage\",\"@id\":\"https:\\\/\\\/mlm-explorer.com\\\/terms-of-use\\\/\",\"url\":\"https:\\\/\\\/mlm-explorer.com\\\/terms-of-use\\\/\",\"name\":\"Terms of Use\",\"isPartOf\":{\"@id\":\"https:\\\/\\\/mlm-explorer.com\\\/#website\"},\"datePublished\":\"2025-10-07T00:56:46+00:00\",\"dateModified\":\"2025-10-07T00:58:28+00:00\",\"breadcrumb\":{\"@id\":\"https:\\\/\\\/mlm-explorer.com\\\/terms-of-use\\\/#breadcrumb\"},\"inLanguage\":\"es\",\"potentialAction\":[{\"@type\":\"ReadAction\",\"target\":[\"https:\\\/\\\/mlm-explorer.com\\\/terms-of-use\\\/\"]}]},{\"@type\":\"BreadcrumbList\",\"@id\":\"https:\\\/\\\/mlm-explorer.com\\\/terms-of-use\\\/#breadcrumb\",\"itemListElement\":[{\"@type\":\"ListItem\",\"position\":1,\"name\":\"Home\",\"item\":\"https:\\\/\\\/mlm-explorer.com\\\/\"},{\"@type\":\"ListItem\",\"position\":2,\"name\":\"Terms of Use\"}]},{\"@type\":\"WebSite\",\"@id\":\"https:\\\/\\\/mlm-explorer.com\\\/#website\",\"url\":\"https:\\\/\\\/mlm-explorer.com\\\/\",\"name\":\"\",\"description\":\"\",\"potentialAction\":[{\"@type\":\"SearchAction\",\"target\":{\"@type\":\"EntryPoint\",\"urlTemplate\":\"https:\\\/\\\/mlm-explorer.com\\\/?s={search_term_string}\"},\"query-input\":{\"@type\":\"PropertyValueSpecification\",\"valueRequired\":true,\"valueName\":\"search_term_string\"}}],\"inLanguage\":\"es\"}]}<\/script>\n<!-- \/ Yoast SEO Premium plugin. -->","yoast_head_json":{"title":"Terms of Use","robots":{"index":"index","follow":"follow","max-snippet":"max-snippet:-1","max-image-preview":"max-image-preview:large","max-video-preview":"max-video-preview:-1"},"canonical":"https:\/\/mlm-explorer.com\/es\/condiciones-de-uso\/","og_locale":"es_ES","og_type":"article","og_title":"Terms of Use","og_description":"Who we are Suggested text: Our website address is: https:\/\/mlm-explorer.com. Comments Suggested text: When visitors leave comments on the site [&hellip;]","og_url":"https:\/\/mlm-explorer.com\/es\/condiciones-de-uso\/","article_modified_time":"2025-10-07T00:58:28+00:00","twitter_card":"summary_large_image","twitter_misc":{"Tiempo de lectura":"4 minutos"},"schema":{"@context":"https:\/\/schema.org","@graph":[{"@type":"WebPage","@id":"https:\/\/mlm-explorer.com\/terms-of-use\/","url":"https:\/\/mlm-explorer.com\/terms-of-use\/","name":"Terms of Use","isPartOf":{"@id":"https:\/\/mlm-explorer.com\/#website"},"datePublished":"2025-10-07T00:56:46+00:00","dateModified":"2025-10-07T00:58:28+00:00","breadcrumb":{"@id":"https:\/\/mlm-explorer.com\/terms-of-use\/#breadcrumb"},"inLanguage":"es","potentialAction":[{"@type":"ReadAction","target":["https:\/\/mlm-explorer.com\/terms-of-use\/"]}]},{"@type":"BreadcrumbList","@id":"https:\/\/mlm-explorer.com\/terms-of-use\/#breadcrumb","itemListElement":[{"@type":"ListItem","position":1,"name":"Home","item":"https:\/\/mlm-explorer.com\/"},{"@type":"ListItem","position":2,"name":"Terms of Use"}]},{"@type":"WebSite","@id":"https:\/\/mlm-explorer.com\/#website","url":"https:\/\/mlm-explorer.com\/","name":"","description":"","potentialAction":[{"@type":"SearchAction","target":{"@type":"EntryPoint","urlTemplate":"https:\/\/mlm-explorer.com\/?s={search_term_string}"},"query-input":{"@type":"PropertyValueSpecification","valueRequired":true,"valueName":"search_term_string"}}],"inLanguage":"es"}]}},"_links":{"self":[{"href":"https:\/\/mlm-explorer.com\/es\/wp-json\/wp\/v2\/pages\/326","targetHints":{"allow":["GET"]}}],"collection":[{"href":"https:\/\/mlm-explorer.com\/es\/wp-json\/wp\/v2\/pages"}],"about":[{"href":"https:\/\/mlm-explorer.com\/es\/wp-json\/wp\/v2\/types\/page"}],"author":[{"embeddable":true,"href":"https:\/\/mlm-explorer.com\/es\/wp-json\/wp\/v2\/users\/1"}],"replies":[{"embeddable":true,"href":"https:\/\/mlm-explorer.com\/es\/wp-json\/wp\/v2\/comments?post=326"}],"version-history":[{"count":3,"href":"https:\/\/mlm-explorer.com\/es\/wp-json\/wp\/v2\/pages\/326\/revisions"}],"predecessor-version":[{"id":329,"href":"https:\/\/mlm-explorer.com\/es\/wp-json\/wp\/v2\/pages\/326\/revisions\/329"}],"wp:attachment":[{"href":"https:\/\/mlm-explorer.com\/es\/wp-json\/wp\/v2\/media?parent=326"}],"curies":[{"name":"wp","href":"https:\/\/api.w.org\/{rel}","templated":true}]}}