{"id":3,"date":"2025-10-05T02:18:41","date_gmt":"2025-10-05T02:18:41","guid":{"rendered":"https:\/\/mlm-explorer.com\/?page_id=3"},"modified":"2025-10-06T21:45:54","modified_gmt":"2025-10-07T00:45:54","slug":"privacy-policy","status":"publish","type":"page","link":"https:\/\/mlm-explorer.com\/es\/politica-de-privacidad\/","title":{"rendered":"pol\u00edtica de privacidad"},"content":{"rendered":"<style><\/style>\t\t<div data-elementor-type=\"wp-page\" data-elementor-id=\"3\" class=\"elementor elementor-3\">\n\t\t\t\t\t\t<section class=\"elementor-section elementor-top-section elementor-element elementor-element-24f1ca2e elementor-section-boxed elementor-section-height-default elementor-section-height-default\" data-id=\"24f1ca2e\" data-element_type=\"section\" data-e-type=\"section\">\n\t\t\t\t\t\t<div class=\"elementor-container elementor-column-gap-default\">\n\t\t\t\t\t<div class=\"elementor-column elementor-col-100 elementor-top-column elementor-element elementor-element-5a86b10e\" data-id=\"5a86b10e\" data-element_type=\"column\" data-e-type=\"column\">\n\t\t\t<div class=\"elementor-widget-wrap elementor-element-populated\">\n\t\t\t\t\t\t<div class=\"elementor-element elementor-element-703184bd elementor-widget elementor-widget-text-editor\" data-id=\"703184bd\" data-element_type=\"widget\" data-e-type=\"widget\" data-widget_type=\"text-editor.default\">\n\t\t\t\t<div class=\"elementor-widget-container\">\n\t\t\t\t\t\t\t\t\t\n<h1 class=\"wp-block-heading\" data-start=\"311\" data-end=\"331\"><span style=\"font-size: 18pt;\"><strong data-start=\"313\" data-end=\"331\">pol\u00edtica de privacidad<\/strong><\/span><\/h1>\n<p data-start=\"333\" data-end=\"519\"><strong data-start=\"333\" data-end=\"352\">Fecha de entrada en vigor:<\/strong> 6 de octubre de 2025<br data-start=\"368\" data-end=\"371\" \/><strong data-start=\"371\" data-end=\"383\">Sitio web:<\/strong> <a class=\"decorated-link\" href=\"https:\/\/mlm-explorer.com\/es\/\" target=\"_new\" rel=\"noopener\" data-start=\"384\" data-end=\"436\">https:\/\/mlm-explorer.com<\/a><br data-start=\"436\" data-end=\"439\" \/><strong data-start=\"439\" data-end=\"451\">Contacto:<\/strong> <a class=\"decorated-link cursor-pointer\" rel=\"noopener\" data-start=\"452\" data-end=\"519\">mlmexplorer.global@gmail.com<\/a><\/p>\n<hr data-start=\"521\" data-end=\"524\" \/>\n<h2 data-start=\"526\" data-end=\"544\"><span style=\"font-size: 18pt;\">1. Introducci\u00f3n<\/span><\/h2>\n<p data-start=\"546\" data-end=\"912\">Bienvenido a <strong data-start=\"557\" data-end=\"573\">MLM Explorer<\/strong>.<br data-start=\"574\" data-end=\"577\" \/>Su privacidad es importante para nosotros. Esta Pol\u00edtica de Privacidad explica c\u00f3mo manejamos la informaci\u00f3n cuando visita nuestro sitio web, c\u00f3mo se utilizan las cookies y los an\u00e1lisis, y sus derechos seg\u00fan las leyes de protecci\u00f3n de datos aplicables, incluyendo la <strong data-start=\"798\" data-end=\"843\">Reglamento General de Protecci\u00f3n de Datos (RGPD)<\/strong>, <strong data-start=\"845\" data-end=\"863\">LGPD brasile\u00f1a<\/strong>, y <strong data-start=\"869\" data-end=\"911\">Ley de Privacidad del Consumidor de California (CCPA)<\/strong>.<\/p>\n<p data-start=\"914\" data-end=\"970\">Al utilizar este sitio web, usted acepta esta Pol\u00edtica de privacidad.<\/p>\n<hr data-start=\"972\" data-end=\"975\" \/>\n<h2 data-start=\"977\" data-end=\"1012\"><span style=\"font-size: 18pt;\">2. Informaci\u00f3n que no recopilamos<\/span><\/h2>\n<p data-start=\"1014\" data-end=\"1223\">MLM Explorer hace <strong data-start=\"1032\" data-end=\"1072\">no recopilar ninguna informaci\u00f3n personal<\/strong> directamente de los usuarios.<br data-start=\"1093\" data-end=\"1096\" \/>No solicitamos su nombre, correo electr\u00f3nico, n\u00famero de tel\u00e9fono ni ning\u00fan dato identificable a trav\u00e9s de formularios, suscripciones o registros de usuarios.<\/p>\n<p data-start=\"1225\" data-end=\"1332\">Los \u00fanicos datos que podr\u00e1n ser objeto de tratamiento son: <strong data-start=\"1264\" data-end=\"1311\">datos no personales, agregados o an\u00f3nimos<\/strong>, como se explica a continuaci\u00f3n.<\/p>\n<hr data-start=\"1334\" data-end=\"1337\" \/>\n<h2 data-start=\"1339\" data-end=\"1366\"><span style=\"font-size: 18pt;\">3. Cookies y an\u00e1lisis<\/span><\/h2>\n<p data-start=\"1368\" data-end=\"1509\">Nuestro sitio web utiliza <strong data-start=\"1385\" data-end=\"1405\">Google Analytics<\/strong> y <strong data-start=\"1410\" data-end=\"1453\">Google Search Console (Herramientas para webmasters)<\/strong> para comprender el comportamiento de los visitantes y mejorar el rendimiento.<\/p>\n<p data-start=\"1511\" data-end=\"1549\">Estas herramientas pueden recopilar autom\u00e1ticamente:<\/p>\n<ul data-start=\"1550\" data-end=\"1734\">\n<li data-start=\"1550\" data-end=\"1578\">\n<p data-start=\"1552\" data-end=\"1578\">Tipo y versi\u00f3n del navegador<\/p>\n<\/li>\n<li data-start=\"1579\" data-end=\"1615\">\n<p data-start=\"1581\" data-end=\"1615\">Tipo de dispositivo y sistema operativo<\/p>\n<\/li>\n<li data-start=\"1616\" data-end=\"1643\">\n<p data-start=\"1618\" data-end=\"1643\">Direcci\u00f3n IP (an\u00f3nima)<\/p>\n<\/li>\n<li data-start=\"1644\" data-end=\"1691\">\n<p data-start=\"1646\" data-end=\"1691\">P\u00e1ginas visitadas, duraci\u00f3n y comportamiento de los clics<\/p>\n<\/li>\n<li data-start=\"1692\" data-end=\"1734\">\n<p data-start=\"1694\" data-end=\"1734\">Fuente de referencia (c\u00f3mo encontr\u00f3 nuestro sitio)<\/p>\n<\/li>\n<\/ul>\n<p data-start=\"1736\" data-end=\"1936\">Esta informaci\u00f3n se utiliza \u00fanicamente para <strong data-start=\"1770\" data-end=\"1809\">fines estad\u00edsticos y anal\u00edticos<\/strong> y no le identifica personalmente.<br data-start=\"1847\" data-end=\"1850\" \/>Puede desactivar las cookies en la configuraci\u00f3n de su navegador si prefiere no compartir estos datos.<\/p>\n<hr data-start=\"1938\" data-end=\"1941\" \/>\n<h2 data-start=\"1943\" data-end=\"1963\"><span style=\"font-size: 18pt;\">4. Enlaces externos<\/span><\/h2>\n<p data-start=\"1965\" data-end=\"2262\">MLM Explorer puede incluir enlaces a sitios web de terceros, incluidos enlaces de registro de empresas o de afiliados.<br data-start=\"2072\" data-end=\"2075\" \/>Somos <strong data-start=\"2082\" data-end=\"2101\">no responsable<\/strong> por el contenido, las pr\u00e1cticas de privacidad o las pol\u00edticas de esos sitios externos.<br data-start=\"2174\" data-end=\"2177\" \/>Le recomendamos que revise sus pol\u00edticas de privacidad antes de proporcionar cualquier informaci\u00f3n.<\/p>\n<hr data-start=\"2264\" data-end=\"2267\" \/>\n<h2 data-start=\"2269\" data-end=\"2287\"><span style=\"font-size: 18pt;\">5. Intercambio de datos<\/span><\/h2>\n<p data-start=\"2289\" data-end=\"2513\">Nosotros lo hacemos <strong data-start=\"2295\" data-end=\"2324\">No vender, intercambiar ni compartir<\/strong> datos de usuario con terceros.<br data-start=\"2354\" data-end=\"2357\" \/>Los datos anal\u00edticos recopilados a trav\u00e9s de las herramientas de Google se procesan de acuerdo con <strong data-start=\"2426\" data-end=\"2453\">Pol\u00edtica de privacidad de Google<\/strong> y pueden almacenarse en servidores de Google en diferentes pa\u00edses.<\/p>\n<hr data-start=\"2515\" data-end=\"2518\" \/>\n<h2 data-start=\"2520\" data-end=\"2540\"><span style=\"font-size: 18pt;\">6. Retenci\u00f3n de datos<\/span><\/h2>\n<p data-start=\"2542\" data-end=\"2748\">Dado que no se recopila ninguna informaci\u00f3n personal, <strong data-start=\"2586\" data-end=\"2616\">No se almacenan datos personales<\/strong> en nuestros servidores.<br data-start=\"2632\" data-end=\"2635\" \/>Los datos anal\u00edticos an\u00f3nimos se conservan \u00fanicamente dentro de los l\u00edmites establecidos por Google Analytics, normalmente durante <strong data-start=\"2734\" data-end=\"2747\">14 meses<\/strong>.<\/p>\n<hr data-start=\"2750\" data-end=\"2753\" \/>\n<h2 data-start=\"2755\" data-end=\"2772\"><span style=\"font-size: 18pt;\">7. Sus derechos<\/span><\/h2>\n<p data-start=\"2774\" data-end=\"2949\">Si bien MLM Explorer no recopila datos personales, los usuarios en jurisdicciones como la <strong data-start=\"2866\" data-end=\"2884\">uni\u00f3n Europea<\/strong> o <strong data-start=\"2888\" data-end=\"2898\">Brasil<\/strong> tienen derechos bajo las leyes de protecci\u00f3n de datos, incluidos:<\/p>\n<ul data-start=\"2950\" data-end=\"3094\">\n<li data-start=\"2950\" data-end=\"3012\">\n<p data-start=\"2952\" data-end=\"3012\">El derecho a acceder, corregir o eliminar datos (si se recopilan);<\/p>\n<\/li>\n<li data-start=\"3013\" data-end=\"3061\">\n<p data-start=\"3015\" data-end=\"3061\">El derecho a restringir u oponerse al procesamiento;<\/p>\n<\/li>\n<li data-start=\"3062\" data-end=\"3094\">\n<p data-start=\"3064\" data-end=\"3094\">El derecho a la portabilidad de datos.<\/p>\n<\/li>\n<\/ul>\n<p data-start=\"3096\" data-end=\"3237\">Si tiene alguna consulta relacionada con la privacidad, comun\u00edquese con nosotros en<br data-start=\"3159\" data-end=\"3162\" \/>\ud83d\udce7 <strong data-start=\"3165\" data-end=\"3236\"><a class=\"decorated-link cursor-pointer\" rel=\"noopener\" data-start=\"3167\" data-end=\"3234\">mlmexplorer.global@gmail.com<\/a><\/strong>.<\/p>\n<hr data-start=\"3239\" data-end=\"3242\" \/>\n<h2 data-start=\"3244\" data-end=\"3263\"><span style=\"font-size: 18pt;\">8. Seguridad de los datos<\/span><\/h2>\n<p data-start=\"3265\" data-end=\"3500\">Utilizamos protocolos seguros (HTTPS) y proveedores de alojamiento confiables para garantizar la protecci\u00f3n de toda la informaci\u00f3n transmitida a trav\u00e9s de nuestro sitio.<br data-start=\"3400\" data-end=\"3403\" \/>Si bien ning\u00fan sistema puede ser 100% seguro, trabajamos continuamente para mantener las protecciones est\u00e1ndar de la industria.<\/p>\n<hr data-start=\"3502\" data-end=\"3505\" \/>\n<h2 data-start=\"3507\" data-end=\"3535\"><span style=\"font-size: 18pt;\">9. Cambios a esta Pol\u00edtica<\/span><\/h2>\n<p data-start=\"3537\" data-end=\"3770\">MLM Explorer puede actualizar esta Pol\u00edtica de privacidad en cualquier momento.<br data-start=\"3593\" data-end=\"3596\" \/>La \u00faltima versi\u00f3n siempre estar\u00e1 disponible en esta p\u00e1gina, con la fecha de vigencia mostrada en la parte superior.<br data-start=\"3695\" data-end=\"3698\" \/>Invitamos a los visitantes a revisar esta p\u00e1gina peri\u00f3dicamente para mantenerse informados.<\/p>\n<hr data-start=\"3772\" data-end=\"3775\" \/>\n<h2 data-start=\"3777\" data-end=\"3803\"><span style=\"font-size: 18pt;\">10. Informaci\u00f3n de contacto<\/span><\/h2>\n<p data-start=\"3805\" data-end=\"3913\">Si tiene alguna pregunta o inquietud sobre esta Pol\u00edtica de privacidad o nuestras pr\u00e1cticas de datos, cont\u00e1ctenos a:<\/p>\n<p data-start=\"3915\" data-end=\"4062\"><strong data-start=\"3915\" data-end=\"3931\">MLM Explorer<\/strong><br data-start=\"3931\" data-end=\"3934\" \/>\ud83c\udf10 <a class=\"decorated-link\" href=\"https:\/\/mlm-explorer.com\/es\/\" target=\"_new\" rel=\"noopener\" data-start=\"3937\" data-end=\"3989\">https:\/\/mlm-explorer.com<\/a><br data-start=\"3989\" data-end=\"3992\" \/>\ud83d\udce7 <a class=\"decorated-link cursor-pointer\" rel=\"noopener\" data-start=\"3995\" data-end=\"4062\">mlmexplorer.global@gmail.com<\/a><\/p>\t\t\t\t\t\t\t\t<\/div>\n\t\t\t\t<\/div>\n\t\t\t\t\t<\/div>\n\t\t<\/div>\n\t\t\t\t\t<\/div>\n\t\t<\/section>\n\t\t\t\t<\/div>","protected":false},"excerpt":{"rendered":"<p>Who we are Suggested text: Our website address is: https:\/\/mlm-explorer.com. Comments Suggested text: When visitors leave comments on the site [&hellip;]<\/p>","protected":false},"author":1,"featured_media":0,"parent":0,"menu_order":0,"comment_status":"closed","ping_status":"open","template":"","meta":{"site-sidebar-layout":"default","site-content-layout":"","ast-site-content-layout":"default","site-content-style":"default","site-sidebar-style":"default","ast-global-header-display":"","ast-banner-title-visibility":"","ast-main-header-display":"","ast-hfb-above-header-display":"","ast-hfb-below-header-display":"","ast-hfb-mobile-header-display":"","site-post-title":"","ast-breadcrumbs-content":"","ast-featured-img":"","footer-sml-layout":"","theme-transparent-header-meta":"","adv-header-id-meta":"","stick-header-meta":"","header-above-stick-meta":"","header-main-stick-meta":"","header-below-stick-meta":"","astra-migrate-meta-layouts":"default","ast-page-background-enabled":"default","ast-page-background-meta":{"desktop":{"background-color":"var(--ast-global-color-5)","background-image":"","background-repeat":"repeat","background-position":"center center","background-size":"auto","background-attachment":"scroll","background-type":"","background-media":"","overlay-type":"","overlay-color":"","overlay-opacity":"","overlay-gradient":""},"tablet":{"background-color":"","background-image":"","background-repeat":"repeat","background-position":"center center","background-size":"auto","background-attachment":"scroll","background-type":"","background-media":"","overlay-type":"","overlay-color":"","overlay-opacity":"","overlay-gradient":""},"mobile":{"background-color":"","background-image":"","background-repeat":"repeat","background-position":"center center","background-size":"auto","background-attachment":"scroll","background-type":"","background-media":"","overlay-type":"","overlay-color":"","overlay-opacity":"","overlay-gradient":""}},"ast-content-background-meta":{"desktop":{"background-color":"var(--ast-global-color-4)","background-image":"","background-repeat":"repeat","background-position":"center center","background-size":"auto","background-attachment":"scroll","background-type":"","background-media":"","overlay-type":"","overlay-color":"","overlay-opacity":"","overlay-gradient":""},"tablet":{"background-color":"var(--ast-global-color-4)","background-image":"","background-repeat":"repeat","background-position":"center center","background-size":"auto","background-attachment":"scroll","background-type":"","background-media":"","overlay-type":"","overlay-color":"","overlay-opacity":"","overlay-gradient":""},"mobile":{"background-color":"var(--ast-global-color-4)","background-image":"","background-repeat":"repeat","background-position":"center center","background-size":"auto","background-attachment":"scroll","background-type":"","background-media":"","overlay-type":"","overlay-color":"","overlay-opacity":"","overlay-gradient":""}},"footnotes":""},"class_list":["post-3","page","type-page","status-publish","hentry"],"yoast_head":"<!-- This site is optimized with the Yoast SEO Premium plugin v26.3 (Yoast SEO v27.3) - https:\/\/yoast.com\/product\/yoast-seo-premium-wordpress\/ -->\n<title>Privacy Policy -<\/title>\n<meta name=\"robots\" content=\"index, follow, max-snippet:-1, max-image-preview:large, max-video-preview:-1\" \/>\n<link rel=\"canonical\" href=\"https:\/\/mlm-explorer.com\/es\/politica-de-privacidad\/\" \/>\n<meta property=\"og:locale\" content=\"es_ES\" \/>\n<meta property=\"og:type\" content=\"article\" \/>\n<meta property=\"og:title\" content=\"Privacy Policy\" \/>\n<meta property=\"og:description\" content=\"Who we are Suggested text: Our website address is: https:\/\/mlm-explorer.com. Comments Suggested text: When visitors leave comments on the site [&hellip;]\" \/>\n<meta property=\"og:url\" content=\"https:\/\/mlm-explorer.com\/es\/politica-de-privacidad\/\" \/>\n<meta property=\"article:modified_time\" content=\"2025-10-07T00:45:54+00:00\" \/>\n<meta name=\"twitter:card\" content=\"summary_large_image\" \/>\n<meta name=\"twitter:label1\" content=\"Tiempo de lectura\" \/>\n\t<meta name=\"twitter:data1\" content=\"3 minutos\" \/>\n<script type=\"application\/ld+json\" class=\"yoast-schema-graph\">{\"@context\":\"https:\\\/\\\/schema.org\",\"@graph\":[{\"@type\":\"WebPage\",\"@id\":\"https:\\\/\\\/mlm-explorer.com\\\/privacy-policy\\\/\",\"url\":\"https:\\\/\\\/mlm-explorer.com\\\/privacy-policy\\\/\",\"name\":\"Privacy Policy -\",\"isPartOf\":{\"@id\":\"https:\\\/\\\/mlm-explorer.com\\\/#website\"},\"datePublished\":\"2025-10-05T02:18:41+00:00\",\"dateModified\":\"2025-10-07T00:45:54+00:00\",\"breadcrumb\":{\"@id\":\"https:\\\/\\\/mlm-explorer.com\\\/privacy-policy\\\/#breadcrumb\"},\"inLanguage\":\"es\",\"potentialAction\":[{\"@type\":\"ReadAction\",\"target\":[\"https:\\\/\\\/mlm-explorer.com\\\/privacy-policy\\\/\"]}]},{\"@type\":\"BreadcrumbList\",\"@id\":\"https:\\\/\\\/mlm-explorer.com\\\/privacy-policy\\\/#breadcrumb\",\"itemListElement\":[{\"@type\":\"ListItem\",\"position\":1,\"name\":\"Home\",\"item\":\"https:\\\/\\\/mlm-explorer.com\\\/\"},{\"@type\":\"ListItem\",\"position\":2,\"name\":\"Privacy Policy\"}]},{\"@type\":\"WebSite\",\"@id\":\"https:\\\/\\\/mlm-explorer.com\\\/#website\",\"url\":\"https:\\\/\\\/mlm-explorer.com\\\/\",\"name\":\"\",\"description\":\"\",\"potentialAction\":[{\"@type\":\"SearchAction\",\"target\":{\"@type\":\"EntryPoint\",\"urlTemplate\":\"https:\\\/\\\/mlm-explorer.com\\\/?s={search_term_string}\"},\"query-input\":{\"@type\":\"PropertyValueSpecification\",\"valueRequired\":true,\"valueName\":\"search_term_string\"}}],\"inLanguage\":\"es\"}]}<\/script>\n<!-- \/ Yoast SEO Premium plugin. -->","yoast_head_json":{"title":"Privacy Policy -","robots":{"index":"index","follow":"follow","max-snippet":"max-snippet:-1","max-image-preview":"max-image-preview:large","max-video-preview":"max-video-preview:-1"},"canonical":"https:\/\/mlm-explorer.com\/es\/politica-de-privacidad\/","og_locale":"es_ES","og_type":"article","og_title":"Privacy Policy","og_description":"Who we are Suggested text: Our website address is: https:\/\/mlm-explorer.com. Comments Suggested text: When visitors leave comments on the site [&hellip;]","og_url":"https:\/\/mlm-explorer.com\/es\/politica-de-privacidad\/","article_modified_time":"2025-10-07T00:45:54+00:00","twitter_card":"summary_large_image","twitter_misc":{"Tiempo de lectura":"3 minutos"},"schema":{"@context":"https:\/\/schema.org","@graph":[{"@type":"WebPage","@id":"https:\/\/mlm-explorer.com\/privacy-policy\/","url":"https:\/\/mlm-explorer.com\/privacy-policy\/","name":"Privacy Policy -","isPartOf":{"@id":"https:\/\/mlm-explorer.com\/#website"},"datePublished":"2025-10-05T02:18:41+00:00","dateModified":"2025-10-07T00:45:54+00:00","breadcrumb":{"@id":"https:\/\/mlm-explorer.com\/privacy-policy\/#breadcrumb"},"inLanguage":"es","potentialAction":[{"@type":"ReadAction","target":["https:\/\/mlm-explorer.com\/privacy-policy\/"]}]},{"@type":"BreadcrumbList","@id":"https:\/\/mlm-explorer.com\/privacy-policy\/#breadcrumb","itemListElement":[{"@type":"ListItem","position":1,"name":"Home","item":"https:\/\/mlm-explorer.com\/"},{"@type":"ListItem","position":2,"name":"Privacy Policy"}]},{"@type":"WebSite","@id":"https:\/\/mlm-explorer.com\/#website","url":"https:\/\/mlm-explorer.com\/","name":"","description":"","potentialAction":[{"@type":"SearchAction","target":{"@type":"EntryPoint","urlTemplate":"https:\/\/mlm-explorer.com\/?s={search_term_string}"},"query-input":{"@type":"PropertyValueSpecification","valueRequired":true,"valueName":"search_term_string"}}],"inLanguage":"es"}]}},"_links":{"self":[{"href":"https:\/\/mlm-explorer.com\/es\/wp-json\/wp\/v2\/pages\/3","targetHints":{"allow":["GET"]}}],"collection":[{"href":"https:\/\/mlm-explorer.com\/es\/wp-json\/wp\/v2\/pages"}],"about":[{"href":"https:\/\/mlm-explorer.com\/es\/wp-json\/wp\/v2\/types\/page"}],"author":[{"embeddable":true,"href":"https:\/\/mlm-explorer.com\/es\/wp-json\/wp\/v2\/users\/1"}],"replies":[{"embeddable":true,"href":"https:\/\/mlm-explorer.com\/es\/wp-json\/wp\/v2\/comments?post=3"}],"version-history":[{"count":5,"href":"https:\/\/mlm-explorer.com\/es\/wp-json\/wp\/v2\/pages\/3\/revisions"}],"predecessor-version":[{"id":319,"href":"https:\/\/mlm-explorer.com\/es\/wp-json\/wp\/v2\/pages\/3\/revisions\/319"}],"wp:attachment":[{"href":"https:\/\/mlm-explorer.com\/es\/wp-json\/wp\/v2\/media?parent=3"}],"curies":[{"name":"wp","href":"https:\/\/api.w.org\/{rel}","templated":true}]}}