{"id":330,"date":"2025-10-06T22:00:17","date_gmt":"2025-10-07T01:00:17","guid":{"rendered":"https:\/\/mlm-explorer.com\/?page_id=330"},"modified":"2025-10-06T22:01:45","modified_gmt":"2025-10-07T01:01:45","slug":"disclaimer","status":"publish","type":"page","link":"https:\/\/mlm-explorer.com\/de\/haftungsausschluss\/","title":{"rendered":"Haftungsausschluss"},"content":{"rendered":"<style><\/style>\t\t<div data-elementor-type=\"wp-page\" data-elementor-id=\"330\" class=\"elementor elementor-330\">\n\t\t\t\t\t\t<section class=\"elementor-section elementor-top-section elementor-element elementor-element-24f1ca2e elementor-section-boxed elementor-section-height-default elementor-section-height-default\" data-id=\"24f1ca2e\" data-element_type=\"section\" data-e-type=\"section\">\n\t\t\t\t\t\t<div class=\"elementor-container elementor-column-gap-default\">\n\t\t\t\t\t<div class=\"elementor-column elementor-col-100 elementor-top-column elementor-element elementor-element-5a86b10e\" data-id=\"5a86b10e\" data-element_type=\"column\" data-e-type=\"column\">\n\t\t\t<div class=\"elementor-widget-wrap elementor-element-populated\">\n\t\t\t\t\t\t<div class=\"elementor-element elementor-element-703184bd elementor-widget elementor-widget-text-editor\" data-id=\"703184bd\" data-element_type=\"widget\" data-e-type=\"widget\" data-widget_type=\"text-editor.default\">\n\t\t\t\t<div class=\"elementor-widget-container\">\n\t\t\t\t\t\t\t\t\t<h1 data-start=\"479\" data-end=\"495\"><span style=\"font-size: 18pt;\"><strong data-start=\"481\" data-end=\"495\">Haftungsausschluss<\/strong><\/span><\/h1>\n<p data-start=\"497\" data-end=\"683\"><strong data-start=\"497\" data-end=\"516\">Datum des Inkrafttretens:<\/strong> 6. Oktober 2025<br data-start=\"532\" data-end=\"535\" \/><strong data-start=\"535\" data-end=\"547\">Webseite:<\/strong> <a class=\"decorated-link\" href=\"https:\/\/mlm-explorer.com\/de\/\" target=\"_new\" rel=\"noopener\" data-start=\"548\" data-end=\"600\">https:\/\/mlm-explorer.com<\/a><br data-start=\"600\" data-end=\"603\" \/><strong data-start=\"603\" data-end=\"615\">Kontakt:<\/strong> <a class=\"decorated-link cursor-pointer\" rel=\"noopener\" data-start=\"616\" data-end=\"683\">mlmexplorer.global@gmail.com<\/a><\/p>\n<hr data-start=\"685\" data-end=\"688\" \/>\n<h2 data-start=\"690\" data-end=\"715\"><span style=\"font-size: 18pt;\">1. Allgemeine Informationen<\/span><\/h2>\n<p data-start=\"717\" data-end=\"1008\">Die Informationen auf <strong data-start=\"745\" data-end=\"761\">MLM Explorer<\/strong> ist f\u00fcr <strong data-start=\"769\" data-end=\"816\">nur zu Bildungs- und Informationszwecken<\/strong>.<br data-start=\"817\" data-end=\"820\" \/>Wir bem\u00fchen uns, die Genauigkeit und Zuverl\u00e4ssigkeit aller Inhalte sicherzustellen, aber wir machen <strong data-start=\"897\" data-end=\"914\">keine Garantien<\/strong> hinsichtlich der Vollst\u00e4ndigkeit, Richtigkeit oder der Ergebnisse, die sich aus der Verwendung dieser Informationen ergeben.<\/p>\n<p data-start=\"1010\" data-end=\"1085\">Durch die Nutzung dieser Website erkennen Sie an, dass Sie dies tun <strong data-start=\"1064\" data-end=\"1084\">auf eigene Gefahr<\/strong>.<\/p>\n<hr data-start=\"1087\" data-end=\"1090\" \/>\n<h2 data-start=\"1092\" data-end=\"1131\"><span style=\"font-size: 18pt;\">2. Keine Finanz- oder Anlageberatung<\/span><\/h2>\n<p data-start=\"1133\" data-end=\"1381\"><strong data-start=\"1133\" data-end=\"1149\">MLM Explorer<\/strong> tut <strong data-start=\"1155\" data-end=\"1209\">keine Finanz-, Anlage- oder Rechtsberatung anbieten<\/strong>.<br data-start=\"1210\" data-end=\"1213\" \/>Die in Artikeln, Anleitungen und Ressourcen enthaltenen Informationen sollen den Lesern ausschlie\u00dflich dabei helfen, die <strong data-start=\"1324\" data-end=\"1354\">Network-Marketing-Branche<\/strong> und damit verbundene M\u00f6glichkeiten.<\/p>\n<p data-start=\"1383\" data-end=\"1486\">Wir bieten keine professionellen Beratungsdienste an und nichts auf dieser Website sollte wie folgt interpretiert werden:<\/p>\n<ul data-start=\"1487\" data-end=\"1638\">\n<li data-start=\"1487\" data-end=\"1532\">\n<p data-start=\"1489\" data-end=\"1532\">Eine Finanz- oder Anlageempfehlung;<\/p>\n<\/li>\n<li data-start=\"1533\" data-end=\"1581\">\n<p data-start=\"1535\" data-end=\"1581\">Eine Ermutigung, einem bestimmten Unternehmen beizutreten;<\/p>\n<\/li>\n<li data-start=\"1582\" data-end=\"1638\">\n<p data-start=\"1584\" data-end=\"1638\">Ein Versprechen oder eine Garantie f\u00fcr Gewinn, Einkommen oder Erfolg.<\/p>\n<\/li>\n<\/ul>\n<p data-start=\"1640\" data-end=\"1770\">F\u00fchren Sie stets Ihre eigene Due Diligence durch und holen Sie den Rat eines qualifizierten Fachmanns ein, bevor Sie finanzielle oder gesch\u00e4ftliche Entscheidungen treffen.<\/p>\n<hr data-start=\"1772\" data-end=\"1775\" \/>\n<h2 data-start=\"1777\" data-end=\"1802\"><span style=\"font-size: 18pt;\">3. Haftungsausschluss f\u00fcr Einnahmen<\/span><\/h2>\n<p data-start=\"1804\" data-end=\"1988\">Alle auf dieser Website genannten Beispiele f\u00fcr Einnahmen, Erfolgsgeschichten oder Einkommenspotenziale sind <strong data-start=\"1897\" data-end=\"1918\">nur zur Veranschaulichung<\/strong>.<br data-start=\"1919\" data-end=\"1922\" \/>Sie tun <strong data-start=\"1930\" data-end=\"1947\">keine Garantie<\/strong> dass Sie \u00e4hnliche Ergebnisse erzielen werden.<\/p>\n<p data-start=\"1990\" data-end=\"2072\">Ihr pers\u00f6nlicher Erfolg im Network-Marketing h\u00e4ngt von mehreren Faktoren ab, darunter:<\/p>\n<ul data-start=\"2073\" data-end=\"2200\">\n<li data-start=\"2073\" data-end=\"2112\">\n<p data-start=\"2075\" data-end=\"2112\">Einsatz, Hingabe und Arbeitsmoral;<\/p>\n<\/li>\n<li data-start=\"2113\" data-end=\"2153\">\n<p data-start=\"2115\" data-end=\"2153\">Erfahrung, Wissen und Strategie;<\/p>\n<\/li>\n<li data-start=\"2154\" data-end=\"2200\">\n<p data-start=\"2156\" data-end=\"2200\">Marktbedingungen und Unternehmensleistung.<\/p>\n<\/li>\n<\/ul>\n<p data-start=\"2202\" data-end=\"2368\"><strong data-start=\"2202\" data-end=\"2218\">MLM Explorer<\/strong> tut <strong data-start=\"2224\" data-end=\"2231\">nicht<\/strong> behaupten, darstellen oder implizieren, dass eine Person durch Befolgen der auf dieser Website bereitgestellten Informationen einen bestimmten Geldbetrag verdienen wird.<\/p>\n<hr data-start=\"2370\" data-end=\"2373\" \/>\n<h2 data-start=\"2375\" data-end=\"2417\"><span style=\"font-size: 18pt;\">4. Offenlegung gegen\u00fcber Partnern und Drittanbietern<\/span><\/h2>\n<p data-start=\"2419\" data-end=\"2574\">Einige Artikel oder Links zu <strong data-start=\"2445\" data-end=\"2461\">MLM Explorer<\/strong> kann beinhalten <strong data-start=\"2474\" data-end=\"2493\">Affiliate-Links<\/strong>, was bedeutet, dass wir m\u00f6glicherweise eine Provision erhalten, wenn Sie darauf klicken oder sich \u00fcber diese registrieren.<\/p>\n<p data-start=\"2576\" data-end=\"2718\">Dies <strong data-start=\"2586\" data-end=\"2593\">nicht<\/strong> unsere redaktionelle Integrit\u00e4t beeintr\u00e4chtigen \u2013 alle auf dieser Site ge\u00e4u\u00dferten Meinungen und Empfehlungen <strong data-start=\"2687\" data-end=\"2715\">unabh\u00e4ngig und unvoreingenommen<\/strong>.<\/p>\n<p data-start=\"2720\" data-end=\"2952\">Wir sind <strong data-start=\"2727\" data-end=\"2746\">nicht verantwortlich<\/strong> f\u00fcr die Aktionen, Produkte oder Richtlinien von Websites oder Unternehmen Dritter, auf die von unserer Plattform aus verlinkt wird.<br data-start=\"2852\" data-end=\"2855\" \/>Bevor Sie mit einem externen Unternehmen zusammenarbeiten, sollten Sie dessen offizielle Gesch\u00e4ftsbedingungen pr\u00fcfen.<\/p>\n<hr data-start=\"2954\" data-end=\"2957\" \/>\n<h2 data-start=\"2959\" data-end=\"2978\"><span style=\"font-size: 18pt;\">5. Keine Garantien<\/span><\/h2>\n<p data-start=\"2980\" data-end=\"3155\">Alle Inhalte und Dienste, die \u00fcber <strong data-start=\"3022\" data-end=\"3038\">MLM Explorer<\/strong> werden angeboten\u201c<strong data-start=\"3052\" data-end=\"3061\">wie es ist<\/strong>&quot; Und &quot;<strong data-start=\"3068\" data-end=\"3084\">nach Verf\u00fcgbarkeit<\/strong>\u201c ohne jegliche ausdr\u00fcckliche oder stillschweigende Garantie.<br data-start=\"3129\" data-end=\"3132\" \/>Wir \u00fcbernehmen keine Garantie daf\u00fcr, dass:<\/p>\n<ul data-start=\"3156\" data-end=\"3353\">\n<li data-start=\"3156\" data-end=\"3220\">\n<p data-start=\"3158\" data-end=\"3220\">Die Site wird immer ohne Unterbrechung oder Fehler funktionieren;<\/p>\n<\/li>\n<li data-start=\"3221\" data-end=\"3287\">\n<p data-start=\"3223\" data-end=\"3287\">Die bereitgestellten Informationen sind frei von Ungenauigkeiten oder Auslassungen;<\/p>\n<\/li>\n<li data-start=\"3288\" data-end=\"3353\">\n<p data-start=\"3290\" data-end=\"3353\">Externe Websites, auf die von unseren Inhalten aus verwiesen wird, sind sicher oder korrekt.<\/p>\n<\/li>\n<\/ul>\n<hr data-start=\"3355\" data-end=\"3358\" \/>\n<h2 data-start=\"3360\" data-end=\"3389\"><span style=\"font-size: 18pt;\">6. Haftungsbeschr\u00e4nkung<\/span><\/h2>\n<p data-start=\"3391\" data-end=\"3501\">Unter keinen Umst\u00e4nden <strong data-start=\"3420\" data-end=\"3436\">MLM Explorer<\/strong>, seine Administratoren, Partner oder verbundenen Unternehmen haften f\u00fcr:<\/p>\n<ul data-start=\"3502\" data-end=\"3738\">\n<li data-start=\"3502\" data-end=\"3561\">\n<p data-start=\"3504\" data-end=\"3561\">Jeglicher Verlust von Einkommen, Gewinnen oder Gesch\u00e4ftsm\u00f6glichkeiten;<\/p>\n<\/li>\n<li data-start=\"3562\" data-end=\"3601\">\n<p data-start=\"3564\" data-end=\"3601\">Fehler oder Auslassungen im Inhalt;<\/p>\n<\/li>\n<li data-start=\"3602\" data-end=\"3669\">\n<p data-start=\"3604\" data-end=\"3669\">Sch\u00e4den, die aus der Nutzung oder der Unm\u00f6glichkeit der Nutzung der Website entstehen;<\/p>\n<\/li>\n<li data-start=\"3670\" data-end=\"3738\">\n<p data-start=\"3672\" data-end=\"3738\">Vertrauen auf Informationen, die auf hier verlinkten Websites Dritter bereitgestellt werden.<\/p>\n<\/li>\n<\/ul>\n<p data-start=\"3740\" data-end=\"3849\">Durch die Nutzung dieser Website erkl\u00e4ren Sie sich mit dieser Haftungsbeschr\u00e4nkung einverstanden und akzeptieren diese uneingeschr\u00e4nkt.<\/p>\n<hr data-start=\"3851\" data-end=\"3854\" \/>\n<h2 data-start=\"3856\" data-end=\"3876\"><span style=\"font-size: 18pt;\">7. Externe Links<\/span><\/h2>\n<p data-start=\"3878\" data-end=\"4015\">Unsere Website kann Links zu anderen Websites, Programmen oder Diensten enthalten, die mit <strong data-start=\"3960\" data-end=\"3981\">Netzwerkmarketing<\/strong> oder <strong data-start=\"3985\" data-end=\"4012\">Affiliate-M\u00f6glichkeiten<\/strong>.<\/p>\n<p data-start=\"4017\" data-end=\"4175\">Diese Links dienen ausschlie\u00dflich der Benutzerfreundlichkeit.<br data-start=\"4065\" data-end=\"4068\" \/>Wir unterst\u00fctzen oder \u00fcbernehmen keine Verantwortung f\u00fcr den Inhalt, die Sicherheit oder die Praktiken dieser externen Websites.<\/p>\n<hr data-start=\"4177\" data-end=\"4180\" \/>\n<h2 data-start=\"4182\" data-end=\"4214\"><span style=\"font-size: 18pt;\">8. Aktualisierungen dieses Haftungsausschlusses<\/span><\/h2>\n<p data-start=\"4216\" data-end=\"4459\"><strong data-start=\"4216\" data-end=\"4232\">MLM Explorer<\/strong> kann diesen Haftungsausschluss jederzeit ohne vorherige Ank\u00fcndigung aktualisieren.<br data-start=\"4293\" data-end=\"4296\" \/>Die neueste Version ist zusammen mit dem oben angegebenen Datum des Inkrafttretens immer auf dieser Seite verf\u00fcgbar.<br data-start=\"4390\" data-end=\"4393\" \/>Wir empfehlen Benutzern, diese Seite regelm\u00e4\u00dfig zu besuchen, um auf dem Laufenden zu bleiben.<\/p>\n<hr data-start=\"4461\" data-end=\"4464\" \/>\n<h2 data-start=\"4466\" data-end=\"4491\"><span style=\"font-size: 18pt;\">9. Kontaktinformationen<\/span><\/h2>\n<p data-start=\"4493\" data-end=\"4575\">Wenn Sie Fragen oder Bedenken zu diesem Haftungsausschluss haben, kontaktieren Sie uns bitte unter:<\/p>\n<p data-start=\"4577\" data-end=\"4724\"><strong data-start=\"4577\" data-end=\"4593\">MLM Explorer<\/strong><br data-start=\"4593\" data-end=\"4596\" \/>\ud83c\udf10 <a class=\"decorated-link\" href=\"https:\/\/mlm-explorer.com\/de\/\" target=\"_new\" rel=\"noopener\" data-start=\"4599\" data-end=\"4651\">https:\/\/mlm-explorer.com<\/a><br data-start=\"4651\" data-end=\"4654\" \/>\ud83d\udce7 <a class=\"decorated-link cursor-pointer\" rel=\"noopener\" data-start=\"4657\" data-end=\"4724\">mlmexplorer.global@gmail.com<\/a><\/p>\t\t\t\t\t\t\t\t<\/div>\n\t\t\t\t<\/div>\n\t\t\t\t\t<\/div>\n\t\t<\/div>\n\t\t\t\t\t<\/div>\n\t\t<\/section>\n\t\t\t\t<\/div>","protected":false},"excerpt":{"rendered":"<p>Who we are Suggested text: Our website address is: https:\/\/mlm-explorer.com. Comments Suggested text: When visitors leave comments on the site [&hellip;]<\/p>","protected":false},"author":1,"featured_media":0,"parent":0,"menu_order":0,"comment_status":"closed","ping_status":"open","template":"","meta":{"site-sidebar-layout":"default","site-content-layout":"","ast-site-content-layout":"default","site-content-style":"default","site-sidebar-style":"default","ast-global-header-display":"","ast-banner-title-visibility":"","ast-main-header-display":"","ast-hfb-above-header-display":"","ast-hfb-below-header-display":"","ast-hfb-mobile-header-display":"","site-post-title":"","ast-breadcrumbs-content":"","ast-featured-img":"","footer-sml-layout":"","theme-transparent-header-meta":"","adv-header-id-meta":"","stick-header-meta":"","header-above-stick-meta":"","header-main-stick-meta":"","header-below-stick-meta":"","astra-migrate-meta-layouts":"default","ast-page-background-enabled":"default","ast-page-background-meta":{"desktop":{"background-color":"var(--ast-global-color-5)","background-image":"","background-repeat":"repeat","background-position":"center center","background-size":"auto","background-attachment":"scroll","background-type":"","background-media":"","overlay-type":"","overlay-color":"","overlay-opacity":"","overlay-gradient":""},"tablet":{"background-color":"","background-image":"","background-repeat":"repeat","background-position":"center center","background-size":"auto","background-attachment":"scroll","background-type":"","background-media":"","overlay-type":"","overlay-color":"","overlay-opacity":"","overlay-gradient":""},"mobile":{"background-color":"","background-image":"","background-repeat":"repeat","background-position":"center center","background-size":"auto","background-attachment":"scroll","background-type":"","background-media":"","overlay-type":"","overlay-color":"","overlay-opacity":"","overlay-gradient":""}},"ast-content-background-meta":{"desktop":{"background-color":"var(--ast-global-color-4)","background-image":"","background-repeat":"repeat","background-position":"center center","background-size":"auto","background-attachment":"scroll","background-type":"","background-media":"","overlay-type":"","overlay-color":"","overlay-opacity":"","overlay-gradient":""},"tablet":{"background-color":"var(--ast-global-color-4)","background-image":"","background-repeat":"repeat","background-position":"center center","background-size":"auto","background-attachment":"scroll","background-type":"","background-media":"","overlay-type":"","overlay-color":"","overlay-opacity":"","overlay-gradient":""},"mobile":{"background-color":"var(--ast-global-color-4)","background-image":"","background-repeat":"repeat","background-position":"center center","background-size":"auto","background-attachment":"scroll","background-type":"","background-media":"","overlay-type":"","overlay-color":"","overlay-opacity":"","overlay-gradient":""}},"footnotes":""},"class_list":["post-330","page","type-page","status-publish","hentry"],"yoast_head":"<!-- This site is optimized with the Yoast SEO Premium plugin v26.3 (Yoast SEO v27.3) - https:\/\/yoast.com\/product\/yoast-seo-premium-wordpress\/ -->\n<title>Disclaimer<\/title>\n<meta name=\"robots\" content=\"index, follow, max-snippet:-1, max-image-preview:large, max-video-preview:-1\" \/>\n<link rel=\"canonical\" href=\"https:\/\/mlm-explorer.com\/de\/haftungsausschluss\/\" \/>\n<meta property=\"og:locale\" content=\"de_DE\" \/>\n<meta property=\"og:type\" content=\"article\" \/>\n<meta property=\"og:title\" content=\"Disclaimer\" \/>\n<meta property=\"og:description\" content=\"Who we are Suggested text: Our website address is: https:\/\/mlm-explorer.com. Comments Suggested text: When visitors leave comments on the site [&hellip;]\" \/>\n<meta property=\"og:url\" content=\"https:\/\/mlm-explorer.com\/de\/haftungsausschluss\/\" \/>\n<meta property=\"article:modified_time\" content=\"2025-10-07T01:01:45+00:00\" \/>\n<meta name=\"twitter:card\" content=\"summary_large_image\" \/>\n<meta name=\"twitter:label1\" content=\"Gesch\u00e4tzte Lesezeit\" \/>\n\t<meta name=\"twitter:data1\" content=\"3\u00a0Minuten\" \/>\n<script type=\"application\/ld+json\" class=\"yoast-schema-graph\">{\"@context\":\"https:\\\/\\\/schema.org\",\"@graph\":[{\"@type\":\"WebPage\",\"@id\":\"https:\\\/\\\/mlm-explorer.com\\\/disclaimer\\\/\",\"url\":\"https:\\\/\\\/mlm-explorer.com\\\/disclaimer\\\/\",\"name\":\"Disclaimer\",\"isPartOf\":{\"@id\":\"https:\\\/\\\/mlm-explorer.com\\\/#website\"},\"datePublished\":\"2025-10-07T01:00:17+00:00\",\"dateModified\":\"2025-10-07T01:01:45+00:00\",\"breadcrumb\":{\"@id\":\"https:\\\/\\\/mlm-explorer.com\\\/disclaimer\\\/#breadcrumb\"},\"inLanguage\":\"de\",\"potentialAction\":[{\"@type\":\"ReadAction\",\"target\":[\"https:\\\/\\\/mlm-explorer.com\\\/disclaimer\\\/\"]}]},{\"@type\":\"BreadcrumbList\",\"@id\":\"https:\\\/\\\/mlm-explorer.com\\\/disclaimer\\\/#breadcrumb\",\"itemListElement\":[{\"@type\":\"ListItem\",\"position\":1,\"name\":\"Home\",\"item\":\"https:\\\/\\\/mlm-explorer.com\\\/\"},{\"@type\":\"ListItem\",\"position\":2,\"name\":\"Disclaimer\"}]},{\"@type\":\"WebSite\",\"@id\":\"https:\\\/\\\/mlm-explorer.com\\\/#website\",\"url\":\"https:\\\/\\\/mlm-explorer.com\\\/\",\"name\":\"\",\"description\":\"\",\"potentialAction\":[{\"@type\":\"SearchAction\",\"target\":{\"@type\":\"EntryPoint\",\"urlTemplate\":\"https:\\\/\\\/mlm-explorer.com\\\/?s={search_term_string}\"},\"query-input\":{\"@type\":\"PropertyValueSpecification\",\"valueRequired\":true,\"valueName\":\"search_term_string\"}}],\"inLanguage\":\"de\"}]}<\/script>\n<!-- \/ Yoast SEO Premium plugin. -->","yoast_head_json":{"title":"Disclaimer","robots":{"index":"index","follow":"follow","max-snippet":"max-snippet:-1","max-image-preview":"max-image-preview:large","max-video-preview":"max-video-preview:-1"},"canonical":"https:\/\/mlm-explorer.com\/de\/haftungsausschluss\/","og_locale":"de_DE","og_type":"article","og_title":"Disclaimer","og_description":"Who we are Suggested text: Our website address is: https:\/\/mlm-explorer.com. Comments Suggested text: When visitors leave comments on the site [&hellip;]","og_url":"https:\/\/mlm-explorer.com\/de\/haftungsausschluss\/","article_modified_time":"2025-10-07T01:01:45+00:00","twitter_card":"summary_large_image","twitter_misc":{"Gesch\u00e4tzte Lesezeit":"3\u00a0Minuten"},"schema":{"@context":"https:\/\/schema.org","@graph":[{"@type":"WebPage","@id":"https:\/\/mlm-explorer.com\/disclaimer\/","url":"https:\/\/mlm-explorer.com\/disclaimer\/","name":"Disclaimer","isPartOf":{"@id":"https:\/\/mlm-explorer.com\/#website"},"datePublished":"2025-10-07T01:00:17+00:00","dateModified":"2025-10-07T01:01:45+00:00","breadcrumb":{"@id":"https:\/\/mlm-explorer.com\/disclaimer\/#breadcrumb"},"inLanguage":"de","potentialAction":[{"@type":"ReadAction","target":["https:\/\/mlm-explorer.com\/disclaimer\/"]}]},{"@type":"BreadcrumbList","@id":"https:\/\/mlm-explorer.com\/disclaimer\/#breadcrumb","itemListElement":[{"@type":"ListItem","position":1,"name":"Home","item":"https:\/\/mlm-explorer.com\/"},{"@type":"ListItem","position":2,"name":"Disclaimer"}]},{"@type":"WebSite","@id":"https:\/\/mlm-explorer.com\/#website","url":"https:\/\/mlm-explorer.com\/","name":"","description":"","potentialAction":[{"@type":"SearchAction","target":{"@type":"EntryPoint","urlTemplate":"https:\/\/mlm-explorer.com\/?s={search_term_string}"},"query-input":{"@type":"PropertyValueSpecification","valueRequired":true,"valueName":"search_term_string"}}],"inLanguage":"de"}]}},"_links":{"self":[{"href":"https:\/\/mlm-explorer.com\/de\/wp-json\/wp\/v2\/pages\/330","targetHints":{"allow":["GET"]}}],"collection":[{"href":"https:\/\/mlm-explorer.com\/de\/wp-json\/wp\/v2\/pages"}],"about":[{"href":"https:\/\/mlm-explorer.com\/de\/wp-json\/wp\/v2\/types\/page"}],"author":[{"embeddable":true,"href":"https:\/\/mlm-explorer.com\/de\/wp-json\/wp\/v2\/users\/1"}],"replies":[{"embeddable":true,"href":"https:\/\/mlm-explorer.com\/de\/wp-json\/wp\/v2\/comments?post=330"}],"version-history":[{"count":3,"href":"https:\/\/mlm-explorer.com\/de\/wp-json\/wp\/v2\/pages\/330\/revisions"}],"predecessor-version":[{"id":333,"href":"https:\/\/mlm-explorer.com\/de\/wp-json\/wp\/v2\/pages\/330\/revisions\/333"}],"wp:attachment":[{"href":"https:\/\/mlm-explorer.com\/de\/wp-json\/wp\/v2\/media?parent=330"}],"curies":[{"name":"wp","href":"https:\/\/api.w.org\/{rel}","templated":true}]}}