{"id":326,"date":"2025-10-06T21:56:46","date_gmt":"2025-10-07T00:56:46","guid":{"rendered":"https:\/\/mlm-explorer.com\/?page_id=326"},"modified":"2025-10-06T21:58:28","modified_gmt":"2025-10-07T00:58:28","slug":"terms-of-use","status":"publish","type":"page","link":"https:\/\/mlm-explorer.com\/de\/nutzungsbedingungen\/","title":{"rendered":"Nutzungsbedingungen"},"content":{"rendered":"<style><\/style>\t\t<div data-elementor-type=\"wp-page\" data-elementor-id=\"326\" class=\"elementor elementor-326\">\n\t\t\t\t\t\t<section class=\"elementor-section elementor-top-section elementor-element elementor-element-24f1ca2e elementor-section-boxed elementor-section-height-default elementor-section-height-default\" data-id=\"24f1ca2e\" data-element_type=\"section\" data-e-type=\"section\">\n\t\t\t\t\t\t<div class=\"elementor-container elementor-column-gap-default\">\n\t\t\t\t\t<div class=\"elementor-column elementor-col-100 elementor-top-column elementor-element elementor-element-5a86b10e\" data-id=\"5a86b10e\" data-element_type=\"column\" data-e-type=\"column\">\n\t\t\t<div class=\"elementor-widget-wrap elementor-element-populated\">\n\t\t\t\t\t\t<div class=\"elementor-element elementor-element-703184bd elementor-widget elementor-widget-text-editor\" data-id=\"703184bd\" data-element_type=\"widget\" data-e-type=\"widget\" data-widget_type=\"text-editor.default\">\n\t\t\t\t<div class=\"elementor-widget-container\">\n\t\t\t\t\t\t\t\t\t<h1 data-start=\"259\" data-end=\"277\"><span style=\"font-size: 18pt;\"><strong data-start=\"261\" data-end=\"277\">Nutzungsbedingungen<\/strong><\/span><\/h1>\n<p data-start=\"279\" data-end=\"465\"><strong data-start=\"279\" data-end=\"298\">Datum des Inkrafttretens:<\/strong> 6. Oktober 2025<br data-start=\"314\" data-end=\"317\" \/><strong data-start=\"317\" data-end=\"329\">Webseite:<\/strong> <a class=\"decorated-link\" href=\"https:\/\/mlm-explorer.com\/de\/\" target=\"_new\" rel=\"noopener\" data-start=\"330\" data-end=\"382\">https:\/\/mlm-explorer.com<\/a><br data-start=\"382\" data-end=\"385\" \/><strong data-start=\"385\" data-end=\"397\">Kontakt:<\/strong> <a class=\"decorated-link cursor-pointer\" rel=\"noopener\" data-start=\"398\" data-end=\"465\">mlmexplorer.global@gmail.com<\/a><\/p>\n<hr data-start=\"467\" data-end=\"470\" \/>\n<h2 data-start=\"472\" data-end=\"497\"><span style=\"font-size: 18pt;\">1. Annahme der Bedingungen<\/span><\/h2>\n<p data-start=\"499\" data-end=\"724\">Willkommen bei <strong data-start=\"510\" data-end=\"526\">MLM Explorer<\/strong>. Durch den Zugriff auf oder die Nutzung dieser Website erkl\u00e4ren Sie sich mit diesen einverstanden <strong data-start=\"595\" data-end=\"611\">Nutzungsbedingungen<\/strong> und alle geltenden Gesetze und Vorschriften.<br data-start=\"652\" data-end=\"655\" \/>Wenn Sie mit diesen Bedingungen nicht einverstanden sind, verwenden Sie diese Website bitte nicht.<\/p>\n<p data-start=\"726\" data-end=\"857\">Wir k\u00f6nnen diese Nutzungsbedingungen jederzeit und ohne vorherige Ank\u00fcndigung aktualisieren oder \u00e4ndern. Die neueste Version wird immer auf dieser Seite ver\u00f6ffentlicht.<\/p>\n<hr data-start=\"859\" data-end=\"862\" \/>\n<h2 data-start=\"864\" data-end=\"892\"><span style=\"font-size: 18pt;\">2. Zweck der Website<\/span><\/h2>\n<p data-start=\"894\" data-end=\"1146\"><strong data-start=\"894\" data-end=\"910\">MLM Explorer<\/strong> ist eine Informationsplattform zum Thema <strong data-start=\"966\" data-end=\"1011\">Network-Marketing (Multi-Level-Marketing)<\/strong>.<br data-start=\"1012\" data-end=\"1015\" \/>Die Website bietet Bildungsinhalte, Unternehmensanalysen, Leitf\u00e4den und Einblicke ausschlie\u00dflich zu Informations- und Bildungszwecken.<\/p>\n<p data-start=\"1148\" data-end=\"1338\">Wir tun <strong data-start=\"1154\" data-end=\"1175\">keine Produkte verkaufen<\/strong>, <strong data-start=\"1177\" data-end=\"1198\">bieten Investitionen an<\/strong>, oder <strong data-start=\"1203\" data-end=\"1234\">finanzielle Ergebnisse garantieren<\/strong>.<br data-start=\"1235\" data-end=\"1238\" \/>Jede Entscheidung, die Sie auf Grundlage der auf dieser Site bereitgestellten Informationen treffen, erfolgt nach Ihrem eigenen Ermessen und auf Ihr eigenes Risiko.<\/p>\n<hr data-start=\"1340\" data-end=\"1343\" \/>\n<h2 data-start=\"1345\" data-end=\"1390\"><span style=\"font-size: 18pt;\">3. Externe Links und Websites Dritter<\/span><\/h2>\n<p data-start=\"1392\" data-end=\"1552\">Unsere Website kann Links zu externen Websites oder Websites Dritter enthalten, darunter Firmenregistrierungsseiten, Partnerprogramme oder andere Informationsquellen.<\/p>\n<p data-start=\"1554\" data-end=\"1756\">Wir sind <strong data-start=\"1561\" data-end=\"1580\">nicht verantwortlich<\/strong> f\u00fcr den Inhalt, die Genauigkeit oder die Praktiken dieser externen Websites.<br data-start=\"1645\" data-end=\"1648\" \/>Der Zugriff auf Links von Drittanbietern erfolgt auf Ihr eigenes Risiko und es gelten deren jeweilige Bedingungen und Datenschutzrichtlinien.<\/p>\n<hr data-start=\"1758\" data-end=\"1761\" \/>\n<h2 data-start=\"1763\" data-end=\"1797\"><span style=\"font-size: 18pt;\">4. Geistige Eigentumsrechte<\/span><\/h2>\n<p data-start=\"1799\" data-end=\"1953\">Alle ver\u00f6ffentlichten Inhalte auf <strong data-start=\"1824\" data-end=\"1840\">MLM Explorer<\/strong>, einschlie\u00dflich Text, Bilder, Logos und andere Materialien, ist durch Urheberrechte und Gesetze zum Schutz geistigen Eigentums gesch\u00fctzt.<\/p>\n<p data-start=\"1955\" data-end=\"2193\">Sie d\u00fcrfen unsere Inhalte f\u00fcr den pers\u00f6nlichen und nicht-kommerziellen Gebrauch ansehen und weitergeben, sofern Sie die Quelle angeben.<br data-start=\"2059\" data-end=\"2062\" \/>Die Vervielf\u00e4ltigung, Verbreitung, \u00c4nderung oder Neuver\u00f6ffentlichung von Material ohne vorherige schriftliche Zustimmung ist <strong data-start=\"2169\" data-end=\"2192\">strengstens verboten<\/strong>.<\/p>\n<hr data-start=\"2195\" data-end=\"2198\" \/>\n<h2 data-start=\"2200\" data-end=\"2234\"><span style=\"font-size: 18pt;\">5. Keine Finanz- oder Rechtsberatung<\/span><\/h2>\n<p data-start=\"2236\" data-end=\"2375\">Alle auf dieser Website bereitgestellten Informationen dienen <strong data-start=\"2284\" data-end=\"2331\">nur zu Bildungs- und Informationszwecken<\/strong>.<br data-start=\"2332\" data-end=\"2335\" \/>Nichts an <strong data-start=\"2346\" data-end=\"2362\">MLM Explorer<\/strong> besteht aus:<\/p>\n<ul data-start=\"2376\" data-end=\"2499\">\n<li data-start=\"2376\" data-end=\"2396\">\n<p data-start=\"2378\" data-end=\"2396\">Finanzberatung<\/p>\n<\/li>\n<li data-start=\"2397\" data-end=\"2420\">\n<p data-start=\"2399\" data-end=\"2420\">Anlageberatung<\/p>\n<\/li>\n<li data-start=\"2421\" data-end=\"2453\">\n<p data-start=\"2423\" data-end=\"2453\">Rechtliche oder steuerliche Empfehlungen<\/p>\n<\/li>\n<li data-start=\"2454\" data-end=\"2499\">\n<p data-start=\"2456\" data-end=\"2499\">Eine Garantie f\u00fcr Einkommen oder Gesch\u00e4ftserfolg<\/p>\n<\/li>\n<\/ul>\n<p data-start=\"2501\" data-end=\"2579\">Holen Sie immer professionellen Rat ein, bevor Sie finanzielle oder gesch\u00e4ftliche Entscheidungen treffen.<\/p>\n<hr data-start=\"2581\" data-end=\"2584\" \/>\n<h2 data-start=\"2586\" data-end=\"2615\"><span style=\"font-size: 18pt;\">6. Haftungsbeschr\u00e4nkung<\/span><\/h2>\n<p data-start=\"2617\" data-end=\"2800\">Soweit gesetzlich zul\u00e4ssig, <strong data-start=\"2657\" data-end=\"2673\">MLM Explorer<\/strong> und seine Administratoren haften nicht f\u00fcr direkte, indirekte, zuf\u00e4llige oder Folgesch\u00e4den, die sich aus Folgendem ergeben:<\/p>\n<ul data-start=\"2801\" data-end=\"2933\">\n<li data-start=\"2801\" data-end=\"2845\">\n<p data-start=\"2803\" data-end=\"2845\">Die Nutzung oder Unm\u00f6glichkeit der Nutzung der Website;<\/p>\n<\/li>\n<li data-start=\"2846\" data-end=\"2890\">\n<p data-start=\"2848\" data-end=\"2890\">Vertrauen auf die hierin bereitgestellten Informationen;<\/p>\n<\/li>\n<li data-start=\"2891\" data-end=\"2933\">\n<p data-start=\"2893\" data-end=\"2933\">Zugriff auf Websites oder Links von Drittanbietern.<\/p>\n<\/li>\n<\/ul>\n<p data-start=\"2935\" data-end=\"3010\">Sie erkennen an, dass Ihre Nutzung der Website ausschlie\u00dflich <strong data-start=\"2989\" data-end=\"3009\">auf eigene Gefahr<\/strong>.<\/p>\n<hr data-start=\"3012\" data-end=\"3015\" \/>\n<h2 data-start=\"3017\" data-end=\"3047\"><span style=\"font-size: 18pt;\">7. Gew\u00e4hrleistungsausschluss<\/span><\/h2>\n<p data-start=\"3049\" data-end=\"3175\">Die Website und ihre Inhalte werden bereitgestellt \u201e<strong data-start=\"3091\" data-end=\"3100\">wie es ist<\/strong>\u201eohne jegliche ausdr\u00fcckliche oder stillschweigende Garantie, einschlie\u00dflich, aber nicht beschr\u00e4nkt auf:<\/p>\n<ul data-start=\"3176\" data-end=\"3314\">\n<li data-start=\"3176\" data-end=\"3234\">\n<p data-start=\"3178\" data-end=\"3234\">Genauigkeit, Zuverl\u00e4ssigkeit oder Vollst\u00e4ndigkeit des Inhalts;<\/p>\n<\/li>\n<li data-start=\"3235\" data-end=\"3272\">\n<p data-start=\"3237\" data-end=\"3272\">Eignung f\u00fcr einen bestimmten Zweck;<\/p>\n<\/li>\n<li data-start=\"3273\" data-end=\"3314\">\n<p data-start=\"3275\" data-end=\"3314\">Nichtverletzung von Rechten Dritter.<\/p>\n<\/li>\n<\/ul>\n<p data-start=\"3316\" data-end=\"3414\">Wir garantieren nicht, dass die Website frei von Unterbrechungen, Fehlern oder technischen Problemen ist.<\/p>\n<hr data-start=\"3416\" data-end=\"3419\" \/>\n<h2 data-start=\"3421\" data-end=\"3439\"><span style=\"font-size: 18pt;\">8. Benutzerverhalten<\/span><\/h2>\n<p data-start=\"3441\" data-end=\"3487\">Wenn Sie diese Website nutzen, stimmen Sie zu <strong data-start=\"3476\" data-end=\"3487\">nicht zu:<\/strong><\/p>\n<ul data-start=\"3488\" data-end=\"3701\">\n<li data-start=\"3488\" data-end=\"3535\">\n<p data-start=\"3490\" data-end=\"3535\">Versto\u00df gegen geltende Gesetze oder Vorschriften;<\/p>\n<\/li>\n<li data-start=\"3536\" data-end=\"3589\">\n<p data-start=\"3538\" data-end=\"3589\">Die Website f\u00fcr rechtswidrige oder betr\u00fcgerische Zwecke nutzen;<\/p>\n<\/li>\n<li data-start=\"3590\" data-end=\"3655\">\n<p data-start=\"3592\" data-end=\"3655\">Versuchen, unbefugten Zugriff auf die Systeme der Website zu erlangen;<\/p>\n<\/li>\n<li data-start=\"3656\" data-end=\"3701\">\n<p data-start=\"3658\" data-end=\"3701\">Die Funktionalit\u00e4t der Site st\u00f6ren oder besch\u00e4digen.<\/p>\n<\/li>\n<\/ul>\n<p data-start=\"3703\" data-end=\"3780\">Wir behalten uns das Recht vor, jedem Benutzer, der gegen diese Bedingungen verst\u00f6\u00dft, den Zugriff zu sperren.<\/p>\n<hr data-start=\"3782\" data-end=\"3785\" \/>\n<h2 data-start=\"3787\" data-end=\"3813\"><span style=\"font-size: 18pt;\">9. Offenlegung von Partnern<\/span><\/h2>\n<p data-start=\"3815\" data-end=\"4104\">Einige Links auf <strong data-start=\"3829\" data-end=\"3845\">MLM Explorer<\/strong> Vielleicht <strong data-start=\"3853\" data-end=\"3872\">Affiliate-Links<\/strong>, was bedeutet, dass wir m\u00f6glicherweise eine Provision verdienen, wenn Sie darauf klicken oder sich \u00fcber diese registrieren.<br data-start=\"3945\" data-end=\"3948\" \/>Dies kommt bei <strong data-start=\"3962\" data-end=\"3984\">keine zus\u00e4tzlichen Kosten<\/strong> an Sie und unterst\u00fctzt die Wartung unserer Plattform.<br data-start=\"4042\" data-end=\"4045\" \/>Unsere redaktionellen Inhalte bleiben <strong data-start=\"4075\" data-end=\"4103\">unabh\u00e4ngig und unvoreingenommen<\/strong>.<\/p>\n<hr data-start=\"4106\" data-end=\"4109\" \/>\n<h2 data-start=\"4111\" data-end=\"4131\"><span style=\"font-size: 18pt;\">10. Geltendes Recht<\/span><\/h2>\n<p data-start=\"4133\" data-end=\"4367\">Diese Nutzungsbedingungen unterliegen den geltenden Gesetzen in <strong data-start=\"4224\" data-end=\"4234\">Brasilien<\/strong>, Wo <strong data-start=\"4242\" data-end=\"4258\">MLM Explorer<\/strong> arbeitet administrativ und kann auch relevante <strong data-start=\"4320\" data-end=\"4342\">internationale Gesetze<\/strong> (wie DSGVO und CCPA).<\/p>\n<p data-start=\"4369\" data-end=\"4487\">Alle Streitigkeiten, die sich aus der Nutzung dieser Website ergeben, werden gem\u00e4\u00df den geltenden Gerichtsstandsregeln beigelegt.<\/p>\n<hr data-start=\"4489\" data-end=\"4492\" \/>\n<h2 data-start=\"4494\" data-end=\"4520\"><span style=\"font-size: 18pt;\">11. Kontaktinformationen<\/span><\/h2>\n<p data-start=\"4522\" data-end=\"4591\">Bei Fragen zu diesen Nutzungsbedingungen kontaktieren Sie uns bitte unter:<\/p>\n<p data-start=\"4593\" data-end=\"4740\"><strong data-start=\"4593\" data-end=\"4609\">MLM Explorer<\/strong><br data-start=\"4609\" data-end=\"4612\" \/>\ud83c\udf10 <a class=\"decorated-link\" href=\"https:\/\/mlm-explorer.com\/de\/\" target=\"_new\" rel=\"noopener\" data-start=\"4615\" data-end=\"4667\">https:\/\/mlm-explorer.com<\/a><br data-start=\"4667\" data-end=\"4670\" \/>\ud83d\udce7 <a class=\"decorated-link cursor-pointer\" rel=\"noopener\" data-start=\"4673\" data-end=\"4740\">mlmexplorer.global@gmail.com<\/a><\/p>\t\t\t\t\t\t\t\t<\/div>\n\t\t\t\t<\/div>\n\t\t\t\t\t<\/div>\n\t\t<\/div>\n\t\t\t\t\t<\/div>\n\t\t<\/section>\n\t\t\t\t<\/div>","protected":false},"excerpt":{"rendered":"<p>Who we are Suggested text: Our website address is: https:\/\/mlm-explorer.com. Comments Suggested text: When visitors leave comments on the site [&hellip;]<\/p>","protected":false},"author":1,"featured_media":0,"parent":0,"menu_order":0,"comment_status":"closed","ping_status":"open","template":"","meta":{"site-sidebar-layout":"default","site-content-layout":"","ast-site-content-layout":"default","site-content-style":"default","site-sidebar-style":"default","ast-global-header-display":"","ast-banner-title-visibility":"","ast-main-header-display":"","ast-hfb-above-header-display":"","ast-hfb-below-header-display":"","ast-hfb-mobile-header-display":"","site-post-title":"","ast-breadcrumbs-content":"","ast-featured-img":"","footer-sml-layout":"","theme-transparent-header-meta":"","adv-header-id-meta":"","stick-header-meta":"","header-above-stick-meta":"","header-main-stick-meta":"","header-below-stick-meta":"","astra-migrate-meta-layouts":"default","ast-page-background-enabled":"default","ast-page-background-meta":{"desktop":{"background-color":"var(--ast-global-color-5)","background-image":"","background-repeat":"repeat","background-position":"center center","background-size":"auto","background-attachment":"scroll","background-type":"","background-media":"","overlay-type":"","overlay-color":"","overlay-opacity":"","overlay-gradient":""},"tablet":{"background-color":"","background-image":"","background-repeat":"repeat","background-position":"center center","background-size":"auto","background-attachment":"scroll","background-type":"","background-media":"","overlay-type":"","overlay-color":"","overlay-opacity":"","overlay-gradient":""},"mobile":{"background-color":"","background-image":"","background-repeat":"repeat","background-position":"center center","background-size":"auto","background-attachment":"scroll","background-type":"","background-media":"","overlay-type":"","overlay-color":"","overlay-opacity":"","overlay-gradient":""}},"ast-content-background-meta":{"desktop":{"background-color":"var(--ast-global-color-4)","background-image":"","background-repeat":"repeat","background-position":"center center","background-size":"auto","background-attachment":"scroll","background-type":"","background-media":"","overlay-type":"","overlay-color":"","overlay-opacity":"","overlay-gradient":""},"tablet":{"background-color":"var(--ast-global-color-4)","background-image":"","background-repeat":"repeat","background-position":"center center","background-size":"auto","background-attachment":"scroll","background-type":"","background-media":"","overlay-type":"","overlay-color":"","overlay-opacity":"","overlay-gradient":""},"mobile":{"background-color":"var(--ast-global-color-4)","background-image":"","background-repeat":"repeat","background-position":"center center","background-size":"auto","background-attachment":"scroll","background-type":"","background-media":"","overlay-type":"","overlay-color":"","overlay-opacity":"","overlay-gradient":""}},"footnotes":""},"class_list":["post-326","page","type-page","status-publish","hentry"],"yoast_head":"<!-- This site is optimized with the Yoast SEO Premium plugin v26.3 (Yoast SEO v27.3) - https:\/\/yoast.com\/product\/yoast-seo-premium-wordpress\/ -->\n<title>Terms of Use<\/title>\n<meta name=\"robots\" content=\"index, follow, max-snippet:-1, max-image-preview:large, max-video-preview:-1\" \/>\n<link rel=\"canonical\" href=\"https:\/\/mlm-explorer.com\/de\/nutzungsbedingungen\/\" \/>\n<meta property=\"og:locale\" content=\"de_DE\" \/>\n<meta property=\"og:type\" content=\"article\" \/>\n<meta property=\"og:title\" content=\"Terms of Use\" \/>\n<meta property=\"og:description\" content=\"Who we are Suggested text: Our website address is: https:\/\/mlm-explorer.com. Comments Suggested text: When visitors leave comments on the site [&hellip;]\" \/>\n<meta property=\"og:url\" content=\"https:\/\/mlm-explorer.com\/de\/nutzungsbedingungen\/\" \/>\n<meta property=\"article:modified_time\" content=\"2025-10-07T00:58:28+00:00\" \/>\n<meta name=\"twitter:card\" content=\"summary_large_image\" \/>\n<meta name=\"twitter:label1\" content=\"Gesch\u00e4tzte Lesezeit\" \/>\n\t<meta name=\"twitter:data1\" content=\"4\u00a0Minuten\" \/>\n<script type=\"application\/ld+json\" class=\"yoast-schema-graph\">{\"@context\":\"https:\\\/\\\/schema.org\",\"@graph\":[{\"@type\":\"WebPage\",\"@id\":\"https:\\\/\\\/mlm-explorer.com\\\/terms-of-use\\\/\",\"url\":\"https:\\\/\\\/mlm-explorer.com\\\/terms-of-use\\\/\",\"name\":\"Terms of Use\",\"isPartOf\":{\"@id\":\"https:\\\/\\\/mlm-explorer.com\\\/#website\"},\"datePublished\":\"2025-10-07T00:56:46+00:00\",\"dateModified\":\"2025-10-07T00:58:28+00:00\",\"breadcrumb\":{\"@id\":\"https:\\\/\\\/mlm-explorer.com\\\/terms-of-use\\\/#breadcrumb\"},\"inLanguage\":\"de\",\"potentialAction\":[{\"@type\":\"ReadAction\",\"target\":[\"https:\\\/\\\/mlm-explorer.com\\\/terms-of-use\\\/\"]}]},{\"@type\":\"BreadcrumbList\",\"@id\":\"https:\\\/\\\/mlm-explorer.com\\\/terms-of-use\\\/#breadcrumb\",\"itemListElement\":[{\"@type\":\"ListItem\",\"position\":1,\"name\":\"Home\",\"item\":\"https:\\\/\\\/mlm-explorer.com\\\/\"},{\"@type\":\"ListItem\",\"position\":2,\"name\":\"Terms of Use\"}]},{\"@type\":\"WebSite\",\"@id\":\"https:\\\/\\\/mlm-explorer.com\\\/#website\",\"url\":\"https:\\\/\\\/mlm-explorer.com\\\/\",\"name\":\"\",\"description\":\"\",\"potentialAction\":[{\"@type\":\"SearchAction\",\"target\":{\"@type\":\"EntryPoint\",\"urlTemplate\":\"https:\\\/\\\/mlm-explorer.com\\\/?s={search_term_string}\"},\"query-input\":{\"@type\":\"PropertyValueSpecification\",\"valueRequired\":true,\"valueName\":\"search_term_string\"}}],\"inLanguage\":\"de\"}]}<\/script>\n<!-- \/ Yoast SEO Premium plugin. -->","yoast_head_json":{"title":"Terms of Use","robots":{"index":"index","follow":"follow","max-snippet":"max-snippet:-1","max-image-preview":"max-image-preview:large","max-video-preview":"max-video-preview:-1"},"canonical":"https:\/\/mlm-explorer.com\/de\/nutzungsbedingungen\/","og_locale":"de_DE","og_type":"article","og_title":"Terms of Use","og_description":"Who we are Suggested text: Our website address is: https:\/\/mlm-explorer.com. Comments Suggested text: When visitors leave comments on the site [&hellip;]","og_url":"https:\/\/mlm-explorer.com\/de\/nutzungsbedingungen\/","article_modified_time":"2025-10-07T00:58:28+00:00","twitter_card":"summary_large_image","twitter_misc":{"Gesch\u00e4tzte Lesezeit":"4\u00a0Minuten"},"schema":{"@context":"https:\/\/schema.org","@graph":[{"@type":"WebPage","@id":"https:\/\/mlm-explorer.com\/terms-of-use\/","url":"https:\/\/mlm-explorer.com\/terms-of-use\/","name":"Terms of Use","isPartOf":{"@id":"https:\/\/mlm-explorer.com\/#website"},"datePublished":"2025-10-07T00:56:46+00:00","dateModified":"2025-10-07T00:58:28+00:00","breadcrumb":{"@id":"https:\/\/mlm-explorer.com\/terms-of-use\/#breadcrumb"},"inLanguage":"de","potentialAction":[{"@type":"ReadAction","target":["https:\/\/mlm-explorer.com\/terms-of-use\/"]}]},{"@type":"BreadcrumbList","@id":"https:\/\/mlm-explorer.com\/terms-of-use\/#breadcrumb","itemListElement":[{"@type":"ListItem","position":1,"name":"Home","item":"https:\/\/mlm-explorer.com\/"},{"@type":"ListItem","position":2,"name":"Terms of Use"}]},{"@type":"WebSite","@id":"https:\/\/mlm-explorer.com\/#website","url":"https:\/\/mlm-explorer.com\/","name":"","description":"","potentialAction":[{"@type":"SearchAction","target":{"@type":"EntryPoint","urlTemplate":"https:\/\/mlm-explorer.com\/?s={search_term_string}"},"query-input":{"@type":"PropertyValueSpecification","valueRequired":true,"valueName":"search_term_string"}}],"inLanguage":"de"}]}},"_links":{"self":[{"href":"https:\/\/mlm-explorer.com\/de\/wp-json\/wp\/v2\/pages\/326","targetHints":{"allow":["GET"]}}],"collection":[{"href":"https:\/\/mlm-explorer.com\/de\/wp-json\/wp\/v2\/pages"}],"about":[{"href":"https:\/\/mlm-explorer.com\/de\/wp-json\/wp\/v2\/types\/page"}],"author":[{"embeddable":true,"href":"https:\/\/mlm-explorer.com\/de\/wp-json\/wp\/v2\/users\/1"}],"replies":[{"embeddable":true,"href":"https:\/\/mlm-explorer.com\/de\/wp-json\/wp\/v2\/comments?post=326"}],"version-history":[{"count":3,"href":"https:\/\/mlm-explorer.com\/de\/wp-json\/wp\/v2\/pages\/326\/revisions"}],"predecessor-version":[{"id":329,"href":"https:\/\/mlm-explorer.com\/de\/wp-json\/wp\/v2\/pages\/326\/revisions\/329"}],"wp:attachment":[{"href":"https:\/\/mlm-explorer.com\/de\/wp-json\/wp\/v2\/media?parent=326"}],"curies":[{"name":"wp","href":"https:\/\/api.w.org\/{rel}","templated":true}]}}